{"id":77,"date":"2016-12-05T04:56:01","date_gmt":"2016-12-05T04:56:01","guid":{"rendered":"http:\/\/localhost\/buildpro\/?page_id=77"},"modified":"2022-11-23T16:01:27","modified_gmt":"2022-11-23T16:01:27","slug":"contacto","status":"publish","type":"page","link":"https:\/\/mataroreformas.com\/ca\/contacto","title":{"rendered":"Contacto"},"content":{"rendered":"<section class=\"vc_rows wpb_row vc_row-fluid\"><div class=\"container\"><div class=\"row\"><div class=\"wpb_column vc_column_container vc_col-sm-12 vc_col-md-8\"><div class=\"vc_column-inner\"><div class=\"wpb_wrapper\">\n\t<div class=\"wpb_text_column wpb_content_element  vc_custom_1669219293330\" >\n\t\t<div class=\"wpb_wrapper\">\n\t\t\t<h2>Cont\u00e1ctanos y solicita tu presupuesto<\/h2>\n<p>Completa nuestro formulario de contacto con tus datos, junto al tipo de reforma o trabajo que necesitas por parte de nuestros expertos, junto a una breve descripci\u00f3n de la solicitud; nuestros expertos te atender\u00e1n en la brevedad para trabajar en tu proyecto.<\/p>\n\n\t\t<\/div>\n\t<\/div>\n<script type=\"text\/javascript\">var gform;gform||(document.addEventListener(\"gform_main_scripts_loaded\",function(){gform.scriptsLoaded=!0}),window.addEventListener(\"DOMContentLoaded\",function(){gform.domLoaded=!0}),gform={domLoaded:!1,scriptsLoaded:!1,initializeOnLoaded:function(o){gform.domLoaded&&gform.scriptsLoaded?o():!gform.domLoaded&&gform.scriptsLoaded?window.addEventListener(\"DOMContentLoaded\",o):document.addEventListener(\"gform_main_scripts_loaded\",o)},hooks:{action:{},filter:{}},addAction:function(o,n,r,t){gform.addHook(\"action\",o,n,r,t)},addFilter:function(o,n,r,t){gform.addHook(\"filter\",o,n,r,t)},doAction:function(o){gform.doHook(\"action\",o,arguments)},applyFilters:function(o){return gform.doHook(\"filter\",o,arguments)},removeAction:function(o,n){gform.removeHook(\"action\",o,n)},removeFilter:function(o,n,r){gform.removeHook(\"filter\",o,n,r)},addHook:function(o,n,r,t,i){null==gform.hooks[o][n]&&(gform.hooks[o][n]=[]);var e=gform.hooks[o][n];null==i&&(i=n+\"_\"+e.length),gform.hooks[o][n].push({tag:i,callable:r,priority:t=null==t?10:t})},doHook:function(n,o,r){var t;if(r=Array.prototype.slice.call(r,1),null!=gform.hooks[n][o]&&((o=gform.hooks[n][o]).sort(function(o,n){return o.priority-n.priority}),o.forEach(function(o){\"function\"!=typeof(t=o.callable)&&(t=window[t]),\"action\"==n?t.apply(null,r):r[0]=t.apply(null,r)})),\"filter\"==n)return r[0]},removeHook:function(o,n,t,i){var r;null!=gform.hooks[o][n]&&(r=(r=gform.hooks[o][n]).filter(function(o,n,r){return!!(null!=i&&i!=o.tag||null!=t&&t!=o.priority)}),gform.hooks[o][n]=r)}});<\/script>\n                <div class='gf_browser_gecko gform_wrapper gravity-theme' id='gform_wrapper_1' >\n                        <div class='gform_heading'>\n\t\t\t\t\t\t\t<p class='gform_required_legend'>&quot;<span class=\"gfield_required gfield_required_asterisk\">*<\/span>&quot; indicates required fields<\/p>\n                        <\/div><form method='post' enctype='multipart\/form-data'  id='gform_1'  action='\/ca\/wp-json\/wp\/v2\/pages\/77' >\n                        <div class='gform_body gform-body'><div id='gform_fields_1' class='gform_fields top_label form_sublabel_below description_below'><div id=\"field_1_1\"  class=\"gfield gfield_contains_required field_sublabel_below field_description_below hidden_label gfield_visibility_visible\"  data-js-reload=\"field_1_1\"><label class='gfield_label' for='input_1_1' >Nombre Completo<span class=\"gfield_required\"><span class=\"gfield_required gfield_required_asterisk\">*<\/span><\/span><\/label><div class='ginput_container ginput_container_text'><input name='input_1' id='input_1_1' type='text' value='' class='large'    placeholder='Nombre Completo' aria-required=\"true\" aria-invalid=\"false\"   \/> <\/div><\/div><div id=\"field_1_2\"  class=\"gfield gfield--width-full field_sublabel_below field_description_below hidden_label gfield_visibility_visible\"  data-js-reload=\"field_1_2\"><label class='gfield_label' for='input_1_2' >Tel\u00e9fono<\/label><div class='ginput_container ginput_container_text'><input name='input_2' id='input_1_2' type='text' value='' class='large'    placeholder='Tel\u00e9fono'  aria-invalid=\"false\"   \/> <\/div><\/div><div id=\"field_1_4\"  class=\"gfield gfield--width-full field_sublabel_below field_description_below hidden_label gfield_visibility_visible\"  data-js-reload=\"field_1_4\"><label class='gfield_label' for='input_1_4' >Correo Electr\u00f3nico<\/label><div class='ginput_container ginput_container_email'>\n                            <input name='input_4' id='input_1_4' type='text' value='' class='large'   placeholder='Correo Electr\u00f3nico'  aria-invalid=\"false\"  \/>\n                        <\/div><\/div><div id=\"field_1_3\"  class=\"gfield gfield_contains_required field_sublabel_below field_description_below hidden_label gfield_visibility_visible\"  data-js-reload=\"field_1_3\"><label class='gfield_label' for='input_1_3' >Poblaci\u00f3n<span class=\"gfield_required\"><span class=\"gfield_required gfield_required_asterisk\">*<\/span><\/span><\/label><div class='ginput_container ginput_container_text'><input name='input_3' id='input_1_3' type='text' value='' class='large'    placeholder='Poblaci\u00f3n' aria-required=\"true\" aria-invalid=\"false\"   \/> <\/div><\/div><div id=\"field_1_5\"  class=\"gfield field_sublabel_below field_description_below hidden_label gfield_visibility_visible\"  data-js-reload=\"field_1_5\"><label class='gfield_label' for='input_1_5' >\u00bfQue tipo de reforma requieres?<\/label><div class='ginput_container ginput_container_text'><input name='input_5' id='input_1_5' type='text' value='' class='large'    placeholder='\u00bfQue tipo de reforma requieres?'  aria-invalid=\"false\"   \/> <\/div><\/div><div id=\"field_1_6\"  class=\"gfield field_sublabel_below field_description_below hidden_label gfield_visibility_visible\"  data-js-reload=\"field_1_6\"><label class='gfield_label' for='input_1_6' >Mensaje<\/label><div class='ginput_container ginput_container_textarea'><textarea name='input_6' id='input_1_6' class='textarea large'    placeholder='Mensaje'  aria-invalid=\"false\"   rows='10' cols='50'><\/textarea><\/div><\/div><div id=\"field_1_7\"  class=\"gfield gfield--width-full field_sublabel_below field_description_below hidden_label gfield_visibility_visible\"  data-js-reload=\"field_1_7\"><label class='gfield_label' for='input_1_7' >capchat<\/label><div id='input_1_7' class='ginput_container ginput_recaptcha' data-sitekey='6LdStycjAAAAAKgeA2fmCsN9z_t2QSIvQyftoBpD'  data-theme='light' data-tabindex='0'  data-badge=''><\/div><\/div><\/div><\/div>\n        <div class='gform_footer top_label'> <input type='submit' id='gform_submit_button_1' class='gform_button button' value='Enviar'  onclick='if(window[\"gf_submitting_1\"]){return false;}  window[\"gf_submitting_1\"]=true;  ' onkeypress='if( event.keyCode == 13 ){ if(window[\"gf_submitting_1\"]){return false;} window[\"gf_submitting_1\"]=true;  jQuery(\"#gform_1\").trigger(\"submit\",[true]); }' \/> \n            <input type='hidden' class='gform_hidden' name='is_submit_1' value='1' \/>\n            <input type='hidden' class='gform_hidden' name='gform_submit' value='1' \/>\n            \n            <input type='hidden' class='gform_hidden' name='gform_unique_id' value='' \/>\n            <input type='hidden' class='gform_hidden' name='state_1' value='WyJbXSIsImQyMTIxOTRhOTcxNjFkMWI2YTk4MTMxNGU4OTE3MGIwIl0=' \/>\n            <input type='hidden' class='gform_hidden' name='gform_target_page_number_1' id='gform_target_page_number_1' value='0' \/>\n            <input type='hidden' class='gform_hidden' name='gform_source_page_number_1' id='gform_source_page_number_1' value='1' \/>\n            <input type='hidden' name='gform_field_values' value='' \/>\n            \n        <\/div>\n                        <p style=\"display: none !important;\" class=\"akismet-fields-container\" data-prefix=\"ak_\"><label>&#916;<textarea name=\"ak_hp_textarea\" cols=\"45\" rows=\"8\" maxlength=\"100\"><\/textarea><\/label><input type=\"hidden\" id=\"ak_js_1\" name=\"ak_js\" value=\"6\"\/><script>document.getElementById( \"ak_js_1\" ).setAttribute( \"value\", ( new Date() ).getTime() );<\/script><\/p><\/form>\n                        <\/div><div class=\"vc_empty_space\"   style=\"height: 10px\"><span class=\"vc_empty_space_inner\"><\/span><\/div>\t<div class=\"de_tab tab_style_2\">\n\t\t        <div class=\"de_tab_content tc_style-1\">\n        \t            <div id=\"tab0\">\n                <div class=\"row\">\n                    <div class=\"col-md-6\">\n                    \t<iframe loading=\"lazy\" src=\"https:\/\/www.google.com\/maps\/embed?pb=!1m18!1m12!1m3!1d2986.532149125771!2d2.4467383593635215!3d41.53607385547647!2m3!1f0!2f0!3f0!3m2!1i1024!2i768!4f13.1!3m3!1m2!1s0x12a4b52743a6e6f3%3A0xb17fa267f05a6c40!2sCarrer%20de%20Jaume%20Balmes%2C%2030%2C%2008301%20Matar%C3%B3%2C%20Barcelona%2C%20Espa%C3%B1a!5e0!3m2!1ses-419!2sve!4v1642173378763!5m2!1ses-419!2sve\" width=\"100%\" height=\"380\" frameborder=\"0\" style=\"border: 0\" allowfullscreen><\/iframe>                    <\/div>\n                    <div class=\"col-md-6\">\n                    \t<address class=\"address-style-2\">\n<span><strong>Direcci\u00f3n:<\/strong>Carrer Balmes n\u00ba 30, CP. 08301, Matar\u00f3, Barcelona<\/span>\n<span><strong>Tel\u00e9fono:<\/strong>+34 699 438 589 \/ +34 932 374 241<\/span>\n<span><strong>Email:<\/strong><a href=\"mailto:admin@reformasintegralesbcn.com\">admin@reformasintegralesbcn.com<\/a><\/span>\n<span><strong>Horario<\/strong> Lunes - Viernes 09:00 am - 07:00 pm<\/span>\n<\/address>                    <\/div>\n                <\/div>\n            <\/div>\n                    <\/div>\n    <\/div>\n\n<\/div><\/div><\/div><\/div><\/div><div class=\"clearfix\"><\/div><\/section>\n","protected":false},"excerpt":{"rendered":"Cont\u00e1ctanos y solicita tu presupuesto Completa nuestro formulario de contacto con tus datos, junto al tipo de reforma o trabajo que necesitas por parte de nuestros expertos, junto a una breve descripci\u00f3n de la solicitud; nuestros expertos te atender\u00e1n en la brevedad para trabajar en tu proyecto. &quot;*&quot; indicates required fields Nombre Completo* Tel\u00e9fono Correo [...]","protected":false},"author":1,"featured_media":0,"parent":0,"menu_order":0,"comment_status":"closed","ping_status":"closed","template":"page-templates\/template-fullwidth.php","meta":{"_uag_custom_page_level_css":"","footnotes":""},"class_list":["post-77","page","type-page","status-publish","hentry"],"yoast_head":"<!-- This site is optimized with the Yoast SEO plugin v27.4 - https:\/\/yoast.com\/product\/yoast-seo-wordpress\/ -->\n<title>Contacto - Matar\u00f3 Reformas<\/title>\n<meta name=\"robots\" content=\"index, follow, max-snippet:-1, max-image-preview:large, max-video-preview:-1\" \/>\n<link rel=\"canonical\" href=\"https:\/\/mataroreformas.com\/ca\/contacto\/\" \/>\n<meta property=\"og:locale\" content=\"ca_ES\" \/>\n<meta property=\"og:type\" content=\"article\" \/>\n<meta property=\"og:title\" content=\"Contacto - Matar\u00f3 Reformas\" \/>\n<meta property=\"og:url\" content=\"https:\/\/mataroreformas.com\/ca\/contacto\/\" \/>\n<meta property=\"og:site_name\" content=\"Matar\u00f3 Reformas\" \/>\n<meta property=\"article:modified_time\" content=\"2022-11-23T16:01:27+00:00\" \/>\n<meta name=\"twitter:card\" content=\"summary_large_image\" \/>\n<meta name=\"twitter:label1\" content=\"Temps estimat de lectura\" \/>\n\t<meta name=\"twitter:data1\" content=\"1 minut\" \/>\n<script type=\"application\/ld+json\" class=\"yoast-schema-graph\">{\"@context\":\"https:\\\/\\\/schema.org\",\"@graph\":[{\"@type\":\"WebPage\",\"@id\":\"https:\\\/\\\/mataroreformas.com\\\/contacto\",\"url\":\"https:\\\/\\\/mataroreformas.com\\\/contacto\",\"name\":\"Contacto - Matar\u00f3 Reformas\",\"isPartOf\":{\"@id\":\"https:\\\/\\\/mataroreformas.com\\\/#website\"},\"datePublished\":\"2016-12-05T04:56:01+00:00\",\"dateModified\":\"2022-11-23T16:01:27+00:00\",\"breadcrumb\":{\"@id\":\"https:\\\/\\\/mataroreformas.com\\\/contacto#breadcrumb\"},\"inLanguage\":\"ca\",\"potentialAction\":[{\"@type\":\"ReadAction\",\"target\":[\"https:\\\/\\\/mataroreformas.com\\\/contacto\"]}]},{\"@type\":\"BreadcrumbList\",\"@id\":\"https:\\\/\\\/mataroreformas.com\\\/contacto#breadcrumb\",\"itemListElement\":[{\"@type\":\"ListItem\",\"position\":1,\"name\":\"Portada\",\"item\":\"https:\\\/\\\/mataroreformas.com\\\/\"},{\"@type\":\"ListItem\",\"position\":2,\"name\":\"Contacto\"}]},{\"@type\":\"WebSite\",\"@id\":\"https:\\\/\\\/mataroreformas.com\\\/#website\",\"url\":\"https:\\\/\\\/mataroreformas.com\\\/\",\"name\":\"Matar\u00f3 Reformas\",\"description\":\"Reformas de todo tipo a su alcance\",\"potentialAction\":[{\"@type\":\"SearchAction\",\"target\":{\"@type\":\"EntryPoint\",\"urlTemplate\":\"https:\\\/\\\/mataroreformas.com\\\/?s={search_term_string}\"},\"query-input\":{\"@type\":\"PropertyValueSpecification\",\"valueRequired\":true,\"valueName\":\"search_term_string\"}}],\"inLanguage\":\"ca\"}]}<\/script>\n<!-- \/ Yoast SEO plugin. -->","yoast_head_json":{"title":"Contacto - Matar\u00f3 Reformas","robots":{"index":"index","follow":"follow","max-snippet":"max-snippet:-1","max-image-preview":"max-image-preview:large","max-video-preview":"max-video-preview:-1"},"canonical":"https:\/\/mataroreformas.com\/ca\/contacto\/","og_locale":"ca_ES","og_type":"article","og_title":"Contacto - Matar\u00f3 Reformas","og_url":"https:\/\/mataroreformas.com\/ca\/contacto\/","og_site_name":"Matar\u00f3 Reformas","article_modified_time":"2022-11-23T16:01:27+00:00","twitter_card":"summary_large_image","twitter_misc":{"Temps estimat de lectura":"1 minut"},"schema":{"@context":"https:\/\/schema.org","@graph":[{"@type":"WebPage","@id":"https:\/\/mataroreformas.com\/contacto","url":"https:\/\/mataroreformas.com\/contacto","name":"Contacto - Matar\u00f3 Reformas","isPartOf":{"@id":"https:\/\/mataroreformas.com\/#website"},"datePublished":"2016-12-05T04:56:01+00:00","dateModified":"2022-11-23T16:01:27+00:00","breadcrumb":{"@id":"https:\/\/mataroreformas.com\/contacto#breadcrumb"},"inLanguage":"ca","potentialAction":[{"@type":"ReadAction","target":["https:\/\/mataroreformas.com\/contacto"]}]},{"@type":"BreadcrumbList","@id":"https:\/\/mataroreformas.com\/contacto#breadcrumb","itemListElement":[{"@type":"ListItem","position":1,"name":"Portada","item":"https:\/\/mataroreformas.com\/"},{"@type":"ListItem","position":2,"name":"Contacto"}]},{"@type":"WebSite","@id":"https:\/\/mataroreformas.com\/#website","url":"https:\/\/mataroreformas.com\/","name":"Matar\u00f3 Reformas","description":"Reformas de todo tipo a su alcance","potentialAction":[{"@type":"SearchAction","target":{"@type":"EntryPoint","urlTemplate":"https:\/\/mataroreformas.com\/?s={search_term_string}"},"query-input":{"@type":"PropertyValueSpecification","valueRequired":true,"valueName":"search_term_string"}}],"inLanguage":"ca"}]}},"uagb_featured_image_src":{"full":false,"thumbnail":false,"medium":false,"medium_large":false,"large":false,"1536x1536":false,"2048x2048":false,"trp-custom-language-flag":false},"uagb_author_info":{"display_name":"reformamataro","author_link":"https:\/\/mataroreformas.com\/ca\/author\/reformamataro"},"uagb_comment_info":0,"uagb_excerpt":null,"_links":{"self":[{"href":"https:\/\/mataroreformas.com\/ca\/wp-json\/wp\/v2\/pages\/77","targetHints":{"allow":["GET"]}}],"collection":[{"href":"https:\/\/mataroreformas.com\/ca\/wp-json\/wp\/v2\/pages"}],"about":[{"href":"https:\/\/mataroreformas.com\/ca\/wp-json\/wp\/v2\/types\/page"}],"author":[{"embeddable":true,"href":"https:\/\/mataroreformas.com\/ca\/wp-json\/wp\/v2\/users\/1"}],"replies":[{"embeddable":true,"href":"https:\/\/mataroreformas.com\/ca\/wp-json\/wp\/v2\/comments?post=77"}],"version-history":[{"count":17,"href":"https:\/\/mataroreformas.com\/ca\/wp-json\/wp\/v2\/pages\/77\/revisions"}],"predecessor-version":[{"id":1694,"href":"https:\/\/mataroreformas.com\/ca\/wp-json\/wp\/v2\/pages\/77\/revisions\/1694"}],"wp:attachment":[{"href":"https:\/\/mataroreformas.com\/ca\/wp-json\/wp\/v2\/media?parent=77"}],"curies":[{"name":"wp","href":"https:\/\/api.w.org\/{rel}","templated":true}]}}