{"id":1602,"date":"2022-11-18T20:47:23","date_gmt":"2022-11-18T20:47:23","guid":{"rendered":"https:\/\/mataroreformas.com\/?page_id=1602"},"modified":"2022-11-23T20:09:51","modified_gmt":"2022-11-23T20:09:51","slug":"legalizacion-parking-mataro","status":"publish","type":"page","link":"https:\/\/mataroreformas.com\/ca\/legalizacion-parking-mataro","title":{"rendered":"Legalizaci\u00f3n Parking Matar\u00f3"},"content":{"rendered":"<section class=\"vc_rows wpb_row vc_row-fluid vc_custom_1481614324254 vc_row-o-equal-height vc_row-o-content-middle vc_row-flex\"><div class=\"row\"><div class=\"padd70 wpb_column vc_column_container vc_col-sm-12 vc_col-md-6\"><div class=\"vc_column-inner\"><div class=\"wpb_wrapper\">\n\t<div class=\"wpb_text_column wpb_content_element  vc_custom_1668803226627\" >\n\t\t<div class=\"wpb_wrapper\">\n\t\t\t<h2>En Matar\u00f3 Reformas te asesoramos con todo el proceso que conlleva la legalizaci\u00f3n parking Matar\u00f3<span class=\"tiny-border\">x<\/span><\/h2>\n<p class=\"intro\">Muchos de nuestros clientes se preguntan \u00bfQu\u00e9 es y como es el proceso para obtener dicha legalizaci\u00f3n? Este es un proceso obligatorio de car\u00e1cter administrativo, en \u00e9l se declara y justifica que el parking cumplir\u00e1 con todas las normativas vigentes. Esta legalizaci\u00f3n de Parking la otorga el ayuntamiento en el que se encuentra ubicada, todos los requisitos necesarios son establecidos por el Plan General, o bien sea por la normativa municipal. En dicho documento ir\u00e1n establecidos todos los aspectos de higiene, urban\u00edsticos, medioambientales y t\u00e9cnicos.<\/p>\n\n\t\t<\/div>\n\t<\/div>\n<div class=\"vc_btn3-container vc_btn3-inline vc_custom_1669234152957\" ><a class=\"vc_general vc_btn3 vc_btn3-size-md vc_btn3-shape-rounded vc_btn3-style-modern vc_btn3-color-grey\" href=\"https:\/\/mataroreformas.com\/ca\/contacto\/\" title=\"\">Solicita Asesor\u00eda<\/a><\/div><\/div><\/div><\/div><div class=\"wpb_column vc_column_container vc_col-sm-12 vc_col-md-6 vc_col-has-fill\"><div class=\"vc_column-inner vc_custom_1642624815454\"><div class=\"wpb_wrapper\">\n\t<div  class=\"wpb_single_image wpb_content_element vc_align_left\">\n\t\t\n\t\t<figure class=\"wpb_wrapper vc_figure\">\n\t\t\t<div class=\"vc_single_image-wrapper   vc_box_border_grey\"><img loading=\"lazy\" decoding=\"async\" width=\"962\" height=\"667\" src=\"https:\/\/mataroreformas.com\/wp-content\/uploads\/2022\/11\/Legalizacion-de-un-Parking-01.jpg\" class=\"vc_single_image-img attachment-full\" alt=\"\" title=\"Legalizacion-de-un-Parking-01\" srcset=\"https:\/\/mataroreformas.com\/wp-content\/uploads\/2022\/11\/Legalizacion-de-un-Parking-01.jpg 962w, https:\/\/mataroreformas.com\/wp-content\/uploads\/2022\/11\/Legalizacion-de-un-Parking-01-300x208.jpg 300w, https:\/\/mataroreformas.com\/wp-content\/uploads\/2022\/11\/Legalizacion-de-un-Parking-01-768x532.jpg 768w\" sizes=\"auto, (max-width: 962px) 100vw, 962px\" \/><\/div>\n\t\t<\/figure>\n\t<\/div>\n<\/div><\/div><\/div><\/div><div class=\"clearfix\"><\/div><\/section><section class=\"vc_rows wpb_row vc_row-fluid vc_custom_1481614324254 vc_row-o-equal-height vc_row-o-content-middle vc_row-flex\"><div class=\"row\"><div class=\"wpb_column vc_column_container vc_col-sm-12 vc_col-md-6 vc_col-has-fill\"><div class=\"vc_column-inner vc_custom_1642624815454\"><div class=\"wpb_wrapper\">\n\t<div  class=\"wpb_single_image wpb_content_element vc_align_left\">\n\t\t\n\t\t<figure class=\"wpb_wrapper vc_figure\">\n\t\t\t<div class=\"vc_single_image-wrapper   vc_box_border_grey\"><img loading=\"lazy\" decoding=\"async\" width=\"892\" height=\"667\" src=\"https:\/\/mataroreformas.com\/wp-content\/uploads\/2022\/11\/Legalizacion-de-un-Parking-02.jpg\" class=\"vc_single_image-img attachment-full\" alt=\"\" title=\"Legalizacion-de-un-Parking-02\" srcset=\"https:\/\/mataroreformas.com\/wp-content\/uploads\/2022\/11\/Legalizacion-de-un-Parking-02.jpg 892w, https:\/\/mataroreformas.com\/wp-content\/uploads\/2022\/11\/Legalizacion-de-un-Parking-02-300x224.jpg 300w, https:\/\/mataroreformas.com\/wp-content\/uploads\/2022\/11\/Legalizacion-de-un-Parking-02-768x574.jpg 768w\" sizes=\"auto, (max-width: 892px) 100vw, 892px\" \/><\/div>\n\t\t<\/figure>\n\t<\/div>\n<\/div><\/div><\/div><div class=\"padd70 wpb_column vc_column_container vc_col-sm-12 vc_col-md-6\"><div class=\"vc_column-inner\"><div class=\"wpb_wrapper\">\n\t<div class=\"wpb_text_column wpb_content_element  vc_custom_1668803376211\" >\n\t\t<div class=\"wpb_wrapper\">\n\t\t\t<h2>\u00bfC\u00f3mo se realiza el proceso de tr\u00e1mite de legalizaci\u00f3n Parking Matar\u00f3? <span class=\"tiny-border\">x<\/span><\/h2>\n<p class=\"intro\">Para realizar dicho proceso es necesario dirigirse al ayuntamiento, en \u00e9l se obtendr\u00e1 la informaci\u00f3n necesaria para todo el proceso: todo el tr\u00e1mite necesario, los plazos establecidos y la tasa aplicada al municipio correspondiente. En el ayuntamiento se deber\u00e1n presentar todas las actividades del parking en un documento debidamente firmando por el t\u00e9cnico competente, con una descripci\u00f3n clara y precisa del parking y todas las normas aplicadas en dicho parking.<\/p>\n<p class=\"intro\">Ya procesada y tramitada la legalizaci\u00f3n, un t\u00e9cnico del municipio har\u00e1 una evoluci\u00f3n del parking para as\u00ed verificar que las normas aplicadas a dicha actividad se cumplen y efectuar el informe correspondiente. Una vez aceptado, se le notificar\u00e1 a la empresa que cuenta con la aprobaci\u00f3n de la legalizaci\u00f3n de sus actividades.<\/p>\n\n\t\t<\/div>\n\t<\/div>\n<div class=\"vc_btn3-container vc_btn3-inline vc_custom_1669234152957\" ><a class=\"vc_general vc_btn3 vc_btn3-size-md vc_btn3-shape-rounded vc_btn3-style-modern vc_btn3-color-grey\" href=\"https:\/\/mataroreformas.com\/ca\/contacto\/\" title=\"\">Solicita Asesor\u00eda<\/a><\/div><\/div><\/div><\/div><\/div><div class=\"clearfix\"><\/div><\/section><section data-stellar-background-ratio=\".2\" class=\"vc_rows wpb_row vc_row-fluid vc_custom_1668806093158 vc_row-has-fill parallax\"><div class=\"container\"><div class=\"row\"><div class=\"wpb_column vc_column_container vc_col-sm-12\"><div class=\"vc_column-inner\"><div class=\"wpb_wrapper\">\n\t<div class=\"wpb_text_column wpb_content_element  vc_custom_1668803425505\" >\n\t\t<div class=\"wpb_wrapper\">\n\t\t\t<h2><span style=\"color: #ffffff;\">\u00bfCu\u00e1les son los pasos a seguir para obtener la legalizaci\u00f3n Parking Matar\u00f3? <span class=\"tiny-border\">x<\/span><\/span><\/h2>\n\n\t\t<\/div>\n\t<\/div>\n<\/div><\/div><\/div><div class=\"wpb_column vc_column_container vc_col-sm-12 vc_col-md-4\"><div class=\"vc_column-inner\"><div class=\"wpb_wrapper\">\n\t<div class=\"wpb_text_column wpb_content_element\" >\n\t\t<div class=\"wpb_wrapper\">\n\t\t\t<h3><span style=\"color: #ffffff;\">Paso 1 para la Legalizaci\u00f3n Parking Matar\u00f3 <span class=\"tiny-border\">x<\/span><\/span><\/h3>\n<p><span style=\"color: #ffffff;\">Lo primero que se debe hacer es hablar con un experto en la legalizaci\u00f3n de actividades.<\/span><\/p>\n\n\t\t<\/div>\n\t<\/div>\n<div class=\"vc_empty_space\"   style=\"height: 30px\"><span class=\"vc_empty_space_inner\"><\/span><\/div>\n\t<div class=\"wpb_text_column wpb_content_element\" >\n\t\t<div class=\"wpb_wrapper\">\n\t\t\t<h3><span style=\"color: #ffffff;\">Paso 4 para la Legalizaci\u00f3n Parking Matar\u00f3 <span class=\"tiny-border\">x<\/span><\/span><\/h3>\n<p><span style=\"color: #ffffff;\">Recibir la visita por parte del inspector del ayuntamiento.<\/span><\/p>\n\n\t\t<\/div>\n\t<\/div>\n<\/div><\/div><\/div><div class=\"wpb_column vc_column_container vc_col-sm-12 vc_col-md-4\"><div class=\"vc_column-inner\"><div class=\"wpb_wrapper\">\n\t<div class=\"wpb_text_column wpb_content_element\" >\n\t\t<div class=\"wpb_wrapper\">\n\t\t\t<h3><span style=\"color: #ffffff;\">Paso 2 para la Legalizaci\u00f3n Parking Matar\u00f3 <span class=\"tiny-border\">x<\/span><\/span><\/h3>\n<p><span style=\"color: #ffffff;\">Luego se debe de revisar el lugar o espacio del parking, y buscar toda la informaci\u00f3n requerida por parte del ayuntamiento.<\/span><\/p>\n\n\t\t<\/div>\n\t<\/div>\n<div class=\"vc_empty_space\"   style=\"height: 30px\"><span class=\"vc_empty_space_inner\"><\/span><\/div>\n\t<div class=\"wpb_text_column wpb_content_element\" >\n\t\t<div class=\"wpb_wrapper\">\n\t\t\t<h3><span style=\"color: #ffffff;\">Paso 5 para la Legalizaci\u00f3n Parking Matar\u00f3 <span class=\"tiny-border\">x<\/span><\/span><\/h3>\n<p><span style=\"color: #ffffff;\">Una vez hecho esto se obtendr\u00e1 la legalizaci\u00f3n y se podr\u00e1 dar comienzo a las actividades.<\/span><\/p>\n\n\t\t<\/div>\n\t<\/div>\n<\/div><\/div><\/div><div class=\"wpb_column vc_column_container vc_col-sm-12 vc_col-md-4\"><div class=\"vc_column-inner\"><div class=\"wpb_wrapper\">\n\t<div class=\"wpb_text_column wpb_content_element\" >\n\t\t<div class=\"wpb_wrapper\">\n\t\t\t<h3><span style=\"color: #ffffff;\">Paso 3 para la Legalizaci\u00f3n Parking Matar\u00f3 <span class=\"tiny-border\">x<\/span><\/span><\/h3>\n<p><span style=\"color: #ffffff;\">Se deber\u00e1 presentar la legalizaci\u00f3n del parking.<\/span><\/p>\n\n\t\t<\/div>\n\t<\/div>\n<div class=\"vc_empty_space\"   style=\"height: 30px\"><span class=\"vc_empty_space_inner\"><\/span><\/div><\/div><\/div><\/div><\/div><\/div><div class=\"clearfix\"><\/div><\/section><section class=\"vc_rows wpb_row vc_row-fluid vc_custom_1481614324254 vc_row-o-equal-height vc_row-o-content-middle vc_row-flex\"><div class=\"row\"><div class=\"padd70 wpb_column vc_column_container vc_col-sm-12 vc_col-md-6\"><div class=\"vc_column-inner\"><div class=\"wpb_wrapper\">\n\t<div class=\"wpb_text_column wpb_content_element  vc_custom_1668803789745\" >\n\t\t<div class=\"wpb_wrapper\">\n\t\t\t<h2>Cu\u00e1l es la recomendaci\u00f3n por parte de nuestros expertos para obtener la legalizaci\u00f3n Parking Matar\u00f3? <span class=\"tiny-border\">x<\/span><\/h2>\n<p class=\"intro\">Siempre es recomendable hacer una consulta con un profesional experto en el \u00e1rea, de esta forma se podr\u00e1 saber las opciones y posibilidades que tendr\u00e1n nuestros clientes de obtener la legalizaci\u00f3n, esto en funci\u00f3n de las caracter\u00edsticas del parking, saber si se cumplen con los requerimientos m\u00ednimos por parte de las autoridades municipales y as\u00ed poder realizar la documentaci\u00f3n necesaria para tramitar dicha legalizaci\u00f3n en el ayuntamiento.<\/p>\n\n\t\t<\/div>\n\t<\/div>\n<div class=\"vc_btn3-container vc_btn3-inline vc_custom_1669234152957\" ><a class=\"vc_general vc_btn3 vc_btn3-size-md vc_btn3-shape-rounded vc_btn3-style-modern vc_btn3-color-grey\" href=\"https:\/\/mataroreformas.com\/ca\/contacto\/\" title=\"\">Solicita Asesor\u00eda<\/a><\/div><\/div><\/div><\/div><div class=\"wpb_column vc_column_container vc_col-sm-12 vc_col-md-6 vc_col-has-fill\"><div class=\"vc_column-inner vc_custom_1668806188774\"><div class=\"wpb_wrapper\"><\/div><\/div><\/div><div class=\"wpb_column vc_column_container vc_col-sm-12 vc_col-has-fill\"><div class=\"vc_column-inner vc_custom_1642082066065\"><div class=\"wpb_wrapper\">\n\t<div class=\"wpb_text_column wpb_content_element\" >\n\t\t<div class=\"wpb_wrapper\">\n\t\t\t<p class=\"seccion-enlace-principal\" style=\"text-align: center;\"><strong>Consulta todos los servicios que tenemos en <a href=\"http:\/\/mataroreformas.com\/ca\/\">Reformas Matar\u00f3<\/a> para ti<\/strong><\/p>\n\n\t\t<\/div>\n\t<\/div>\n<\/div><\/div><\/div><\/div><div class=\"clearfix\"><\/div><\/section><section class=\"vc_rows wpb_row vc_row-fluid vc_custom_1641937821471\"><div class=\"container\"><div class=\"row\"><div class=\"wpb_column vc_column_container vc_col-sm-2\"><div class=\"vc_column-inner\"><div class=\"wpb_wrapper\"><\/div><\/div><\/div><div class=\"wpb_column vc_column_container vc_col-sm-8\"><div class=\"vc_column-inner\"><div class=\"wpb_wrapper\">\n\t<div class=\"wpb_text_column wpb_content_element  vc_custom_1668803960384\" >\n\t\t<div class=\"wpb_wrapper\">\n\t\t\t<h2>Solicitud de un Vado en <a href=\"https:\/\/www.mataro.cat\/\" target=\"_blank\" rel=\"noopener\">Matar\u00f3<\/a> <span class=\"tiny-border\">x<\/span><\/h2>\n<p class=\"intro\">Cualquiera que sea el trabajo en el que sea necesaria la entrada y salida de autom\u00f3viles desde la calle al parking, estar\u00e1n en la necesidad de la autorizaci\u00f3n por parte del ayuntamiento para dicha actividad. En Matar\u00f3 es posible realizar la Solicitud de vado una vez la Legalizaci\u00f3n de un Parking este aprobada.<\/p>\n\n\t\t<\/div>\n\t<\/div>\n<\/div><\/div><\/div><div class=\"wpb_column vc_column_container vc_col-sm-2\"><div class=\"vc_column-inner\"><div class=\"wpb_wrapper\"><\/div><\/div><\/div><\/div><\/div><div class=\"clearfix\"><\/div><\/section><section class=\"vc_rows wpb_row vc_row-fluid vc_custom_1641937856175\"><div class=\"container\"><div class=\"row\"><div class=\"wpb_column vc_column_container vc_col-sm-6\"><div class=\"vc_column-inner\"><div class=\"wpb_wrapper\">\n\t<div class=\"wpb_text_column wpb_content_element  vc_custom_1669040062476\" >\n\t\t<div class=\"wpb_wrapper\">\n\t\t\t<h2 style=\"text-align: left;\">\u00bfPara qu\u00e9 tipo de trabajos se hace la Solicitud de un Vado en Matar\u00f3?<\/h2>\n<p class=\"intro\" style=\"text-align: left;\">Existen diferentes tipos de actividades en las cuales son necesario la licencia de Vado, generalmente es requerida para industrias o Almacenes en las que son necesaria la entrada y salida de sus veh\u00edculos de manera regular, esta licencia en necesaria com\u00fanmente para talleres mec\u00e1nicos ya sea de autos o motos y habitualmente dicha licencia es necesaria para parking de viviendas de tres o m\u00e1s veh\u00edculos.<\/p>\n\n\t\t<\/div>\n\t<\/div>\n<div class=\"vc_btn3-container vc_btn3-inline vc_custom_1669234152957\" ><a class=\"vc_general vc_btn3 vc_btn3-size-md vc_btn3-shape-rounded vc_btn3-style-modern vc_btn3-color-grey\" href=\"https:\/\/mataroreformas.com\/ca\/contacto\/\" title=\"\">Solicita Asesor\u00eda<\/a><\/div><\/div><\/div><\/div><div class=\"wpb_column vc_column_container vc_col-sm-6\"><div class=\"vc_column-inner\"><div class=\"wpb_wrapper\">\n\t<div  class=\"wpb_single_image wpb_content_element vc_align_left\">\n\t\t\n\t\t<figure class=\"wpb_wrapper vc_figure\">\n\t\t\t<div class=\"vc_single_image-wrapper   vc_box_border_grey\"><img loading=\"lazy\" decoding=\"async\" width=\"1102\" height=\"652\" src=\"https:\/\/mataroreformas.com\/wp-content\/uploads\/2022\/11\/instalacion-de-vados-mataro-01.jpeg\" class=\"vc_single_image-img attachment-full\" alt=\"Pallej\u00e0\" title=\"instalacion-de-vados-mataro-01\" srcset=\"https:\/\/mataroreformas.com\/wp-content\/uploads\/2022\/11\/instalacion-de-vados-mataro-01.jpeg 1102w, https:\/\/mataroreformas.com\/wp-content\/uploads\/2022\/11\/instalacion-de-vados-mataro-01-300x177.jpeg 300w, https:\/\/mataroreformas.com\/wp-content\/uploads\/2022\/11\/instalacion-de-vados-mataro-01-1024x606.jpeg 1024w, https:\/\/mataroreformas.com\/wp-content\/uploads\/2022\/11\/instalacion-de-vados-mataro-01-768x454.jpeg 768w\" sizes=\"auto, (max-width: 1102px) 100vw, 1102px\" \/><\/div>\n\t\t<\/figure>\n\t<\/div>\n<\/div><\/div><\/div><\/div><\/div><div class=\"clearfix\"><\/div><\/section><section class=\"vc_rows wpb_row vc_row-fluid vc_custom_1641938180790 vc_row-has-fill vc_row-o-equal-height vc_row-o-content-middle vc_row-flex\"><div class=\"row\"><div class=\"wpb_column vc_column_container vc_col-sm-12 vc_col-md-6 vc_col-has-fill\"><div class=\"vc_column-inner vc_custom_1668806398304\"><div class=\"wpb_wrapper\"><\/div><\/div><\/div><div class=\"padd70 wpb_column vc_column_container vc_col-sm-12 vc_col-md-6\"><div class=\"vc_column-inner\"><div class=\"wpb_wrapper\">\n\t<div class=\"wpb_text_column wpb_content_element  vc_custom_1668804157329\" >\n\t\t<div class=\"wpb_wrapper\">\n\t\t\t<h2><span style=\"color: #ffffff;\">\u00bfCu\u00e1l es el proceso para obtener la licencia de un Vado en Matar\u00f3? <span class=\"tiny-border\">x<\/span><\/span><\/h2>\n<p class=\"intro\"><span style=\"color: #ffffff;\">&#8211; Se recibe en el local o vivienda al representante del ayuntamiento para constatar la viabilidad del vado.<br \/>\n&#8211; Seguidamente, ser\u00e1 necesario un plano con las caracter\u00edsticas del vado (medidas espec\u00edficas) para la solicitud.<br \/>\n&#8211; Ser\u00e1n necesario todos los requerimientos solicitados para la solicitud de la licencia.<br \/>\n&#8211; Aprobaci\u00f3n del ingeniero competente debidamente documentado y firmado.<br \/>\n&#8211; Una vez hecho todos los pasos, deber\u00e1n ser llevados al ayuntamiento.<\/span><\/p>\n\n\t\t<\/div>\n\t<\/div>\n<div class=\"vc_btn3-container vc_btn3-inline vc_custom_1669234152957\" ><a class=\"vc_general vc_btn3 vc_btn3-size-md vc_btn3-shape-rounded vc_btn3-style-modern vc_btn3-color-grey\" href=\"https:\/\/mataroreformas.com\/ca\/contacto\/\" title=\"\">Solicita Asesor\u00eda<\/a><\/div><\/div><\/div><\/div><\/div><div class=\"clearfix\"><\/div><\/section><section class=\"vc_rows wpb_row vc_row-fluid vc_custom_1669040606706\"><div class=\"container\"><div class=\"row\"><div class=\"wpb_column vc_column_container vc_col-sm-6\"><div class=\"vc_column-inner\"><div class=\"wpb_wrapper\">\n\t<div class=\"wpb_text_column wpb_content_element  vc_custom_1669040312538\" >\n\t\t<div class=\"wpb_wrapper\">\n\t\t\t<h2 style=\"text-align: left;\">Instalaci\u00f3n de Vados en Matar\u00f3<\/h2>\n<p class=\"intro\" style=\"text-align: left;\">Ponemos a su disposici\u00f3n a los mejores expertos, trabajando en la r\u00e1pida y correcta colocaci\u00f3n de vados. Visita nuestra p\u00e1gina <a href=\"https:\/\/mataroreformas.com\/ca\/instalacion-de-vados-mataro\/\">Instalaci\u00f3n de Vados Matar\u00f3<\/a> y descubre los diferentes tipos y caracter\u00edsticas de los materiales que usamos para ello.<\/p>\n\n\t\t<\/div>\n\t<\/div>\n<div class=\"vc_btn3-container vc_btn3-inline\" ><a class=\"vc_general vc_btn3 vc_btn3-size-md vc_btn3-shape-rounded vc_btn3-style-modern vc_btn3-color-grey\" href=\"https:\/\/mataroreformas.com\/ca\/instalacion-de-vados-mataro\/\" title=\"\">Instalaci\u00f3n de Vados Matar\u00f3<\/a><\/div><\/div><\/div><\/div><div class=\"wpb_column vc_column_container vc_col-sm-6\"><div class=\"vc_column-inner\"><div class=\"wpb_wrapper\">\n\t<div  class=\"wpb_single_image wpb_content_element vc_align_left\">\n\t\t\n\t\t<figure class=\"wpb_wrapper vc_figure\">\n\t\t\t<div class=\"vc_single_image-wrapper   vc_box_border_grey\"><img loading=\"lazy\" decoding=\"async\" width=\"533\" height=\"600\" src=\"https:\/\/mataroreformas.com\/wp-content\/uploads\/2022\/11\/imagen-instalacion-de-vados-mataro-001.jpg\" class=\"vc_single_image-img attachment-full\" alt=\"\" title=\"imagen-instalacion-de-vados-mataro-001\" srcset=\"https:\/\/mataroreformas.com\/wp-content\/uploads\/2022\/11\/imagen-instalacion-de-vados-mataro-001.jpg 533w, https:\/\/mataroreformas.com\/wp-content\/uploads\/2022\/11\/imagen-instalacion-de-vados-mataro-001-267x300.jpg 267w\" sizes=\"auto, (max-width: 533px) 100vw, 533px\" \/><\/div>\n\t\t<\/figure>\n\t<\/div>\n<\/div><\/div><\/div><\/div><\/div><div class=\"clearfix\"><\/div><\/section>","protected":false},"excerpt":{"rendered":"En Matar\u00f3 Reformas te asesoramos con todo el proceso que conlleva la legalizaci\u00f3n parking Matar\u00f3x Muchos de nuestros clientes se preguntan \u00bfQu\u00e9 es y como es el proceso para obtener dicha legalizaci\u00f3n? Este es un proceso obligatorio de car\u00e1cter administrativo, en \u00e9l se declara y justifica que el parking cumplir\u00e1 con todas las normativas vigentes. [...]","protected":false},"author":1,"featured_media":0,"parent":0,"menu_order":0,"comment_status":"closed","ping_status":"closed","template":"page-templates\/template-fullwidth.php","meta":{"_uag_custom_page_level_css":"","footnotes":""},"class_list":["post-1602","page","type-page","status-publish","hentry"],"yoast_head":"<!-- This site is optimized with the Yoast SEO plugin v27.4 - https:\/\/yoast.com\/product\/yoast-seo-wordpress\/ -->\n<title>Legalizaci\u00f3n Parking Matar\u00f3 y Maresme - Especialistas en Vados<\/title>\n<meta name=\"description\" content=\"Legalizaci\u00f3n Parking Matar\u00f3 y Maresme, Licencia de actividades para vados en Argentona, Expertos en solicitudes de Parkings en Vilassar.\" \/>\n<meta name=\"robots\" content=\"index, follow, max-snippet:-1, max-image-preview:large, max-video-preview:-1\" \/>\n<link rel=\"canonical\" href=\"https:\/\/mataroreformas.com\/ca\/legalizacion-parking-mataro\/\" \/>\n<meta property=\"og:locale\" content=\"ca_ES\" \/>\n<meta property=\"og:type\" content=\"article\" \/>\n<meta property=\"og:title\" content=\"Legalizaci\u00f3n Parking Matar\u00f3 y Maresme - Especialistas en Vados\" \/>\n<meta property=\"og:description\" content=\"Legalizaci\u00f3n Parking Matar\u00f3 y Maresme, Licencia de actividades para vados en Argentona, Expertos en solicitudes de Parkings en Vilassar.\" \/>\n<meta property=\"og:url\" content=\"https:\/\/mataroreformas.com\/ca\/legalizacion-parking-mataro\/\" \/>\n<meta property=\"og:site_name\" content=\"Matar\u00f3 Reformas\" \/>\n<meta property=\"article:modified_time\" content=\"2022-11-23T20:09:51+00:00\" \/>\n<meta name=\"twitter:card\" content=\"summary_large_image\" \/>\n<meta name=\"twitter:label1\" content=\"Temps estimat de lectura\" \/>\n\t<meta name=\"twitter:data1\" content=\"5 minuts\" \/>\n<script type=\"application\/ld+json\" class=\"yoast-schema-graph\">{\"@context\":\"https:\\\/\\\/schema.org\",\"@graph\":[{\"@type\":\"WebPage\",\"@id\":\"https:\\\/\\\/mataroreformas.com\\\/legalizacion-parking-mataro\",\"url\":\"https:\\\/\\\/mataroreformas.com\\\/legalizacion-parking-mataro\",\"name\":\"Legalizaci\u00f3n Parking Matar\u00f3 y Maresme - Especialistas en Vados\",\"isPartOf\":{\"@id\":\"https:\\\/\\\/mataroreformas.com\\\/#website\"},\"datePublished\":\"2022-11-18T20:47:23+00:00\",\"dateModified\":\"2022-11-23T20:09:51+00:00\",\"description\":\"Legalizaci\u00f3n Parking Matar\u00f3 y Maresme, Licencia de actividades para vados en Argentona, Expertos en solicitudes de Parkings en Vilassar.\",\"breadcrumb\":{\"@id\":\"https:\\\/\\\/mataroreformas.com\\\/legalizacion-parking-mataro#breadcrumb\"},\"inLanguage\":\"ca\",\"potentialAction\":[{\"@type\":\"ReadAction\",\"target\":[\"https:\\\/\\\/mataroreformas.com\\\/legalizacion-parking-mataro\"]}]},{\"@type\":\"BreadcrumbList\",\"@id\":\"https:\\\/\\\/mataroreformas.com\\\/legalizacion-parking-mataro#breadcrumb\",\"itemListElement\":[{\"@type\":\"ListItem\",\"position\":1,\"name\":\"Portada\",\"item\":\"https:\\\/\\\/mataroreformas.com\\\/\"},{\"@type\":\"ListItem\",\"position\":2,\"name\":\"Legalizaci\u00f3n Parking Matar\u00f3\"}]},{\"@type\":\"WebSite\",\"@id\":\"https:\\\/\\\/mataroreformas.com\\\/#website\",\"url\":\"https:\\\/\\\/mataroreformas.com\\\/\",\"name\":\"Matar\u00f3 Reformas\",\"description\":\"Reformas de todo tipo a su alcance\",\"potentialAction\":[{\"@type\":\"SearchAction\",\"target\":{\"@type\":\"EntryPoint\",\"urlTemplate\":\"https:\\\/\\\/mataroreformas.com\\\/?s={search_term_string}\"},\"query-input\":{\"@type\":\"PropertyValueSpecification\",\"valueRequired\":true,\"valueName\":\"search_term_string\"}}],\"inLanguage\":\"ca\"}]}<\/script>\n<!-- \/ Yoast SEO plugin. -->","yoast_head_json":{"title":"Legalizaci\u00f3n Parking Matar\u00f3 y Maresme - Especialistas en Vados","description":"Legalizaci\u00f3n Parking Matar\u00f3 y Maresme, Licencia de actividades para vados en Argentona, Expertos en solicitudes de Parkings en Vilassar.","robots":{"index":"index","follow":"follow","max-snippet":"max-snippet:-1","max-image-preview":"max-image-preview:large","max-video-preview":"max-video-preview:-1"},"canonical":"https:\/\/mataroreformas.com\/ca\/legalizacion-parking-mataro\/","og_locale":"ca_ES","og_type":"article","og_title":"Legalizaci\u00f3n Parking Matar\u00f3 y Maresme - Especialistas en Vados","og_description":"Legalizaci\u00f3n Parking Matar\u00f3 y Maresme, Licencia de actividades para vados en Argentona, Expertos en solicitudes de Parkings en Vilassar.","og_url":"https:\/\/mataroreformas.com\/ca\/legalizacion-parking-mataro\/","og_site_name":"Matar\u00f3 Reformas","article_modified_time":"2022-11-23T20:09:51+00:00","twitter_card":"summary_large_image","twitter_misc":{"Temps estimat de lectura":"5 minuts"},"schema":{"@context":"https:\/\/schema.org","@graph":[{"@type":"WebPage","@id":"https:\/\/mataroreformas.com\/legalizacion-parking-mataro","url":"https:\/\/mataroreformas.com\/legalizacion-parking-mataro","name":"Legalizaci\u00f3n Parking Matar\u00f3 y Maresme - Especialistas en Vados","isPartOf":{"@id":"https:\/\/mataroreformas.com\/#website"},"datePublished":"2022-11-18T20:47:23+00:00","dateModified":"2022-11-23T20:09:51+00:00","description":"Legalizaci\u00f3n Parking Matar\u00f3 y Maresme, Licencia de actividades para vados en Argentona, Expertos en solicitudes de Parkings en Vilassar.","breadcrumb":{"@id":"https:\/\/mataroreformas.com\/legalizacion-parking-mataro#breadcrumb"},"inLanguage":"ca","potentialAction":[{"@type":"ReadAction","target":["https:\/\/mataroreformas.com\/legalizacion-parking-mataro"]}]},{"@type":"BreadcrumbList","@id":"https:\/\/mataroreformas.com\/legalizacion-parking-mataro#breadcrumb","itemListElement":[{"@type":"ListItem","position":1,"name":"Portada","item":"https:\/\/mataroreformas.com\/"},{"@type":"ListItem","position":2,"name":"Legalizaci\u00f3n Parking Matar\u00f3"}]},{"@type":"WebSite","@id":"https:\/\/mataroreformas.com\/#website","url":"https:\/\/mataroreformas.com\/","name":"Matar\u00f3 Reformas","description":"Reformas de todo tipo a su alcance","potentialAction":[{"@type":"SearchAction","target":{"@type":"EntryPoint","urlTemplate":"https:\/\/mataroreformas.com\/?s={search_term_string}"},"query-input":{"@type":"PropertyValueSpecification","valueRequired":true,"valueName":"search_term_string"}}],"inLanguage":"ca"}]}},"uagb_featured_image_src":{"full":false,"thumbnail":false,"medium":false,"medium_large":false,"large":false,"1536x1536":false,"2048x2048":false,"trp-custom-language-flag":false},"uagb_author_info":{"display_name":"reformamataro","author_link":"https:\/\/mataroreformas.com\/ca\/author\/reformamataro"},"uagb_comment_info":0,"uagb_excerpt":null,"_links":{"self":[{"href":"https:\/\/mataroreformas.com\/ca\/wp-json\/wp\/v2\/pages\/1602","targetHints":{"allow":["GET"]}}],"collection":[{"href":"https:\/\/mataroreformas.com\/ca\/wp-json\/wp\/v2\/pages"}],"about":[{"href":"https:\/\/mataroreformas.com\/ca\/wp-json\/wp\/v2\/types\/page"}],"author":[{"embeddable":true,"href":"https:\/\/mataroreformas.com\/ca\/wp-json\/wp\/v2\/users\/1"}],"replies":[{"embeddable":true,"href":"https:\/\/mataroreformas.com\/ca\/wp-json\/wp\/v2\/comments?post=1602"}],"version-history":[{"count":6,"href":"https:\/\/mataroreformas.com\/ca\/wp-json\/wp\/v2\/pages\/1602\/revisions"}],"predecessor-version":[{"id":1744,"href":"https:\/\/mataroreformas.com\/ca\/wp-json\/wp\/v2\/pages\/1602\/revisions\/1744"}],"wp:attachment":[{"href":"https:\/\/mataroreformas.com\/ca\/wp-json\/wp\/v2\/media?parent=1602"}],"curies":[{"name":"wp","href":"https:\/\/api.w.org\/{rel}","templated":true}]}}