{"id":1554,"date":"2022-11-05T00:16:52","date_gmt":"2022-11-05T00:16:52","guid":{"rendered":"https:\/\/mataroreformas.com\/?page_id=1554"},"modified":"2022-11-23T19:49:37","modified_gmt":"2022-11-23T19:49:37","slug":"fontaneria-en-mataro","status":"publish","type":"page","link":"https:\/\/mataroreformas.com\/ca\/fontaneria-en-mataro","title":{"rendered":"Fontaner\u00eda en Matar\u00f3"},"content":{"rendered":"<section class=\"vc_rows wpb_row vc_row-fluid vc_custom_1481614324254 vc_row-o-equal-height vc_row-o-content-middle vc_row-flex\"><div class=\"row\"><div class=\"padd70 wpb_column vc_column_container vc_col-sm-12 vc_col-md-6\"><div class=\"vc_column-inner\"><div class=\"wpb_wrapper\">\n\t<div class=\"wpb_text_column wpb_content_element  vc_custom_1669232912022\" >\n\t\t<div class=\"wpb_wrapper\">\n\t\t\t<h2>Ofrecemos servicio de Fontaner\u00eda en Matar\u00f3 <span class=\"tiny-border\">x<\/span><\/h2>\n<p class=\"intro\">En <a href=\"https:\/\/mataroreformas.com\/ca\/\">Matar\u00f3 Reformas<\/a>, realizamos todo tipo de trabajos de fontaner\u00eda en Matar\u00f3 y Barcelona, contamos con una amplia experiencia en el \u00e1rea, siendo capaces de realizar desde instalaciones, como reparaciones de cualquier tipo en el \u00e1rea de fontaner\u00eda. Ofrecemos un servicio de calidad, orientado en la satisfacci\u00f3n del cliente.<\/p>\n<p class=\"intro\">La calidad de nuestro trabajo va directamente relacionado con todos los a\u00f1os de experiencia que tenemos trabajando en el sector; contamos con verdaderos profesionales en el \u00e1rea, con una amplia capacidad resolutiva a los problemas que se puedan presentar.<\/p>\n\n\t\t<\/div>\n\t<\/div>\n<div class=\"vc_btn3-container vc_btn3-inline vc_custom_1669232820712\" ><a class=\"vc_general vc_btn3 vc_btn3-size-md vc_btn3-shape-rounded vc_btn3-style-modern vc_btn3-color-grey\" href=\"https:\/\/mataroreformas.com\/ca\/contacto\/\" title=\"\">Solicita tu Presupuesto<\/a><\/div><\/div><\/div><\/div><div class=\"wpb_column vc_column_container vc_col-sm-12 vc_col-md-6 vc_col-has-fill\"><div class=\"vc_column-inner vc_custom_1642624815454\"><div class=\"wpb_wrapper\">\n\t<div  class=\"wpb_single_image wpb_content_element vc_align_left\">\n\t\t\n\t\t<figure class=\"wpb_wrapper vc_figure\">\n\t\t\t<div class=\"vc_single_image-wrapper   vc_box_border_grey\"><img loading=\"lazy\" decoding=\"async\" width=\"800\" height=\"638\" src=\"https:\/\/mataroreformas.com\/wp-content\/uploads\/2022\/11\/fontaneria-en-mataro-01.jpg\" class=\"vc_single_image-img attachment-full\" alt=\"\" title=\"fontaneria-en-mataro-01\" srcset=\"https:\/\/mataroreformas.com\/wp-content\/uploads\/2022\/11\/fontaneria-en-mataro-01.jpg 800w, https:\/\/mataroreformas.com\/wp-content\/uploads\/2022\/11\/fontaneria-en-mataro-01-300x239.jpg 300w, https:\/\/mataroreformas.com\/wp-content\/uploads\/2022\/11\/fontaneria-en-mataro-01-768x612.jpg 768w\" sizes=\"auto, (max-width: 800px) 100vw, 800px\" \/><\/div>\n\t\t<\/figure>\n\t<\/div>\n<\/div><\/div><\/div><\/div><div class=\"clearfix\"><\/div><\/section><section class=\"vc_rows wpb_row vc_row-fluid vc_custom_1669232880016\"><div class=\"row\"><div class=\"wpb_column vc_column_container vc_col-sm-12 vc_col-has-fill\"><div class=\"vc_column-inner vc_custom_1669225797733\"><div class=\"wpb_wrapper\">\n\t<div class=\"row call-to-action\">\n\t\t<div class=\"col-md-8\">\n\t        <h3 class=\"mt10\">Somos especialistas en trabajos de Fontaner\u00eda en Matar\u00f3 y Maresme, visita nuestra p\u00e1gina de Contacto y solicita tu presupuesto<\/h3>\n\t    <\/div>\n\t    <div class=\"col-md-4 text-right\">\n\t    \t<a class=\"btn btn-line-black btn-fx\" href=\"https:\/\/mataroreformas.com\/ca\/contacto\/\" target=\"_self\">Contacto<\/a>\t    <\/div>\n    <\/div>\n\n<\/div><\/div><\/div><\/div><div class=\"clearfix\"><\/div><\/section><section data-stellar-background-ratio=\".2\" class=\"vc_rows wpb_row vc_row-fluid vc_custom_1667607773993 vc_row-has-fill parallax\"><div class=\"container\"><div class=\"row\"><div class=\"wpb_column vc_column_container vc_col-sm-12\"><div class=\"vc_column-inner\"><div class=\"wpb_wrapper\">\n\t<div class=\"wpb_text_column wpb_content_element  vc_custom_1667603764010\" >\n\t\t<div class=\"wpb_wrapper\">\n\t\t\t<h2><span style=\"color: #ffffff;\">Tipos de trabajos de Fontaner\u00eda en Matar\u00f3 que realizamos <span class=\"tiny-border\">x<\/span><\/span><\/h2>\n\n\t\t<\/div>\n\t<\/div>\n\n\t<div class=\"wpb_text_column wpb_content_element  vc_custom_1667603852169\" >\n\t\t<div class=\"wpb_wrapper\">\n\t\t\t<p><span style=\"color: #ffffff;\">Nos encargamos de realizar diferentes tipos de trabajos desde cualquier punto, ya sea que requiera instalaci\u00f3n o mantenimientos de estos, realizamos los siguientes tipos de trabajos:<\/span><\/p>\n\n\t\t<\/div>\n\t<\/div>\n<\/div><\/div><\/div><div class=\"wpb_column vc_column_container vc_col-sm-12 vc_col-md-4\"><div class=\"vc_column-inner\"><div class=\"wpb_wrapper\">\n\t<div class=\"wpb_text_column wpb_content_element\" >\n\t\t<div class=\"wpb_wrapper\">\n\t\t\t<h3><span style=\"color: #ffffff;\">Desatascado de Fontaner\u00eda en Matar\u00f3 <span class=\"tiny-border\">x<\/span><\/span><\/h3>\n<p><span style=\"color: #ffffff;\">Uno de los problemas m\u00e1s habituales que se pueden presentar en su vivienda, edificio o local es el atascado de residuos en sus tuber\u00edas, para ellos tenemos la soluci\u00f3n, contamos con la experiencia y las herramientas para realizar un gran trabajo, devolvi\u00e9ndole a sus tuber\u00edas el flujo id\u00f3neo de los residuos.<\/span><\/p>\n\n\t\t<\/div>\n\t<\/div>\n<div class=\"vc_empty_space\"   style=\"height: 30px\"><span class=\"vc_empty_space_inner\"><\/span><\/div><\/div><\/div><\/div><div class=\"wpb_column vc_column_container vc_col-sm-12 vc_col-md-4\"><div class=\"vc_column-inner\"><div class=\"wpb_wrapper\">\n\t<div class=\"wpb_text_column wpb_content_element\" >\n\t\t<div class=\"wpb_wrapper\">\n\t\t\t<h3><span style=\"color: #ffffff;\">Fontaner\u00eda en Matar\u00f3: Instalaci\u00f3n de aguas <span class=\"tiny-border\">x<\/span><\/span><\/h3>\n<p><span style=\"color: #ffffff;\">Si lo que necesita en una nueva instalaci\u00f3n de aguas blancas, nuestros expertos realizan el trabajo que usted necesita, contamos con la capacidad para realizar instalaciones de aguas en cualquier lugar, ya sea en obras en desarrollo de construcci\u00f3n o ya culminadas, que requieran mantenimiento o reparaci\u00f3n.<\/span><\/p>\n\n\t\t<\/div>\n\t<\/div>\n<div class=\"vc_empty_space\"   style=\"height: 30px\"><span class=\"vc_empty_space_inner\"><\/span><\/div><\/div><\/div><\/div><div class=\"wpb_column vc_column_container vc_col-sm-12 vc_col-md-4\"><div class=\"vc_column-inner\"><div class=\"wpb_wrapper\">\n\t<div class=\"wpb_text_column wpb_content_element\" >\n\t\t<div class=\"wpb_wrapper\">\n\t\t\t<h3><span style=\"color: #ffffff;\">Fontaner\u00eda en Matar\u00f3: Grifer\u00eda <span class=\"tiny-border\">x<\/span><\/span><\/h3>\n<p><span style=\"color: #ffffff;\">Realizamos todo tipo de trabajos con grifer\u00eda, trabajos grandes o peque\u00f1os; la grifer\u00eda debido a su uso, como cualquier otro material, puede presentar desgastes, es por ellos que como expertos en el \u00e1rea realizamos o la instalaci\u00f3n o el debido mantenimiento.<\/span><\/p>\n\n\t\t<\/div>\n\t<\/div>\n<div class=\"vc_empty_space\"   style=\"height: 30px\"><span class=\"vc_empty_space_inner\"><\/span><\/div><\/div><\/div><\/div><\/div><\/div><div class=\"clearfix\"><\/div><\/section><section class=\"vc_rows wpb_row vc_row-fluid vc_custom_1481614324254 vc_row-o-equal-height vc_row-o-content-middle vc_row-flex\"><div class=\"row\"><div class=\"padd70 wpb_column vc_column_container vc_col-sm-12 vc_col-md-6\"><div class=\"vc_column-inner\"><div class=\"wpb_wrapper\">\n\t<div class=\"wpb_text_column wpb_content_element  vc_custom_1667606274158\" >\n\t\t<div class=\"wpb_wrapper\">\n\t\t\t<h2>Instalaciones y reparaciones de Fontaner\u00eda en Matar\u00f3 <span class=\"tiny-border\">x<\/span><\/h2>\n<p class=\"intro\">Como ya lo hemos mencionado antes, contamos con la capacidad y el m\u00e1s preparado equipo de fontanero para realizar instalaciones muy complejas, como tambi\u00e9n trabajos m\u00e1s simples en los que solo pueda requerir de uno de nuestros expertos.<\/p>\n<p class=\"intro\">Si lo que requiera en el momento es realizar en su hogar una reparaci\u00f3n r\u00e1pida, igualmente somos su mejor soluci\u00f3n, ofrecemos r\u00e1pidas soluciones a problemas de fontaner\u00eda, puede confiar en nosotros.<\/p>\n\n\t\t<\/div>\n\t<\/div>\n<div class=\"vc_btn3-container vc_btn3-inline vc_custom_1669232820712\" ><a class=\"vc_general vc_btn3 vc_btn3-size-md vc_btn3-shape-rounded vc_btn3-style-modern vc_btn3-color-grey\" href=\"https:\/\/mataroreformas.com\/ca\/contacto\/\" title=\"\">Solicita tu Presupuesto<\/a><\/div><\/div><\/div><\/div><div class=\"wpb_column vc_column_container vc_col-sm-12 vc_col-md-6 vc_col-has-fill\"><div class=\"vc_column-inner vc_custom_1667607885835\"><div class=\"wpb_wrapper\"><\/div><\/div><\/div><div class=\"wpb_column vc_column_container vc_col-sm-12 vc_col-has-fill\"><div class=\"vc_column-inner vc_custom_1642082066065\"><div class=\"wpb_wrapper\">\n\t<div class=\"wpb_text_column wpb_content_element\" >\n\t\t<div class=\"wpb_wrapper\">\n\t\t\t<p class=\"seccion-enlace-principal\" style=\"text-align: center;\"><strong>Consulta todos los servicios que tenemos en <a href=\"http:\/\/mataroreformas.com\/ca\/\">Reformas Matar\u00f3<\/a> para ti<\/strong><\/p>\n\n\t\t<\/div>\n\t<\/div>\n<\/div><\/div><\/div><\/div><div class=\"clearfix\"><\/div><\/section><section class=\"vc_rows wpb_row vc_row-fluid vc_custom_1641937821471\"><div class=\"container\"><div class=\"row\"><div class=\"wpb_column vc_column_container vc_col-sm-2\"><div class=\"vc_column-inner\"><div class=\"wpb_wrapper\"><\/div><\/div><\/div><div class=\"wpb_column vc_column_container vc_col-sm-8\"><div class=\"vc_column-inner\"><div class=\"wpb_wrapper\">\n\t<div class=\"wpb_text_column wpb_content_element  vc_custom_1667606477902\" >\n\t\t<div class=\"wpb_wrapper\">\n\t\t\t<h2>\u00bfPor qu\u00e9 elegirnos para sus trabajos de Fontaner\u00eda en <a href=\"https:\/\/www.mataro.cat\/\" target=\"_blank\" rel=\"noopener\">Matar\u00f3<\/a>? <span class=\"tiny-border\">x<\/span><\/h2>\n<p class=\"intro\">Somos una empresa comprometida y resolutiva ante cualquier situaci\u00f3n que se presente, por eso somos la elecci\u00f3n m\u00e1s apropiada ante cualquier problema, algunas de las razones por las cuales elegirnos son:<\/p>\n\n\t\t<\/div>\n\t<\/div>\n<\/div><\/div><\/div><div class=\"wpb_column vc_column_container vc_col-sm-2\"><div class=\"vc_column-inner\"><div class=\"wpb_wrapper\"><\/div><\/div><\/div><\/div><\/div><div class=\"clearfix\"><\/div><\/section><section class=\"vc_rows wpb_row vc_row-fluid vc_custom_1641937856175\"><div class=\"container\"><div class=\"row\"><div class=\"wpb_column vc_column_container vc_col-sm-4\"><div class=\"vc_column-inner\"><div class=\"wpb_wrapper\">\n\t<div class=\"wpb_text_column wpb_content_element  vc_custom_1667606673226\" >\n\t\t<div class=\"wpb_wrapper\">\n\t\t\t<h3 style=\"text-align: center;\">Servicios de Fontaner\u00eda en Matar\u00f3 Personalizados<\/h3>\n<p class=\"intro\" style=\"text-align: center;\">Cada uno de los proyectos o trabajos en los que participamos es \u00fanico para nosotros; por ello le damos la atenci\u00f3n requer\u00eda y damos el 100% de nuestra atenci\u00f3n.<\/p>\n\n\t\t<\/div>\n\t<\/div>\n<\/div><\/div><\/div><div class=\"wpb_column vc_column_container vc_col-sm-4\"><div class=\"vc_column-inner\"><div class=\"wpb_wrapper\">\n\t<div class=\"wpb_text_column wpb_content_element  vc_custom_1667606831423\" >\n\t\t<div class=\"wpb_wrapper\">\n\t\t\t<h3 style=\"text-align: center;\">Servicio de Fontaner\u00eda en Matar\u00f3 r\u00e1pido y confiable<\/h3>\n<p class=\"intro\" style=\"text-align: center;\">Presentamos a nuestros clientes soluciones r\u00e1pidas y muy eficientes, dejando demostrado toda la experiencia que nos avala; gan\u00e1ndonos as\u00ed la confianza y recomendaci\u00f3n de todas las personas atendidas.<\/p>\n\n\t\t<\/div>\n\t<\/div>\n<\/div><\/div><\/div><div class=\"wpb_column vc_column_container vc_col-sm-4\"><div class=\"vc_column-inner\"><div class=\"wpb_wrapper\">\n\t<div class=\"wpb_text_column wpb_content_element  vc_custom_1667606989099\" >\n\t\t<div class=\"wpb_wrapper\">\n\t\t\t<h3 style=\"text-align: center;\">Compromiso en cada trabajo<\/h3>\n<p class=\"intro\" style=\"text-align: center;\">Contamos con un alto sentido de pertenencia, trabajamos con la misma pasi\u00f3n en trabajos grandes y peque\u00f1os, enfoc\u00e1ndonos en nuestro trabajo, con el objetivo de satisfacer a nuestros clientes.<\/p>\n\n\t\t<\/div>\n\t<\/div>\n<\/div><\/div><\/div><\/div><\/div><div class=\"clearfix\"><\/div><\/section><section class=\"vc_rows wpb_row vc_row-fluid vc_custom_1641938180790 vc_row-has-fill vc_row-o-equal-height vc_row-o-content-middle vc_row-flex\"><div class=\"row\"><div class=\"wpb_column vc_column_container vc_col-sm-12 vc_col-md-6 vc_col-has-fill\"><div class=\"vc_column-inner vc_custom_1667607999844\"><div class=\"wpb_wrapper\"><\/div><\/div><\/div><div class=\"padd70 wpb_column vc_column_container vc_col-sm-12 vc_col-md-6\"><div class=\"vc_column-inner\"><div class=\"wpb_wrapper\">\n\t<div class=\"wpb_text_column wpb_content_element  vc_custom_1667607195801\" >\n\t\t<div class=\"wpb_wrapper\">\n\t\t\t<h2><span style=\"color: #ffffff;\">Otros trabajos que realizamos en Matar\u00f3 <span class=\"tiny-border\">x<\/span><\/span><\/h2>\n<p class=\"intro\"><span style=\"color: #ffffff;\">Nuestro equipo de profesionales cuenta con una alta capacitaci\u00f3n y versatilidad en el trabajo, por lo que cada uno de ello se encuentra en la capacidad de realizar trabajos de Climatizaci\u00f3n o trabajos de Enger\u00eda solar, puede contactarnos y consultar directamente con nosotros.<\/span><\/p>\n\n\t\t<\/div>\n\t<\/div>\n<div class=\"vc_btn3-container vc_btn3-inline vc_custom_1669232820712\" ><a class=\"vc_general vc_btn3 vc_btn3-size-md vc_btn3-shape-rounded vc_btn3-style-modern vc_btn3-color-grey\" href=\"https:\/\/mataroreformas.com\/ca\/contacto\/\" title=\"\">Solicita tu Presupuesto<\/a><\/div><\/div><\/div><\/div><\/div><div class=\"clearfix\"><\/div><\/section>","protected":false},"excerpt":{"rendered":"Ofrecemos servicio de Fontaner\u00eda en Matar\u00f3 x En Matar\u00f3 Reformas, realizamos todo tipo de trabajos de fontaner\u00eda en Matar\u00f3 y Barcelona, contamos con una amplia experiencia en el \u00e1rea, siendo capaces de realizar desde instalaciones, como reparaciones de cualquier tipo en el \u00e1rea de fontaner\u00eda. Ofrecemos un servicio de calidad, orientado en la satisfacci\u00f3n del [...]","protected":false},"author":1,"featured_media":0,"parent":0,"menu_order":0,"comment_status":"closed","ping_status":"closed","template":"page-templates\/template-fullwidth.php","meta":{"_uag_custom_page_level_css":"","footnotes":""},"class_list":["post-1554","page","type-page","status-publish","hentry"],"yoast_head":"<!-- This site is optimized with the Yoast SEO plugin v27.4 - https:\/\/yoast.com\/product\/yoast-seo-wordpress\/ -->\n<title>Fontaner\u00eda en Matar\u00f3 y Maresme - Instalaciones y Reparaciones<\/title>\n<meta name=\"description\" content=\"Fontaner\u00eda en Matar\u00f3, Servicio de Instalaci\u00f3n y Reparaci\u00f3n de Grifer\u00eda en Barcelona, Acometida de Agua en Maresme por profesionales.\" \/>\n<meta name=\"robots\" content=\"index, follow, max-snippet:-1, max-image-preview:large, max-video-preview:-1\" \/>\n<link rel=\"canonical\" href=\"https:\/\/mataroreformas.com\/ca\/fontaneria-en-mataro\/\" \/>\n<meta property=\"og:locale\" content=\"ca_ES\" \/>\n<meta property=\"og:type\" content=\"article\" \/>\n<meta property=\"og:title\" content=\"Fontaner\u00eda en Matar\u00f3 y Maresme - Instalaciones y Reparaciones\" \/>\n<meta property=\"og:description\" content=\"Fontaner\u00eda en Matar\u00f3, Servicio de Instalaci\u00f3n y Reparaci\u00f3n de Grifer\u00eda en Barcelona, Acometida de Agua en Maresme por profesionales.\" \/>\n<meta property=\"og:url\" content=\"https:\/\/mataroreformas.com\/ca\/fontaneria-en-mataro\/\" \/>\n<meta property=\"og:site_name\" content=\"Matar\u00f3 Reformas\" \/>\n<meta property=\"article:modified_time\" content=\"2022-11-23T19:49:37+00:00\" \/>\n<meta name=\"twitter:card\" content=\"summary_large_image\" \/>\n<meta name=\"twitter:label1\" content=\"Temps estimat de lectura\" \/>\n\t<meta name=\"twitter:data1\" content=\"4 minuts\" \/>\n<script type=\"application\/ld+json\" class=\"yoast-schema-graph\">{\"@context\":\"https:\\\/\\\/schema.org\",\"@graph\":[{\"@type\":\"WebPage\",\"@id\":\"https:\\\/\\\/mataroreformas.com\\\/fontaneria-en-mataro\",\"url\":\"https:\\\/\\\/mataroreformas.com\\\/fontaneria-en-mataro\",\"name\":\"Fontaner\u00eda en Matar\u00f3 y Maresme - Instalaciones y Reparaciones\",\"isPartOf\":{\"@id\":\"https:\\\/\\\/mataroreformas.com\\\/#website\"},\"datePublished\":\"2022-11-05T00:16:52+00:00\",\"dateModified\":\"2022-11-23T19:49:37+00:00\",\"description\":\"Fontaner\u00eda en Matar\u00f3, Servicio de Instalaci\u00f3n y Reparaci\u00f3n de Grifer\u00eda en Barcelona, Acometida de Agua en Maresme por profesionales.\",\"breadcrumb\":{\"@id\":\"https:\\\/\\\/mataroreformas.com\\\/fontaneria-en-mataro#breadcrumb\"},\"inLanguage\":\"ca\",\"potentialAction\":[{\"@type\":\"ReadAction\",\"target\":[\"https:\\\/\\\/mataroreformas.com\\\/fontaneria-en-mataro\"]}]},{\"@type\":\"BreadcrumbList\",\"@id\":\"https:\\\/\\\/mataroreformas.com\\\/fontaneria-en-mataro#breadcrumb\",\"itemListElement\":[{\"@type\":\"ListItem\",\"position\":1,\"name\":\"Portada\",\"item\":\"https:\\\/\\\/mataroreformas.com\\\/\"},{\"@type\":\"ListItem\",\"position\":2,\"name\":\"Fontaner\u00eda en Matar\u00f3\"}]},{\"@type\":\"WebSite\",\"@id\":\"https:\\\/\\\/mataroreformas.com\\\/#website\",\"url\":\"https:\\\/\\\/mataroreformas.com\\\/\",\"name\":\"Matar\u00f3 Reformas\",\"description\":\"Reformas de todo tipo a su alcance\",\"potentialAction\":[{\"@type\":\"SearchAction\",\"target\":{\"@type\":\"EntryPoint\",\"urlTemplate\":\"https:\\\/\\\/mataroreformas.com\\\/?s={search_term_string}\"},\"query-input\":{\"@type\":\"PropertyValueSpecification\",\"valueRequired\":true,\"valueName\":\"search_term_string\"}}],\"inLanguage\":\"ca\"}]}<\/script>\n<!-- \/ Yoast SEO plugin. -->","yoast_head_json":{"title":"Fontaner\u00eda en Matar\u00f3 y Maresme - Instalaciones y Reparaciones","description":"Fontaner\u00eda en Matar\u00f3, Servicio de Instalaci\u00f3n y Reparaci\u00f3n de Grifer\u00eda en Barcelona, Acometida de Agua en Maresme por profesionales.","robots":{"index":"index","follow":"follow","max-snippet":"max-snippet:-1","max-image-preview":"max-image-preview:large","max-video-preview":"max-video-preview:-1"},"canonical":"https:\/\/mataroreformas.com\/ca\/fontaneria-en-mataro\/","og_locale":"ca_ES","og_type":"article","og_title":"Fontaner\u00eda en Matar\u00f3 y Maresme - Instalaciones y Reparaciones","og_description":"Fontaner\u00eda en Matar\u00f3, Servicio de Instalaci\u00f3n y Reparaci\u00f3n de Grifer\u00eda en Barcelona, Acometida de Agua en Maresme por profesionales.","og_url":"https:\/\/mataroreformas.com\/ca\/fontaneria-en-mataro\/","og_site_name":"Matar\u00f3 Reformas","article_modified_time":"2022-11-23T19:49:37+00:00","twitter_card":"summary_large_image","twitter_misc":{"Temps estimat de lectura":"4 minuts"},"schema":{"@context":"https:\/\/schema.org","@graph":[{"@type":"WebPage","@id":"https:\/\/mataroreformas.com\/fontaneria-en-mataro","url":"https:\/\/mataroreformas.com\/fontaneria-en-mataro","name":"Fontaner\u00eda en Matar\u00f3 y Maresme - Instalaciones y Reparaciones","isPartOf":{"@id":"https:\/\/mataroreformas.com\/#website"},"datePublished":"2022-11-05T00:16:52+00:00","dateModified":"2022-11-23T19:49:37+00:00","description":"Fontaner\u00eda en Matar\u00f3, Servicio de Instalaci\u00f3n y Reparaci\u00f3n de Grifer\u00eda en Barcelona, Acometida de Agua en Maresme por profesionales.","breadcrumb":{"@id":"https:\/\/mataroreformas.com\/fontaneria-en-mataro#breadcrumb"},"inLanguage":"ca","potentialAction":[{"@type":"ReadAction","target":["https:\/\/mataroreformas.com\/fontaneria-en-mataro"]}]},{"@type":"BreadcrumbList","@id":"https:\/\/mataroreformas.com\/fontaneria-en-mataro#breadcrumb","itemListElement":[{"@type":"ListItem","position":1,"name":"Portada","item":"https:\/\/mataroreformas.com\/"},{"@type":"ListItem","position":2,"name":"Fontaner\u00eda en Matar\u00f3"}]},{"@type":"WebSite","@id":"https:\/\/mataroreformas.com\/#website","url":"https:\/\/mataroreformas.com\/","name":"Matar\u00f3 Reformas","description":"Reformas de todo tipo a su alcance","potentialAction":[{"@type":"SearchAction","target":{"@type":"EntryPoint","urlTemplate":"https:\/\/mataroreformas.com\/?s={search_term_string}"},"query-input":{"@type":"PropertyValueSpecification","valueRequired":true,"valueName":"search_term_string"}}],"inLanguage":"ca"}]}},"uagb_featured_image_src":{"full":false,"thumbnail":false,"medium":false,"medium_large":false,"large":false,"1536x1536":false,"2048x2048":false,"trp-custom-language-flag":false},"uagb_author_info":{"display_name":"reformamataro","author_link":"https:\/\/mataroreformas.com\/ca\/author\/reformamataro"},"uagb_comment_info":0,"uagb_excerpt":null,"_links":{"self":[{"href":"https:\/\/mataroreformas.com\/ca\/wp-json\/wp\/v2\/pages\/1554","targetHints":{"allow":["GET"]}}],"collection":[{"href":"https:\/\/mataroreformas.com\/ca\/wp-json\/wp\/v2\/pages"}],"about":[{"href":"https:\/\/mataroreformas.com\/ca\/wp-json\/wp\/v2\/types\/page"}],"author":[{"embeddable":true,"href":"https:\/\/mataroreformas.com\/ca\/wp-json\/wp\/v2\/users\/1"}],"replies":[{"embeddable":true,"href":"https:\/\/mataroreformas.com\/ca\/wp-json\/wp\/v2\/comments?post=1554"}],"version-history":[{"count":4,"href":"https:\/\/mataroreformas.com\/ca\/wp-json\/wp\/v2\/pages\/1554\/revisions"}],"predecessor-version":[{"id":1557,"href":"https:\/\/mataroreformas.com\/ca\/wp-json\/wp\/v2\/pages\/1554\/revisions\/1557"}],"wp:attachment":[{"href":"https:\/\/mataroreformas.com\/ca\/wp-json\/wp\/v2\/media?parent=1554"}],"curies":[{"name":"wp","href":"https:\/\/api.w.org\/{rel}","templated":true}]}}