{"id":1531,"date":"2022-11-03T19:33:37","date_gmt":"2022-11-03T19:33:37","guid":{"rendered":"https:\/\/mataroreformas.com\/?page_id=1531"},"modified":"2022-11-23T20:02:01","modified_gmt":"2022-11-23T20:02:01","slug":"instalacion-de-vados-mataro","status":"publish","type":"page","link":"https:\/\/mataroreformas.com\/ca\/instalacion-de-vados-mataro","title":{"rendered":"Instalaci\u00f3n de Vados Matar\u00f3"},"content":{"rendered":"<section class=\"vc_rows wpb_row vc_row-fluid vc_custom_1481614324254 vc_row-o-equal-height vc_row-o-content-middle vc_row-flex\"><div class=\"row\"><div class=\"padd70 wpb_column vc_column_container vc_col-sm-12 vc_col-md-6\"><div class=\"vc_column-inner\"><div class=\"wpb_wrapper\">\n\t<div class=\"wpb_text_column wpb_content_element  vc_custom_1667495241680\" >\n\t\t<div class=\"wpb_wrapper\">\n\t\t\t<h2>Servicio de Instalaci\u00f3n de Vados Matar\u00f3<span class=\"tiny-border\">x<\/span><\/h2>\n<p class=\"intro\">En <a href=\"https:\/\/mataroreformas.com\/ca\/\">Matar\u00f3 Reformas<\/a>, contamos con el equipo, la experiencia y calidad para realizar la correcta y r\u00e1pida instalaci\u00f3n de vados en Matar\u00f3 y Barcelona. Ponemos a su disposici\u00f3n todas las herramientas necesarias para darle muestra de un trabajo bien hecho, cumpliendo los protocolos y permiso necesarios.<\/p>\n<p class=\"intro\">Realizamos la instalaci\u00f3n de todo tipo de vados, ya sea vados peatonales o vados para veh\u00edculos, del material o modelos que nuestros clientes requieran para sus proyectos. Descubre todo lo que somos capaces de hacer y cont\u00e1ctanos para empezar con tu obra.<\/p>\n\n\t\t<\/div>\n\t<\/div>\n<div class=\"vc_btn3-container vc_btn3-inline vc_custom_1669233593237\" ><a class=\"vc_general vc_btn3 vc_btn3-size-md vc_btn3-shape-rounded vc_btn3-style-modern vc_btn3-color-grey\" href=\"https:\/\/mataroreformas.com\/ca\/contacto\/\" title=\"\">Solicita tu presupuesto<\/a><\/div><\/div><\/div><\/div><div class=\"wpb_column vc_column_container vc_col-sm-12 vc_col-md-6 vc_col-has-fill\"><div class=\"vc_column-inner vc_custom_1642624815454\"><div class=\"wpb_wrapper\">\n\t<div  class=\"wpb_single_image wpb_content_element vc_align_center\">\n\t\t\n\t\t<figure class=\"wpb_wrapper vc_figure\">\n\t\t\t<div class=\"vc_single_image-wrapper   vc_box_border_grey\"><img loading=\"lazy\" decoding=\"async\" width=\"1102\" height=\"652\" src=\"https:\/\/mataroreformas.com\/wp-content\/uploads\/2022\/11\/instalacion-de-vados-mataro-01.jpeg\" class=\"vc_single_image-img attachment-full\" alt=\"Pallej\u00e0\" title=\"instalacion-de-vados-mataro-01\" srcset=\"https:\/\/mataroreformas.com\/wp-content\/uploads\/2022\/11\/instalacion-de-vados-mataro-01.jpeg 1102w, https:\/\/mataroreformas.com\/wp-content\/uploads\/2022\/11\/instalacion-de-vados-mataro-01-300x177.jpeg 300w, https:\/\/mataroreformas.com\/wp-content\/uploads\/2022\/11\/instalacion-de-vados-mataro-01-1024x606.jpeg 1024w, https:\/\/mataroreformas.com\/wp-content\/uploads\/2022\/11\/instalacion-de-vados-mataro-01-768x454.jpeg 768w\" sizes=\"auto, (max-width: 1102px) 100vw, 1102px\" \/><\/div>\n\t\t<\/figure>\n\t<\/div>\n<\/div><\/div><\/div><\/div><div class=\"clearfix\"><\/div><\/section><section class=\"vc_rows wpb_row vc_row-fluid vc_custom_1669233642516\"><div class=\"row\"><div class=\"wpb_column vc_column_container vc_col-sm-12 vc_col-has-fill\"><div class=\"vc_column-inner vc_custom_1669225797733\"><div class=\"wpb_wrapper\">\n\t<div class=\"row call-to-action\">\n\t\t<div class=\"col-md-8\">\n\t        <h3 class=\"mt10\">Visita nuestra p\u00e1gina de Contacto y solicita tu presupuesto para la Instalaci\u00f3n de Vados Matar\u00f3<\/h3>\n\t    <\/div>\n\t    <div class=\"col-md-4 text-right\">\n\t    \t<a class=\"btn btn-line-black btn-fx\" href=\"https:\/\/mataroreformas.com\/ca\/contacto\/\" target=\"_self\">Contacto<\/a>\t    <\/div>\n    <\/div>\n\n<\/div><\/div><\/div><\/div><div class=\"clearfix\"><\/div><\/section><section data-stellar-background-ratio=\".2\" class=\"vc_rows wpb_row vc_row-fluid vc_custom_1667504765209 vc_row-has-fill parallax\"><div class=\"container\"><div class=\"row\"><div class=\"wpb_column vc_column_container vc_col-sm-12\"><div class=\"vc_column-inner\"><div class=\"wpb_wrapper\">\n\t<div class=\"wpb_text_column wpb_content_element  vc_custom_1667497507569\" >\n\t\t<div class=\"wpb_wrapper\">\n\t\t\t<h2><span style=\"color: #ffffff;\">Instalaci\u00f3n de Vados Matar\u00f3: Tipos de Vados que instalamos <span class=\"tiny-border\">x<\/span><\/span><\/h2>\n\n\t\t<\/div>\n\t<\/div>\n\n\t<div class=\"wpb_text_column wpb_content_element  vc_custom_1667497679733\" >\n\t\t<div class=\"wpb_wrapper\">\n\t\t\t<p><span style=\"color: #ffffff;\">Cada caso es distinto y para cada situaci\u00f3n se puede requerir un tipo diferente de vado; para cada situaci\u00f3n estamos preparados, nuestro equipo es capas de realizar la instalaci\u00f3n de los siguientes tipos de vados:<\/span><\/p>\n\n\t\t<\/div>\n\t<\/div>\n<\/div><\/div><\/div><div class=\"wpb_column vc_column_container vc_col-sm-2 vc_col-md-4\"><div class=\"vc_column-inner\"><div class=\"wpb_wrapper\">\n\t<div class=\"wpb_text_column wpb_content_element\" >\n\t\t<div class=\"wpb_wrapper\">\n\t\t\t<h3><span style=\"color: #ffffff;\">Instalaci\u00f3n de Vados Peatonales Matar\u00f3 <span class=\"tiny-border\">x<\/span><\/span><\/h3>\n<p><span style=\"color: #ffffff;\">Realizamos la modificaci\u00f3n total de las zonas peatonales, haciendo la correcta comunicaci\u00f3n de dos zonas de diferentes niveles, a trav\u00e9s de planos inclinados, facilitando as\u00ed el paso de los peatones.<\/span><\/p>\n\n\t\t<\/div>\n\t<\/div>\n<div class=\"vc_empty_space\"   style=\"height: 30px\"><span class=\"vc_empty_space_inner\"><\/span><\/div><\/div><\/div><\/div><div class=\"wpb_column vc_column_container vc_col-sm-12 vc_col-md-4\"><div class=\"vc_column-inner\"><div class=\"wpb_wrapper\">\n\t<div class=\"wpb_text_column wpb_content_element\" >\n\t\t<div class=\"wpb_wrapper\">\n\t\t\t<h3><span style=\"color: #ffffff;\">Instalaci\u00f3n de Vados de veh\u00edculos Matar\u00f3 <span class=\"tiny-border\">x<\/span><\/span><\/h3>\n<p><span style=\"color: #ffffff;\">Este es uno de los m\u00e1s solicitados actualmente y en la que nuestros especialistas realizan la modificaci\u00f3n de la acera, para as\u00ed poder facilitar el paso de los veh\u00edculos con mayor facilidad. Algunos de los m\u00e1s utilizados para la construcci\u00f3n son: V40 o V60.<\/span><\/p>\n\n\t\t<\/div>\n\t<\/div>\n<div class=\"vc_empty_space\"   style=\"height: 30px\"><span class=\"vc_empty_space_inner\"><\/span><\/div><\/div><\/div><\/div><\/div><\/div><div class=\"clearfix\"><\/div><\/section><section class=\"vc_rows wpb_row vc_row-fluid vc_custom_1641937821471\"><div class=\"container\"><div class=\"row\"><div class=\"wpb_column vc_column_container vc_col-sm-2\"><div class=\"vc_column-inner\"><div class=\"wpb_wrapper\"><\/div><\/div><\/div><div class=\"wpb_column vc_column_container vc_col-sm-8\"><div class=\"vc_column-inner\"><div class=\"wpb_wrapper\">\n\t<div class=\"wpb_text_column wpb_content_element\" >\n\t\t<div class=\"wpb_wrapper\">\n\t\t\t<h2 style=\"text-align: center;\">Modelos utilizados para la Instalaci\u00f3n de Vados Matar\u00f3<\/h2>\n\n\t\t<\/div>\n\t<\/div>\n<div class=\"vc_tta-container\" data-vc-action=\"collapse\"><div class=\"vc_general vc_tta vc_tta-tabs vc_tta-color-orange vc_tta-style-modern vc_tta-shape-square vc_tta-spacing-1 vc_tta-tabs-position-top vc_tta-controls-align-left\"><div class=\"vc_tta-tabs-container\"><ul class=\"vc_tta-tabs-list\"><li class=\"vc_tta-tab vc_active\" data-vc-tab><a href=\"#1667500752725-c84ce6d1-089e\" data-vc-tabs data-vc-container=\".vc_tta\"><span class=\"vc_tta-title-text\">Vados de veh\u00edculos V40 Matar\u00f3<\/span><\/a><\/li><li class=\"vc_tta-tab\" data-vc-tab><a href=\"#1667500752755-ee4a47df-7b45\" data-vc-tabs data-vc-container=\".vc_tta\"><span class=\"vc_tta-title-text\">Vados de veh\u00edculos V60 Matar\u00f3<\/span><\/a><\/li><\/ul><\/div><div class=\"vc_tta-panels-container\"><div class=\"vc_tta-panels\"><div class=\"vc_tta-panel vc_active\" id=\"1667500752725-c84ce6d1-089e\" data-vc-content=\".vc_tta-panel-body\"><div class=\"vc_tta-panel-heading\"><h3 class=\"vc_tta-panel-title\"><a href=\"#1667500752725-c84ce6d1-089e\" data-vc-accordion data-vc-container=\".vc_tta-container\"><span class=\"vc_tta-title-text\">Vados de veh\u00edculos V40 Matar\u00f3<\/span><\/a><\/h3><\/div><div class=\"vc_tta-panel-body\">\n\t<div class=\"wpb_text_column wpb_content_element\" >\n\t\t<div class=\"wpb_wrapper\">\n\t\t\t<h4>Principales Caracter\u00edsticas:<\/h4>\n<p>Medidas: 35x40x20<br \/>\nPESO: 59<br \/>\nACABADOS: LISA<\/p>\n<p><img loading=\"lazy\" decoding=\"async\" class=\"size-full wp-image-1533 aligncenter\" src=\"https:\/\/mataroreformas.com\/wp-content\/uploads\/2022\/11\/vados-de-vehiculos-v40.png\" alt=\"\" width=\"230\" height=\"238\" \/><\/p>\n\n\t\t<\/div>\n\t<\/div>\n<\/div><\/div><div class=\"vc_tta-panel\" id=\"1667500752755-ee4a47df-7b45\" data-vc-content=\".vc_tta-panel-body\"><div class=\"vc_tta-panel-heading\"><h3 class=\"vc_tta-panel-title\"><a href=\"#1667500752755-ee4a47df-7b45\" data-vc-accordion data-vc-container=\".vc_tta-container\"><span class=\"vc_tta-title-text\">Vados de veh\u00edculos V60 Matar\u00f3<\/span><\/a><\/h3><\/div><div class=\"vc_tta-panel-body\">\n\t<div class=\"wpb_text_column wpb_content_element\" >\n\t\t<div class=\"wpb_wrapper\">\n\t\t\t<h4>Principales Caracter\u00edsticas:<\/h4>\n<p>Medidas: 40x57x28<br \/>\nPESO: 140<br \/>\nACABADOS: LISA<\/p>\n<p><img loading=\"lazy\" decoding=\"async\" class=\"size-full wp-image-1533 aligncenter\" src=\"https:\/\/mataroreformas.com\/wp-content\/uploads\/2022\/11\/vados-de-vehiculos-v40.png\" alt=\"\" width=\"230\" height=\"238\" \/><\/p>\n\n\t\t<\/div>\n\t<\/div>\n<\/div><\/div><\/div><\/div><\/div><\/div><\/div><\/div><\/div><div class=\"wpb_column vc_column_container vc_col-sm-2\"><div class=\"vc_column-inner\"><div class=\"wpb_wrapper\"><\/div><\/div><\/div><\/div><\/div><div class=\"clearfix\"><\/div><\/section><section class=\"vc_rows wpb_row vc_row-fluid vc_custom_1641937821471\"><div class=\"container\"><div class=\"row\"><div class=\"wpb_column vc_column_container vc_col-sm-2\"><div class=\"vc_column-inner\"><div class=\"wpb_wrapper\"><\/div><\/div><\/div><div class=\"wpb_column vc_column_container vc_col-sm-8\"><div class=\"vc_column-inner\"><div class=\"wpb_wrapper\">\n\t<div class=\"wpb_text_column wpb_content_element  vc_custom_1667504852620\" >\n\t\t<div class=\"wpb_wrapper\">\n\t\t\t<h2 style=\"text-align: center;\">Tipos de materiales utilizados para la instalaci\u00f3n de Vados <a href=\"https:\/\/www.mataro.cat\/\" target=\"_blank\" rel=\"noopener\">Matar\u00f3<\/a> <span class=\"tiny-border\">x<\/span><\/h2>\n<p class=\"intro\" style=\"text-align: center;\">En Matar\u00f3 Reformas trabajamos con los mejores materiales disponibles, para garantizar la mayor calidad y durabilidad de cada uno de los trabajos que realizamos a nuestros clientes. Hoy en d\u00eda trabajamos con dos de los mejores materiales para sus obras, estos son:<\/p>\n\n\t\t<\/div>\n\t<\/div>\n<\/div><\/div><\/div><div class=\"wpb_column vc_column_container vc_col-sm-2\"><div class=\"vc_column-inner\"><div class=\"wpb_wrapper\"><\/div><\/div><\/div><\/div><\/div><div class=\"clearfix\"><\/div><\/section><section class=\"vc_rows wpb_row vc_row-fluid vc_custom_1641937856175\"><div class=\"container\"><div class=\"row\"><div class=\"wpb_column vc_column_container vc_col-sm-6\"><div class=\"vc_column-inner\"><div class=\"wpb_wrapper\">\n\t<div class=\"wpb_text_column wpb_content_element  vc_custom_1667500045364\" >\n\t\t<div class=\"wpb_wrapper\">\n\t\t\t<h3 style=\"text-align: center;\">Instalaci\u00f3n de Vados de Granito en Matar\u00f3<\/h3>\n<p class=\"intro\" style=\"text-align: center;\">El granito, como buen material dimensionable que es, permite a nuestros expertos ajustar cada una de las piezas que se utilizaran en la obra. Este tipo de material garantiza una mayor durabilidad, gracias a la gran resistencia del mismo.<\/p>\n\n\t\t<\/div>\n\t<\/div>\n<\/div><\/div><\/div><div class=\"wpb_column vc_column_container vc_col-sm-6\"><div class=\"vc_column-inner\"><div class=\"wpb_wrapper\">\n\t<div class=\"wpb_text_column wpb_content_element  vc_custom_1667500426945\" >\n\t\t<div class=\"wpb_wrapper\">\n\t\t\t<h3 style=\"text-align: center;\">Instalaci\u00f3n de Vados de Hormig\u00f3n en Matar\u00f3<\/h3>\n<p class=\"intro\" style=\"text-align: center;\">El material de construcci\u00f3n por excelencia, el hormig\u00f3n o concreto, como com\u00fanmente se le conoce, ofrece un gran n\u00famero de ventajas que har\u00e1n de sus vados ser m\u00e1s resistentes, de capacidad aislante, reciclable.<\/p>\n\n\t\t<\/div>\n\t<\/div>\n<\/div><\/div><\/div><\/div><\/div><div class=\"clearfix\"><\/div><\/section><section class=\"vc_rows wpb_row vc_row-fluid vc_custom_1669039692587 vc_row-has-fill\"><div class=\"container\"><div class=\"row\"><div class=\"wpb_column vc_column_container vc_col-sm-12\"><div class=\"vc_column-inner\"><div class=\"wpb_wrapper\">\n\t<div class=\"wpb_text_column wpb_content_element  vc_custom_1669039745509\" >\n\t\t<div class=\"wpb_wrapper\">\n\t\t\t<h2 style=\"text-align: center;\">Descubre todo lo necesario para la Instalaci\u00f3n de vados en Matar\u00f3<\/h2>\n<p class=\"intro\" style=\"text-align: center;\">Para poder realizar este proceso, son necesarios una serie de requisitos, los cuales permitir\u00e1n iniciar con el proceso; visita nuestra p\u00e1gina <a href=\"https:\/\/mataroreformas.com\/ca\/legalizacion-parking-mataro\/\">Legalizaci\u00f3n Parking Matar\u00f3<\/a> y descubre todo lo necesario para ello:<\/p>\n\n\t\t<\/div>\n\t<\/div>\n<div class=\"vc_btn3-container vc_btn3-center\" ><a class=\"vc_general vc_btn3 vc_btn3-size-md vc_btn3-shape-rounded vc_btn3-style-modern vc_btn3-color-grey\" href=\"https:\/\/mataroreformas.com\/ca\/legalizacion-parking-mataro\/\" title=\"Legalizaci\u00f3n Parking Matar\u00f3\">Legalizaci\u00f3n Parking Matar\u00f3<\/a><\/div><\/div><\/div><\/div><\/div><\/div><div class=\"clearfix\"><\/div><\/section><section class=\"vc_rows wpb_row vc_row-fluid vc_custom_1641937821471\"><div class=\"container\"><div class=\"row\"><div class=\"wpb_column vc_column_container vc_col-sm-2\"><div class=\"vc_column-inner\"><div class=\"wpb_wrapper\"><\/div><\/div><\/div><div class=\"wpb_column vc_column_container vc_col-sm-8\"><div class=\"vc_column-inner\"><div class=\"wpb_wrapper\">\n\t<div class=\"wpb_text_column wpb_content_element  vc_custom_1667502795238\" >\n\t\t<div class=\"wpb_wrapper\">\n\t\t\t<h2>\u00bfQu\u00e9 caracteriza nuestro servicio de instalaci\u00f3n de vados Matar\u00f3? <span class=\"tiny-border\">x<\/span><\/h2>\n<p class=\"intro\">Nuestros a\u00f1os de experiencia avalan nuestro compromiso con nuestros clientes, en cada uno de los trabajos que realizamos podr\u00e1 contar con las siguientes caracter\u00edsticas:<\/p>\n\n\t\t<\/div>\n\t<\/div>\n<\/div><\/div><\/div><div class=\"wpb_column vc_column_container vc_col-sm-2\"><div class=\"vc_column-inner\"><div class=\"wpb_wrapper\"><\/div><\/div><\/div><\/div><\/div><div class=\"clearfix\"><\/div><\/section><section class=\"vc_rows wpb_row vc_row-fluid vc_custom_1641937856175\"><div class=\"container\"><div class=\"row\"><div class=\"wpb_column vc_column_container vc_col-sm-4\"><div class=\"vc_column-inner\"><div class=\"wpb_wrapper\">\n\t<div class=\"wpb_text_column wpb_content_element  vc_custom_1667502912733\" >\n\t\t<div class=\"wpb_wrapper\">\n\t\t\t<h3 style=\"text-align: center;\">Equipo de profesionales<\/h3>\n<p class=\"intro\" style=\"text-align: center;\">Contamos con verdaderos expertos en cada una de las \u00e1reas de trabajo, desde el momento que realiza el primer contacto con nuestro equipo, ser\u00e1 atendido y asesorado de la mejor manera.<\/p>\n\n\t\t<\/div>\n\t<\/div>\n<\/div><\/div><\/div><div class=\"wpb_column vc_column_container vc_col-sm-4\"><div class=\"vc_column-inner\"><div class=\"wpb_wrapper\">\n\t<div class=\"wpb_text_column wpb_content_element  vc_custom_1667503180135\" >\n\t\t<div class=\"wpb_wrapper\">\n\t\t\t<h3 style=\"text-align: center;\">A\u00f1os de Experiencia<\/h3>\n<p class=\"intro\" style=\"text-align: center;\">Hemos trabajado en el \u00e1rea por m\u00e1s de 10 a\u00f1os, ofreciendo la mejor atenci\u00f3n y la calidad necesaria y cada uno de los proyectos que hemos realizado, somos l\u00edderes en reformas en Matar\u00f3 y Barcelona.<\/p>\n\n\t\t<\/div>\n\t<\/div>\n<\/div><\/div><\/div><div class=\"wpb_column vc_column_container vc_col-sm-4\"><div class=\"vc_column-inner\"><div class=\"wpb_wrapper\">\n\t<div class=\"wpb_text_column wpb_content_element  vc_custom_1667503509855\" >\n\t\t<div class=\"wpb_wrapper\">\n\t\t\t<h3 style=\"text-align: center;\">Presupuestos a medida<\/h3>\n<p class=\"intro\" style=\"text-align: center;\">Cada uno de los proyectos en los que trabajamos, es verificado por uno de nuestros expertos, para luego realizar un presupuesto totalmente personalizado de lo que se requiere para la obra.<\/p>\n\n\t\t<\/div>\n\t<\/div>\n<\/div><\/div><\/div><\/div><\/div><div class=\"clearfix\"><\/div><\/section>","protected":false},"excerpt":{"rendered":"Servicio de Instalaci\u00f3n de Vados Matar\u00f3x En Matar\u00f3 Reformas, contamos con el equipo, la experiencia y calidad para realizar la correcta y r\u00e1pida instalaci\u00f3n de vados en Matar\u00f3 y Barcelona. Ponemos a su disposici\u00f3n todas las herramientas necesarias para darle muestra de un trabajo bien hecho, cumpliendo los protocolos y permiso necesarios. Realizamos la instalaci\u00f3n [...]","protected":false},"author":1,"featured_media":0,"parent":0,"menu_order":0,"comment_status":"closed","ping_status":"closed","template":"page-templates\/template-fullwidth.php","meta":{"_uag_custom_page_level_css":"","footnotes":""},"class_list":["post-1531","page","type-page","status-publish","hentry"],"yoast_head":"<!-- This site is optimized with the Yoast SEO plugin v27.4 - https:\/\/yoast.com\/product\/yoast-seo-wordpress\/ -->\n<title>Instalaci\u00f3n de Vados Matar\u00f3 - Expertos en Barcelona y Maresme<\/title>\n<meta name=\"description\" content=\"Instalaci\u00f3n de Vados Matar\u00f3, Especialestas en colocacion de Vados de hormigon, granito en Barcelona y Maresme.\" \/>\n<meta name=\"robots\" content=\"index, follow, max-snippet:-1, max-image-preview:large, max-video-preview:-1\" \/>\n<link rel=\"canonical\" href=\"https:\/\/mataroreformas.com\/ca\/instalacion-de-vados-mataro\/\" \/>\n<meta property=\"og:locale\" content=\"ca_ES\" \/>\n<meta property=\"og:type\" content=\"article\" \/>\n<meta property=\"og:title\" content=\"Instalaci\u00f3n de Vados Matar\u00f3 - Expertos en Barcelona y Maresme\" \/>\n<meta property=\"og:description\" content=\"Instalaci\u00f3n de Vados Matar\u00f3, Especialestas en colocacion de Vados de hormigon, granito en Barcelona y Maresme.\" \/>\n<meta property=\"og:url\" content=\"https:\/\/mataroreformas.com\/ca\/instalacion-de-vados-mataro\/\" \/>\n<meta property=\"og:site_name\" content=\"Matar\u00f3 Reformas\" \/>\n<meta property=\"article:modified_time\" content=\"2022-11-23T20:02:01+00:00\" \/>\n<meta property=\"og:image\" content=\"https:\/\/mataroreformas.com\/wp-content\/uploads\/2022\/11\/vados-de-vehiculos-v40.png\" \/>\n<meta name=\"twitter:card\" content=\"summary_large_image\" \/>\n<meta name=\"twitter:label1\" content=\"Temps estimat de lectura\" \/>\n\t<meta name=\"twitter:data1\" content=\"4 minuts\" \/>\n<script type=\"application\/ld+json\" class=\"yoast-schema-graph\">{\"@context\":\"https:\\\/\\\/schema.org\",\"@graph\":[{\"@type\":\"WebPage\",\"@id\":\"https:\\\/\\\/mataroreformas.com\\\/instalacion-de-vados-mataro\",\"url\":\"https:\\\/\\\/mataroreformas.com\\\/instalacion-de-vados-mataro\",\"name\":\"Instalaci\u00f3n de Vados Matar\u00f3 - Expertos en Barcelona y Maresme\",\"isPartOf\":{\"@id\":\"https:\\\/\\\/mataroreformas.com\\\/#website\"},\"primaryImageOfPage\":{\"@id\":\"https:\\\/\\\/mataroreformas.com\\\/instalacion-de-vados-mataro#primaryimage\"},\"image\":{\"@id\":\"https:\\\/\\\/mataroreformas.com\\\/instalacion-de-vados-mataro#primaryimage\"},\"thumbnailUrl\":\"https:\\\/\\\/mataroreformas.com\\\/wp-content\\\/uploads\\\/2022\\\/11\\\/vados-de-vehiculos-v40.png\",\"datePublished\":\"2022-11-03T19:33:37+00:00\",\"dateModified\":\"2022-11-23T20:02:01+00:00\",\"description\":\"Instalaci\u00f3n de Vados Matar\u00f3, Especialestas en colocacion de Vados de hormigon, granito en Barcelona y Maresme.\",\"breadcrumb\":{\"@id\":\"https:\\\/\\\/mataroreformas.com\\\/instalacion-de-vados-mataro#breadcrumb\"},\"inLanguage\":\"ca\",\"potentialAction\":[{\"@type\":\"ReadAction\",\"target\":[\"https:\\\/\\\/mataroreformas.com\\\/instalacion-de-vados-mataro\"]}]},{\"@type\":\"ImageObject\",\"inLanguage\":\"ca\",\"@id\":\"https:\\\/\\\/mataroreformas.com\\\/instalacion-de-vados-mataro#primaryimage\",\"url\":\"https:\\\/\\\/mataroreformas.com\\\/wp-content\\\/uploads\\\/2022\\\/11\\\/vados-de-vehiculos-v40.png\",\"contentUrl\":\"https:\\\/\\\/mataroreformas.com\\\/wp-content\\\/uploads\\\/2022\\\/11\\\/vados-de-vehiculos-v40.png\"},{\"@type\":\"BreadcrumbList\",\"@id\":\"https:\\\/\\\/mataroreformas.com\\\/instalacion-de-vados-mataro#breadcrumb\",\"itemListElement\":[{\"@type\":\"ListItem\",\"position\":1,\"name\":\"Portada\",\"item\":\"https:\\\/\\\/mataroreformas.com\\\/\"},{\"@type\":\"ListItem\",\"position\":2,\"name\":\"Instalaci\u00f3n de Vados Matar\u00f3\"}]},{\"@type\":\"WebSite\",\"@id\":\"https:\\\/\\\/mataroreformas.com\\\/#website\",\"url\":\"https:\\\/\\\/mataroreformas.com\\\/\",\"name\":\"Matar\u00f3 Reformas\",\"description\":\"Reformas de todo tipo a su alcance\",\"potentialAction\":[{\"@type\":\"SearchAction\",\"target\":{\"@type\":\"EntryPoint\",\"urlTemplate\":\"https:\\\/\\\/mataroreformas.com\\\/?s={search_term_string}\"},\"query-input\":{\"@type\":\"PropertyValueSpecification\",\"valueRequired\":true,\"valueName\":\"search_term_string\"}}],\"inLanguage\":\"ca\"}]}<\/script>\n<!-- \/ Yoast SEO plugin. -->","yoast_head_json":{"title":"Instalaci\u00f3n de Vados Matar\u00f3 - Expertos en Barcelona y Maresme","description":"Instalaci\u00f3n de Vados Matar\u00f3, Especialestas en colocacion de Vados de hormigon, granito en Barcelona y Maresme.","robots":{"index":"index","follow":"follow","max-snippet":"max-snippet:-1","max-image-preview":"max-image-preview:large","max-video-preview":"max-video-preview:-1"},"canonical":"https:\/\/mataroreformas.com\/ca\/instalacion-de-vados-mataro\/","og_locale":"ca_ES","og_type":"article","og_title":"Instalaci\u00f3n de Vados Matar\u00f3 - Expertos en Barcelona y Maresme","og_description":"Instalaci\u00f3n de Vados Matar\u00f3, Especialestas en colocacion de Vados de hormigon, granito en Barcelona y Maresme.","og_url":"https:\/\/mataroreformas.com\/ca\/instalacion-de-vados-mataro\/","og_site_name":"Matar\u00f3 Reformas","article_modified_time":"2022-11-23T20:02:01+00:00","og_image":[{"url":"https:\/\/mataroreformas.com\/wp-content\/uploads\/2022\/11\/vados-de-vehiculos-v40.png","type":"","width":"","height":""}],"twitter_card":"summary_large_image","twitter_misc":{"Temps estimat de lectura":"4 minuts"},"schema":{"@context":"https:\/\/schema.org","@graph":[{"@type":"WebPage","@id":"https:\/\/mataroreformas.com\/instalacion-de-vados-mataro","url":"https:\/\/mataroreformas.com\/instalacion-de-vados-mataro","name":"Instalaci\u00f3n de Vados Matar\u00f3 - Expertos en Barcelona y Maresme","isPartOf":{"@id":"https:\/\/mataroreformas.com\/#website"},"primaryImageOfPage":{"@id":"https:\/\/mataroreformas.com\/instalacion-de-vados-mataro#primaryimage"},"image":{"@id":"https:\/\/mataroreformas.com\/instalacion-de-vados-mataro#primaryimage"},"thumbnailUrl":"https:\/\/mataroreformas.com\/wp-content\/uploads\/2022\/11\/vados-de-vehiculos-v40.png","datePublished":"2022-11-03T19:33:37+00:00","dateModified":"2022-11-23T20:02:01+00:00","description":"Instalaci\u00f3n de Vados Matar\u00f3, Especialestas en colocacion de Vados de hormigon, granito en Barcelona y Maresme.","breadcrumb":{"@id":"https:\/\/mataroreformas.com\/instalacion-de-vados-mataro#breadcrumb"},"inLanguage":"ca","potentialAction":[{"@type":"ReadAction","target":["https:\/\/mataroreformas.com\/instalacion-de-vados-mataro"]}]},{"@type":"ImageObject","inLanguage":"ca","@id":"https:\/\/mataroreformas.com\/instalacion-de-vados-mataro#primaryimage","url":"https:\/\/mataroreformas.com\/wp-content\/uploads\/2022\/11\/vados-de-vehiculos-v40.png","contentUrl":"https:\/\/mataroreformas.com\/wp-content\/uploads\/2022\/11\/vados-de-vehiculos-v40.png"},{"@type":"BreadcrumbList","@id":"https:\/\/mataroreformas.com\/instalacion-de-vados-mataro#breadcrumb","itemListElement":[{"@type":"ListItem","position":1,"name":"Portada","item":"https:\/\/mataroreformas.com\/"},{"@type":"ListItem","position":2,"name":"Instalaci\u00f3n de Vados Matar\u00f3"}]},{"@type":"WebSite","@id":"https:\/\/mataroreformas.com\/#website","url":"https:\/\/mataroreformas.com\/","name":"Matar\u00f3 Reformas","description":"Reformas de todo tipo a su alcance","potentialAction":[{"@type":"SearchAction","target":{"@type":"EntryPoint","urlTemplate":"https:\/\/mataroreformas.com\/?s={search_term_string}"},"query-input":{"@type":"PropertyValueSpecification","valueRequired":true,"valueName":"search_term_string"}}],"inLanguage":"ca"}]}},"uagb_featured_image_src":{"full":false,"thumbnail":false,"medium":false,"medium_large":false,"large":false,"1536x1536":false,"2048x2048":false,"trp-custom-language-flag":false},"uagb_author_info":{"display_name":"reformamataro","author_link":"https:\/\/mataroreformas.com\/ca\/author\/reformamataro"},"uagb_comment_info":0,"uagb_excerpt":null,"_links":{"self":[{"href":"https:\/\/mataroreformas.com\/ca\/wp-json\/wp\/v2\/pages\/1531","targetHints":{"allow":["GET"]}}],"collection":[{"href":"https:\/\/mataroreformas.com\/ca\/wp-json\/wp\/v2\/pages"}],"about":[{"href":"https:\/\/mataroreformas.com\/ca\/wp-json\/wp\/v2\/types\/page"}],"author":[{"embeddable":true,"href":"https:\/\/mataroreformas.com\/ca\/wp-json\/wp\/v2\/users\/1"}],"replies":[{"embeddable":true,"href":"https:\/\/mataroreformas.com\/ca\/wp-json\/wp\/v2\/comments?post=1531"}],"version-history":[{"count":8,"href":"https:\/\/mataroreformas.com\/ca\/wp-json\/wp\/v2\/pages\/1531\/revisions"}],"predecessor-version":[{"id":1536,"href":"https:\/\/mataroreformas.com\/ca\/wp-json\/wp\/v2\/pages\/1531\/revisions\/1536"}],"wp:attachment":[{"href":"https:\/\/mataroreformas.com\/ca\/wp-json\/wp\/v2\/media?parent=1531"}],"curies":[{"name":"wp","href":"https:\/\/api.w.org\/{rel}","templated":true}]}}