{"id":1521,"date":"2022-10-05T21:51:17","date_gmt":"2022-10-05T21:51:17","guid":{"rendered":"https:\/\/mataroreformas.com\/?page_id=1521"},"modified":"2022-11-23T19:06:51","modified_gmt":"2022-11-23T19:06:51","slug":"reforma-de-oficinas-en-mataro","status":"publish","type":"page","link":"https:\/\/mataroreformas.com\/ca\/reforma-de-oficinas-en-mataro","title":{"rendered":"Reforma de Oficinas en Matar\u00f3"},"content":{"rendered":"<section class=\"vc_rows wpb_row vc_row-fluid vc_custom_1481614324254 vc_row-o-equal-height vc_row-o-content-middle vc_row-flex\"><div class=\"row\"><div class=\"padd70 wpb_column vc_column_container vc_col-sm-12 vc_col-md-6\"><div class=\"vc_column-inner\"><div class=\"wpb_wrapper\">\n\t<div class=\"wpb_text_column wpb_content_element  vc_custom_1665006606759\" >\n\t\t<div class=\"wpb_wrapper\">\n\t\t\t<h2>Ofrecemos servicio de Reforma de Oficinas en Matar\u00f3 <span class=\"tiny-border\">x<\/span><\/h2>\n<p class=\"intro\">En <a href=\"https:\/\/visitmataro.cat\/es\/descubre\/la-ciudad\" target=\"_blank\" rel=\"noopener\">Matar\u00f3<\/a> Reformas, nos encargamos de crear, reparar y reformas espacios de trabajo, con dise\u00f1os incre\u00edbles para aprovechar al m\u00e1ximo cada rinc\u00f3n de su oficina y crear un ambiente agradable para todo el equipo que trabaja en ella. Entregamos los mejores resultados posibles, contamos con un gran equipo, que se encarga de revitalizar sus oficinas, para as\u00ed adaptarla a las necesidades existentes.<\/p>\n<p class=\"intro\">Damos grandes soluciones a sus problemas de reformas, superando las expectativas de tus solicitudes. Trabajamos en todas las \u00e1reas necesarias como: Despachos, Recepciones, Salas de Espera, Salas de Reuniones, Auditorios, entre otros.<\/p>\n\n\t\t<\/div>\n\t<\/div>\n<div class=\"vc_btn3-container vc_btn3-inline vc_custom_1669230249426\" ><a class=\"vc_general vc_btn3 vc_btn3-size-md vc_btn3-shape-rounded vc_btn3-style-modern vc_btn3-color-grey\" href=\"https:\/\/mataroreformas.com\/ca\/contacto\/\" title=\"\">Solicita tu Presupuesto<\/a><\/div><\/div><\/div><\/div><div class=\"wpb_column vc_column_container vc_col-sm-12 vc_col-md-6 vc_col-has-fill\"><div class=\"vc_column-inner vc_custom_1642451257032\"><div class=\"wpb_wrapper\">\n\t<div  class=\"wpb_single_image wpb_content_element vc_align_left\">\n\t\t\n\t\t<figure class=\"wpb_wrapper vc_figure\">\n\t\t\t<div class=\"vc_single_image-wrapper   vc_box_border_grey\"><img loading=\"lazy\" decoding=\"async\" width=\"737\" height=\"667\" src=\"https:\/\/mataroreformas.com\/wp-content\/uploads\/2022\/10\/Reforma-de-Oficinas-en-Mataro-01.jpg\" class=\"vc_single_image-img attachment-full\" alt=\"\" title=\"Reforma-de-Oficinas-en-Mataro-01\" srcset=\"https:\/\/mataroreformas.com\/wp-content\/uploads\/2022\/10\/Reforma-de-Oficinas-en-Mataro-01.jpg 737w, https:\/\/mataroreformas.com\/wp-content\/uploads\/2022\/10\/Reforma-de-Oficinas-en-Mataro-01-300x272.jpg 300w\" sizes=\"auto, (max-width: 737px) 100vw, 737px\" \/><\/div>\n\t\t<\/figure>\n\t<\/div>\n<\/div><\/div><\/div><\/div><div class=\"clearfix\"><\/div><\/section><section class=\"vc_rows wpb_row vc_row-fluid vc_custom_1669230280101\"><div class=\"row\"><div class=\"wpb_column vc_column_container vc_col-sm-12 vc_col-has-fill\"><div class=\"vc_column-inner vc_custom_1669225797733\"><div class=\"wpb_wrapper\">\n\t<div class=\"row call-to-action\">\n\t\t<div class=\"col-md-8\">\n\t        <h3 class=\"mt10\">Realizamos todo tipo de Reforma de Oficinas en Matar\u00f3 y Maresme, Solicita tu presupuesto en nuestra p\u00e1gina de contacto<\/h3>\n\t    <\/div>\n\t    <div class=\"col-md-4 text-right\">\n\t    \t<a class=\"btn btn-line-black btn-fx\" href=\"https:\/\/mataroreformas.com\/ca\/contacto\/\" target=\"_self\">Contacto<\/a>\t    <\/div>\n    <\/div>\n\n<\/div><\/div><\/div><\/div><div class=\"clearfix\"><\/div><\/section><section class=\"vc_rows wpb_row vc_row-fluid vc_custom_1641937821471\"><div class=\"container\"><div class=\"row\"><div class=\"wpb_column vc_column_container vc_col-sm-2\"><div class=\"vc_column-inner\"><div class=\"wpb_wrapper\"><\/div><\/div><\/div><div class=\"wpb_column vc_column_container vc_col-sm-8\"><div class=\"vc_column-inner\"><div class=\"wpb_wrapper\">\n\t<div class=\"wpb_text_column wpb_content_element  vc_custom_1665005632007\" >\n\t\t<div class=\"wpb_wrapper\">\n\t\t\t<h2>Reforma de Oficinas en Matar\u00f3: Tipos de trabajos que realizamos <span class=\"tiny-border\">x<\/span><\/h2>\n<p class=\"intro\" style=\"text-align: center;\">Somos especialistas a la hora de realizar reformas de todo tipo en sus oficinas en cualquiera que sea el tipo de esta; realizando cualquier tipo de adaptaci\u00f3n requerida para mejorar sus espacios, entre los tipos de trabajos que somos capaces de realizar tenemos:<\/p>\n\n\t\t<\/div>\n\t<\/div>\n<\/div><\/div><\/div><div class=\"wpb_column vc_column_container vc_col-sm-2\"><div class=\"vc_column-inner\"><div class=\"wpb_wrapper\"><\/div><\/div><\/div><\/div><\/div><div class=\"clearfix\"><\/div><\/section><section class=\"vc_rows wpb_row vc_row-fluid vc_custom_1641937856175\"><div class=\"container\"><div class=\"row\"><div class=\"wpb_column vc_column_container vc_col-sm-4\"><div class=\"vc_column-inner\"><div class=\"wpb_wrapper\"><div class=\"vc_icon_element vc_icon_element-outer vc_icon_element-align-center\"><div class=\"vc_icon_element-inner vc_icon_element-color-orange vc_icon_element-size-md vc_icon_element-style- vc_icon_element-background-color-grey\" ><span class=\"vc_icon_element-icon fas fa-edit\" ><\/span><\/div><\/div>\n\t<div class=\"wpb_text_column wpb_content_element  vc_custom_1665005810929\" >\n\t\t<div class=\"wpb_wrapper\">\n\t\t\t<h3 style=\"text-align: center;\">Alicatado de Oficinas en Matar\u00f3<\/h3>\n<p class=\"intro\" style=\"text-align: center;\">Ofrecemos servicio de Alicatado en pisos y paredes de oficinas en Matar\u00f3, trabajamos con todo tipo de materiales como azulejos cer\u00e1micos, porcel\u00e1nicos, laminados, entre otros; para dar as\u00ed el mejor ambiente a sus espacios.<\/p>\n\n\t\t<\/div>\n\t<\/div>\n<\/div><\/div><\/div><div class=\"wpb_column vc_column_container vc_col-sm-4\"><div class=\"vc_column-inner\"><div class=\"wpb_wrapper\"><div class=\"vc_icon_element vc_icon_element-outer vc_icon_element-align-center\"><div class=\"vc_icon_element-inner vc_icon_element-color-orange vc_icon_element-size-md vc_icon_element-style- vc_icon_element-background-color-grey\" ><span class=\"vc_icon_element-icon fas fa-edit\" ><\/span><\/div><\/div>\n\t<div class=\"wpb_text_column wpb_content_element  vc_custom_1665005857383\" >\n\t\t<div class=\"wpb_wrapper\">\n\t\t\t<h3 style=\"text-align: center;\">Instalaci\u00f3n de Falsos techos en Oficinas<\/h3>\n<p class=\"intro\" style=\"text-align: center;\">Realizamos la instalaci\u00f3n de falsos techos, contamos con la experiencia necesaria para instalar falsos techos de pladur, falsos techos de madera, falsos techos de escaloya o falsos techos met\u00e1licos; proponemos dise\u00f1os e ideas innovadoras.<\/p>\n\n\t\t<\/div>\n\t<\/div>\n<\/div><\/div><\/div><div class=\"wpb_column vc_column_container vc_col-sm-4\"><div class=\"vc_column-inner\"><div class=\"wpb_wrapper\"><div class=\"vc_icon_element vc_icon_element-outer vc_icon_element-align-center\"><div class=\"vc_icon_element-inner vc_icon_element-color-orange vc_icon_element-size-md vc_icon_element-style- vc_icon_element-background-color-grey\" ><span class=\"vc_icon_element-icon fas fa-edit\" ><\/span><\/div><\/div>\n\t<div class=\"wpb_text_column wpb_content_element  vc_custom_1665005903575\" >\n\t\t<div class=\"wpb_wrapper\">\n\t\t\t<h3 style=\"text-align: center;\">Reformas El\u00e9ctricas en Oficinas Matar\u00f3<\/h3>\n<p class=\"intro\" style=\"text-align: center;\">Ponemos a su disposici\u00f3n a los mejores electricistas de nuestro equipo, para realizar cualquier tipo de reformas necesaria para mejorar el rendimiento de la energ\u00eda en sus oficinas. Realizamos reformas de iluminaci\u00f3n donde es requerido durante el proceso.<\/p>\n\n\t\t<\/div>\n\t<\/div>\n<\/div><\/div><\/div><\/div><\/div><div class=\"clearfix\"><\/div><\/section><section class=\"vc_rows wpb_row vc_row-fluid vc_custom_1641937856175\"><div class=\"container\"><div class=\"row\"><div class=\"wpb_column vc_column_container vc_col-sm-4\"><div class=\"vc_column-inner\"><div class=\"wpb_wrapper\"><div class=\"vc_icon_element vc_icon_element-outer vc_icon_element-align-center\"><div class=\"vc_icon_element-inner vc_icon_element-color-orange vc_icon_element-size-md vc_icon_element-style- vc_icon_element-background-color-grey\" ><span class=\"vc_icon_element-icon fas fa-edit\" ><\/span><\/div><\/div>\n\t<div class=\"wpb_text_column wpb_content_element  vc_custom_1665005955366\" >\n\t\t<div class=\"wpb_wrapper\">\n\t\t\t<h3 style=\"text-align: center;\">Alba\u00f1iler\u00eda en Oficinas Matar\u00f3<\/h3>\n<p class=\"intro\" style=\"text-align: center;\">En nuestro equipo de trabajo ofrecemos todo tipo de reformas o trabajos de alba\u00f1iler\u00eda posibles, realizamos todo tipo de trabajos con piedra, cemento, ladrillos, hormig\u00f3n, vidrio, etc. Somos capaces de crear todo tipo de obras para tus oficinas.<\/p>\n\n\t\t<\/div>\n\t<\/div>\n<\/div><\/div><\/div><div class=\"wpb_column vc_column_container vc_col-sm-4\"><div class=\"vc_column-inner\"><div class=\"wpb_wrapper\"><div class=\"vc_icon_element vc_icon_element-outer vc_icon_element-align-center\"><div class=\"vc_icon_element-inner vc_icon_element-color-orange vc_icon_element-size-md vc_icon_element-style- vc_icon_element-background-color-grey\" ><span class=\"vc_icon_element-icon fas fa-edit\" ><\/span><\/div><\/div>\n\t<div class=\"wpb_text_column wpb_content_element  vc_custom_1665006013792\" >\n\t\t<div class=\"wpb_wrapper\">\n\t\t\t<h3 style=\"text-align: center;\">Reforma de suelos en Oficinas Matar\u00f3<\/h3>\n<p class=\"intro\" style=\"text-align: center;\">Realizamos reparaciones de todo tipo de suelos en sus oficinas; realizamos revestimientos con lozas, cer\u00e1micas, porcel\u00e1nico, o en algunos casos realizamos reformas en suelos de microcemento. Disfrute de los beneficios de un trabajo bien elaborado.<\/p>\n\n\t\t<\/div>\n\t<\/div>\n<\/div><\/div><\/div><div class=\"wpb_column vc_column_container vc_col-sm-4\"><div class=\"vc_column-inner\"><div class=\"wpb_wrapper\"><div class=\"vc_icon_element vc_icon_element-outer vc_icon_element-align-center\"><div class=\"vc_icon_element-inner vc_icon_element-color-orange vc_icon_element-size-md vc_icon_element-style- vc_icon_element-background-color-grey\" ><span class=\"vc_icon_element-icon fas fa-edit\" ><\/span><\/div><\/div>\n\t<div class=\"wpb_text_column wpb_content_element  vc_custom_1665006057303\" >\n\t\t<div class=\"wpb_wrapper\">\n\t\t\t<h3 style=\"text-align: center;\">Tabiqueria en Oficinas Matar\u00f3<\/h3>\n<p class=\"intro\" style=\"text-align: center;\">Realizamos la instalaci\u00f3n de tabiques de todo tipo, ideales para seccionar o dividir los espacios en sus oficinas; contamos con los mejores materiales disponibles para crear un ambiente c\u00f3modo, elegante y profesional, cuente con nuestro equipo.<\/p>\n\n\t\t<\/div>\n\t<\/div>\n<\/div><\/div><\/div><\/div><\/div><div class=\"clearfix\"><\/div><\/section><section data-stellar-background-ratio=\".2\" class=\"vc_rows wpb_row vc_row-fluid vc_custom_1665007782032 vc_row-has-fill parallax\"><div class=\"container\"><div class=\"row\"><div class=\"wpb_column vc_column_container vc_col-sm-12\"><div class=\"vc_column-inner\"><div class=\"wpb_wrapper\">\n\t<div class=\"wpb_text_column wpb_content_element  vc_custom_1665006084422\" >\n\t\t<div class=\"wpb_wrapper\">\n\t\t\t<h2><span style=\"color: #ffffff;\">\u00bfC\u00f3mo es el proceso de trabajo en una Reforma de Oficinas en Matar\u00f3? <span class=\"tiny-border\">x<\/span><\/span><\/h2>\n\n\t\t<\/div>\n\t<\/div>\n\n\t<div class=\"wpb_text_column wpb_content_element  vc_custom_1665006103199\" >\n\t\t<div class=\"wpb_wrapper\">\n\t\t\t<p><span style=\"color: #ffffff;\">Una vez el cliente hace contacto con nuestro equipo de trabajos, el proceso de trabajo es muy sencillos y aplicado en los diferentes tipos de trabajos, en el que se desarrolla de la siguiente manera:<\/span><\/p>\n\n\t\t<\/div>\n\t<\/div>\n<\/div><\/div><\/div><div class=\"wpb_column vc_column_container vc_col-sm-12 vc_col-md-4\"><div class=\"vc_column-inner\"><div class=\"wpb_wrapper\">\n\t\t<div class=\"feature-box-small-icon text-light\">\n        <span class=\"icon\">\n        \t<i class=\"icon_box-checked id-color\"><\/i>\n        <\/span>\n        <div class=\"text\">\n            <h3>1. Visita y Analisis de proyecto<\/h3>\n            Ya hecho el contacto con nuestro equipo de trabajo, el primer paso es realizar una visita a las oficinas, esta es realizado por un equipo especializado, el cual analizara el proyecto para realizar una propuesta formal.        <\/div>\n    <\/div>\n    \n<div class=\"vc_empty_space\"   style=\"height: 40px\"><span class=\"vc_empty_space_inner\"><\/span><\/div>\n\t\t<div class=\"feature-box-small-icon text-light\">\n        <span class=\"icon\">\n        \t<i class=\"icon_box-checked id-color\"><\/i>\n        <\/span>\n        <div class=\"text\">\n            <h3>4. Entrega del Proyecto<\/h3>\n            Una vez finalizados todos los trabajos solicitados por nuestros clientes, se realiza la entrega de los resultados, todo esto dentro de los lapsos de tiempo establecidos y expuestos en la planificaci\u00f3n del equipo.        <\/div>\n    <\/div>\n    \n<\/div><\/div><\/div><div class=\"wpb_column vc_column_container vc_col-sm-12 vc_col-md-4\"><div class=\"vc_column-inner\"><div class=\"wpb_wrapper\">\n\t\t<div class=\"feature-box-small-icon text-light\">\n        <span class=\"icon\">\n        \t<i class=\"icon_box-checked id-color\"><\/i>\n        <\/span>\n        <div class=\"text\">\n            <h3>2. Planificacion y Elaboracion del proyecto<\/h3>\n            Ya aceptada la propuesta, nuestros expertos se encargan de toda la planificaci\u00f3n total del proyecto, trabajando en la elaboraci\u00f3n de planos y dise\u00f1os a utilizar. Adem\u00e1s de preparar las instalaciones y selecciones de los materiales a utilizar.        <\/div>\n    <\/div>\n    \n<div class=\"vc_empty_space\"   style=\"height: 30px\"><span class=\"vc_empty_space_inner\"><\/span><\/div><\/div><\/div><\/div><div class=\"wpb_column vc_column_container vc_col-sm-12 vc_col-md-4\"><div class=\"vc_column-inner\"><div class=\"wpb_wrapper\">\n\t\t<div class=\"feature-box-small-icon text-light\">\n        <span class=\"icon\">\n        \t<i class=\"icon_box-checked id-color\"><\/i>\n        <\/span>\n        <div class=\"text\">\n            <h3>3. Ejecucion del Proyecto<\/h3>\n            Para la ejecuci\u00f3n del proyecto, nuestro equipo de trabajo, se encarga de desarrollar toda la planificaci\u00f3n, llevando a cabo el plan inicial de nuestro l\u00edder de proyecto y cumpliendo con todas las normativas necesarias para el trabajo.        <\/div>\n    <\/div>\n    \n<div class=\"vc_empty_space\"   style=\"height: 30px\"><span class=\"vc_empty_space_inner\"><\/span><\/div><\/div><\/div><\/div><\/div><\/div><div class=\"clearfix\"><\/div><\/section><section class=\"vc_rows wpb_row vc_row-fluid vc_custom_1481614324254 vc_row-o-equal-height vc_row-o-content-middle vc_row-flex\"><div class=\"row\"><div class=\"padd70 wpb_column vc_column_container vc_col-sm-12 vc_col-md-6\"><div class=\"vc_column-inner\"><div class=\"wpb_wrapper\">\n\t<div class=\"wpb_text_column wpb_content_element  vc_custom_1665006300280\" >\n\t\t<div class=\"wpb_wrapper\">\n\t\t\t<h2>Reforma de Oficinas en Matar\u00f3: \u00bfComo contactar con nosotros? <span class=\"tiny-border\">x<\/span><\/h2>\n<p class=\"intro\">Si desea contactar con nuestro equipo para realizar la reforma de sus oficinas, tenemos disponibles diferentes medios por los cuales puede comunicarse de forma directa y segura; un de ella es a trav\u00e9s de nuestro n\u00famero telef\u00f3nico, el cual est\u00e1 totalmente disponible y a la espera de su llamada para ser atendido. Otra forma de comunicarse con nuestro equipo es a trav\u00e9s de nuestro correo electr\u00f3nico, dej\u00e1ndonos un mensaje con sus datos y una breve descripci\u00f3n del tipo de reforma que requiere para sus oficinas y en la brevedad posible nos comunicaremos con usted.<\/p>\n\n\t\t<\/div>\n\t<\/div>\n<div class=\"vc_btn3-container vc_btn3-inline vc_custom_1669230249426\" ><a class=\"vc_general vc_btn3 vc_btn3-size-md vc_btn3-shape-rounded vc_btn3-style-modern vc_btn3-color-grey\" href=\"https:\/\/mataroreformas.com\/ca\/contacto\/\" title=\"\">Solicita tu Presupuesto<\/a><\/div><\/div><\/div><\/div><div class=\"wpb_column vc_column_container vc_col-sm-12 vc_col-md-6 vc_col-has-fill\"><div class=\"vc_column-inner vc_custom_1665008020353\"><div class=\"wpb_wrapper\"><\/div><\/div><\/div><div class=\"wpb_column vc_column_container vc_col-sm-12 vc_col-has-fill\"><div class=\"vc_column-inner vc_custom_1642082066065\"><div class=\"wpb_wrapper\">\n\t<div class=\"wpb_text_column wpb_content_element\" >\n\t\t<div class=\"wpb_wrapper\">\n\t\t\t<p class=\"seccion-enlace-principal\" style=\"text-align: center;\"><strong>Consulta todos los servicios que tenemos en <a href=\"http:\/\/mataroreformas.com\/ca\/\">Reformas Matar\u00f3<\/a> para ti<\/strong><\/p>\n\n\t\t<\/div>\n\t<\/div>\n<\/div><\/div><\/div><\/div><div class=\"clearfix\"><\/div><\/section>","protected":false},"excerpt":{"rendered":"Ofrecemos servicio de Reforma de Oficinas en Matar\u00f3 x En Matar\u00f3 Reformas, nos encargamos de crear, reparar y reformas espacios de trabajo, con dise\u00f1os incre\u00edbles para aprovechar al m\u00e1ximo cada rinc\u00f3n de su oficina y crear un ambiente agradable para todo el equipo que trabaja en ella. Entregamos los mejores resultados posibles, contamos con un [...]","protected":false},"author":1,"featured_media":0,"parent":0,"menu_order":0,"comment_status":"closed","ping_status":"closed","template":"page-templates\/template-fullwidth.php","meta":{"_uag_custom_page_level_css":"","footnotes":""},"class_list":["post-1521","page","type-page","status-publish","hentry"],"yoast_head":"<!-- This site is optimized with the Yoast SEO plugin v27.4 - https:\/\/yoast.com\/product\/yoast-seo-wordpress\/ -->\n<title>Reforma de Oficinas en Matar\u00f3 y Maresme - Expertos Instaladores<\/title>\n<meta name=\"description\" content=\"Reforma de Oficinas en Matar\u00f3 y Maresme, Reparaci\u00f3n de suelos en Oficinas, Instalaciones El\u00e9ctricas en Oficinas.\" \/>\n<meta name=\"robots\" content=\"index, follow, max-snippet:-1, max-image-preview:large, max-video-preview:-1\" \/>\n<link rel=\"canonical\" href=\"https:\/\/mataroreformas.com\/ca\/reforma-de-oficinas-en-mataro\/\" \/>\n<meta property=\"og:locale\" content=\"ca_ES\" \/>\n<meta property=\"og:type\" content=\"article\" \/>\n<meta property=\"og:title\" content=\"Reforma de Oficinas en Matar\u00f3 y Maresme - Expertos Instaladores\" \/>\n<meta property=\"og:description\" content=\"Reforma de Oficinas en Matar\u00f3 y Maresme, Reparaci\u00f3n de suelos en Oficinas, Instalaciones El\u00e9ctricas en Oficinas.\" \/>\n<meta property=\"og:url\" content=\"https:\/\/mataroreformas.com\/ca\/reforma-de-oficinas-en-mataro\/\" \/>\n<meta property=\"og:site_name\" content=\"Matar\u00f3 Reformas\" \/>\n<meta property=\"article:modified_time\" content=\"2022-11-23T19:06:51+00:00\" \/>\n<meta name=\"twitter:card\" content=\"summary_large_image\" \/>\n<meta name=\"twitter:label1\" content=\"Temps estimat de lectura\" \/>\n\t<meta name=\"twitter:data1\" content=\"5 minuts\" \/>\n<script type=\"application\/ld+json\" class=\"yoast-schema-graph\">{\"@context\":\"https:\\\/\\\/schema.org\",\"@graph\":[{\"@type\":\"WebPage\",\"@id\":\"https:\\\/\\\/mataroreformas.com\\\/reforma-de-oficinas-en-mataro\",\"url\":\"https:\\\/\\\/mataroreformas.com\\\/reforma-de-oficinas-en-mataro\",\"name\":\"Reforma de Oficinas en Matar\u00f3 y Maresme - Expertos Instaladores\",\"isPartOf\":{\"@id\":\"https:\\\/\\\/mataroreformas.com\\\/#website\"},\"datePublished\":\"2022-10-05T21:51:17+00:00\",\"dateModified\":\"2022-11-23T19:06:51+00:00\",\"description\":\"Reforma de Oficinas en Matar\u00f3 y Maresme, Reparaci\u00f3n de suelos en Oficinas, Instalaciones El\u00e9ctricas en Oficinas.\",\"breadcrumb\":{\"@id\":\"https:\\\/\\\/mataroreformas.com\\\/reforma-de-oficinas-en-mataro#breadcrumb\"},\"inLanguage\":\"ca\",\"potentialAction\":[{\"@type\":\"ReadAction\",\"target\":[\"https:\\\/\\\/mataroreformas.com\\\/reforma-de-oficinas-en-mataro\"]}]},{\"@type\":\"BreadcrumbList\",\"@id\":\"https:\\\/\\\/mataroreformas.com\\\/reforma-de-oficinas-en-mataro#breadcrumb\",\"itemListElement\":[{\"@type\":\"ListItem\",\"position\":1,\"name\":\"Portada\",\"item\":\"https:\\\/\\\/mataroreformas.com\\\/\"},{\"@type\":\"ListItem\",\"position\":2,\"name\":\"Reforma de Oficinas en Matar\u00f3\"}]},{\"@type\":\"WebSite\",\"@id\":\"https:\\\/\\\/mataroreformas.com\\\/#website\",\"url\":\"https:\\\/\\\/mataroreformas.com\\\/\",\"name\":\"Matar\u00f3 Reformas\",\"description\":\"Reformas de todo tipo a su alcance\",\"potentialAction\":[{\"@type\":\"SearchAction\",\"target\":{\"@type\":\"EntryPoint\",\"urlTemplate\":\"https:\\\/\\\/mataroreformas.com\\\/?s={search_term_string}\"},\"query-input\":{\"@type\":\"PropertyValueSpecification\",\"valueRequired\":true,\"valueName\":\"search_term_string\"}}],\"inLanguage\":\"ca\"}]}<\/script>\n<!-- \/ Yoast SEO plugin. -->","yoast_head_json":{"title":"Reforma de Oficinas en Matar\u00f3 y Maresme - Expertos Instaladores","description":"Reforma de Oficinas en Matar\u00f3 y Maresme, Reparaci\u00f3n de suelos en Oficinas, Instalaciones El\u00e9ctricas en Oficinas.","robots":{"index":"index","follow":"follow","max-snippet":"max-snippet:-1","max-image-preview":"max-image-preview:large","max-video-preview":"max-video-preview:-1"},"canonical":"https:\/\/mataroreformas.com\/ca\/reforma-de-oficinas-en-mataro\/","og_locale":"ca_ES","og_type":"article","og_title":"Reforma de Oficinas en Matar\u00f3 y Maresme - Expertos Instaladores","og_description":"Reforma de Oficinas en Matar\u00f3 y Maresme, Reparaci\u00f3n de suelos en Oficinas, Instalaciones El\u00e9ctricas en Oficinas.","og_url":"https:\/\/mataroreformas.com\/ca\/reforma-de-oficinas-en-mataro\/","og_site_name":"Matar\u00f3 Reformas","article_modified_time":"2022-11-23T19:06:51+00:00","twitter_card":"summary_large_image","twitter_misc":{"Temps estimat de lectura":"5 minuts"},"schema":{"@context":"https:\/\/schema.org","@graph":[{"@type":"WebPage","@id":"https:\/\/mataroreformas.com\/reforma-de-oficinas-en-mataro","url":"https:\/\/mataroreformas.com\/reforma-de-oficinas-en-mataro","name":"Reforma de Oficinas en Matar\u00f3 y Maresme - Expertos Instaladores","isPartOf":{"@id":"https:\/\/mataroreformas.com\/#website"},"datePublished":"2022-10-05T21:51:17+00:00","dateModified":"2022-11-23T19:06:51+00:00","description":"Reforma de Oficinas en Matar\u00f3 y Maresme, Reparaci\u00f3n de suelos en Oficinas, Instalaciones El\u00e9ctricas en Oficinas.","breadcrumb":{"@id":"https:\/\/mataroreformas.com\/reforma-de-oficinas-en-mataro#breadcrumb"},"inLanguage":"ca","potentialAction":[{"@type":"ReadAction","target":["https:\/\/mataroreformas.com\/reforma-de-oficinas-en-mataro"]}]},{"@type":"BreadcrumbList","@id":"https:\/\/mataroreformas.com\/reforma-de-oficinas-en-mataro#breadcrumb","itemListElement":[{"@type":"ListItem","position":1,"name":"Portada","item":"https:\/\/mataroreformas.com\/"},{"@type":"ListItem","position":2,"name":"Reforma de Oficinas en Matar\u00f3"}]},{"@type":"WebSite","@id":"https:\/\/mataroreformas.com\/#website","url":"https:\/\/mataroreformas.com\/","name":"Matar\u00f3 Reformas","description":"Reformas de todo tipo a su alcance","potentialAction":[{"@type":"SearchAction","target":{"@type":"EntryPoint","urlTemplate":"https:\/\/mataroreformas.com\/?s={search_term_string}"},"query-input":{"@type":"PropertyValueSpecification","valueRequired":true,"valueName":"search_term_string"}}],"inLanguage":"ca"}]}},"uagb_featured_image_src":{"full":false,"thumbnail":false,"medium":false,"medium_large":false,"large":false,"1536x1536":false,"2048x2048":false,"trp-custom-language-flag":false},"uagb_author_info":{"display_name":"reformamataro","author_link":"https:\/\/mataroreformas.com\/ca\/author\/reformamataro"},"uagb_comment_info":0,"uagb_excerpt":null,"_links":{"self":[{"href":"https:\/\/mataroreformas.com\/ca\/wp-json\/wp\/v2\/pages\/1521","targetHints":{"allow":["GET"]}}],"collection":[{"href":"https:\/\/mataroreformas.com\/ca\/wp-json\/wp\/v2\/pages"}],"about":[{"href":"https:\/\/mataroreformas.com\/ca\/wp-json\/wp\/v2\/types\/page"}],"author":[{"embeddable":true,"href":"https:\/\/mataroreformas.com\/ca\/wp-json\/wp\/v2\/users\/1"}],"replies":[{"embeddable":true,"href":"https:\/\/mataroreformas.com\/ca\/wp-json\/wp\/v2\/comments?post=1521"}],"version-history":[{"count":5,"href":"https:\/\/mataroreformas.com\/ca\/wp-json\/wp\/v2\/pages\/1521\/revisions"}],"predecessor-version":[{"id":1732,"href":"https:\/\/mataroreformas.com\/ca\/wp-json\/wp\/v2\/pages\/1521\/revisions\/1732"}],"wp:attachment":[{"href":"https:\/\/mataroreformas.com\/ca\/wp-json\/wp\/v2\/media?parent=1521"}],"curies":[{"name":"wp","href":"https:\/\/api.w.org\/{rel}","templated":true}]}}