{"id":1513,"date":"2022-10-05T16:53:56","date_gmt":"2022-10-05T16:53:56","guid":{"rendered":"https:\/\/mataroreformas.com\/?page_id=1513"},"modified":"2022-11-23T20:24:22","modified_gmt":"2022-11-23T20:24:22","slug":"reforma-locales-comerciales-en-mataro","status":"publish","type":"page","link":"https:\/\/mataroreformas.com\/ca\/reforma-locales-comerciales-en-mataro","title":{"rendered":"Reforma Locales Comerciales en Matar\u00f3"},"content":{"rendered":"<section class=\"vc_rows wpb_row vc_row-fluid vc_custom_1481614324254 vc_row-o-equal-height vc_row-o-content-middle vc_row-flex\"><div class=\"row\"><div class=\"padd70 wpb_column vc_column_container vc_col-sm-12 vc_col-md-6\"><div class=\"vc_column-inner\"><div class=\"wpb_wrapper\">\n\t<div class=\"wpb_text_column wpb_content_element  vc_custom_1664988667313\" >\n\t\t<div class=\"wpb_wrapper\">\n\t\t\t<h2>Reforma Locales Comerciales en Matar\u00f3: Sobre nuestro servicio <span class=\"tiny-border\">x<\/span><\/h2>\n<p class=\"intro\">En <a href=\"https:\/\/visitmataro.cat\/es\/descubre\/la-ciudad\" target=\"_blank\" rel=\"noopener\">Matar\u00f3<\/a> Reformas somos una empresa dedicada a la realizaci\u00f3n de todo tipo de Reformas, reparaciones, instalaciones y remodelaciones de locales comerciales de todo tipo; sin importar el tama\u00f1o del proyecto, hacemos del mismo nuestra principal prioridad, dando una atenci\u00f3n y soluci\u00f3n a sus problemas. Para cada proyecto ponemos a su disposici\u00f3n a los mejores y m\u00e1s calificados expertos.<\/p>\n<p class=\"intro\">Presentamos a nuestros clientes distintas propuestas en dise\u00f1o para locales nuevos o en remodelaci\u00f3n. Nos encargamos de la instalaci\u00f3n de la iluminaci\u00f3n, electricidad, calefacci\u00f3n, fontaner\u00eda, entre otros. No esperes m\u00e1s y descubre todo lo que somos capaces de hacer.<\/p>\n\n\t\t<\/div>\n\t<\/div>\n<div class=\"vc_btn3-container vc_btn3-inline vc_custom_1669234925982\" ><a class=\"vc_general vc_btn3 vc_btn3-size-md vc_btn3-shape-rounded vc_btn3-style-modern vc_btn3-color-grey\" href=\"https:\/\/mataroreformas.com\/ca\/contacto\/\" title=\"\">Solicita tu Presupuesto<\/a><\/div><\/div><\/div><\/div><div class=\"wpb_column vc_column_container vc_col-sm-12 vc_col-md-6 vc_col-has-fill\"><div class=\"vc_column-inner vc_custom_1642451257032\"><div class=\"wpb_wrapper\">\n\t<div  class=\"wpb_single_image wpb_content_element vc_align_left\">\n\t\t\n\t\t<figure class=\"wpb_wrapper vc_figure\">\n\t\t\t<div class=\"vc_single_image-wrapper   vc_box_border_grey\"><img loading=\"lazy\" decoding=\"async\" width=\"855\" height=\"667\" src=\"https:\/\/mataroreformas.com\/wp-content\/uploads\/2022\/10\/reforma-locales-comerciales-en-mataro-01.jpg\" class=\"vc_single_image-img attachment-full\" alt=\"\" title=\"reforma-locales-comerciales-en-mataro-01\" srcset=\"https:\/\/mataroreformas.com\/wp-content\/uploads\/2022\/10\/reforma-locales-comerciales-en-mataro-01.jpg 855w, https:\/\/mataroreformas.com\/wp-content\/uploads\/2022\/10\/reforma-locales-comerciales-en-mataro-01-300x234.jpg 300w, https:\/\/mataroreformas.com\/wp-content\/uploads\/2022\/10\/reforma-locales-comerciales-en-mataro-01-768x599.jpg 768w\" sizes=\"auto, (max-width: 855px) 100vw, 855px\" \/><\/div>\n\t\t<\/figure>\n\t<\/div>\n<\/div><\/div><\/div><\/div><div class=\"clearfix\"><\/div><\/section><section class=\"vc_rows wpb_row vc_row-fluid vc_custom_1669234956371\"><div class=\"row\"><div class=\"wpb_column vc_column_container vc_col-sm-12 vc_col-has-fill\"><div class=\"vc_column-inner vc_custom_1669225797733\"><div class=\"wpb_wrapper\">\n\t<div class=\"row call-to-action\">\n\t\t<div class=\"col-md-8\">\n\t        <h3 class=\"mt10\">Realizamos Reformas a Locales Comerciales en Matar\u00f3 y Maresme; visita nuestra p\u00e1gina de contacto y solicita tu presupuesto<\/h3>\n\t    <\/div>\n\t    <div class=\"col-md-4 text-right\">\n\t    \t<a class=\"btn btn-line-black btn-fx\" href=\"https:\/\/mataroreformas.com\/ca\/contacto\/\" target=\"_self\">Contacto<\/a>\t    <\/div>\n    <\/div>\n\n<\/div><\/div><\/div><\/div><div class=\"clearfix\"><\/div><\/section><section class=\"vc_rows wpb_row vc_row-fluid vc_custom_1641937821471\"><div class=\"container\"><div class=\"row\"><div class=\"wpb_column vc_column_container vc_col-sm-2\"><div class=\"vc_column-inner\"><div class=\"wpb_wrapper\"><\/div><\/div><\/div><div class=\"wpb_column vc_column_container vc_col-sm-8\"><div class=\"vc_column-inner\"><div class=\"wpb_wrapper\">\n\t<div class=\"wpb_text_column wpb_content_element  vc_custom_1664987831813\" >\n\t\t<div class=\"wpb_wrapper\">\n\t\t\t<h2>Tipos de servicios que ofrecemos en la Reforma Locales Comerciales en Matar\u00f3 <span class=\"tiny-border\">x<\/span><\/h2>\n<p class=\"intro\" style=\"text-align: center;\">Nos encontramos en la capacidad de ofrecer un servicio completo y a la medida de cada cliente, indiferentemente del tipo que sea su negocio, adaptamos su local comercial a la identidad de la marca. Para ello puede contar con todos nuestros tipos de servicios, entre los cuales destacan:<\/p>\n\n\t\t<\/div>\n\t<\/div>\n<\/div><\/div><\/div><div class=\"wpb_column vc_column_container vc_col-sm-2\"><div class=\"vc_column-inner\"><div class=\"wpb_wrapper\"><\/div><\/div><\/div><\/div><\/div><div class=\"clearfix\"><\/div><\/section><section class=\"vc_rows wpb_row vc_row-fluid vc_custom_1641937856175\"><div class=\"container\"><div class=\"row\"><div class=\"wpb_column vc_column_container vc_col-sm-4\"><div class=\"vc_column-inner\"><div class=\"wpb_wrapper\"><div class=\"vc_icon_element vc_icon_element-outer vc_icon_element-align-center\"><div class=\"vc_icon_element-inner vc_icon_element-color-orange vc_icon_element-size-md vc_icon_element-style- vc_icon_element-background-color-grey\" ><span class=\"vc_icon_element-icon fas fa-check-circle\" ><\/span><\/div><\/div>\n\t<div class=\"wpb_text_column wpb_content_element  vc_custom_1664987929663\" >\n\t\t<div class=\"wpb_wrapper\">\n\t\t\t<h3 style=\"text-align: center;\">Reforma de Fachadas en locales Comerciales en Matar\u00f3<\/h3>\n<p class=\"intro\" style=\"text-align: center;\">Contamos con el mejor equipo y los mejores materiales para realizar la reparaci\u00f3n y\/o el revestimiento de las fachadas en cualquier tipo de local comercial. Reparamos todo tipo de da\u00f1os causado por el paso del tiempo, desgaste, golpes o accidentes. Con nuestro trabajo buscamos mejorar la vida \u00fatil de la fachada, incrementar la seguridad del mismo y por ende aumentar considerablemente la imagen de su marca.<\/p>\n\n\t\t<\/div>\n\t<\/div>\n<\/div><\/div><\/div><div class=\"wpb_column vc_column_container vc_col-sm-4\"><div class=\"vc_column-inner\"><div class=\"wpb_wrapper\"><div class=\"vc_icon_element vc_icon_element-outer vc_icon_element-align-center\"><div class=\"vc_icon_element-inner vc_icon_element-color-orange vc_icon_element-size-md vc_icon_element-style- vc_icon_element-background-color-grey\" ><span class=\"vc_icon_element-icon fas fa-check-circle\" ><\/span><\/div><\/div>\n\t<div class=\"wpb_text_column wpb_content_element  vc_custom_1664988008199\" >\n\t\t<div class=\"wpb_wrapper\">\n\t\t\t<h3 style=\"text-align: center;\">Reformas El\u00e9ctricas en Locales Comerciales en Matar\u00f3<\/h3>\n<p class=\"intro\" style=\"text-align: center;\">Mejoramos dr\u00e1sticamente sus antiguas instalaciones el\u00e9ctricas, realizando todo tipo de reparaciones, modernizaciones o adaptaciones que se requieran para la mejor distribuci\u00f3n de la energ\u00eda en su local comercial. Somos expertos a la hora de trabajar sus instalaciones el\u00e9ctricas, nos encargamos de todo, realizando una reforma integral en sus locales comerciales. Deje este tipo de trabajo en manos de nuestro equipo.<\/p>\n\n\t\t<\/div>\n\t<\/div>\n<\/div><\/div><\/div><div class=\"wpb_column vc_column_container vc_col-sm-4\"><div class=\"vc_column-inner\"><div class=\"wpb_wrapper\"><div class=\"vc_icon_element vc_icon_element-outer vc_icon_element-align-center\"><div class=\"vc_icon_element-inner vc_icon_element-color-orange vc_icon_element-size-md vc_icon_element-style- vc_icon_element-background-color-grey\" ><span class=\"vc_icon_element-icon fas fa-check-circle\" ><\/span><\/div><\/div>\n\t<div class=\"wpb_text_column wpb_content_element  vc_custom_1664988114100\" >\n\t\t<div class=\"wpb_wrapper\">\n\t\t\t<h3 style=\"text-align: center;\">Alicatado en Locales Comerciales en Matar\u00f3<\/h3>\n<p class=\"intro\" style=\"text-align: center;\">Ofrecemos servicio integral de alicatado en todo tipo de locales comerciales en Matar\u00f3; realizamos en recubrimiento de pisos y\/o paredes de su local, contamos con una gran variedad de dise\u00f1os de los cuales puede escoger o si lo desea, trabajamos a la medida con dise\u00f1os totalmente personalizados; somos capaces de trabajar en cualquier \u00e1rea de su negocio, interior, salas, ba\u00f1os, oficinas, exteriores, entre otros.<\/p>\n\n\t\t<\/div>\n\t<\/div>\n<\/div><\/div><\/div><\/div><\/div><div class=\"clearfix\"><\/div><\/section><section class=\"vc_rows wpb_row vc_row-fluid vc_custom_1641937856175\"><div class=\"container\"><div class=\"row\"><div class=\"wpb_column vc_column_container vc_col-sm-4\"><div class=\"vc_column-inner\"><div class=\"wpb_wrapper\"><div class=\"vc_icon_element vc_icon_element-outer vc_icon_element-align-center\"><div class=\"vc_icon_element-inner vc_icon_element-color-orange vc_icon_element-size-md vc_icon_element-style- vc_icon_element-background-color-grey\" ><span class=\"vc_icon_element-icon fas fa-check-circle\" ><\/span><\/div><\/div>\n\t<div class=\"wpb_text_column wpb_content_element  vc_custom_1664988160053\" >\n\t\t<div class=\"wpb_wrapper\">\n\t\t\t<h3 style=\"text-align: center;\">Instalaci\u00f3n de Falsos techos en Locales Comerciales en Matar\u00f3<\/h3>\n<p class=\"intro\" style=\"text-align: center;\">Realizamos la instalaci\u00f3n de falsos techos en locales comerciales, presentamos a nuestros clientes diferentes tipos de propuestas, con los mejores dise\u00f1os de la actualidad. Instalamos falsos techos de pladur, madera, escaloya y met\u00e1licos, d\u00e1ndole a nuestro cliente una asesor\u00eda previa para recomendarle el que mejor se adapta a sus espacios. Comun\u00edcate con nuestro equipo y trabajemos en tu proyecto.<\/p>\n\n\t\t<\/div>\n\t<\/div>\n<\/div><\/div><\/div><div class=\"wpb_column vc_column_container vc_col-sm-4\"><div class=\"vc_column-inner\"><div class=\"wpb_wrapper\"><div class=\"vc_icon_element vc_icon_element-outer vc_icon_element-align-center\"><div class=\"vc_icon_element-inner vc_icon_element-color-orange vc_icon_element-size-md vc_icon_element-style- vc_icon_element-background-color-grey\" ><span class=\"vc_icon_element-icon fas fa-check-circle\" ><\/span><\/div><\/div>\n\t<div class=\"wpb_text_column wpb_content_element  vc_custom_1664988218879\" >\n\t\t<div class=\"wpb_wrapper\">\n\t\t\t<h3 style=\"text-align: center;\">Fontaner\u00eda en Locales Comerciales en Matar\u00f3<\/h3>\n<p class=\"intro\" style=\"text-align: center;\">Ofrecemos un servicio de fontaner\u00eda completo para sus locales comerciales, nos encargamos de todo, desde la instalaci\u00f3n, reparaci\u00f3n o mantenimiento de las tuber\u00edas. Realizamos instalaci\u00f3n de aguas fr\u00edas, calientes o residuales, utilizando los mejores materiales disponibles. Evite los errores m\u00e1s comunes de una mala instalaci\u00f3n y d\u00e9jelo en nuestras manos. Trabajamos en todas las \u00e1reas disponibles, tanto comerciales como residenciales.<\/p>\n\n\t\t<\/div>\n\t<\/div>\n<\/div><\/div><\/div><div class=\"wpb_column vc_column_container vc_col-sm-4\"><div class=\"vc_column-inner\"><div class=\"wpb_wrapper\"><div class=\"vc_icon_element vc_icon_element-outer vc_icon_element-align-center\"><div class=\"vc_icon_element-inner vc_icon_element-color-orange vc_icon_element-size-md vc_icon_element-style- vc_icon_element-background-color-grey\" ><span class=\"vc_icon_element-icon fas fa-check-circle\" ><\/span><\/div><\/div>\n\t<div class=\"wpb_text_column wpb_content_element  vc_custom_1664988277229\" >\n\t\t<div class=\"wpb_wrapper\">\n\t\t\t<h3 style=\"text-align: center;\">Dise\u00f1o de Interiores en Locales Comerciales en Matar\u00f3<\/h3>\n<p class=\"intro\" style=\"text-align: center;\">Ofrecemos servicio de dise\u00f1o de interiores y decoraci\u00f3n a locales comerciales de todo tipo, mejoramos dr\u00e1sticamente la imagen de su local comercial o negocio, con las mejores ideas propuestas por nuestros expertos profesionales. Cada proyecto es \u00fanico, por lo que nuestros clientes pueden escoger entre uno de nuestros dise\u00f1os o personalizarlo a medida; estamos para complacerlo y darle el mejor servicio.<\/p>\n\n\t\t<\/div>\n\t<\/div>\n<\/div><\/div><\/div><\/div><\/div><div class=\"clearfix\"><\/div><\/section><section data-stellar-background-ratio=\".2\" class=\"vc_rows wpb_row vc_row-fluid vc_custom_1664991881372 vc_row-has-fill parallax\"><div class=\"container\"><div class=\"row\"><div class=\"wpb_column vc_column_container vc_col-sm-12\"><div class=\"vc_column-inner\"><div class=\"wpb_wrapper\">\n\t<div class=\"wpb_text_column wpb_content_element  vc_custom_1664988303380\" >\n\t\t<div class=\"wpb_wrapper\">\n\t\t\t<h2><span style=\"color: #ffffff;\">\u00bfCu\u00e1les son los tipos de locales donde realizamos la Reforma Locales Comerciales en Matar\u00f3? <span class=\"tiny-border\">x<\/span><\/span><\/h2>\n\n\t\t<\/div>\n\t<\/div>\n\n\t<div class=\"wpb_text_column wpb_content_element  vc_custom_1664988329088\" >\n\t\t<div class=\"wpb_wrapper\">\n\t\t\t<p><span style=\"color: #ffffff;\">Contamos con la experiencia y la versatilidad para trabajar en cualquier lugar que sea requerido, trabajando en proyectos desde cero y\/o reformas de cualquier tipo; a lo largo de los a\u00f1os hemos trabajado en distintos tipos de locales comerciales, entre los m\u00e1s destacados se encuentran:<\/span><\/p>\n\n\t\t<\/div>\n\t<\/div>\n<\/div><\/div><\/div><div class=\"wpb_column vc_column_container vc_col-sm-12 vc_col-md-4\"><div class=\"vc_column-inner\"><div class=\"wpb_wrapper\">\n\t\t<div class=\"feature-box-small-icon text-light\">\n        <span class=\"icon\">\n        \t<i class=\"icon_box-checked id-color\"><\/i>\n        <\/span>\n        <div class=\"text\">\n            <h3>Reformas de Restaurantes en Matar\u00f3<\/h3>\n            En Matar\u00f3 Reformas, ofrecemos un servicio de reformas integrales a restaurantes de todo tipo, trabajamos en proyectos desde cero, proponiendo ideas innovadoras, realizamos instalaciones de todo tipo, decoraci\u00f3n y reparaciones de todo tipo.        <\/div>\n    <\/div>\n    \n<div class=\"vc_empty_space\"   style=\"height: 30px\"><span class=\"vc_empty_space_inner\"><\/span><\/div>\n\t\t<div class=\"feature-box-small-icon text-light\">\n        <span class=\"icon\">\n        \t<i class=\"icon_box-checked id-color\"><\/i>\n        <\/span>\n        <div class=\"text\">\n            <h3>Reformas de Oficinas en Matar\u00f3<\/h3>\n            Ofrecemos un servicio de aut\u00e9ntica garant\u00eda para nuestros clientes, hacemos entrega de los resultados dentro de los tiempos establecidos. Durante el proceso, nuestros expertos entregan la asesor\u00eda necesaria para resultados m\u00e1s \u00f3ptimos, r\u00e1pidos y simples.        <\/div>\n    <\/div>\n    \n<\/div><\/div><\/div><div class=\"wpb_column vc_column_container vc_col-sm-12 vc_col-md-4\"><div class=\"vc_column-inner\"><div class=\"wpb_wrapper\">\n\t\t<div class=\"feature-box-small-icon text-light\">\n        <span class=\"icon\">\n        \t<i class=\"icon_box-checked id-color\"><\/i>\n        <\/span>\n        <div class=\"text\">\n            <h3>Reformas de Tiendas en Matar\u00f3<\/h3>\n            Llevamos sus ideas a la realidad; realizamos reformas en tiendas grandes o peque\u00f1os, proponiendo dise\u00f1os que har\u00e1n destacar a\u00fan m\u00e1s sus principales productos. Realizamos renovaciones y reparaciones de todo tipo, el\u00e9ctricas, fontaner\u00eda, alicatado, etc.        <\/div>\n    <\/div>\n    \n<div class=\"vc_empty_space\"   style=\"height: 30px\"><span class=\"vc_empty_space_inner\"><\/span><\/div><\/div><\/div><\/div><div class=\"wpb_column vc_column_container vc_col-sm-12 vc_col-md-4\"><div class=\"vc_column-inner\"><div class=\"wpb_wrapper\">\n\t\t<div class=\"feature-box-small-icon text-light\">\n        <span class=\"icon\">\n        \t<i class=\"icon_box-checked id-color\"><\/i>\n        <\/span>\n        <div class=\"text\">\n            <h3>Reformas de Naves Industriales en Matar\u00f3<\/h3>\n            Ofrecemos servicio de reformas en Naves Industriales, realizamos reparaciones e incluso expansiones, acondicion\u00e1ndolo de la mejor manera posible, creando un ambiente laboral acto para todos. Contamos con los equipos necesarios para el trabajo.        <\/div>\n    <\/div>\n    \n<div class=\"vc_empty_space\"   style=\"height: 30px\"><span class=\"vc_empty_space_inner\"><\/span><\/div><\/div><\/div><\/div><\/div><\/div><div class=\"clearfix\"><\/div><\/section><section class=\"vc_rows wpb_row vc_row-fluid vc_custom_1481614324254 vc_row-o-equal-height vc_row-o-content-middle vc_row-flex\"><div class=\"row\"><div class=\"padd70 wpb_column vc_column_container vc_col-sm-12 vc_col-md-6\"><div class=\"vc_column-inner\"><div class=\"wpb_wrapper\">\n\t<div class=\"wpb_text_column wpb_content_element  vc_custom_1664988574669\" >\n\t\t<div class=\"wpb_wrapper\">\n\t\t\t<h2>\u00bfPor qu\u00e9 elegirnos para su Reforma Locales Comerciales en Matar\u00f3? <span class=\"tiny-border\">x<\/span><\/h2>\n<p class=\"intro\">Gestionamos cada uno de los proyectos de manera eficiente, encargandonos de todo lo necesario para la reforma de sus locales comerciales. Durante cada uno de los procesos de la reforma podra contar con profesionales en sus respectivas areas de trabajo, cumpliendo con los protocolos de seguridad establecidos.<\/p>\n<p>Realizamos presupuestos detallados de todos y cada uno de los procesos que se realizan en la obra. Entragamos resultados en los tiempos acordados inicialmente.<\/p>\n\n\t\t<\/div>\n\t<\/div>\n<div class=\"vc_btn3-container vc_btn3-inline vc_custom_1669234925982\" ><a class=\"vc_general vc_btn3 vc_btn3-size-md vc_btn3-shape-rounded vc_btn3-style-modern vc_btn3-color-grey\" href=\"https:\/\/mataroreformas.com\/ca\/contacto\/\" title=\"\">Solicita tu Presupuesto<\/a><\/div><\/div><\/div><\/div><div class=\"wpb_column vc_column_container vc_col-sm-12 vc_col-md-6 vc_col-has-fill\"><div class=\"vc_column-inner vc_custom_1664994977151\"><div class=\"wpb_wrapper\"><\/div><\/div><\/div><div class=\"wpb_column vc_column_container vc_col-sm-12 vc_col-has-fill\"><div class=\"vc_column-inner vc_custom_1642082066065\"><div class=\"wpb_wrapper\">\n\t<div class=\"wpb_text_column wpb_content_element\" >\n\t\t<div class=\"wpb_wrapper\">\n\t\t\t<p class=\"seccion-enlace-principal\" style=\"text-align: center;\"><strong>Consulta todos los servicios que tenemos en <a href=\"http:\/\/mataroreformas.com\/ca\/\">Reformas Matar\u00f3<\/a> para ti<\/strong><\/p>\n\n\t\t<\/div>\n\t<\/div>\n<\/div><\/div><\/div><\/div><div class=\"clearfix\"><\/div><\/section>","protected":false},"excerpt":{"rendered":"Reforma Locales Comerciales en Matar\u00f3: Sobre nuestro servicio x En Matar\u00f3 Reformas somos una empresa dedicada a la realizaci\u00f3n de todo tipo de Reformas, reparaciones, instalaciones y remodelaciones de locales comerciales de todo tipo; sin importar el tama\u00f1o del proyecto, hacemos del mismo nuestra principal prioridad, dando una atenci\u00f3n y soluci\u00f3n a sus problemas. Para [...]","protected":false},"author":1,"featured_media":0,"parent":0,"menu_order":0,"comment_status":"closed","ping_status":"closed","template":"page-templates\/template-fullwidth.php","meta":{"_uag_custom_page_level_css":"","footnotes":""},"class_list":["post-1513","page","type-page","status-publish","hentry"],"yoast_head":"<!-- This site is optimized with the Yoast SEO plugin v27.4 - https:\/\/yoast.com\/product\/yoast-seo-wordpress\/ -->\n<title>Reforma Locales Comerciales en Matar\u00f3 y Maresme<\/title>\n<meta name=\"description\" content=\"Reforma Locales Comerciales en Matar\u00f3 y Maresme, Dise\u00f1o y reparaciones de Interiores, Instalaciones El\u00e9ctrica en Locales Comerciales en Arenys\" \/>\n<meta name=\"robots\" content=\"index, follow, max-snippet:-1, max-image-preview:large, max-video-preview:-1\" \/>\n<link rel=\"canonical\" href=\"https:\/\/mataroreformas.com\/ca\/reforma-locales-comerciales-en-mataro\/\" \/>\n<meta property=\"og:locale\" content=\"ca_ES\" \/>\n<meta property=\"og:type\" content=\"article\" \/>\n<meta property=\"og:title\" content=\"Reforma Locales Comerciales en Matar\u00f3 y Maresme\" \/>\n<meta property=\"og:description\" content=\"Reforma Locales Comerciales en Matar\u00f3 y Maresme, Dise\u00f1o y reparaciones de Interiores, Instalaciones El\u00e9ctrica en Locales Comerciales en Arenys\" \/>\n<meta property=\"og:url\" content=\"https:\/\/mataroreformas.com\/ca\/reforma-locales-comerciales-en-mataro\/\" \/>\n<meta property=\"og:site_name\" content=\"Matar\u00f3 Reformas\" \/>\n<meta property=\"article:modified_time\" content=\"2022-11-23T20:24:22+00:00\" \/>\n<meta name=\"twitter:card\" content=\"summary_large_image\" \/>\n<meta name=\"twitter:label1\" content=\"Temps estimat de lectura\" \/>\n\t<meta name=\"twitter:data1\" content=\"5 minuts\" \/>\n<script type=\"application\/ld+json\" class=\"yoast-schema-graph\">{\"@context\":\"https:\\\/\\\/schema.org\",\"@graph\":[{\"@type\":\"WebPage\",\"@id\":\"https:\\\/\\\/mataroreformas.com\\\/reforma-locales-comerciales-en-mataro\",\"url\":\"https:\\\/\\\/mataroreformas.com\\\/reforma-locales-comerciales-en-mataro\",\"name\":\"Reforma Locales Comerciales en Matar\u00f3 y Maresme\",\"isPartOf\":{\"@id\":\"https:\\\/\\\/mataroreformas.com\\\/#website\"},\"datePublished\":\"2022-10-05T16:53:56+00:00\",\"dateModified\":\"2022-11-23T20:24:22+00:00\",\"description\":\"Reforma Locales Comerciales en Matar\u00f3 y Maresme, Dise\u00f1o y reparaciones de Interiores, Instalaciones El\u00e9ctrica en Locales Comerciales en Arenys\",\"breadcrumb\":{\"@id\":\"https:\\\/\\\/mataroreformas.com\\\/reforma-locales-comerciales-en-mataro#breadcrumb\"},\"inLanguage\":\"ca\",\"potentialAction\":[{\"@type\":\"ReadAction\",\"target\":[\"https:\\\/\\\/mataroreformas.com\\\/reforma-locales-comerciales-en-mataro\"]}]},{\"@type\":\"BreadcrumbList\",\"@id\":\"https:\\\/\\\/mataroreformas.com\\\/reforma-locales-comerciales-en-mataro#breadcrumb\",\"itemListElement\":[{\"@type\":\"ListItem\",\"position\":1,\"name\":\"Portada\",\"item\":\"https:\\\/\\\/mataroreformas.com\\\/\"},{\"@type\":\"ListItem\",\"position\":2,\"name\":\"Reforma Locales Comerciales en Matar\u00f3\"}]},{\"@type\":\"WebSite\",\"@id\":\"https:\\\/\\\/mataroreformas.com\\\/#website\",\"url\":\"https:\\\/\\\/mataroreformas.com\\\/\",\"name\":\"Matar\u00f3 Reformas\",\"description\":\"Reformas de todo tipo a su alcance\",\"potentialAction\":[{\"@type\":\"SearchAction\",\"target\":{\"@type\":\"EntryPoint\",\"urlTemplate\":\"https:\\\/\\\/mataroreformas.com\\\/?s={search_term_string}\"},\"query-input\":{\"@type\":\"PropertyValueSpecification\",\"valueRequired\":true,\"valueName\":\"search_term_string\"}}],\"inLanguage\":\"ca\"}]}<\/script>\n<!-- \/ Yoast SEO plugin. -->","yoast_head_json":{"title":"Reforma Locales Comerciales en Matar\u00f3 y Maresme","description":"Reforma Locales Comerciales en Matar\u00f3 y Maresme, Dise\u00f1o y reparaciones de Interiores, Instalaciones El\u00e9ctrica en Locales Comerciales en Arenys","robots":{"index":"index","follow":"follow","max-snippet":"max-snippet:-1","max-image-preview":"max-image-preview:large","max-video-preview":"max-video-preview:-1"},"canonical":"https:\/\/mataroreformas.com\/ca\/reforma-locales-comerciales-en-mataro\/","og_locale":"ca_ES","og_type":"article","og_title":"Reforma Locales Comerciales en Matar\u00f3 y Maresme","og_description":"Reforma Locales Comerciales en Matar\u00f3 y Maresme, Dise\u00f1o y reparaciones de Interiores, Instalaciones El\u00e9ctrica en Locales Comerciales en Arenys","og_url":"https:\/\/mataroreformas.com\/ca\/reforma-locales-comerciales-en-mataro\/","og_site_name":"Matar\u00f3 Reformas","article_modified_time":"2022-11-23T20:24:22+00:00","twitter_card":"summary_large_image","twitter_misc":{"Temps estimat de lectura":"5 minuts"},"schema":{"@context":"https:\/\/schema.org","@graph":[{"@type":"WebPage","@id":"https:\/\/mataroreformas.com\/reforma-locales-comerciales-en-mataro","url":"https:\/\/mataroreformas.com\/reforma-locales-comerciales-en-mataro","name":"Reforma Locales Comerciales en Matar\u00f3 y Maresme","isPartOf":{"@id":"https:\/\/mataroreformas.com\/#website"},"datePublished":"2022-10-05T16:53:56+00:00","dateModified":"2022-11-23T20:24:22+00:00","description":"Reforma Locales Comerciales en Matar\u00f3 y Maresme, Dise\u00f1o y reparaciones de Interiores, Instalaciones El\u00e9ctrica en Locales Comerciales en Arenys","breadcrumb":{"@id":"https:\/\/mataroreformas.com\/reforma-locales-comerciales-en-mataro#breadcrumb"},"inLanguage":"ca","potentialAction":[{"@type":"ReadAction","target":["https:\/\/mataroreformas.com\/reforma-locales-comerciales-en-mataro"]}]},{"@type":"BreadcrumbList","@id":"https:\/\/mataroreformas.com\/reforma-locales-comerciales-en-mataro#breadcrumb","itemListElement":[{"@type":"ListItem","position":1,"name":"Portada","item":"https:\/\/mataroreformas.com\/"},{"@type":"ListItem","position":2,"name":"Reforma Locales Comerciales en Matar\u00f3"}]},{"@type":"WebSite","@id":"https:\/\/mataroreformas.com\/#website","url":"https:\/\/mataroreformas.com\/","name":"Matar\u00f3 Reformas","description":"Reformas de todo tipo a su alcance","potentialAction":[{"@type":"SearchAction","target":{"@type":"EntryPoint","urlTemplate":"https:\/\/mataroreformas.com\/?s={search_term_string}"},"query-input":{"@type":"PropertyValueSpecification","valueRequired":true,"valueName":"search_term_string"}}],"inLanguage":"ca"}]}},"uagb_featured_image_src":{"full":false,"thumbnail":false,"medium":false,"medium_large":false,"large":false,"1536x1536":false,"2048x2048":false,"trp-custom-language-flag":false},"uagb_author_info":{"display_name":"reformamataro","author_link":"https:\/\/mataroreformas.com\/ca\/author\/reformamataro"},"uagb_comment_info":0,"uagb_excerpt":null,"_links":{"self":[{"href":"https:\/\/mataroreformas.com\/ca\/wp-json\/wp\/v2\/pages\/1513","targetHints":{"allow":["GET"]}}],"collection":[{"href":"https:\/\/mataroreformas.com\/ca\/wp-json\/wp\/v2\/pages"}],"about":[{"href":"https:\/\/mataroreformas.com\/ca\/wp-json\/wp\/v2\/types\/page"}],"author":[{"embeddable":true,"href":"https:\/\/mataroreformas.com\/ca\/wp-json\/wp\/v2\/users\/1"}],"replies":[{"embeddable":true,"href":"https:\/\/mataroreformas.com\/ca\/wp-json\/wp\/v2\/comments?post=1513"}],"version-history":[{"count":4,"href":"https:\/\/mataroreformas.com\/ca\/wp-json\/wp\/v2\/pages\/1513\/revisions"}],"predecessor-version":[{"id":1748,"href":"https:\/\/mataroreformas.com\/ca\/wp-json\/wp\/v2\/pages\/1513\/revisions\/1748"}],"wp:attachment":[{"href":"https:\/\/mataroreformas.com\/ca\/wp-json\/wp\/v2\/media?parent=1513"}],"curies":[{"name":"wp","href":"https:\/\/api.w.org\/{rel}","templated":true}]}}