{"id":1472,"date":"2022-10-04T01:17:59","date_gmt":"2022-10-04T01:17:59","guid":{"rendered":"https:\/\/mataroreformas.com\/?page_id=1472"},"modified":"2022-11-23T19:17:43","modified_gmt":"2022-11-23T19:17:43","slug":"colocacion-suelo-porcelanico-mataro","status":"publish","type":"page","link":"https:\/\/mataroreformas.com\/ca\/colocacion-suelo-porcelanico-mataro","title":{"rendered":"Colocaci\u00f3n Suelo Porcel\u00e1nico Matar\u00f3"},"content":{"rendered":"<section class=\"vc_rows wpb_row vc_row-fluid vc_custom_1481614324254 vc_row-o-equal-height vc_row-o-content-middle vc_row-flex\"><div class=\"row\"><div class=\"padd70 wpb_column vc_column_container vc_col-sm-12 vc_col-md-6\"><div class=\"vc_column-inner\"><div class=\"wpb_wrapper\">\n\t<div class=\"wpb_text_column wpb_content_element  vc_custom_1664846215552\" >\n\t\t<div class=\"wpb_wrapper\">\n\t\t\t<h2>Nuestro servicio de Colocaci\u00f3n Suelo Porcel\u00e1nico Matar\u00f3 <span class=\"tiny-border\">x<\/span><\/h2>\n<p class=\"intro\">En <a href=\"https:\/\/mataroreformas.com\/ca\/\">MataroReformas<\/a> realizamos la instalaci\u00f3n o Colocaci\u00f3n de Suelos Porcel\u00e1nico en <a href=\"https:\/\/visitmataro.cat\/es\/descubre\/la-ciudad\" target=\"_blank\" rel=\"noopener\">Matar\u00f3<\/a>, de la mano de expertos en la materia. Realizamos la instalaci\u00f3n de uno de los materiales con m\u00e1s detalles y acabados est\u00e9ticos incre\u00edbles, ideal para interiores en viviendas, espec\u00edficamente en ba\u00f1os y cocinas, debido a su composici\u00f3n que se basa en la durabilidad, resistencia a la humedad y r\u00e1pida instalaci\u00f3n. En algunos casos utilizados en exteriores, incluso en paredes y fachadas. Definitivamente, un tipo de suelo que resalta entre los dem\u00e1s y que a pesar de requerir un cuidado espec\u00edfico, su mantenimiento es sencillo.<\/p>\n\n\t\t<\/div>\n\t<\/div>\n<div class=\"vc_btn3-container vc_btn3-inline vc_custom_1669230931457\" ><a class=\"vc_general vc_btn3 vc_btn3-size-md vc_btn3-shape-rounded vc_btn3-style-modern vc_btn3-color-grey\" href=\"https:\/\/mataroreformas.com\/ca\/contacto\/\" title=\"\">Solicita tu Presupuesto<\/a><\/div><\/div><\/div><\/div><div class=\"wpb_column vc_column_container vc_col-sm-12 vc_col-md-6 vc_col-has-fill\"><div class=\"vc_column-inner vc_custom_1642095081797\"><div class=\"wpb_wrapper\">\n\t<div  class=\"wpb_single_image wpb_content_element vc_align_left\">\n\t\t\n\t\t<figure class=\"wpb_wrapper vc_figure\">\n\t\t\t<div class=\"vc_single_image-wrapper   vc_box_border_grey\"><img loading=\"lazy\" decoding=\"async\" width=\"800\" height=\"649\" src=\"https:\/\/mataroreformas.com\/wp-content\/uploads\/2022\/10\/colocacion-de-suelos-porcelanico-mataro-01.jpg\" class=\"vc_single_image-img attachment-full\" alt=\"\" title=\"colocacion-de-suelos-porcelanico-mataro-01\" srcset=\"https:\/\/mataroreformas.com\/wp-content\/uploads\/2022\/10\/colocacion-de-suelos-porcelanico-mataro-01.jpg 800w, https:\/\/mataroreformas.com\/wp-content\/uploads\/2022\/10\/colocacion-de-suelos-porcelanico-mataro-01-300x243.jpg 300w, https:\/\/mataroreformas.com\/wp-content\/uploads\/2022\/10\/colocacion-de-suelos-porcelanico-mataro-01-768x623.jpg 768w\" sizes=\"auto, (max-width: 800px) 100vw, 800px\" \/><\/div>\n\t\t<\/figure>\n\t<\/div>\n<\/div><\/div><\/div><\/div><div class=\"clearfix\"><\/div><\/section><section class=\"vc_rows wpb_row vc_row-fluid vc_custom_1669230972644\"><div class=\"row\"><div class=\"wpb_column vc_column_container vc_col-sm-12 vc_col-has-fill\"><div class=\"vc_column-inner vc_custom_1669225797733\"><div class=\"wpb_wrapper\">\n\t<div class=\"row call-to-action\">\n\t\t<div class=\"col-md-8\">\n\t        <h3 class=\"mt10\">Visita nuestra p\u00e1gina de contacto para solicitar tu presupuesto para la colocaci\u00f3n Suelo Porcel\u00e1nico Matar\u00f3<\/h3>\n\t    <\/div>\n\t    <div class=\"col-md-4 text-right\">\n\t    \t<a class=\"btn btn-line-black btn-fx\" href=\"https:\/\/mataroreformas.com\/ca\/contacto\/\" target=\"_self\">Contacto<\/a>\t    <\/div>\n    <\/div>\n\n<\/div><\/div><\/div><\/div><div class=\"clearfix\"><\/div><\/section><section class=\"vc_rows wpb_row vc_row-fluid vc_custom_1641937821471\"><div class=\"container\"><div class=\"row\"><div class=\"wpb_column vc_column_container vc_col-sm-2\"><div class=\"vc_column-inner\"><div class=\"wpb_wrapper\"><\/div><\/div><\/div><div class=\"wpb_column vc_column_container vc_col-sm-8\"><div class=\"vc_column-inner\"><div class=\"wpb_wrapper\">\n\t<div class=\"wpb_text_column wpb_content_element  vc_custom_1664845179692\" >\n\t\t<div class=\"wpb_wrapper\">\n\t\t\t<h2>Colocaci\u00f3n Suelo Porcel\u00e1nico Matar\u00f3: Tipos de Suelo Porcel\u00e1nico <span class=\"tiny-border\">x<\/span><\/h2>\n<p class=\"intro\" style=\"text-align: center;\">Actualmente, existen algunos tipos de porcel\u00e1nico para suelos de muy buena calidad y que cumplen con las expectativas de muchos de nuestros clientes; sin embargo, es importante conocerlos para poder escoger el mejor para cada caso. Entre los m\u00e1s utilizados existen:<\/p>\n\n\t\t<\/div>\n\t<\/div>\n<\/div><\/div><\/div><div class=\"wpb_column vc_column_container vc_col-sm-2\"><div class=\"vc_column-inner\"><div class=\"wpb_wrapper\"><\/div><\/div><\/div><\/div><\/div><div class=\"clearfix\"><\/div><\/section><section class=\"vc_rows wpb_row vc_row-fluid vc_custom_1641937856175\"><div class=\"container\"><div class=\"row\"><div class=\"wpb_column vc_column_container vc_col-sm-4\"><div class=\"vc_column-inner\"><div class=\"wpb_wrapper\">\n\t<div class=\"wpb_text_column wpb_content_element  vc_custom_1664845240895\" >\n\t\t<div class=\"wpb_wrapper\">\n\t\t\t<h3 style=\"text-align: center;\">Colocaci\u00f3n Suelo Porcel\u00e1nico Rectificado<\/h3>\n<p class=\"intro\" style=\"text-align: center;\">Si lo que desea en un piso de calidad, que de la impresi\u00f3n de no tener juntas, este tipo de suelo es la opci\u00f3n ideal; ya que al momento de su instalaci\u00f3n, se realiza sin dejar juntas entre las piezas, esto da la impresi\u00f3n de ser un piso continuo.<\/p>\n\n\t\t<\/div>\n\t<\/div>\n<\/div><\/div><\/div><div class=\"wpb_column vc_column_container vc_col-sm-4\"><div class=\"vc_column-inner\"><div class=\"wpb_wrapper\">\n\t<div class=\"wpb_text_column wpb_content_element  vc_custom_1664845307366\" >\n\t\t<div class=\"wpb_wrapper\">\n\t\t\t<h3 style=\"text-align: center;\">Colocaci\u00f3n Suelo Porcel\u00e1nico Esmaltados<\/h3>\n<p class=\"intro\" style=\"text-align: center;\">Este tipo de suelo, comparte algunas similitudes con el suelo rectificado, con la diferencia de que el tipo de suelo esmaltado cuenta con una ligera capa de esmalte en su parte superior, lo que hace resaltar a\u00fan m\u00e1s el detalle y sus acabados.<\/p>\n\n\t\t<\/div>\n\t<\/div>\n<\/div><\/div><\/div><div class=\"wpb_column vc_column_container vc_col-sm-4\"><div class=\"vc_column-inner\"><div class=\"wpb_wrapper\">\n\t<div class=\"wpb_text_column wpb_content_element  vc_custom_1664845362886\" >\n\t\t<div class=\"wpb_wrapper\">\n\t\t\t<h3 style=\"text-align: center;\">Colocaci\u00f3n Suelo Porcel\u00e1nico acabado de Cemento<\/h3>\n<p class=\"intro\" style=\"text-align: center;\">Tal y como su nombre lo indica, este tipo de suelos dan la impresi\u00f3n de ser elaborados con cemento por su color gris, pero cuenta con un acabado de calidad y estilo; este tipo de suelos son instalados regularmente en exteriores.<\/p>\n\n\t\t<\/div>\n\t<\/div>\n<\/div><\/div><\/div><\/div><\/div><div class=\"clearfix\"><\/div><\/section><section class=\"vc_rows wpb_row vc_row-fluid vc_custom_1641937856175\"><div class=\"container\"><div class=\"row\"><div class=\"wpb_column vc_column_container vc_col-sm-4\"><div class=\"vc_column-inner\"><div class=\"wpb_wrapper\">\n\t<div class=\"wpb_text_column wpb_content_element  vc_custom_1664846148318\" >\n\t\t<div class=\"wpb_wrapper\">\n\t\t\t<h3 style=\"text-align: center;\">Suelo Porcel\u00e1nico Acabados en Madera<\/h3>\n<p class=\"intro\" style=\"text-align: center;\">Hoy en d\u00eda es uno de los m\u00e1s populares, conocidos y utilizados en muchos lugares en Matar\u00f3 y Espa\u00f1a, ya que dan la misma apariencia de la madera, pero que no requerir\u00e1n tanto mantenimiento como si lo requiere un suelo de madera.<\/p>\n\n\t\t<\/div>\n\t<\/div>\n<\/div><\/div><\/div><div class=\"wpb_column vc_column_container vc_col-sm-4\"><div class=\"vc_column-inner\"><div class=\"wpb_wrapper\">\n\t<div class=\"wpb_text_column wpb_content_element  vc_custom_1664846141182\" >\n\t\t<div class=\"wpb_wrapper\">\n\t\t\t<h3 style=\"text-align: center;\">Suelo Porcel\u00e1nico Acabado en Piedra<\/h3>\n<p class=\"intro\" style=\"text-align: center;\">Un tipo de suelo muy elegante, que es posible conseguirlo en diferentes tonalidades; las tonalidades m\u00e1s comunes y utilizadas son en marr\u00f3n, blanco, incluso en gris. Recomendada para uso de interiores donde es m\u00e1s com\u00fan su uso.<\/p>\n\n\t\t<\/div>\n\t<\/div>\n<\/div><\/div><\/div><div class=\"wpb_column vc_column_container vc_col-sm-4\"><div class=\"vc_column-inner\"><div class=\"wpb_wrapper\">\n\t<div class=\"wpb_text_column wpb_content_element  vc_custom_1664846133271\" >\n\t\t<div class=\"wpb_wrapper\">\n\t\t\t<h3 style=\"text-align: center;\">Suelo Porcel\u00e1nico Hidr\u00e1ulicos vintage<\/h3>\n<p class=\"intro\" style=\"text-align: center;\">El suelo Hidr\u00e1ulicos vintage es elegido por algunos clientes que regularmente buscan dar una ligera impresi\u00f3n de antig\u00fcedad al piso o un toque retro al ambiente. Este tipo de suelo es posible encontrarlo en diferentes tipos de colores.<\/p>\n\n\t\t<\/div>\n\t<\/div>\n<\/div><\/div><\/div><\/div><\/div><div class=\"clearfix\"><\/div><\/section><section data-stellar-background-ratio=\".2\" class=\"vc_rows wpb_row vc_row-fluid vc_custom_1664847616278 vc_row-has-fill parallax\"><div class=\"container\"><div class=\"row\"><div class=\"wpb_column vc_column_container vc_col-sm-12\"><div class=\"vc_column-inner\"><div class=\"wpb_wrapper\">\n\t<div class=\"wpb_text_column wpb_content_element  vc_custom_1664845644398\" >\n\t\t<div class=\"wpb_wrapper\">\n\t\t\t<h2><span style=\"color: #ffffff;\">Ventajas de la Colocaci\u00f3n suelo Porcel\u00e1nico Matar\u00f3 <span class=\"tiny-border\">x<\/span><\/span><\/h2>\n\n\t\t<\/div>\n\t<\/div>\n\n\t<div class=\"wpb_text_column wpb_content_element  vc_custom_1664845680093\" >\n\t\t<div class=\"wpb_wrapper\">\n\t\t\t<p><span style=\"color: #ffffff;\">\u00bfA\u00fan se pregunta si este tipo de suelo es la mejor opci\u00f3n? En MataroReformas te contamos cu\u00e1les son las principales ventajas del mismo, que son importante tener en cuenta, ellas son:<\/span><\/p>\n\n\t\t<\/div>\n\t<\/div>\n<\/div><\/div><\/div><div class=\"wpb_column vc_column_container vc_col-sm-12 vc_col-md-4\"><div class=\"vc_column-inner\"><div class=\"wpb_wrapper\">\n\t\t<div class=\"feature-box-small-icon text-light\">\n        <span class=\"icon\">\n        \t<i class=\"icon_box-checked id-color\"><\/i>\n        <\/span>\n        <div class=\"text\">\n            <h3>Resistencia a la Humedad<\/h3>\n            Es posible instalarlo en cualquier lugar de su vivienda, incluso en las zonas m\u00e1s h\u00famedas como suelen ser el ba\u00f1o y\/o la cocina. Este material puede mojarse sin ning\u00fan problema.        <\/div>\n    <\/div>\n    \n<div class=\"vc_empty_space\"   style=\"height: 30px\"><span class=\"vc_empty_space_inner\"><\/span><\/div><\/div><\/div><\/div><div class=\"wpb_column vc_column_container vc_col-sm-12 vc_col-md-4\"><div class=\"vc_column-inner\"><div class=\"wpb_wrapper\">\n\t\t<div class=\"feature-box-small-icon text-light\">\n        <span class=\"icon\">\n        \t<i class=\"icon_box-checked id-color\"><\/i>\n        <\/span>\n        <div class=\"text\">\n            <h3>Mantenimiento y durabilidad<\/h3>\n            Una vez instalado en su hogar, oficina, apartamento o local comercial, el mantenimiento es muy sencillo y si se realiza correctamente durar\u00e1 muchos a\u00f1os, ya que dif\u00edcilmente se mancha.        <\/div>\n    <\/div>\n    \n<div class=\"vc_empty_space\"   style=\"height: 30px\"><span class=\"vc_empty_space_inner\"><\/span><\/div><\/div><\/div><\/div><div class=\"wpb_column vc_column_container vc_col-sm-12 vc_col-md-4\"><div class=\"vc_column-inner\"><div class=\"wpb_wrapper\">\n\t\t<div class=\"feature-box-small-icon text-light\">\n        <span class=\"icon\">\n        \t<i class=\"icon_box-checked id-color\"><\/i>\n        <\/span>\n        <div class=\"text\">\n            <h3>Variedad en Dise\u00f1os<\/h3>\n            Como ya lo hemos mencionado, existen una gran n\u00famero de opciones en dise\u00f1os y acabados para su hogar, desde tonos muy claros hasta los fuertes oscuros y con diferentes texturas.        <\/div>\n    <\/div>\n    \n<div class=\"vc_empty_space\"   style=\"height: 30px\"><span class=\"vc_empty_space_inner\"><\/span><\/div><\/div><\/div><\/div><\/div><\/div><div class=\"clearfix\"><\/div><\/section><section class=\"vc_rows wpb_row vc_row-fluid vc_custom_1481614324254 vc_row-o-equal-height vc_row-o-content-middle vc_row-flex\"><div class=\"row\"><div class=\"padd70 wpb_column vc_column_container vc_col-sm-12 vc_col-md-6\"><div class=\"vc_column-inner\"><div class=\"wpb_wrapper\">\n\t<div class=\"wpb_text_column wpb_content_element  vc_custom_1664845872295\" >\n\t\t<div class=\"wpb_wrapper\">\n\t\t\t<h2>Colocaci\u00f3n Suelo Porcel\u00e1nico Matar\u00f3: Caracter\u00edsticas de Suelo Porcel\u00e1nico <span class=\"tiny-border\">x<\/span><\/h2>\n<p class=\"intro\">El suelo porcel\u00e1nico cuenta con una gran cantidad de caracter\u00edsticas que juegan a favor del usuario, que es importante conocer para poder hacer la mejor elecci\u00f3n, entre las principales caracter\u00edsticas nuestros expertos comenta que: cuentan con una gran resistencia y durabilidad; se adaptan a cambios bruscos de temperatura; muy usadas en lugares como ba\u00f1os por ser antideslizantes; de la mano de nuestros expertos su colocaci\u00f3n resulta sencilla. Definitivamente, es un tipo de suelo de gran calidad.<\/p>\n\n\t\t<\/div>\n\t<\/div>\n<div class=\"vc_btn3-container vc_btn3-inline vc_custom_1669230931457\" ><a class=\"vc_general vc_btn3 vc_btn3-size-md vc_btn3-shape-rounded vc_btn3-style-modern vc_btn3-color-grey\" href=\"https:\/\/mataroreformas.com\/ca\/contacto\/\" title=\"\">Solicita tu Presupuesto<\/a><\/div><\/div><\/div><\/div><div class=\"wpb_column vc_column_container vc_col-sm-12 vc_col-md-6 vc_col-has-fill\"><div class=\"vc_column-inner vc_custom_1664847643703\"><div class=\"wpb_wrapper\"><\/div><\/div><\/div><div class=\"wpb_column vc_column_container vc_col-sm-12 vc_col-has-fill\"><div class=\"vc_column-inner vc_custom_1664846490069\"><div class=\"wpb_wrapper\">\n\t<div class=\"wpb_text_column wpb_content_element\" >\n\t\t<div class=\"wpb_wrapper\">\n\t\t\t<p class=\"seccion-enlace-principal\" style=\"text-align: center;\"><strong>Consulta todos los servicios que tenemos en <a href=\"http:\/\/mataroreformas.com\/ca\/\">Reformas Matar\u00f3<\/a> para ti<\/strong><\/p>\n\n\t\t<\/div>\n\t<\/div>\n<\/div><\/div><\/div><\/div><div class=\"clearfix\"><\/div><\/section><section class=\"vc_rows wpb_row vc_row-fluid vc_custom_1641938180790 vc_row-has-fill vc_row-o-equal-height vc_row-o-content-middle vc_row-flex\"><div class=\"row\"><div class=\"wpb_column vc_column_container vc_col-sm-12 vc_col-md-6 vc_col-has-fill\"><div class=\"vc_column-inner vc_custom_1664847661581\"><div class=\"wpb_wrapper\"><\/div><\/div><\/div><div class=\"padd70 wpb_column vc_column_container vc_col-sm-12 vc_col-md-6\"><div class=\"vc_column-inner\"><div class=\"wpb_wrapper\">\n\t<div class=\"wpb_text_column wpb_content_element  vc_custom_1664845957943\" >\n\t\t<div class=\"wpb_wrapper\">\n\t\t\t<h2><span style=\"color: #ffffff;\">\u00bfC\u00f3mo contactarnos para su pr\u00f3xima Colocaci\u00f3n suelo Porcel\u00e1nico Matar\u00f3? <span class=\"tiny-border\">x<\/span><\/span><\/h2>\n<p class=\"intro\"><span style=\"color: #ffffff;\">Contamos con diferentes medios por los cuales nuestros clientes pueden comunicarse con nuestro equipo y realizar una cotizaci\u00f3n, o solicitar una visita para valorar su proyecto. La forma m\u00e1s directa es a trav\u00e9s de nuestros n\u00fameros telef\u00f3nicos para un contacto m\u00e1s directo y personal; otra manera es a trav\u00e9s de nuestro correo electr\u00f3nico, el cual est\u00e1 disponible para recibir sus solicitudes. Contar\u00e1 con los profesionales m\u00e1s vers\u00e1tiles y experimentados en Matar\u00f3.<\/span><\/p>\n\n\t\t<\/div>\n\t<\/div>\n<div class=\"vc_btn3-container vc_btn3-inline vc_custom_1669230931457\" ><a class=\"vc_general vc_btn3 vc_btn3-size-md vc_btn3-shape-rounded vc_btn3-style-modern vc_btn3-color-grey\" href=\"https:\/\/mataroreformas.com\/ca\/contacto\/\" title=\"\">Solicita tu Presupuesto<\/a><\/div><\/div><\/div><\/div><\/div><div class=\"clearfix\"><\/div><\/section><section class=\"vc_rows wpb_row vc_row-fluid vc_custom_1664846791604\"><div class=\"row\"><div class=\"wpb_column vc_column_container vc_col-sm-12 vc_col-has-fill\"><div class=\"vc_column-inner vc_custom_1664846817002\"><div class=\"wpb_wrapper\">\n\t<div class=\"wpb_text_column wpb_content_element\" >\n\t\t<div class=\"wpb_wrapper\">\n\t\t\t<p class=\"seccion-enlace-principal\" style=\"text-align: center;\"><strong>Visita nuestra p\u00e1gina <a href=\"https:\/\/mataroreformas.com\/ca\/colocacion-de-suelos-mataro\/\">Colocaci\u00f3n de Suelos Matar\u00f3<\/a> y descubre todos los tipos de suelos que instalamos.<\/strong><\/p>\n\n\t\t<\/div>\n\t<\/div>\n<\/div><\/div><\/div><\/div><div class=\"clearfix\"><\/div><\/section>","protected":false},"excerpt":{"rendered":"Nuestro servicio de Colocaci\u00f3n Suelo Porcel\u00e1nico Matar\u00f3 x En MataroReformas realizamos la instalaci\u00f3n o Colocaci\u00f3n de Suelos Porcel\u00e1nico en Matar\u00f3, de la mano de expertos en la materia. Realizamos la instalaci\u00f3n de uno de los materiales con m\u00e1s detalles y acabados est\u00e9ticos incre\u00edbles, ideal para interiores en viviendas, espec\u00edficamente en ba\u00f1os y cocinas, debido a [...]","protected":false},"author":1,"featured_media":0,"parent":0,"menu_order":0,"comment_status":"closed","ping_status":"closed","template":"page-templates\/template-fullwidth.php","meta":{"_uag_custom_page_level_css":"","footnotes":""},"class_list":["post-1472","page","type-page","status-publish","hentry"],"yoast_head":"<!-- This site is optimized with the Yoast SEO plugin v27.4 - https:\/\/yoast.com\/product\/yoast-seo-wordpress\/ -->\n<title>Colocaci\u00f3n Suelo Porcel\u00e1nico Matar\u00f3 y Maresme - Expertos en pisos<\/title>\n<meta name=\"description\" content=\"Colocaci\u00f3n suelo Porcel\u00e1nico Matar\u00f3, Instalaci\u00f3n de Pisos Porcel\u00e1nicos en Maresme, Reparaci\u00f3n de superficie Porcel\u00e1nico esmaltados en Arenys.\" \/>\n<meta name=\"robots\" content=\"index, follow, max-snippet:-1, max-image-preview:large, max-video-preview:-1\" \/>\n<link rel=\"canonical\" href=\"https:\/\/mataroreformas.com\/ca\/colocacion-suelo-porcelanico-mataro\/\" \/>\n<meta property=\"og:locale\" content=\"ca_ES\" \/>\n<meta property=\"og:type\" content=\"article\" \/>\n<meta property=\"og:title\" content=\"Colocaci\u00f3n Suelo Porcel\u00e1nico Matar\u00f3 y Maresme - Expertos en pisos\" \/>\n<meta property=\"og:description\" content=\"Colocaci\u00f3n suelo Porcel\u00e1nico Matar\u00f3, Instalaci\u00f3n de Pisos Porcel\u00e1nicos en Maresme, Reparaci\u00f3n de superficie Porcel\u00e1nico esmaltados en Arenys.\" \/>\n<meta property=\"og:url\" content=\"https:\/\/mataroreformas.com\/ca\/colocacion-suelo-porcelanico-mataro\/\" \/>\n<meta property=\"og:site_name\" content=\"Matar\u00f3 Reformas\" \/>\n<meta property=\"article:modified_time\" content=\"2022-11-23T19:17:43+00:00\" \/>\n<meta name=\"twitter:card\" content=\"summary_large_image\" \/>\n<meta name=\"twitter:label1\" content=\"Temps estimat de lectura\" \/>\n\t<meta name=\"twitter:data1\" content=\"5 minuts\" \/>\n<script type=\"application\/ld+json\" class=\"yoast-schema-graph\">{\"@context\":\"https:\\\/\\\/schema.org\",\"@graph\":[{\"@type\":\"WebPage\",\"@id\":\"https:\\\/\\\/mataroreformas.com\\\/colocacion-suelo-porcelanico-mataro\",\"url\":\"https:\\\/\\\/mataroreformas.com\\\/colocacion-suelo-porcelanico-mataro\",\"name\":\"Colocaci\u00f3n Suelo Porcel\u00e1nico Matar\u00f3 y Maresme - Expertos en pisos\",\"isPartOf\":{\"@id\":\"https:\\\/\\\/mataroreformas.com\\\/#website\"},\"datePublished\":\"2022-10-04T01:17:59+00:00\",\"dateModified\":\"2022-11-23T19:17:43+00:00\",\"description\":\"Colocaci\u00f3n suelo Porcel\u00e1nico Matar\u00f3, Instalaci\u00f3n de Pisos Porcel\u00e1nicos en Maresme, Reparaci\u00f3n de superficie Porcel\u00e1nico esmaltados en Arenys.\",\"breadcrumb\":{\"@id\":\"https:\\\/\\\/mataroreformas.com\\\/colocacion-suelo-porcelanico-mataro#breadcrumb\"},\"inLanguage\":\"ca\",\"potentialAction\":[{\"@type\":\"ReadAction\",\"target\":[\"https:\\\/\\\/mataroreformas.com\\\/colocacion-suelo-porcelanico-mataro\"]}]},{\"@type\":\"BreadcrumbList\",\"@id\":\"https:\\\/\\\/mataroreformas.com\\\/colocacion-suelo-porcelanico-mataro#breadcrumb\",\"itemListElement\":[{\"@type\":\"ListItem\",\"position\":1,\"name\":\"Portada\",\"item\":\"https:\\\/\\\/mataroreformas.com\\\/\"},{\"@type\":\"ListItem\",\"position\":2,\"name\":\"Colocaci\u00f3n Suelo Porcel\u00e1nico Matar\u00f3\"}]},{\"@type\":\"WebSite\",\"@id\":\"https:\\\/\\\/mataroreformas.com\\\/#website\",\"url\":\"https:\\\/\\\/mataroreformas.com\\\/\",\"name\":\"Matar\u00f3 Reformas\",\"description\":\"Reformas de todo tipo a su alcance\",\"potentialAction\":[{\"@type\":\"SearchAction\",\"target\":{\"@type\":\"EntryPoint\",\"urlTemplate\":\"https:\\\/\\\/mataroreformas.com\\\/?s={search_term_string}\"},\"query-input\":{\"@type\":\"PropertyValueSpecification\",\"valueRequired\":true,\"valueName\":\"search_term_string\"}}],\"inLanguage\":\"ca\"}]}<\/script>\n<!-- \/ Yoast SEO plugin. -->","yoast_head_json":{"title":"Colocaci\u00f3n Suelo Porcel\u00e1nico Matar\u00f3 y Maresme - Expertos en pisos","description":"Colocaci\u00f3n suelo Porcel\u00e1nico Matar\u00f3, Instalaci\u00f3n de Pisos Porcel\u00e1nicos en Maresme, Reparaci\u00f3n de superficie Porcel\u00e1nico esmaltados en Arenys.","robots":{"index":"index","follow":"follow","max-snippet":"max-snippet:-1","max-image-preview":"max-image-preview:large","max-video-preview":"max-video-preview:-1"},"canonical":"https:\/\/mataroreformas.com\/ca\/colocacion-suelo-porcelanico-mataro\/","og_locale":"ca_ES","og_type":"article","og_title":"Colocaci\u00f3n Suelo Porcel\u00e1nico Matar\u00f3 y Maresme - Expertos en pisos","og_description":"Colocaci\u00f3n suelo Porcel\u00e1nico Matar\u00f3, Instalaci\u00f3n de Pisos Porcel\u00e1nicos en Maresme, Reparaci\u00f3n de superficie Porcel\u00e1nico esmaltados en Arenys.","og_url":"https:\/\/mataroreformas.com\/ca\/colocacion-suelo-porcelanico-mataro\/","og_site_name":"Matar\u00f3 Reformas","article_modified_time":"2022-11-23T19:17:43+00:00","twitter_card":"summary_large_image","twitter_misc":{"Temps estimat de lectura":"5 minuts"},"schema":{"@context":"https:\/\/schema.org","@graph":[{"@type":"WebPage","@id":"https:\/\/mataroreformas.com\/colocacion-suelo-porcelanico-mataro","url":"https:\/\/mataroreformas.com\/colocacion-suelo-porcelanico-mataro","name":"Colocaci\u00f3n Suelo Porcel\u00e1nico Matar\u00f3 y Maresme - Expertos en pisos","isPartOf":{"@id":"https:\/\/mataroreformas.com\/#website"},"datePublished":"2022-10-04T01:17:59+00:00","dateModified":"2022-11-23T19:17:43+00:00","description":"Colocaci\u00f3n suelo Porcel\u00e1nico Matar\u00f3, Instalaci\u00f3n de Pisos Porcel\u00e1nicos en Maresme, Reparaci\u00f3n de superficie Porcel\u00e1nico esmaltados en Arenys.","breadcrumb":{"@id":"https:\/\/mataroreformas.com\/colocacion-suelo-porcelanico-mataro#breadcrumb"},"inLanguage":"ca","potentialAction":[{"@type":"ReadAction","target":["https:\/\/mataroreformas.com\/colocacion-suelo-porcelanico-mataro"]}]},{"@type":"BreadcrumbList","@id":"https:\/\/mataroreformas.com\/colocacion-suelo-porcelanico-mataro#breadcrumb","itemListElement":[{"@type":"ListItem","position":1,"name":"Portada","item":"https:\/\/mataroreformas.com\/"},{"@type":"ListItem","position":2,"name":"Colocaci\u00f3n Suelo Porcel\u00e1nico Matar\u00f3"}]},{"@type":"WebSite","@id":"https:\/\/mataroreformas.com\/#website","url":"https:\/\/mataroreformas.com\/","name":"Matar\u00f3 Reformas","description":"Reformas de todo tipo a su alcance","potentialAction":[{"@type":"SearchAction","target":{"@type":"EntryPoint","urlTemplate":"https:\/\/mataroreformas.com\/?s={search_term_string}"},"query-input":{"@type":"PropertyValueSpecification","valueRequired":true,"valueName":"search_term_string"}}],"inLanguage":"ca"}]}},"uagb_featured_image_src":{"full":false,"thumbnail":false,"medium":false,"medium_large":false,"large":false,"1536x1536":false,"2048x2048":false,"trp-custom-language-flag":false},"uagb_author_info":{"display_name":"reformamataro","author_link":"https:\/\/mataroreformas.com\/ca\/author\/reformamataro"},"uagb_comment_info":0,"uagb_excerpt":null,"_links":{"self":[{"href":"https:\/\/mataroreformas.com\/ca\/wp-json\/wp\/v2\/pages\/1472","targetHints":{"allow":["GET"]}}],"collection":[{"href":"https:\/\/mataroreformas.com\/ca\/wp-json\/wp\/v2\/pages"}],"about":[{"href":"https:\/\/mataroreformas.com\/ca\/wp-json\/wp\/v2\/types\/page"}],"author":[{"embeddable":true,"href":"https:\/\/mataroreformas.com\/ca\/wp-json\/wp\/v2\/users\/1"}],"replies":[{"embeddable":true,"href":"https:\/\/mataroreformas.com\/ca\/wp-json\/wp\/v2\/comments?post=1472"}],"version-history":[{"count":7,"href":"https:\/\/mataroreformas.com\/ca\/wp-json\/wp\/v2\/pages\/1472\/revisions"}],"predecessor-version":[{"id":1734,"href":"https:\/\/mataroreformas.com\/ca\/wp-json\/wp\/v2\/pages\/1472\/revisions\/1734"}],"wp:attachment":[{"href":"https:\/\/mataroreformas.com\/ca\/wp-json\/wp\/v2\/media?parent=1472"}],"curies":[{"name":"wp","href":"https:\/\/api.w.org\/{rel}","templated":true}]}}