{"id":1407,"date":"2022-01-20T22:30:21","date_gmt":"2022-01-20T22:30:21","guid":{"rendered":"http:\/\/mataroreformas.com\/?page_id=1407"},"modified":"2022-11-10T19:55:52","modified_gmt":"2022-11-10T19:55:52","slug":"reforma-de-cocinas-en-mataro","status":"publish","type":"page","link":"https:\/\/mataroreformas.com\/ca\/reforma-de-cocinas-en-mataro","title":{"rendered":"Reforma de Cocinas en Matar\u00f3"},"content":{"rendered":"<section class=\"vc_rows wpb_row vc_row-fluid vc_custom_1481614324254 vc_row-o-equal-height vc_row-o-content-middle vc_row-flex\"><div class=\"row\"><div class=\"padd70 wpb_column vc_column_container vc_col-sm-12 vc_col-md-6\"><div class=\"vc_column-inner\"><div class=\"wpb_wrapper\">\n\t<div class=\"wpb_text_column wpb_content_element  vc_custom_1642711673572\" >\n\t\t<div class=\"wpb_wrapper\">\n\t\t\t<h2>Ofrecemos a nuestros clientes servicio de reforma de cocinas en Matar\u00f3 <span class=\"tiny-border\">x<\/span><\/h2>\n<p class=\"intro\">En Reformas Matar\u00f3 somos especialistas a la hora de realizar renovaciones a la cocina. La cocina es uno de los espacios m\u00e1s importantes del hogar y es por eso que tenemos para nuestros clientes las mejores ideas, los mejores dise\u00f1os, el uso de los mejores materiales y el mejor equipo de profesionales para ofrecerle a nuestros clientes la mejor experiencia. El servicio de Reforma de Cocinas en Matar\u00f3 es totalmente personalizable, tenemos diferentes tipos de opciones para escoger, no esperes m\u00e1s y cont\u00e1ctenos<\/p>\n\n\t\t<\/div>\n\t<\/div>\n<\/div><\/div><\/div><div class=\"wpb_column vc_column_container vc_col-sm-12 vc_col-md-6 vc_col-has-fill\"><div class=\"vc_column-inner vc_custom_1642624815454\"><div class=\"wpb_wrapper\">\n\t<div  class=\"wpb_single_image wpb_content_element vc_align_left\">\n\t\t\n\t\t<figure class=\"wpb_wrapper vc_figure\">\n\t\t\t<div class=\"vc_single_image-wrapper   vc_box_border_grey\"><img loading=\"lazy\" decoding=\"async\" width=\"829\" height=\"667\" src=\"https:\/\/mataroreformas.com\/wp-content\/uploads\/2022\/01\/reforma-de-cocinas-en-mataro-04.jpg\" class=\"vc_single_image-img attachment-full\" alt=\"\" title=\"reforma-de-cocinas-en-mataro-04\" srcset=\"https:\/\/mataroreformas.com\/wp-content\/uploads\/2022\/01\/reforma-de-cocinas-en-mataro-04.jpg 829w, https:\/\/mataroreformas.com\/wp-content\/uploads\/2022\/01\/reforma-de-cocinas-en-mataro-04-300x241.jpg 300w, https:\/\/mataroreformas.com\/wp-content\/uploads\/2022\/01\/reforma-de-cocinas-en-mataro-04-768x618.jpg 768w\" sizes=\"auto, (max-width: 829px) 100vw, 829px\" \/><\/div>\n\t\t<\/figure>\n\t<\/div>\n<\/div><\/div><\/div><\/div><div class=\"clearfix\"><\/div><\/section><section data-stellar-background-ratio=\".2\" class=\"vc_rows wpb_row vc_row-fluid vc_custom_1642717774450 vc_row-has-fill parallax\"><div class=\"container\"><div class=\"row\"><div class=\"wpb_column vc_column_container vc_col-sm-12\"><div class=\"vc_column-inner\"><div class=\"wpb_wrapper\">\n\t<div class=\"wpb_text_column wpb_content_element  vc_custom_1642712577913\" >\n\t\t<div class=\"wpb_wrapper\">\n\t\t\t<h2><span style=\"color: #ffffff;\">\u00bfCu\u00e1les son las principales ventajas de realizar una Reforma de Cocinas en Matar\u00f3? <span class=\"tiny-border\">x<\/span><\/span><\/h2>\n\n\t\t<\/div>\n\t<\/div>\n\n\t<div class=\"wpb_text_column wpb_content_element  vc_custom_1642712697113\" >\n\t\t<div class=\"wpb_wrapper\">\n\t\t\t<p><span style=\"color: #ffffff;\">Somos consientes de los beneficios que ofrece realizar la renovaci\u00f3n en tu cocina, ac\u00e1 te explicamos las que para nosotros son las principales ventajas:<\/span><\/p>\n\n\t\t<\/div>\n\t<\/div>\n<\/div><\/div><\/div><div class=\"wpb_column vc_column_container vc_col-sm-12 vc_col-md-4\"><div class=\"vc_column-inner\"><div class=\"wpb_wrapper\">\n\t\t<div class=\"feature-box-small-icon text-light\">\n        <span class=\"icon\">\n        \t<i class=\"icon_box-checked id-color\"><\/i>\n        <\/span>\n        <div class=\"text\">\n            <h3>F\u00e1cil limpieza<\/h3>\n            Realizar la renovaci\u00f3n en tu cocina permitir\u00e1 cambiar esos antiguos electrodom\u00e9sticos o accesorios de la cocina que con el paso del tiempo han perdido su brillo, por unos m\u00e1s modernos y de f\u00e1cil limpieza.        <\/div>\n    <\/div>\n    \n<div class=\"vc_empty_space\"   style=\"height: 30px\"><span class=\"vc_empty_space_inner\"><\/span><\/div><\/div><\/div><\/div><div class=\"wpb_column vc_column_container vc_col-sm-12 vc_col-md-4\"><div class=\"vc_column-inner\"><div class=\"wpb_wrapper\">\n\t\t<div class=\"feature-box-small-icon text-light\">\n        <span class=\"icon\">\n        \t<i class=\"icon_box-checked id-color\"><\/i>\n        <\/span>\n        <div class=\"text\">\n            <h3>Mayor espacio<\/h3>\n            Una vez nuestros expertos all\u00e1 realizado una reforma total de tu cocina, notar\u00e1s un cambio radical, en especial con el espacio libre que podr\u00e1s aprovechar para tener mayor movilidad o para colocar nuevos accesorios decorativos y funcionales.        <\/div>\n    <\/div>\n    \n<div class=\"vc_empty_space\"   style=\"height: 30px\"><span class=\"vc_empty_space_inner\"><\/span><\/div><\/div><\/div><\/div><div class=\"wpb_column vc_column_container vc_col-sm-12 vc_col-md-4\"><div class=\"vc_column-inner\"><div class=\"wpb_wrapper\">\n\t\t<div class=\"feature-box-small-icon text-light\">\n        <span class=\"icon\">\n        \t<i class=\"icon_box-checked id-color\"><\/i>\n        <\/span>\n        <div class=\"text\">\n            <h3>Mayor eficiencia<\/h3>\n            Esto se consigue al momento de reemplazar o ajustar elementos de la cocina como la iluminaci\u00f3n, est\u00e1 una vez se encuentre bien distribuida se reduce el consumo, al igual que el agua, se puede aprovechar de manera m\u00e1s consiente y eficiente.        <\/div>\n    <\/div>\n    \n<div class=\"vc_empty_space\"   style=\"height: 30px\"><span class=\"vc_empty_space_inner\"><\/span><\/div><\/div><\/div><\/div><\/div><\/div><div class=\"clearfix\"><\/div><\/section><section class=\"vc_rows wpb_row vc_row-fluid vc_custom_1481614324254 vc_row-o-equal-height vc_row-o-content-middle vc_row-flex\"><div class=\"row\"><div class=\"padd70 wpb_column vc_column_container vc_col-sm-12 vc_col-md-6\"><div class=\"vc_column-inner\"><div class=\"wpb_wrapper\">\n\t<div class=\"wpb_text_column wpb_content_element  vc_custom_1642714160326\" >\n\t\t<div class=\"wpb_wrapper\">\n\t\t\t<h2>\u00bfCu\u00e1nto cuesta realizar la Reforma de Cocina en Matar\u00f3? <span class=\"tiny-border\">x<\/span><\/h2>\n<p class=\"intro\">Esto depender\u00e1 mucho del tipo de cocina, del tipo de reforma que desea el cliente, si esta reformaci\u00f3n de la cocina ser\u00e1 parcial o completa. Nuestros expertos ejecutan una visita t\u00e9cnica para calcular el espacio donde se va a realizar el trabajo y as\u00ed poder presupuestar la renovaci\u00f3n, generalmente el c\u00e1lculo se realiza por metros cuadrados&#8230; Y se deber\u00e1 tener en cuenta el tipo de materiales que se usaran en la reforma<\/p>\n\n\t\t<\/div>\n\t<\/div>\n<\/div><\/div><\/div><div class=\"wpb_column vc_column_container vc_col-sm-12 vc_col-md-6 vc_col-has-fill\"><div class=\"vc_column-inner vc_custom_1642717754750\"><div class=\"wpb_wrapper\"><\/div><\/div><\/div><div class=\"wpb_column vc_column_container vc_col-sm-12 vc_col-has-fill\"><div class=\"vc_column-inner vc_custom_1642082066065\"><div class=\"wpb_wrapper\">\n\t<div class=\"wpb_text_column wpb_content_element\" >\n\t\t<div class=\"wpb_wrapper\">\n\t\t\t<p class=\"seccion-enlace-principal\" style=\"text-align: center;\"><strong>Consulta todos los servicios que tenemos en <a href=\"http:\/\/mataroreformas.com\/ca\/\">Reformas Matar\u00f3<\/a> para ti<\/strong><\/p>\n\n\t\t<\/div>\n\t<\/div>\n<\/div><\/div><\/div><\/div><div class=\"clearfix\"><\/div><\/section><section class=\"vc_rows wpb_row vc_row-fluid vc_custom_1641937821471\"><div class=\"container\"><div class=\"row\"><div class=\"wpb_column vc_column_container vc_col-sm-2\"><div class=\"vc_column-inner\"><div class=\"wpb_wrapper\"><\/div><\/div><\/div><div class=\"wpb_column vc_column_container vc_col-sm-8\"><div class=\"vc_column-inner\"><div class=\"wpb_wrapper\">\n\t<div class=\"wpb_text_column wpb_content_element  vc_custom_1642714296522\" >\n\t\t<div class=\"wpb_wrapper\">\n\t\t\t<h2>Tipos de Reforma de Cocinas en Matar\u00f3 que realizamos <span class=\"tiny-border\">x<\/span><\/h2>\n<p class=\"intro\">Tenemos variedad de opciones para ofrecer a nuestros clientes, entre las m\u00e1s destacadas tenemos:<\/p>\n\n\t\t<\/div>\n\t<\/div>\n<\/div><\/div><\/div><div class=\"wpb_column vc_column_container vc_col-sm-2\"><div class=\"vc_column-inner\"><div class=\"wpb_wrapper\"><\/div><\/div><\/div><\/div><\/div><div class=\"clearfix\"><\/div><\/section><section class=\"vc_rows wpb_row vc_row-fluid vc_custom_1641937856175\"><div class=\"container\"><div class=\"row\"><div class=\"wpb_column vc_column_container vc_col-sm-4\"><div class=\"vc_column-inner\"><div class=\"wpb_wrapper\">\n\t<div class=\"wpb_text_column wpb_content_element  vc_custom_1642715864277\" >\n\t\t<div class=\"wpb_wrapper\">\n\t\t\t<h3 style=\"text-align: center;\">Reforma de Cocinas a la medida<\/h3>\n<p class=\"intro\" style=\"text-align: center;\">Ofrecemos a nuestros clientes dise\u00f1os limpios, est\u00e9ticos, para poder aprovechar el espacio lo m\u00e1ximo posible; realizamos presupuestos perfectamente adaptados a nuestros clientes y trabajos completamente personalizados.<\/p>\n\n\t\t<\/div>\n\t<\/div>\n<\/div><\/div><\/div><div class=\"wpb_column vc_column_container vc_col-sm-4\"><div class=\"vc_column-inner\"><div class=\"wpb_wrapper\">\n\t<div class=\"wpb_text_column wpb_content_element  vc_custom_1642716003287\" >\n\t\t<div class=\"wpb_wrapper\">\n\t\t\t<h3 style=\"text-align: center;\">Reforma de Cocinas de Bajo Costo<\/h3>\n<p class=\"intro\" style=\"text-align: center;\">Realizamos la reforma de tu cocina bas\u00e1ndonos en el alcance de tu presupuesto, si es bajo o medio nuestros expertos se adapta completamente para darte un trabajo final que te haga sentir conforme con los resultados.<\/p>\n\n\t\t<\/div>\n\t<\/div>\n<\/div><\/div><\/div><div class=\"wpb_column vc_column_container vc_col-sm-4\"><div class=\"vc_column-inner\"><div class=\"wpb_wrapper\">\n\t<div class=\"wpb_text_column wpb_content_element  vc_custom_1642716174247\" >\n\t\t<div class=\"wpb_wrapper\">\n\t\t\t<h3 style=\"text-align: center;\">Reforma de Cocinas sin Obras<\/h3>\n<p class=\"intro\" style=\"text-align: center;\">Sin necesidad de eliminar inmobiliaria, revestimientos ni soldaduras. Trabajamos sobre la cocina actual y le damos un estilo \u00fanico y moderno, nuestros expertos en el \u00e1rea est\u00e1n parta ayudarte y darte la asesor\u00eda necesaria. Cont\u00e1ctenos.<\/p>\n\n\t\t<\/div>\n\t<\/div>\n<\/div><\/div><\/div><\/div><\/div><div class=\"clearfix\"><\/div><\/section><section class=\"vc_rows wpb_row vc_row-fluid vc_custom_1641938180790 vc_row-has-fill vc_row-o-equal-height vc_row-o-content-middle vc_row-flex\"><div class=\"row\"><div class=\"wpb_column vc_column_container vc_col-sm-12 vc_col-md-6 vc_col-has-fill\"><div class=\"vc_column-inner vc_custom_1642717722661\"><div class=\"wpb_wrapper\"><\/div><\/div><\/div><div class=\"padd70 wpb_column vc_column_container vc_col-sm-12 vc_col-md-6\"><div class=\"vc_column-inner\"><div class=\"wpb_wrapper\">\n\t<div class=\"wpb_text_column wpb_content_element  vc_custom_1642717048326\" >\n\t\t<div class=\"wpb_wrapper\">\n\t\t\t<h2><span style=\"color: #ffffff;\">Reforma de cocinas en Matar\u00f3: Instalamos cocinas de lujo <span class=\"tiny-border\">x<\/span><\/span><\/h2>\n<p class=\"intro\"><span style=\"color: #ffffff;\">Somos los profesionales mejor calificados y de confianza para manejar un proyecto de gran magnitud con responsabilidad y criterio. Si cuentas con un amplio presupuesto podemos realizar para ti y tu familia dise\u00f1os y trabajos de gran nivel, sin gastos innecesarios no esperes m\u00e1s y contacta con nuestro equipo.<\/span><\/p>\n\n\t\t<\/div>\n\t<\/div>\n<\/div><\/div><\/div><\/div><div class=\"clearfix\"><\/div><\/section>","protected":false},"excerpt":{"rendered":"Ofrecemos a nuestros clientes servicio de reforma de cocinas en Matar\u00f3 x En Reformas Matar\u00f3 somos especialistas a la hora de realizar renovaciones a la cocina. La cocina es uno de los espacios m\u00e1s importantes del hogar y es por eso que tenemos para nuestros clientes las mejores ideas, los mejores dise\u00f1os, el uso de [...]","protected":false},"author":1,"featured_media":0,"parent":0,"menu_order":0,"comment_status":"closed","ping_status":"closed","template":"page-templates\/template-fullwidth.php","meta":{"_uag_custom_page_level_css":"","footnotes":""},"class_list":["post-1407","page","type-page","status-publish","hentry"],"yoast_head":"<!-- This site is optimized with the Yoast SEO plugin v27.4 - https:\/\/yoast.com\/product\/yoast-seo-wordpress\/ -->\n<title>Reforma de Cocinas en Matar\u00f3 y Maresme - Expertos en Renovaciones<\/title>\n<meta name=\"description\" content=\"Reforma de Cocinas en Matar\u00f3 y Maresme. Modernizaci\u00f3n de Cocinas a la medida, Reparaciones de Bajo Costo, Instalaci\u00f3n de Cocinas sin Obras.\" \/>\n<meta name=\"robots\" content=\"index, follow, max-snippet:-1, max-image-preview:large, max-video-preview:-1\" \/>\n<link rel=\"canonical\" href=\"https:\/\/mataroreformas.com\/ca\/reforma-de-cocinas-en-mataro\/\" \/>\n<meta property=\"og:locale\" content=\"ca_ES\" \/>\n<meta property=\"og:type\" content=\"article\" \/>\n<meta property=\"og:title\" content=\"Reforma de Cocinas en Matar\u00f3 y Maresme - Expertos en Renovaciones\" \/>\n<meta property=\"og:description\" content=\"Reforma de Cocinas en Matar\u00f3 y Maresme. Modernizaci\u00f3n de Cocinas a la medida, Reparaciones de Bajo Costo, Instalaci\u00f3n de Cocinas sin Obras.\" \/>\n<meta property=\"og:url\" content=\"https:\/\/mataroreformas.com\/ca\/reforma-de-cocinas-en-mataro\/\" \/>\n<meta property=\"og:site_name\" content=\"Matar\u00f3 Reformas\" \/>\n<meta property=\"article:modified_time\" content=\"2022-11-10T19:55:52+00:00\" \/>\n<meta name=\"twitter:card\" content=\"summary_large_image\" \/>\n<meta name=\"twitter:label1\" content=\"Temps estimat de lectura\" \/>\n\t<meta name=\"twitter:data1\" content=\"4 minuts\" \/>\n<script type=\"application\/ld+json\" class=\"yoast-schema-graph\">{\"@context\":\"https:\\\/\\\/schema.org\",\"@graph\":[{\"@type\":\"WebPage\",\"@id\":\"https:\\\/\\\/mataroreformas.com\\\/reforma-de-cocinas-en-mataro\",\"url\":\"https:\\\/\\\/mataroreformas.com\\\/reforma-de-cocinas-en-mataro\",\"name\":\"Reforma de Cocinas en Matar\u00f3 y Maresme - Expertos en Renovaciones\",\"isPartOf\":{\"@id\":\"https:\\\/\\\/mataroreformas.com\\\/#website\"},\"datePublished\":\"2022-01-20T22:30:21+00:00\",\"dateModified\":\"2022-11-10T19:55:52+00:00\",\"description\":\"Reforma de Cocinas en Matar\u00f3 y Maresme. Modernizaci\u00f3n de Cocinas a la medida, Reparaciones de Bajo Costo, Instalaci\u00f3n de Cocinas sin Obras.\",\"breadcrumb\":{\"@id\":\"https:\\\/\\\/mataroreformas.com\\\/reforma-de-cocinas-en-mataro#breadcrumb\"},\"inLanguage\":\"ca\",\"potentialAction\":[{\"@type\":\"ReadAction\",\"target\":[\"https:\\\/\\\/mataroreformas.com\\\/reforma-de-cocinas-en-mataro\"]}]},{\"@type\":\"BreadcrumbList\",\"@id\":\"https:\\\/\\\/mataroreformas.com\\\/reforma-de-cocinas-en-mataro#breadcrumb\",\"itemListElement\":[{\"@type\":\"ListItem\",\"position\":1,\"name\":\"Portada\",\"item\":\"https:\\\/\\\/mataroreformas.com\\\/\"},{\"@type\":\"ListItem\",\"position\":2,\"name\":\"Reforma de Cocinas en Matar\u00f3\"}]},{\"@type\":\"WebSite\",\"@id\":\"https:\\\/\\\/mataroreformas.com\\\/#website\",\"url\":\"https:\\\/\\\/mataroreformas.com\\\/\",\"name\":\"Matar\u00f3 Reformas\",\"description\":\"Reformas de todo tipo a su alcance\",\"potentialAction\":[{\"@type\":\"SearchAction\",\"target\":{\"@type\":\"EntryPoint\",\"urlTemplate\":\"https:\\\/\\\/mataroreformas.com\\\/?s={search_term_string}\"},\"query-input\":{\"@type\":\"PropertyValueSpecification\",\"valueRequired\":true,\"valueName\":\"search_term_string\"}}],\"inLanguage\":\"ca\"}]}<\/script>\n<!-- \/ Yoast SEO plugin. -->","yoast_head_json":{"title":"Reforma de Cocinas en Matar\u00f3 y Maresme - Expertos en Renovaciones","description":"Reforma de Cocinas en Matar\u00f3 y Maresme. Modernizaci\u00f3n de Cocinas a la medida, Reparaciones de Bajo Costo, Instalaci\u00f3n de Cocinas sin Obras.","robots":{"index":"index","follow":"follow","max-snippet":"max-snippet:-1","max-image-preview":"max-image-preview:large","max-video-preview":"max-video-preview:-1"},"canonical":"https:\/\/mataroreformas.com\/ca\/reforma-de-cocinas-en-mataro\/","og_locale":"ca_ES","og_type":"article","og_title":"Reforma de Cocinas en Matar\u00f3 y Maresme - Expertos en Renovaciones","og_description":"Reforma de Cocinas en Matar\u00f3 y Maresme. Modernizaci\u00f3n de Cocinas a la medida, Reparaciones de Bajo Costo, Instalaci\u00f3n de Cocinas sin Obras.","og_url":"https:\/\/mataroreformas.com\/ca\/reforma-de-cocinas-en-mataro\/","og_site_name":"Matar\u00f3 Reformas","article_modified_time":"2022-11-10T19:55:52+00:00","twitter_card":"summary_large_image","twitter_misc":{"Temps estimat de lectura":"4 minuts"},"schema":{"@context":"https:\/\/schema.org","@graph":[{"@type":"WebPage","@id":"https:\/\/mataroreformas.com\/reforma-de-cocinas-en-mataro","url":"https:\/\/mataroreformas.com\/reforma-de-cocinas-en-mataro","name":"Reforma de Cocinas en Matar\u00f3 y Maresme - Expertos en Renovaciones","isPartOf":{"@id":"https:\/\/mataroreformas.com\/#website"},"datePublished":"2022-01-20T22:30:21+00:00","dateModified":"2022-11-10T19:55:52+00:00","description":"Reforma de Cocinas en Matar\u00f3 y Maresme. Modernizaci\u00f3n de Cocinas a la medida, Reparaciones de Bajo Costo, Instalaci\u00f3n de Cocinas sin Obras.","breadcrumb":{"@id":"https:\/\/mataroreformas.com\/reforma-de-cocinas-en-mataro#breadcrumb"},"inLanguage":"ca","potentialAction":[{"@type":"ReadAction","target":["https:\/\/mataroreformas.com\/reforma-de-cocinas-en-mataro"]}]},{"@type":"BreadcrumbList","@id":"https:\/\/mataroreformas.com\/reforma-de-cocinas-en-mataro#breadcrumb","itemListElement":[{"@type":"ListItem","position":1,"name":"Portada","item":"https:\/\/mataroreformas.com\/"},{"@type":"ListItem","position":2,"name":"Reforma de Cocinas en Matar\u00f3"}]},{"@type":"WebSite","@id":"https:\/\/mataroreformas.com\/#website","url":"https:\/\/mataroreformas.com\/","name":"Matar\u00f3 Reformas","description":"Reformas de todo tipo a su alcance","potentialAction":[{"@type":"SearchAction","target":{"@type":"EntryPoint","urlTemplate":"https:\/\/mataroreformas.com\/?s={search_term_string}"},"query-input":{"@type":"PropertyValueSpecification","valueRequired":true,"valueName":"search_term_string"}}],"inLanguage":"ca"}]}},"uagb_featured_image_src":{"full":false,"thumbnail":false,"medium":false,"medium_large":false,"large":false,"1536x1536":false,"2048x2048":false,"trp-custom-language-flag":false},"uagb_author_info":{"display_name":"reformamataro","author_link":"https:\/\/mataroreformas.com\/ca\/author\/reformamataro"},"uagb_comment_info":0,"uagb_excerpt":null,"_links":{"self":[{"href":"https:\/\/mataroreformas.com\/ca\/wp-json\/wp\/v2\/pages\/1407","targetHints":{"allow":["GET"]}}],"collection":[{"href":"https:\/\/mataroreformas.com\/ca\/wp-json\/wp\/v2\/pages"}],"about":[{"href":"https:\/\/mataroreformas.com\/ca\/wp-json\/wp\/v2\/types\/page"}],"author":[{"embeddable":true,"href":"https:\/\/mataroreformas.com\/ca\/wp-json\/wp\/v2\/users\/1"}],"replies":[{"embeddable":true,"href":"https:\/\/mataroreformas.com\/ca\/wp-json\/wp\/v2\/comments?post=1407"}],"version-history":[{"count":2,"href":"https:\/\/mataroreformas.com\/ca\/wp-json\/wp\/v2\/pages\/1407\/revisions"}],"predecessor-version":[{"id":1413,"href":"https:\/\/mataroreformas.com\/ca\/wp-json\/wp\/v2\/pages\/1407\/revisions\/1413"}],"wp:attachment":[{"href":"https:\/\/mataroreformas.com\/ca\/wp-json\/wp\/v2\/media?parent=1407"}],"curies":[{"name":"wp","href":"https:\/\/api.w.org\/{rel}","templated":true}]}}