{"id":1400,"date":"2022-01-20T19:17:59","date_gmt":"2022-01-20T19:17:59","guid":{"rendered":"http:\/\/mataroreformas.com\/?page_id=1400"},"modified":"2022-11-23T18:36:37","modified_gmt":"2022-11-23T18:36:37","slug":"pladuristas-en-mataro","status":"publish","type":"page","link":"https:\/\/mataroreformas.com\/ca\/pladuristas-en-mataro","title":{"rendered":"Pladuristas en Matar\u00f3"},"content":{"rendered":"<section class=\"vc_rows wpb_row vc_row-fluid vc_custom_1481614324254 vc_row-o-equal-height vc_row-o-content-middle vc_row-flex\"><div class=\"row\"><div class=\"padd70 wpb_column vc_column_container vc_col-sm-12 vc_col-md-6\"><div class=\"vc_column-inner\"><div class=\"wpb_wrapper\">\n\t<div class=\"wpb_text_column wpb_content_element  vc_custom_1642705159298\" >\n\t\t<div class=\"wpb_wrapper\">\n\t\t\t<h2>Pladuristas en Matar\u00f3 con la m\u00e1s amplia experiencia <span class=\"tiny-border\">x<\/span><\/h2>\n<p class=\"intro\">Contamos con los mejores pladuristas y encinteros de Matar\u00f3. Desea realizar una reforma a su vivienda, negocio, o cualquier otro sitio, contamos con un amplio equipo de Pladuristas en Matar\u00f3 y encinteros, altamente capacitados, con varios a\u00f1os de experiencia trabajando con <a href=\"https:\/\/www.20minutos.es\/noticia\/2220239\/0\/pladur\/reformas\/ventajas-inconvenientes\/\" target=\"_blank\" rel=\"noopener\">Pladur<\/a>, d\u00e1ndole a conocer todas las ventajas que ofrece trabajar con este gran material, siempre d\u00e1ndole asesor\u00eda antes y durante el desarrollo de su proyecto.<\/p>\n\n\t\t<\/div>\n\t<\/div>\n<div class=\"vc_btn3-container vc_btn3-inline vc_custom_1669228229316\" ><a class=\"vc_general vc_btn3 vc_btn3-size-md vc_btn3-shape-rounded vc_btn3-style-modern vc_btn3-color-grey\" href=\"https:\/\/mataroreformas.com\/ca\/contacto\/\" title=\"\">Solicita tu Presupuesto<\/a><\/div><\/div><\/div><\/div><div class=\"wpb_column vc_column_container vc_col-sm-12 vc_col-md-6 vc_col-has-fill\"><div class=\"vc_column-inner vc_custom_1642095081797\"><div class=\"wpb_wrapper\">\n\t<div  class=\"wpb_single_image wpb_content_element vc_align_left\">\n\t\t\n\t\t<figure class=\"wpb_wrapper vc_figure\">\n\t\t\t<div class=\"vc_single_image-wrapper   vc_box_border_grey\"><img loading=\"lazy\" decoding=\"async\" width=\"577\" height=\"391\" src=\"https:\/\/mataroreformas.com\/wp-content\/uploads\/2022\/01\/pladuristas-en-mataro-01.jpg\" class=\"vc_single_image-img attachment-full\" alt=\"\" title=\"pladuristas-en-mataro-01\" srcset=\"https:\/\/mataroreformas.com\/wp-content\/uploads\/2022\/01\/pladuristas-en-mataro-01.jpg 577w, https:\/\/mataroreformas.com\/wp-content\/uploads\/2022\/01\/pladuristas-en-mataro-01-300x203.jpg 300w\" sizes=\"auto, (max-width: 577px) 100vw, 577px\" \/><\/div>\n\t\t<\/figure>\n\t<\/div>\n<\/div><\/div><\/div><\/div><div class=\"clearfix\"><\/div><\/section><section class=\"vc_rows wpb_row vc_row-fluid vc_custom_1669228533942\"><div class=\"row\"><div class=\"wpb_column vc_column_container vc_col-sm-12 vc_col-has-fill\"><div class=\"vc_column-inner vc_custom_1669225797733\"><div class=\"wpb_wrapper\">\n\t<div class=\"row call-to-action\">\n\t\t<div class=\"col-md-8\">\n\t        <h3 class=\"mt10\">Visita nuestra p\u00e1gina de contacto y solicita los servicios de uno de nuestros Pladuristas en Matar\u00f3 y Maresme<\/h3>\n\t    <\/div>\n\t    <div class=\"col-md-4 text-right\">\n\t    \t<a class=\"btn btn-line-black btn-fx\" href=\"https:\/\/mataroreformas.com\/ca\/contacto\/\" target=\"_self\">Contacto<\/a>\t    <\/div>\n    <\/div>\n\n<\/div><\/div><\/div><\/div><div class=\"clearfix\"><\/div><\/section><section data-stellar-background-ratio=\".2\" class=\"vc_rows wpb_row vc_row-fluid vc_custom_1642706204465 vc_row-has-fill parallax\"><div class=\"container\"><div class=\"row\"><div class=\"wpb_column vc_column_container vc_col-sm-12\"><div class=\"vc_column-inner\"><div class=\"wpb_wrapper\">\n\t<div class=\"wpb_text_column wpb_content_element  vc_custom_1642703225440\" >\n\t\t<div class=\"wpb_wrapper\">\n\t\t\t<h2><span style=\"color: #ffffff;\">\u00bfQu\u00e9 ofrecen nuestros Pladuristas en Matar\u00f3 al momento de trabajar? <span class=\"tiny-border\">x<\/span><\/span><\/h2>\n\n\t\t<\/div>\n\t<\/div>\n\n\t<div class=\"wpb_text_column wpb_content_element  vc_custom_1642703389726\" >\n\t\t<div class=\"wpb_wrapper\">\n\t\t\t<p><span style=\"color: #ffffff;\">En Reformas Matar\u00f3 sabemos lo importante que es poder contar con verdaderos expertos para realizar una reforma en su vivienda, local comercial u otros, es por eso que nuestros pladuristas en cada proyecto se caracterizan por ofrecer:<\/span><\/p>\n\n\t\t<\/div>\n\t<\/div>\n<\/div><\/div><\/div><div class=\"wpb_column vc_column_container vc_col-sm-12 vc_col-md-4\"><div class=\"vc_column-inner\"><div class=\"wpb_wrapper\">\n\t\t<div class=\"feature-box-small-icon text-light\">\n        <span class=\"icon\">\n        \t<i class=\"icon_box-checked id-color\"><\/i>\n        <\/span>\n        <div class=\"text\">\n            <h3>Limpieza y Orden<\/h3>\n            Cada proyecto es trabajado de la forma m\u00e1s ordenada posible, siempre cumpliendo con las normas de seguridad correspondientes, adem\u00e1s de siempre realizar un trabajo limpio, para evitar cualquier tipo de accidente.        <\/div>\n    <\/div>\n    \n<div class=\"vc_empty_space\"   style=\"height: 30px\"><span class=\"vc_empty_space_inner\"><\/span><\/div><\/div><\/div><\/div><div class=\"wpb_column vc_column_container vc_col-sm-12 vc_col-md-4\"><div class=\"vc_column-inner\"><div class=\"wpb_wrapper\">\n\t\t<div class=\"feature-box-small-icon text-light\">\n        <span class=\"icon\">\n        \t<i class=\"icon_box-checked id-color\"><\/i>\n        <\/span>\n        <div class=\"text\">\n            <h3>Compromiso y Responsabilidad<\/h3>\n            Nuestro equipo de Pladuristas y encinteros se compromete en cada trabajo sea grande o peque\u00f1o, todos los trabajos que realizan lo hacemos con el mayor sentido de pertenencia y siempre responsabilizados con lo que hacemos.        <\/div>\n    <\/div>\n    \n<div class=\"vc_empty_space\"   style=\"height: 30px\"><span class=\"vc_empty_space_inner\"><\/span><\/div><\/div><\/div><\/div><div class=\"wpb_column vc_column_container vc_col-sm-12 vc_col-md-4\"><div class=\"vc_column-inner\"><div class=\"wpb_wrapper\">\n\t\t<div class=\"feature-box-small-icon text-light\">\n        <span class=\"icon\">\n        \t<i class=\"icon_box-checked id-color\"><\/i>\n        <\/span>\n        <div class=\"text\">\n            <h3>Decoraciones de Chimeneas y muebles con Pladur<\/h3>\n            Damos gran estilo a sus chimeneas a trav\u00e9s de dise\u00f1os incre\u00edbles que logramos realizar con pladur, adem\u00e1s de esto nuestros montadores de pladur realizan reformas para muebles de todo tipo que son perfectamente funcionales y decorativas para combinar con m\u00e1s accesorios.        <\/div>\n    <\/div>\n    \n<div class=\"vc_empty_space\"   style=\"height: 30px\"><span class=\"vc_empty_space_inner\"><\/span><\/div><\/div><\/div><\/div><\/div><\/div><div class=\"clearfix\"><\/div><\/section><section class=\"vc_rows wpb_row vc_row-fluid vc_custom_1481614324254 vc_row-o-equal-height vc_row-o-content-middle vc_row-flex\"><div class=\"row\"><div class=\"padd70 wpb_column vc_column_container vc_col-sm-12 vc_col-md-6\"><div class=\"vc_column-inner\"><div class=\"wpb_wrapper\">\n\t<div class=\"wpb_text_column wpb_content_element  vc_custom_1642704267307\" >\n\t\t<div class=\"wpb_wrapper\">\n\t\t\t<h2>\u00bfQu\u00e9 labor realiza un encintero en una cuadrilla de Pladuristas en Matar\u00f3? <span class=\"tiny-border\">x<\/span><\/h2>\n<p class=\"intro\">Encintero o Encintador estos se encuentran disponibles en todas y cada una de las cuadrillas de pladuristas, trabaja a la par de los instaladores de pladur, se encarga de sellar y unir las placas de pladur una con la otra utilizando una mezcla de yeso y a la vez usando una cinta para darle mayor fuerza y firmeza a la uni\u00f3n de las placas de pladur.<\/p>\n\n\t\t<\/div>\n\t<\/div>\n<div class=\"vc_btn3-container vc_btn3-inline vc_custom_1669228229316\" ><a class=\"vc_general vc_btn3 vc_btn3-size-md vc_btn3-shape-rounded vc_btn3-style-modern vc_btn3-color-grey\" href=\"https:\/\/mataroreformas.com\/ca\/contacto\/\" title=\"\">Solicita tu Presupuesto<\/a><\/div><\/div><\/div><\/div><div class=\"wpb_column vc_column_container vc_col-sm-12 vc_col-md-6 vc_col-has-fill\"><div class=\"vc_column-inner vc_custom_1642706240977\"><div class=\"wpb_wrapper\"><\/div><\/div><\/div><div class=\"wpb_column vc_column_container vc_col-sm-12 vc_col-has-fill\"><div class=\"vc_column-inner vc_custom_1642727389185\"><div class=\"wpb_wrapper\">\n\t<div class=\"wpb_text_column wpb_content_element\" >\n\t\t<div class=\"wpb_wrapper\">\n\t\t\t<p class=\"seccion-enlace-principal\" style=\"text-align: center;\"><strong>Consulta todos los servicios que tenemos en <a href=\"http:\/\/mataroreformas.com\/ca\/\">Reformas Matar\u00f3<\/a> para ti<\/strong><\/p>\n\n\t\t<\/div>\n\t<\/div>\n<\/div><\/div><\/div><\/div><div class=\"clearfix\"><\/div><\/section><section class=\"vc_rows wpb_row vc_row-fluid vc_custom_1641937821471\"><div class=\"container\"><div class=\"row\"><div class=\"wpb_column vc_column_container vc_col-sm-2\"><div class=\"vc_column-inner\"><div class=\"wpb_wrapper\"><\/div><\/div><\/div><div class=\"wpb_column vc_column_container vc_col-sm-8\"><div class=\"vc_column-inner\"><div class=\"wpb_wrapper\">\n\t<div class=\"wpb_text_column wpb_content_element  vc_custom_1642704602598\" >\n\t\t<div class=\"wpb_wrapper\">\n\t\t\t<h2>Cantidad de Pladuristas en Matar\u00f3 que puedes contratar para tus proyectos<br \/>\n<span class=\"tiny-border\">x<\/span><\/h2>\n<p class=\"intro\">Todo depende mucho del tipo de proyecto, es decir al momento de contactarnos y hablar de t\u00fa proyectos nosotros te asesoramos y te indicamos cu\u00e1l es la cantidad de pladuristas que necesita tu proyecto, por ejemplo:<\/p>\n\n\t\t<\/div>\n\t<\/div>\n<\/div><\/div><\/div><div class=\"wpb_column vc_column_container vc_col-sm-2\"><div class=\"vc_column-inner\"><div class=\"wpb_wrapper\"><\/div><\/div><\/div><\/div><\/div><div class=\"clearfix\"><\/div><\/section><section class=\"vc_rows wpb_row vc_row-fluid vc_custom_1641937856175\"><div class=\"container\"><div class=\"row\"><div class=\"wpb_column vc_column_container vc_col-sm-6\"><div class=\"vc_column-inner\"><div class=\"wpb_wrapper\">\n\t<div class=\"wpb_text_column wpb_content_element  vc_custom_1642704781099\" >\n\t\t<div class=\"wpb_wrapper\">\n\t\t\t<h3 style=\"text-align: center;\">Pladuristas en Matar\u00f3 para obras grandes<\/h3>\n<p class=\"intro\" style=\"text-align: center;\">Recomendamos combinar grupos de Pladuristas de 8, que ser\u00eda lo ideal para un proyecto grande y as\u00ed cumplir con los tiempos de entrega, todo esto pensado y adaptado a su presupuesto.<\/p>\n\n\t\t<\/div>\n\t<\/div>\n<\/div><\/div><\/div><div class=\"wpb_column vc_column_container vc_col-sm-6\"><div class=\"vc_column-inner\"><div class=\"wpb_wrapper\">\n\t<div class=\"wpb_text_column wpb_content_element  vc_custom_1642704917636\" >\n\t\t<div class=\"wpb_wrapper\">\n\t\t\t<h3 style=\"text-align: center;\">Pladuristas en Matar\u00f3 para obras peque\u00f1as<\/h3>\n<p class=\"intro\" style=\"text-align: center;\">Para su hogar u oficina, puede contratar un equipo de Pladuristas en parejas o individual, as\u00ed le brindamos un servicio r\u00e1pido, c\u00f3modo y que cubrir\u00e1 perfectamente su necesidad.<\/p>\n\n\t\t<\/div>\n\t<\/div>\n<\/div><\/div><\/div><div class=\"wpb_column vc_column_container vc_col-sm-12 vc_col-has-fill\"><div class=\"vc_column-inner vc_custom_1642727401443\"><div class=\"wpb_wrapper\">\n\t<div class=\"wpb_text_column wpb_content_element\" >\n\t\t<div class=\"wpb_wrapper\">\n\t\t\t<p class=\"seccion-enlace-principal\" style=\"text-align: center;\"><strong>Somos verdaderos especialistas, descubre todos los servicios de <a href=\"http:\/\/mataroreformas.com\/ca\/pladur-en-mataro\/\">Pladur en Matar\u00f3<\/a> que tenemos<\/strong><\/p>\n\n\t\t<\/div>\n\t<\/div>\n<\/div><\/div><\/div><\/div><\/div><div class=\"clearfix\"><\/div><\/section>","protected":false},"excerpt":{"rendered":"Pladuristas en Matar\u00f3 con la m\u00e1s amplia experiencia x Contamos con los mejores pladuristas y encinteros de Matar\u00f3. Desea realizar una reforma a su vivienda, negocio, o cualquier otro sitio, contamos con un amplio equipo de Pladuristas en Matar\u00f3 y encinteros, altamente capacitados, con varios a\u00f1os de experiencia trabajando con Pladur, d\u00e1ndole a conocer todas [...]","protected":false},"author":1,"featured_media":0,"parent":0,"menu_order":0,"comment_status":"closed","ping_status":"closed","template":"page-templates\/template-fullwidth.php","meta":{"_uag_custom_page_level_css":"","footnotes":""},"class_list":["post-1400","page","type-page","status-publish","hentry"],"yoast_head":"<!-- This site is optimized with the Yoast SEO plugin v27.4 - https:\/\/yoast.com\/product\/yoast-seo-wordpress\/ -->\n<title>Pladuristas en Matar\u00f3 y Maresme - Instalaciones y Reformas<\/title>\n<meta name=\"description\" content=\"Pladuristas en Matar\u00f3 y Maresme. Instalaci\u00f3n de Falsos Techos de pladur, Colocaci\u00f3n de Tabiques y Trasdosados de pladur\" \/>\n<meta name=\"robots\" content=\"index, follow, max-snippet:-1, max-image-preview:large, max-video-preview:-1\" \/>\n<link rel=\"canonical\" href=\"https:\/\/mataroreformas.com\/ca\/pladuristas-en-mataro\/\" \/>\n<meta property=\"og:locale\" content=\"ca_ES\" \/>\n<meta property=\"og:type\" content=\"article\" \/>\n<meta property=\"og:title\" content=\"Pladuristas en Matar\u00f3 y Maresme - Instalaciones y Reformas\" \/>\n<meta property=\"og:description\" content=\"Pladuristas en Matar\u00f3 y Maresme. Instalaci\u00f3n de Falsos Techos de pladur, Colocaci\u00f3n de Tabiques y Trasdosados de pladur\" \/>\n<meta property=\"og:url\" content=\"https:\/\/mataroreformas.com\/ca\/pladuristas-en-mataro\/\" \/>\n<meta property=\"og:site_name\" content=\"Matar\u00f3 Reformas\" \/>\n<meta property=\"article:modified_time\" content=\"2022-11-23T18:36:37+00:00\" \/>\n<meta name=\"twitter:card\" content=\"summary_large_image\" \/>\n<meta name=\"twitter:label1\" content=\"Temps estimat de lectura\" \/>\n\t<meta name=\"twitter:data1\" content=\"3 minuts\" \/>\n<script type=\"application\/ld+json\" class=\"yoast-schema-graph\">{\"@context\":\"https:\\\/\\\/schema.org\",\"@graph\":[{\"@type\":\"WebPage\",\"@id\":\"https:\\\/\\\/mataroreformas.com\\\/pladuristas-en-mataro\",\"url\":\"https:\\\/\\\/mataroreformas.com\\\/pladuristas-en-mataro\",\"name\":\"Pladuristas en Matar\u00f3 y Maresme - Instalaciones y Reformas\",\"isPartOf\":{\"@id\":\"https:\\\/\\\/mataroreformas.com\\\/#website\"},\"datePublished\":\"2022-01-20T19:17:59+00:00\",\"dateModified\":\"2022-11-23T18:36:37+00:00\",\"description\":\"Pladuristas en Matar\u00f3 y Maresme. Instalaci\u00f3n de Falsos Techos de pladur, Colocaci\u00f3n de Tabiques y Trasdosados de pladur\",\"breadcrumb\":{\"@id\":\"https:\\\/\\\/mataroreformas.com\\\/pladuristas-en-mataro#breadcrumb\"},\"inLanguage\":\"ca\",\"potentialAction\":[{\"@type\":\"ReadAction\",\"target\":[\"https:\\\/\\\/mataroreformas.com\\\/pladuristas-en-mataro\"]}]},{\"@type\":\"BreadcrumbList\",\"@id\":\"https:\\\/\\\/mataroreformas.com\\\/pladuristas-en-mataro#breadcrumb\",\"itemListElement\":[{\"@type\":\"ListItem\",\"position\":1,\"name\":\"Portada\",\"item\":\"https:\\\/\\\/mataroreformas.com\\\/\"},{\"@type\":\"ListItem\",\"position\":2,\"name\":\"Pladuristas en Matar\u00f3\"}]},{\"@type\":\"WebSite\",\"@id\":\"https:\\\/\\\/mataroreformas.com\\\/#website\",\"url\":\"https:\\\/\\\/mataroreformas.com\\\/\",\"name\":\"Matar\u00f3 Reformas\",\"description\":\"Reformas de todo tipo a su alcance\",\"potentialAction\":[{\"@type\":\"SearchAction\",\"target\":{\"@type\":\"EntryPoint\",\"urlTemplate\":\"https:\\\/\\\/mataroreformas.com\\\/?s={search_term_string}\"},\"query-input\":{\"@type\":\"PropertyValueSpecification\",\"valueRequired\":true,\"valueName\":\"search_term_string\"}}],\"inLanguage\":\"ca\"}]}<\/script>\n<!-- \/ Yoast SEO plugin. -->","yoast_head_json":{"title":"Pladuristas en Matar\u00f3 y Maresme - Instalaciones y Reformas","description":"Pladuristas en Matar\u00f3 y Maresme. Instalaci\u00f3n de Falsos Techos de pladur, Colocaci\u00f3n de Tabiques y Trasdosados de pladur","robots":{"index":"index","follow":"follow","max-snippet":"max-snippet:-1","max-image-preview":"max-image-preview:large","max-video-preview":"max-video-preview:-1"},"canonical":"https:\/\/mataroreformas.com\/ca\/pladuristas-en-mataro\/","og_locale":"ca_ES","og_type":"article","og_title":"Pladuristas en Matar\u00f3 y Maresme - Instalaciones y Reformas","og_description":"Pladuristas en Matar\u00f3 y Maresme. Instalaci\u00f3n de Falsos Techos de pladur, Colocaci\u00f3n de Tabiques y Trasdosados de pladur","og_url":"https:\/\/mataroreformas.com\/ca\/pladuristas-en-mataro\/","og_site_name":"Matar\u00f3 Reformas","article_modified_time":"2022-11-23T18:36:37+00:00","twitter_card":"summary_large_image","twitter_misc":{"Temps estimat de lectura":"3 minuts"},"schema":{"@context":"https:\/\/schema.org","@graph":[{"@type":"WebPage","@id":"https:\/\/mataroreformas.com\/pladuristas-en-mataro","url":"https:\/\/mataroreformas.com\/pladuristas-en-mataro","name":"Pladuristas en Matar\u00f3 y Maresme - Instalaciones y Reformas","isPartOf":{"@id":"https:\/\/mataroreformas.com\/#website"},"datePublished":"2022-01-20T19:17:59+00:00","dateModified":"2022-11-23T18:36:37+00:00","description":"Pladuristas en Matar\u00f3 y Maresme. Instalaci\u00f3n de Falsos Techos de pladur, Colocaci\u00f3n de Tabiques y Trasdosados de pladur","breadcrumb":{"@id":"https:\/\/mataroreformas.com\/pladuristas-en-mataro#breadcrumb"},"inLanguage":"ca","potentialAction":[{"@type":"ReadAction","target":["https:\/\/mataroreformas.com\/pladuristas-en-mataro"]}]},{"@type":"BreadcrumbList","@id":"https:\/\/mataroreformas.com\/pladuristas-en-mataro#breadcrumb","itemListElement":[{"@type":"ListItem","position":1,"name":"Portada","item":"https:\/\/mataroreformas.com\/"},{"@type":"ListItem","position":2,"name":"Pladuristas en Matar\u00f3"}]},{"@type":"WebSite","@id":"https:\/\/mataroreformas.com\/#website","url":"https:\/\/mataroreformas.com\/","name":"Matar\u00f3 Reformas","description":"Reformas de todo tipo a su alcance","potentialAction":[{"@type":"SearchAction","target":{"@type":"EntryPoint","urlTemplate":"https:\/\/mataroreformas.com\/?s={search_term_string}"},"query-input":{"@type":"PropertyValueSpecification","valueRequired":true,"valueName":"search_term_string"}}],"inLanguage":"ca"}]}},"uagb_featured_image_src":{"full":false,"thumbnail":false,"medium":false,"medium_large":false,"large":false,"1536x1536":false,"2048x2048":false,"trp-custom-language-flag":false},"uagb_author_info":{"display_name":"reformamataro","author_link":"https:\/\/mataroreformas.com\/ca\/author\/reformamataro"},"uagb_comment_info":0,"uagb_excerpt":null,"_links":{"self":[{"href":"https:\/\/mataroreformas.com\/ca\/wp-json\/wp\/v2\/pages\/1400","targetHints":{"allow":["GET"]}}],"collection":[{"href":"https:\/\/mataroreformas.com\/ca\/wp-json\/wp\/v2\/pages"}],"about":[{"href":"https:\/\/mataroreformas.com\/ca\/wp-json\/wp\/v2\/types\/page"}],"author":[{"embeddable":true,"href":"https:\/\/mataroreformas.com\/ca\/wp-json\/wp\/v2\/users\/1"}],"replies":[{"embeddable":true,"href":"https:\/\/mataroreformas.com\/ca\/wp-json\/wp\/v2\/comments?post=1400"}],"version-history":[{"count":7,"href":"https:\/\/mataroreformas.com\/ca\/wp-json\/wp\/v2\/pages\/1400\/revisions"}],"predecessor-version":[{"id":1725,"href":"https:\/\/mataroreformas.com\/ca\/wp-json\/wp\/v2\/pages\/1400\/revisions\/1725"}],"wp:attachment":[{"href":"https:\/\/mataroreformas.com\/ca\/wp-json\/wp\/v2\/media?parent=1400"}],"curies":[{"name":"wp","href":"https:\/\/api.w.org\/{rel}","templated":true}]}}