{"id":1390,"date":"2022-01-20T17:58:54","date_gmt":"2022-01-20T17:58:54","guid":{"rendered":"http:\/\/mataroreformas.com\/?page_id=1390"},"modified":"2022-11-23T20:13:48","modified_gmt":"2022-11-23T20:13:48","slug":"montadores-de-pladur-en-mataro","status":"publish","type":"page","link":"https:\/\/mataroreformas.com\/ca\/montadores-de-pladur-en-mataro","title":{"rendered":"Montadores de Pladur en Matar\u00f3"},"content":{"rendered":"<section class=\"vc_rows wpb_row vc_row-fluid vc_custom_1481614324254 vc_row-o-equal-height vc_row-o-content-middle vc_row-flex\"><div class=\"row\"><div class=\"padd70 wpb_column vc_column_container vc_col-sm-12 vc_col-md-6\"><div class=\"vc_column-inner\"><div class=\"wpb_wrapper\">\n\t<div class=\"wpb_text_column wpb_content_element  vc_custom_1642695110894\" >\n\t\t<div class=\"wpb_wrapper\">\n\t\t\t<h2>Contamos con los mejores Montadores de Pladur en Matar\u00f3 para sus Reformas <span class=\"tiny-border\">x<\/span><\/h2>\n<p class=\"intro\">A la hora de realizar cualquier tipo de reformas, siempre se busca contar con manos expertas, que sean capaces de resolver problemas y de aclarar dudas existentes y poder contar con el asesoramiento adecuado para poder hacer la mejor elecci\u00f3n de los materiales con los que se realizara el trabajo; en Reformas Matar\u00f3 tenemos la soluci\u00f3n, ponemos a disposici\u00f3n de nuestros clientes a los mejores montadores de pladur en Matar\u00f3, personal altamente capacitado, amable, responsable, r\u00e1pido a la hora de trabajos, capas de realizar cualquier tipo de trabajo en el que se deba emplear el pladur. Es momento de hacer <a href=\"http:\/\/mataroreformas.com\/ca\/contacto\/\">contacto<\/a> con nuestro equipo y empezar a trabajar en tu obra.<\/p>\n\n\t\t<\/div>\n\t<\/div>\n<\/div><\/div><\/div><div class=\"wpb_column vc_column_container vc_col-sm-12 vc_col-md-6 vc_col-has-fill\"><div class=\"vc_column-inner vc_custom_1642095081797\"><div class=\"wpb_wrapper\">\n\t<div  class=\"wpb_single_image wpb_content_element vc_align_left\">\n\t\t\n\t\t<figure class=\"wpb_wrapper vc_figure\">\n\t\t\t<div class=\"vc_single_image-wrapper   vc_box_border_grey\"><img loading=\"lazy\" decoding=\"async\" width=\"470\" height=\"338\" src=\"https:\/\/mataroreformas.com\/wp-content\/uploads\/2022\/01\/montadores-de-pladur-en-mataro-01.jpg\" class=\"vc_single_image-img attachment-full\" alt=\"\" title=\"Drywall Installers. Men holding a gypsum board figured cut\" srcset=\"https:\/\/mataroreformas.com\/wp-content\/uploads\/2022\/01\/montadores-de-pladur-en-mataro-01.jpg 470w, https:\/\/mataroreformas.com\/wp-content\/uploads\/2022\/01\/montadores-de-pladur-en-mataro-01-300x216.jpg 300w\" sizes=\"auto, (max-width: 470px) 100vw, 470px\" \/><\/div>\n\t\t<\/figure>\n\t<\/div>\n<\/div><\/div><\/div><\/div><div class=\"clearfix\"><\/div><\/section><section class=\"vc_rows wpb_row vc_row-fluid vc_custom_1669234373531\"><div class=\"row\"><div class=\"wpb_column vc_column_container vc_col-sm-12 vc_col-has-fill\"><div class=\"vc_column-inner vc_custom_1669225797733\"><div class=\"wpb_wrapper\">\n\t<div class=\"row call-to-action\">\n\t\t<div class=\"col-md-8\">\n\t        <h3 class=\"mt10\">Ponemos a su disposicion a los mejores Montadores de Pladur en Matar\u00f3 y Maresme; visita nuestra pagina de contacto y solicita tu presupuesto<\/h3>\n\t    <\/div>\n\t    <div class=\"col-md-4 text-right\">\n\t    \t<a class=\"btn btn-line-black btn-fx\" href=\"https:\/\/mataroreformas.com\/ca\/contacto\/\" target=\"_self\">Contacto<\/a>\t    <\/div>\n    <\/div>\n\n<\/div><\/div><\/div><\/div><div class=\"clearfix\"><\/div><\/section><section data-stellar-background-ratio=\".2\" class=\"vc_rows wpb_row vc_row-fluid vc_custom_1642701022406 vc_row-has-fill parallax\"><div class=\"container\"><div class=\"row\"><div class=\"wpb_column vc_column_container vc_col-sm-12\"><div class=\"vc_column-inner\"><div class=\"wpb_wrapper\">\n\t<div class=\"wpb_text_column wpb_content_element  vc_custom_1642695306259\" >\n\t\t<div class=\"wpb_wrapper\">\n\t\t\t<h2><span style=\"color: #ffffff;\">\u00bfCu\u00e1les son los tipos de trabajos que realizan los montadores de pladur en Matar\u00f3? <span class=\"tiny-border\">x<\/span><\/span><\/h2>\n\n\t\t<\/div>\n\t<\/div>\n\n\t<div class=\"wpb_text_column wpb_content_element  vc_custom_1642695449358\" >\n\t\t<div class=\"wpb_wrapper\">\n\t\t\t<p><span style=\"color: #ffffff;\">Los profesionales que tenemos a sus \u00f3rdenes son capaces de realizar muchos tipos de trabajo con pladur, desde reformas, instalaciones, mantenimientos o reparaciones; entre los tipos de trabajos m\u00e1s solicitados por nuestros clientes tenemos:<\/span><\/p>\n\n\t\t<\/div>\n\t<\/div>\n<\/div><\/div><\/div><div class=\"wpb_column vc_column_container vc_col-sm-12 vc_col-md-4\"><div class=\"vc_column-inner\"><div class=\"wpb_wrapper\">\n\t\t<div class=\"feature-box-small-icon text-light\">\n        <span class=\"icon\">\n        \t<i class=\"icon_box-checked id-color\"><\/i>\n        <\/span>\n        <div class=\"text\">\n            <h3>Instalaci\u00f3n de Falsos Techos de pladur<\/h3>\n            Puede contar con los mejores montadores de pladur en Matar\u00f3 para la instalaci\u00f3n de sus falsos techos de pladur o cualquier otro material existente en el mercado; contamos con un amplio portafolio y una larga trayectoria realizando reformas e instalaciones con pladur.        <\/div>\n    <\/div>\n    \n<div class=\"vc_empty_space\"   style=\"height: 30px\"><span class=\"vc_empty_space_inner\"><\/span><\/div><\/div><\/div><\/div><div class=\"wpb_column vc_column_container vc_col-sm-12 vc_col-md-4\"><div class=\"vc_column-inner\"><div class=\"wpb_wrapper\">\n\t\t<div class=\"feature-box-small-icon text-light\">\n        <span class=\"icon\">\n        \t<i class=\"icon_box-checked id-color\"><\/i>\n        <\/span>\n        <div class=\"text\">\n            <h3>Instalaci\u00f3n de Tabiques y Trasdosados de pladur<\/h3>\n            Nuestros montadores de pladur realizan instalaciones de tabiques de pladur y <a href=\"https:\/\/www.materialescalabuig.com\/blog\/trasdosados-que-son-y-tipos\/\" target=\"_blank\" rel=\"noopener\">trasdosados<\/a> de pladur en obras donde requiere empezar desde cero o realizar reformas a proyectos donde as\u00ed lo requieran nuestros clientes. Somos los mejores en todo Matar\u00f3 cont\u00e1ctenos.        <\/div>\n    <\/div>\n    \n<div class=\"vc_empty_space\"   style=\"height: 30px\"><span class=\"vc_empty_space_inner\"><\/span><\/div><\/div><\/div><\/div><div class=\"wpb_column vc_column_container vc_col-sm-12 vc_col-md-4\"><div class=\"vc_column-inner\"><div class=\"wpb_wrapper\">\n\t\t<div class=\"feature-box-small-icon text-light\">\n        <span class=\"icon\">\n        \t<i class=\"icon_box-checked id-color\"><\/i>\n        <\/span>\n        <div class=\"text\">\n            <h3>Decoraciones de Chimeneas y muebles con Pladur<\/h3>\n            Damos gran estilo a sus chimeneas a trav\u00e9s de dise\u00f1os incre\u00edbles que logramos realizar con pladur, adem\u00e1s de esto nuestros montadores de pladur realizan reformas para muebles de todo tipo que son perfectamente funcionales y decorativas para combinar con m\u00e1s accesorios.        <\/div>\n    <\/div>\n    \n<div class=\"vc_empty_space\"   style=\"height: 30px\"><span class=\"vc_empty_space_inner\"><\/span><\/div><\/div><\/div><\/div><\/div><\/div><div class=\"clearfix\"><\/div><\/section><section class=\"vc_rows wpb_row vc_row-fluid vc_custom_1481614324254 vc_row-o-equal-height vc_row-o-content-middle vc_row-flex\"><div class=\"row\"><div class=\"padd70 wpb_column vc_column_container vc_col-sm-12 vc_col-md-6\"><div class=\"vc_column-inner\"><div class=\"wpb_wrapper\">\n\t<div class=\"wpb_text_column wpb_content_element  vc_custom_1642700139537\" >\n\t\t<div class=\"wpb_wrapper\">\n\t\t\t<h2>Otros trabajos que realizan nuestros Montadores de pladur en Matar\u00f3 <span class=\"tiny-border\">x<\/span><\/h2>\n<p class=\"intro\">Nos caracteriza la versatilidad y adaptabilidad para poder trabajar en cualquier tipo de proyecto con pladur, para as\u00ed poder dar entregar de trabajos limpios y de excelente calidad; otros trabajos que nuestros montadores de pladur realizan son:<\/p>\n<ul>\n<li>Revestimiento de Exteriores<\/li>\n<li>Dise\u00f1os Personalizados<\/li>\n<li>Protecci\u00f3n Contra Incendios<\/li>\n<li>Revestimiento de paredes con o sin aislamiento<\/li>\n<li>Paredes Divisorias<\/li>\n<\/ul>\n\n\t\t<\/div>\n\t<\/div>\n<div class=\"vc_btn3-container vc_btn3-inline vc_custom_1669234311231\" ><a class=\"vc_general vc_btn3 vc_btn3-size-md vc_btn3-shape-rounded vc_btn3-style-modern vc_btn3-color-grey\" href=\"https:\/\/mataroreformas.com\/ca\/contacto\/\" title=\"\">Solicita tu Presupuesto<\/a><\/div><\/div><\/div><\/div><div class=\"wpb_column vc_column_container vc_col-sm-12 vc_col-md-6 vc_col-has-fill\"><div class=\"vc_column-inner vc_custom_1642701071384\"><div class=\"wpb_wrapper\"><\/div><\/div><\/div><div class=\"wpb_column vc_column_container vc_col-sm-12 vc_col-has-fill\"><div class=\"vc_column-inner vc_custom_1642091423026\"><div class=\"wpb_wrapper\">\n\t<div class=\"wpb_text_column wpb_content_element\" >\n\t\t<div class=\"wpb_wrapper\">\n\t\t\t<p class=\"seccion-enlace-principal\" style=\"text-align: center;\"><strong>Consulta todos los servicios que tenemos en <a href=\"http:\/\/mataroreformas.com\/ca\/\">Reformas Matar\u00f3<\/a> para ti<\/strong><\/p>\n\n\t\t<\/div>\n\t<\/div>\n<\/div><\/div><\/div><\/div><div class=\"clearfix\"><\/div><\/section><section class=\"vc_rows wpb_row vc_row-fluid vc_custom_1641937821471\"><div class=\"container\"><div class=\"row\"><div class=\"wpb_column vc_column_container vc_col-sm-2\"><div class=\"vc_column-inner\"><div class=\"wpb_wrapper\"><\/div><\/div><\/div><div class=\"wpb_column vc_column_container vc_col-sm-8\"><div class=\"vc_column-inner\"><div class=\"wpb_wrapper\">\n\t<div class=\"wpb_text_column wpb_content_element  vc_custom_1642699258332\" >\n\t\t<div class=\"wpb_wrapper\">\n\t\t\t<h2>\u00bfCu\u00e1les son las ventajas de contar con nuestros Montadores de Pladur en Matar\u00f3?<br \/>\n<span class=\"tiny-border\">x<\/span><\/h2>\n<p class=\"intro\">La formas en la que trabajan nuestros profesionales expertos ofrece gran variedad de beneficios que pueden ser aprovechados por nuestros clientes, entre los principales est\u00e1n:<\/p>\n\n\t\t<\/div>\n\t<\/div>\n<\/div><\/div><\/div><div class=\"wpb_column vc_column_container vc_col-sm-2\"><div class=\"vc_column-inner\"><div class=\"wpb_wrapper\"><\/div><\/div><\/div><\/div><\/div><div class=\"clearfix\"><\/div><\/section><section class=\"vc_rows wpb_row vc_row-fluid vc_custom_1641937856175\"><div class=\"container\"><div class=\"row\"><div class=\"wpb_column vc_column_container vc_col-sm-4\"><div class=\"vc_column-inner\"><div class=\"wpb_wrapper\">\n\t<div class=\"wpb_text_column wpb_content_element  vc_custom_1642699375644\" >\n\t\t<div class=\"wpb_wrapper\">\n\t\t\t<h3 style=\"text-align: center;\">Reformas y mantenimientos Limpios y Secos<\/h3>\n<p class=\"intro\" style=\"text-align: center;\">Cada uno de los trabajos con pladur que realizamos se hacen en seco, esto para evitar generar escombros, y as\u00ed brindarle un trabajo limpio y organizado.<\/p>\n\n\t\t<\/div>\n\t<\/div>\n<\/div><\/div><\/div><div class=\"wpb_column vc_column_container vc_col-sm-4\"><div class=\"vc_column-inner\"><div class=\"wpb_wrapper\">\n\t<div class=\"wpb_text_column wpb_content_element  vc_custom_1642699524579\" >\n\t\t<div class=\"wpb_wrapper\">\n\t\t\t<h3 style=\"text-align: center;\">Trabajos en tiempos estipulados<\/h3>\n<p class=\"intro\" style=\"text-align: center;\">Los trabajos realizados son entregados en los d\u00edas acordados con nuestros clientes, d\u00e1ndole garant\u00eda de nuestro trabajo y del sentido de la responsabilidad que tenemos en nuestros trabajos.<\/p>\n\n\t\t<\/div>\n\t<\/div>\n<\/div><\/div><\/div><div class=\"wpb_column vc_column_container vc_col-sm-4\"><div class=\"vc_column-inner\"><div class=\"wpb_wrapper\">\n\t<div class=\"wpb_text_column wpb_content_element  vc_custom_1642699703915\" >\n\t\t<div class=\"wpb_wrapper\">\n\t\t\t<h3 style=\"text-align: center;\">Ofrecemos Acabados de gran estilo<\/h3>\n<p class=\"intro\" style=\"text-align: center;\">En reformas Matar\u00f3 los montadores de pladur son especialista y sumamente detallista, cada dise\u00f1o que eligen nuestros clientes es entregado con los acabados esperados.<\/p>\n\n\t\t<\/div>\n\t<\/div>\n<\/div><\/div><\/div><\/div><\/div><div class=\"clearfix\"><\/div><\/section><section class=\"vc_rows wpb_row vc_row-fluid vc_custom_1641938180790 vc_row-has-fill vc_row-o-equal-height vc_row-o-content-middle vc_row-flex\"><div class=\"row\"><div class=\"wpb_column vc_column_container vc_col-sm-12 vc_col-md-6 vc_col-has-fill\"><div class=\"vc_column-inner vc_custom_1642701107424\"><div class=\"wpb_wrapper\"><\/div><\/div><\/div><div class=\"padd70 wpb_column vc_column_container vc_col-sm-12 vc_col-md-6\"><div class=\"vc_column-inner\"><div class=\"wpb_wrapper\">\n\t<div class=\"wpb_text_column wpb_content_element  vc_custom_1642699930732\" >\n\t\t<div class=\"wpb_wrapper\">\n\t\t\t<h2><span style=\"color: #ffffff;\">Asesor\u00eda total por parte de nuestros Montadores de Pladur en Matar\u00f3 <span class=\"tiny-border\">x<\/span><\/span><\/h2>\n<p class=\"intro\"><span style=\"color: #ffffff;\">En cada proyecto en el que trabajamos le damos la asesor\u00eda necesaria a cada cliente, esto con el fin de que los clientes puedan tomar la mejor decisi\u00f3n en cuanto a dise\u00f1os y la mejor elecci\u00f3n en cuanto a los materiales que deseara utilizar para sus proyectos.<\/span><\/p>\n\n\t\t<\/div>\n\t<\/div>\n<div class=\"vc_btn3-container vc_btn3-inline vc_custom_1669234311231\" ><a class=\"vc_general vc_btn3 vc_btn3-size-md vc_btn3-shape-rounded vc_btn3-style-modern vc_btn3-color-grey\" href=\"https:\/\/mataroreformas.com\/ca\/contacto\/\" title=\"\">Solicita tu Presupuesto<\/a><\/div><\/div><\/div><\/div><div class=\"wpb_column vc_column_container vc_col-sm-12 vc_col-has-fill\"><div class=\"vc_column-inner vc_custom_1642727597633\"><div class=\"wpb_wrapper\">\n\t<div class=\"wpb_text_column wpb_content_element\" >\n\t\t<div class=\"wpb_wrapper\">\n\t\t\t<p class=\"seccion-enlace-principal\" style=\"text-align: center;\"><strong>Somos verdaderos especialistas, descubre todos los servicios de <a href=\"http:\/\/mataroreformas.com\/ca\/pladur-en-mataro\/\">Pladur en Matar\u00f3<\/a> que tenemos<\/strong><\/p>\n\n\t\t<\/div>\n\t<\/div>\n<\/div><\/div><\/div><\/div><div class=\"clearfix\"><\/div><\/section>","protected":false},"excerpt":{"rendered":"Contamos con los mejores Montadores de Pladur en Matar\u00f3 para sus Reformas x A la hora de realizar cualquier tipo de reformas, siempre se busca contar con manos expertas, que sean capaces de resolver problemas y de aclarar dudas existentes y poder contar con el asesoramiento adecuado para poder hacer la mejor elecci\u00f3n de los [...]","protected":false},"author":1,"featured_media":0,"parent":0,"menu_order":0,"comment_status":"closed","ping_status":"closed","template":"page-templates\/template-fullwidth.php","meta":{"_uag_custom_page_level_css":"","footnotes":""},"class_list":["post-1390","page","type-page","status-publish","hentry"],"yoast_head":"<!-- This site is optimized with the Yoast SEO plugin v27.4 - https:\/\/yoast.com\/product\/yoast-seo-wordpress\/ -->\n<title>Montadores de Pladur en Matar\u00f3 y Maresme - Expertos Pladuristas<\/title>\n<meta name=\"description\" content=\"Montadores de Pladur en Matar\u00f3 y Maresme. Instaladores de Falsos Techos de pladur, Colocadores de Tabiques y Trasdosados de pladur\" \/>\n<meta name=\"robots\" content=\"index, follow, max-snippet:-1, max-image-preview:large, max-video-preview:-1\" \/>\n<link rel=\"canonical\" href=\"https:\/\/mataroreformas.com\/ca\/montadores-de-pladur-en-mataro\/\" \/>\n<meta property=\"og:locale\" content=\"ca_ES\" \/>\n<meta property=\"og:type\" content=\"article\" \/>\n<meta property=\"og:title\" content=\"Montadores de Pladur en Matar\u00f3 y Maresme - Expertos Pladuristas\" \/>\n<meta property=\"og:description\" content=\"Montadores de Pladur en Matar\u00f3 y Maresme. Instaladores de Falsos Techos de pladur, Colocadores de Tabiques y Trasdosados de pladur\" \/>\n<meta property=\"og:url\" content=\"https:\/\/mataroreformas.com\/ca\/montadores-de-pladur-en-mataro\/\" \/>\n<meta property=\"og:site_name\" content=\"Matar\u00f3 Reformas\" \/>\n<meta property=\"article:modified_time\" content=\"2022-11-23T20:13:48+00:00\" \/>\n<meta name=\"twitter:card\" content=\"summary_large_image\" \/>\n<meta name=\"twitter:label1\" content=\"Temps estimat de lectura\" \/>\n\t<meta name=\"twitter:data1\" content=\"4 minuts\" \/>\n<script type=\"application\/ld+json\" class=\"yoast-schema-graph\">{\"@context\":\"https:\\\/\\\/schema.org\",\"@graph\":[{\"@type\":\"WebPage\",\"@id\":\"https:\\\/\\\/mataroreformas.com\\\/montadores-de-pladur-en-mataro\",\"url\":\"https:\\\/\\\/mataroreformas.com\\\/montadores-de-pladur-en-mataro\",\"name\":\"Montadores de Pladur en Matar\u00f3 y Maresme - Expertos Pladuristas\",\"isPartOf\":{\"@id\":\"https:\\\/\\\/mataroreformas.com\\\/#website\"},\"datePublished\":\"2022-01-20T17:58:54+00:00\",\"dateModified\":\"2022-11-23T20:13:48+00:00\",\"description\":\"Montadores de Pladur en Matar\u00f3 y Maresme. Instaladores de Falsos Techos de pladur, Colocadores de Tabiques y Trasdosados de pladur\",\"breadcrumb\":{\"@id\":\"https:\\\/\\\/mataroreformas.com\\\/montadores-de-pladur-en-mataro#breadcrumb\"},\"inLanguage\":\"ca\",\"potentialAction\":[{\"@type\":\"ReadAction\",\"target\":[\"https:\\\/\\\/mataroreformas.com\\\/montadores-de-pladur-en-mataro\"]}]},{\"@type\":\"BreadcrumbList\",\"@id\":\"https:\\\/\\\/mataroreformas.com\\\/montadores-de-pladur-en-mataro#breadcrumb\",\"itemListElement\":[{\"@type\":\"ListItem\",\"position\":1,\"name\":\"Portada\",\"item\":\"https:\\\/\\\/mataroreformas.com\\\/\"},{\"@type\":\"ListItem\",\"position\":2,\"name\":\"Montadores de Pladur en Matar\u00f3\"}]},{\"@type\":\"WebSite\",\"@id\":\"https:\\\/\\\/mataroreformas.com\\\/#website\",\"url\":\"https:\\\/\\\/mataroreformas.com\\\/\",\"name\":\"Matar\u00f3 Reformas\",\"description\":\"Reformas de todo tipo a su alcance\",\"potentialAction\":[{\"@type\":\"SearchAction\",\"target\":{\"@type\":\"EntryPoint\",\"urlTemplate\":\"https:\\\/\\\/mataroreformas.com\\\/?s={search_term_string}\"},\"query-input\":{\"@type\":\"PropertyValueSpecification\",\"valueRequired\":true,\"valueName\":\"search_term_string\"}}],\"inLanguage\":\"ca\"}]}<\/script>\n<!-- \/ Yoast SEO plugin. -->","yoast_head_json":{"title":"Montadores de Pladur en Matar\u00f3 y Maresme - Expertos Pladuristas","description":"Montadores de Pladur en Matar\u00f3 y Maresme. Instaladores de Falsos Techos de pladur, Colocadores de Tabiques y Trasdosados de pladur","robots":{"index":"index","follow":"follow","max-snippet":"max-snippet:-1","max-image-preview":"max-image-preview:large","max-video-preview":"max-video-preview:-1"},"canonical":"https:\/\/mataroreformas.com\/ca\/montadores-de-pladur-en-mataro\/","og_locale":"ca_ES","og_type":"article","og_title":"Montadores de Pladur en Matar\u00f3 y Maresme - Expertos Pladuristas","og_description":"Montadores de Pladur en Matar\u00f3 y Maresme. Instaladores de Falsos Techos de pladur, Colocadores de Tabiques y Trasdosados de pladur","og_url":"https:\/\/mataroreformas.com\/ca\/montadores-de-pladur-en-mataro\/","og_site_name":"Matar\u00f3 Reformas","article_modified_time":"2022-11-23T20:13:48+00:00","twitter_card":"summary_large_image","twitter_misc":{"Temps estimat de lectura":"4 minuts"},"schema":{"@context":"https:\/\/schema.org","@graph":[{"@type":"WebPage","@id":"https:\/\/mataroreformas.com\/montadores-de-pladur-en-mataro","url":"https:\/\/mataroreformas.com\/montadores-de-pladur-en-mataro","name":"Montadores de Pladur en Matar\u00f3 y Maresme - Expertos Pladuristas","isPartOf":{"@id":"https:\/\/mataroreformas.com\/#website"},"datePublished":"2022-01-20T17:58:54+00:00","dateModified":"2022-11-23T20:13:48+00:00","description":"Montadores de Pladur en Matar\u00f3 y Maresme. Instaladores de Falsos Techos de pladur, Colocadores de Tabiques y Trasdosados de pladur","breadcrumb":{"@id":"https:\/\/mataroreformas.com\/montadores-de-pladur-en-mataro#breadcrumb"},"inLanguage":"ca","potentialAction":[{"@type":"ReadAction","target":["https:\/\/mataroreformas.com\/montadores-de-pladur-en-mataro"]}]},{"@type":"BreadcrumbList","@id":"https:\/\/mataroreformas.com\/montadores-de-pladur-en-mataro#breadcrumb","itemListElement":[{"@type":"ListItem","position":1,"name":"Portada","item":"https:\/\/mataroreformas.com\/"},{"@type":"ListItem","position":2,"name":"Montadores de Pladur en Matar\u00f3"}]},{"@type":"WebSite","@id":"https:\/\/mataroreformas.com\/#website","url":"https:\/\/mataroreformas.com\/","name":"Matar\u00f3 Reformas","description":"Reformas de todo tipo a su alcance","potentialAction":[{"@type":"SearchAction","target":{"@type":"EntryPoint","urlTemplate":"https:\/\/mataroreformas.com\/?s={search_term_string}"},"query-input":{"@type":"PropertyValueSpecification","valueRequired":true,"valueName":"search_term_string"}}],"inLanguage":"ca"}]}},"uagb_featured_image_src":{"full":false,"thumbnail":false,"medium":false,"medium_large":false,"large":false,"1536x1536":false,"2048x2048":false,"trp-custom-language-flag":false},"uagb_author_info":{"display_name":"reformamataro","author_link":"https:\/\/mataroreformas.com\/ca\/author\/reformamataro"},"uagb_comment_info":0,"uagb_excerpt":null,"_links":{"self":[{"href":"https:\/\/mataroreformas.com\/ca\/wp-json\/wp\/v2\/pages\/1390","targetHints":{"allow":["GET"]}}],"collection":[{"href":"https:\/\/mataroreformas.com\/ca\/wp-json\/wp\/v2\/pages"}],"about":[{"href":"https:\/\/mataroreformas.com\/ca\/wp-json\/wp\/v2\/types\/page"}],"author":[{"embeddable":true,"href":"https:\/\/mataroreformas.com\/ca\/wp-json\/wp\/v2\/users\/1"}],"replies":[{"embeddable":true,"href":"https:\/\/mataroreformas.com\/ca\/wp-json\/wp\/v2\/comments?post=1390"}],"version-history":[{"count":8,"href":"https:\/\/mataroreformas.com\/ca\/wp-json\/wp\/v2\/pages\/1390\/revisions"}],"predecessor-version":[{"id":1745,"href":"https:\/\/mataroreformas.com\/ca\/wp-json\/wp\/v2\/pages\/1390\/revisions\/1745"}],"wp:attachment":[{"href":"https:\/\/mataroreformas.com\/ca\/wp-json\/wp\/v2\/media?parent=1390"}],"curies":[{"name":"wp","href":"https:\/\/api.w.org\/{rel}","templated":true}]}}