{"id":1380,"date":"2022-01-20T02:41:31","date_gmt":"2022-01-20T02:41:31","guid":{"rendered":"http:\/\/mataroreformas.com\/?page_id=1380"},"modified":"2022-11-23T20:31:03","modified_gmt":"2022-11-23T20:31:03","slug":"tabiques-de-pladur-en-mataro","status":"publish","type":"page","link":"https:\/\/mataroreformas.com\/ca\/tabiques-de-pladur-en-mataro","title":{"rendered":"Tabiques de Pladur en Matar\u00f3"},"content":{"rendered":"<section class=\"vc_rows wpb_row vc_row-fluid vc_custom_1481614324254 vc_row-o-equal-height vc_row-o-content-middle vc_row-flex\"><div class=\"row\"><div class=\"padd70 wpb_column vc_column_container vc_col-sm-12 vc_col-md-6\"><div class=\"vc_column-inner\"><div class=\"wpb_wrapper\">\n\t<div class=\"wpb_text_column wpb_content_element  vc_custom_1642645967654\" >\n\t\t<div class=\"wpb_wrapper\">\n\t\t\t<h2>Ofrecemos servicio de instalaci\u00f3n de Tabiques de Pladur en Matar\u00f3 <span class=\"tiny-border\">x<\/span><\/h2>\n<p class=\"intro\">Damos garant\u00eda de nuestro trabajo de instalaci\u00f3n de Tabiques de Pladur en Matar\u00f3, contamos con un amplio<br \/>\nportafolio de servicios para la reconstrucci\u00f3n de departamentos y casas, reformas de loft o la renovaci\u00f3n de naves comerciales e industriales. Nos encargamos de la instalaci\u00f3n de tabiques de pladur y <a href=\"https:\/\/www.materialescalabuig.com\/blog\/trasdosados-que-son-y-tipos\/\" target=\"_blank\" rel=\"noopener\">trasdosados<\/a>, de diferentes tipos; realizamos diversas reformas e instalaciones, te ofrecemos la posibilidad de contar con los mejores instaladores en diferentes zonas de reforma. Con alto nivel de calidad<\/p>\n\n\t\t<\/div>\n\t<\/div>\n<div class=\"vc_btn3-container vc_btn3-inline vc_custom_1669235180615\" ><a class=\"vc_general vc_btn3 vc_btn3-size-md vc_btn3-shape-rounded vc_btn3-style-modern vc_btn3-color-grey\" href=\"https:\/\/mataroreformas.com\/ca\/contacto\/\" title=\"\">Solicita tu Presupuesto<\/a><\/div><\/div><\/div><\/div><div class=\"wpb_column vc_column_container vc_col-sm-12 vc_col-md-6 vc_col-has-fill\"><div class=\"vc_column-inner vc_custom_1642095081797\"><div class=\"wpb_wrapper\">\n\t<div  class=\"wpb_single_image wpb_content_element vc_align_left\">\n\t\t\n\t\t<figure class=\"wpb_wrapper vc_figure\">\n\t\t\t<div class=\"vc_single_image-wrapper   vc_box_border_grey\"><img loading=\"lazy\" decoding=\"async\" width=\"1508\" height=\"1852\" src=\"https:\/\/mataroreformas.com\/wp-content\/uploads\/2022\/01\/tabiques-de-pladur-01.jpg\" class=\"vc_single_image-img attachment-full\" alt=\"\" title=\"tabiques-de-pladur-01\" srcset=\"https:\/\/mataroreformas.com\/wp-content\/uploads\/2022\/01\/tabiques-de-pladur-01.jpg 1508w, https:\/\/mataroreformas.com\/wp-content\/uploads\/2022\/01\/tabiques-de-pladur-01-244x300.jpg 244w, https:\/\/mataroreformas.com\/wp-content\/uploads\/2022\/01\/tabiques-de-pladur-01-834x1024.jpg 834w, https:\/\/mataroreformas.com\/wp-content\/uploads\/2022\/01\/tabiques-de-pladur-01-768x943.jpg 768w, https:\/\/mataroreformas.com\/wp-content\/uploads\/2022\/01\/tabiques-de-pladur-01-1251x1536.jpg 1251w\" sizes=\"auto, (max-width: 1508px) 100vw, 1508px\" \/><\/div>\n\t\t<\/figure>\n\t<\/div>\n<\/div><\/div><\/div><\/div><div class=\"clearfix\"><\/div><\/section><section class=\"vc_rows wpb_row vc_row-fluid vc_custom_1669235224371\"><div class=\"row\"><div class=\"wpb_column vc_column_container vc_col-sm-12 vc_col-has-fill\"><div class=\"vc_column-inner vc_custom_1669225797733\"><div class=\"wpb_wrapper\">\n\t<div class=\"row call-to-action\">\n\t\t<div class=\"col-md-8\">\n\t        <h3 class=\"mt10\">Contamos con los mejores instaladores de Tabiques de Pladur en Matar\u00f3 y Maresme; visita nuestra p\u00e1gina de contacto y solicita tu presupuesto<\/h3>\n\t    <\/div>\n\t    <div class=\"col-md-4 text-right\">\n\t    \t<a class=\"btn btn-line-black btn-fx\" href=\"https:\/\/mataroreformas.com\/ca\/contacto\/\" target=\"_self\">Contacto<\/a>\t    <\/div>\n    <\/div>\n\n<\/div><\/div><\/div><\/div><div class=\"clearfix\"><\/div><\/section><section data-stellar-background-ratio=\".2\" class=\"vc_rows wpb_row vc_row-fluid vc_custom_1642646453602 vc_row-has-fill parallax\"><div class=\"container\"><div class=\"row\"><div class=\"wpb_column vc_column_container vc_col-sm-12\"><div class=\"vc_column-inner\"><div class=\"wpb_wrapper\">\n\t<div class=\"wpb_text_column wpb_content_element  vc_custom_1642626371700\" >\n\t\t<div class=\"wpb_wrapper\">\n\t\t\t<h2><span style=\"color: #ffffff;\">\u00bfEn qu\u00e9 lugares realizamos la instalaci\u00f3n de Tabiques de pladur en Matar\u00f3? <span class=\"tiny-border\">x<\/span><\/span><\/h2>\n\n\t\t<\/div>\n\t<\/div>\n\n\t<div class=\"wpb_text_column wpb_content_element  vc_custom_1642626471721\" >\n\t\t<div class=\"wpb_wrapper\">\n\t\t\t<p><span style=\"color: #ffffff;\">Adaptando las caracter\u00edsticas de la placa de yeso, y sus cualidades, nuestros expertos son capaces de realizar instalaciones en cualquier lugar que lo desee, entre los m\u00e1s solicitados o comunes tenemos:<\/span><\/p>\n\n\t\t<\/div>\n\t<\/div>\n<\/div><\/div><\/div><div class=\"wpb_column vc_column_container vc_col-sm-12 vc_col-md-4\"><div class=\"vc_column-inner\"><div class=\"wpb_wrapper\">\n\t\t<div class=\"feature-box-small-icon text-light\">\n        <span class=\"icon\">\n        \t<i class=\"icon_box-checked id-color\"><\/i>\n        <\/span>\n        <div class=\"text\">\n            <h3>Tabiques de Pladur en Viviendas<\/h3>\n            Su c\u00e1mara interior permiten realizar y mover instalaciones f\u00e1cilmente. Este tipo de trabajos no produce escombros, es de f\u00e1cil y pr\u00e1ctica manipulaci\u00f3n.        <\/div>\n    <\/div>\n    \n<div class=\"vc_empty_space\"   style=\"height: 30px\"><span class=\"vc_empty_space_inner\"><\/span><\/div>\n\t\t<div class=\"feature-box-small-icon text-light\">\n        <span class=\"icon\">\n        \t<i class=\"icon_box-checked id-color\"><\/i>\n        <\/span>\n        <div class=\"text\">\n            <h3>Tabiques de Pladur en Hospitales<\/h3>\n            Instalaci\u00f3n de tabiquer\u00eda seca en Hospitales y Centros sanitarios de todo tipo. Se realizan las particiones correspondientes de forma r\u00e1pida y sencilla. Contacte a nuestros expertos.        <\/div>\n    <\/div>\n    \n<\/div><\/div><\/div><div class=\"wpb_column vc_column_container vc_col-sm-12 vc_col-md-4\"><div class=\"vc_column-inner\"><div class=\"wpb_wrapper\">\n\t\t<div class=\"feature-box-small-icon text-light\">\n        <span class=\"icon\">\n        \t<i class=\"icon_box-checked id-color\"><\/i>\n        <\/span>\n        <div class=\"text\">\n            <h3>Tabiques de Pladur en Oficinas<\/h3>\n            Utilizados en obras nuevas como en la rehabilitaci\u00f3n o la reforma oficinas o locales, es m\u00e1s limpio que con ladrillos y cemento, necesita menos tiempo para realizar las obras.        <\/div>\n    <\/div>\n    \n<div class=\"vc_empty_space\"   style=\"height: 30px\"><span class=\"vc_empty_space_inner\"><\/span><\/div>\n\t\t<div class=\"feature-box-small-icon text-light\">\n        <span class=\"icon\">\n        \t<i class=\"icon_box-checked id-color\"><\/i>\n        <\/span>\n        <div class=\"text\">\n            <h3>Tabiques de Pladur en Escuelas<\/h3>\n            Mantiene una temperatura id\u00f3nea dentro de las escuelas o aulas de clase, a trav\u00e9s de un relleno aislante, reduciendo as\u00ed el consumo de calefacci\u00f3n.        <\/div>\n    <\/div>\n    \n<\/div><\/div><\/div><div class=\"wpb_column vc_column_container vc_col-sm-12 vc_col-md-4\"><div class=\"vc_column-inner\"><div class=\"wpb_wrapper\">\n\t\t<div class=\"feature-box-small-icon text-light\">\n        <span class=\"icon\">\n        \t<i class=\"icon_box-checked id-color\"><\/i>\n        <\/span>\n        <div class=\"text\">\n            <h3>Tabiques de Pladur en Centros comerciales<\/h3>\n            Este tipo de instalaci\u00f3n es una opci\u00f3n pr\u00e1ctica y rentable para los clientes de centros comerciales, ya que se pueden realizar grandes trabajos en poco tiempo y de forma limpia.        <\/div>\n    <\/div>\n    \n<div class=\"vc_empty_space\"   style=\"height: 30px\"><span class=\"vc_empty_space_inner\"><\/span><\/div>\n\t\t<div class=\"feature-box-small-icon text-light\">\n        <span class=\"icon\">\n        \t<i class=\"icon_box-checked id-color\"><\/i>\n        <\/span>\n        <div class=\"text\">\n            <h3>Tabiques de Pladur en Ba\u00f1os<\/h3>\n            Este tipo de material posee una caracter\u00edstica fundamental y es que es resistente a la humedad, lo que lo hace ideal para el uso en el ba\u00f1o para realizar tambi\u00e9n estilos modernos y decorativos.        <\/div>\n    <\/div>\n    \n<\/div><\/div><\/div><\/div><\/div><div class=\"clearfix\"><\/div><\/section><section class=\"vc_rows wpb_row vc_row-fluid vc_custom_1481614324254 vc_row-o-equal-height vc_row-o-content-middle vc_row-flex\"><div class=\"row\"><div class=\"padd70 wpb_column vc_column_container vc_col-sm-12 vc_col-md-6\"><div class=\"vc_column-inner\"><div class=\"wpb_wrapper\">\n\t<div class=\"wpb_text_column wpb_content_element  vc_custom_1642644629233\" >\n\t\t<div class=\"wpb_wrapper\">\n\t\t\t<h2>\u00bfC\u00f3mo instalamos Tabiques de Pladur en Matar\u00f3? <span class=\"tiny-border\">x<\/span><\/h2>\n<p class=\"intro\">Compuestos por dos o m\u00e1s estructuras met\u00e1licas a las que se atornillan placas a ambos lados del tabique. Est\u00e1n destinados a separar verticalmente: viviendas o unidades de uso diferente, zonas comunes, o recintos que requieran de un alto aislamiento ac\u00fastico. Fijamos el canal en el suelo perfor\u00e1ndolo en \u00e9l mismo y colando los tacos, respetando una distancia entre tacos de como m\u00e1ximo 60 cm, excepto las de inicio y final que deber\u00e1n mantenerse como m\u00e1ximo a 500 mm del extremo del perfil. Las placas miden 1,20 m de ancho est\u00e1ndar, pero adaptamos todo tipo de medida. Habitualmente dejamos 10 y 15 mm de separaci\u00f3n del suelo y a tope en techo. Y finalmente cerraremos el tabique fijando las placas del otro lado. Las juntas de una cara del tabique nunca deber\u00e1n coincidir con las de la otra cara. En el caso de tabiques constituidos por m\u00e1s de una placa por cada lado, deber\u00e1n ir siempre contrapeadas las juntas entre las placas de diferentes capas.<\/p>\n\n\t\t<\/div>\n\t<\/div>\n<div class=\"vc_btn3-container vc_btn3-inline vc_custom_1669235180615\" ><a class=\"vc_general vc_btn3 vc_btn3-size-md vc_btn3-shape-rounded vc_btn3-style-modern vc_btn3-color-grey\" href=\"https:\/\/mataroreformas.com\/ca\/contacto\/\" title=\"\">Solicita tu Presupuesto<\/a><\/div><\/div><\/div><\/div><div class=\"wpb_column vc_column_container vc_col-sm-12 vc_col-md-6 vc_col-has-fill\"><div class=\"vc_column-inner vc_custom_1642646476571\"><div class=\"wpb_wrapper\"><\/div><\/div><\/div><div class=\"wpb_column vc_column_container vc_col-sm-12 vc_col-has-fill\"><div class=\"vc_column-inner vc_custom_1642091423026\"><div class=\"wpb_wrapper\">\n\t<div class=\"wpb_text_column wpb_content_element\" >\n\t\t<div class=\"wpb_wrapper\">\n\t\t\t<p class=\"seccion-enlace-principal\" style=\"text-align: center;\"><strong>Consulta todos los servicios que tenemos en <a href=\"http:\/\/mataroreformas.com\/ca\/\">Reformas Matar\u00f3<\/a> para ti<\/strong><\/p>\n\n\t\t<\/div>\n\t<\/div>\n<\/div><\/div><\/div><\/div><div class=\"clearfix\"><\/div><\/section><section class=\"vc_rows wpb_row vc_row-fluid vc_custom_1641937821471\"><div class=\"container\"><div class=\"row\"><div class=\"wpb_column vc_column_container vc_col-sm-2\"><div class=\"vc_column-inner\"><div class=\"wpb_wrapper\"><\/div><\/div><\/div><div class=\"wpb_column vc_column_container vc_col-sm-8\"><div class=\"vc_column-inner\"><div class=\"wpb_wrapper\">\n\t<div class=\"wpb_text_column wpb_content_element  vc_custom_1642644980937\" >\n\t\t<div class=\"wpb_wrapper\">\n\t\t\t<h2>Tabiques de Pladur en Matar\u00f3: Diferentes tipos de instalaci\u00f3n <span class=\"tiny-border\">x<\/span><\/h2>\n<p class=\"intro\">Realizamos instalaciones m\u00e1s complejas con doble c\u00e1mara, adaptadas a cada cliente:<\/p>\n\n\t\t<\/div>\n\t<\/div>\n<\/div><\/div><\/div><div class=\"wpb_column vc_column_container vc_col-sm-2\"><div class=\"vc_column-inner\"><div class=\"wpb_wrapper\"><\/div><\/div><\/div><\/div><\/div><div class=\"clearfix\"><\/div><\/section><section class=\"vc_rows wpb_row vc_row-fluid vc_custom_1641937856175\"><div class=\"container\"><div class=\"row\"><div class=\"wpb_column vc_column_container vc_col-sm-4\"><div class=\"vc_column-inner\"><div class=\"wpb_wrapper\">\n\t<div class=\"wpb_text_column wpb_content_element  vc_custom_1642645123305\" >\n\t\t<div class=\"wpb_wrapper\">\n\t\t\t<h3 style=\"text-align: center;\">Instalaciones de Tabique pladur doble c\u00e1mara, libre o arriostiado<\/h3>\n<p class=\"intro\" style=\"text-align: center;\">El Tabique est\u00e1 formado por dos placas atornilladas a cada lado de una doble estructura libre de acero galvanizado y separadas entre s\u00ed, a una distancia variable. Ambas estructuras se forman a base de montantes y canales. Una parte proporcional de materiales son: torniller\u00eda, pastas, cintas de juntas, juntas estancas\/ac\u00fasticas de su per\u00edmetro, etc.<\/p>\n\n\t\t<\/div>\n\t<\/div>\n<\/div><\/div><\/div><div class=\"wpb_column vc_column_container vc_col-sm-4\"><div class=\"vc_column-inner\"><div class=\"wpb_wrapper\">\n\t<div class=\"wpb_text_column wpb_content_element  vc_custom_1642645214413\" >\n\t\t<div class=\"wpb_wrapper\">\n\t\t\t<h3 style=\"text-align: center;\">Instalaciones de tabiques de Pladur en Grandes Alturas<\/h3>\n<p class=\"intro\" style=\"text-align: center;\">Instalamos tabiques de pladur en naves industriales, con alturas de m\u00e1s de 4 m. En ocasiones generamos un armado superior, para soportar los distintos perfiles de cada tabique.<\/p>\n\n\t\t<\/div>\n\t<\/div>\n<\/div><\/div><\/div><div class=\"wpb_column vc_column_container vc_col-sm-4\"><div class=\"vc_column-inner\"><div class=\"wpb_wrapper\">\n\t<div class=\"wpb_text_column wpb_content_element  vc_custom_1642645528831\" >\n\t\t<div class=\"wpb_wrapper\">\n\t\t\t<h3 style=\"text-align: center;\">Instalaciones de tabiques de Pladur en suelos<\/h3>\n<p class=\"intro\" style=\"text-align: center;\">Compuesto por placa de yeso con fibras, modificada con celulosa de papel reciclado y prensada para lograr una alta densidad, al que se le pueden agregar diferentes tipos de materiales aislantes seg\u00fan los requerimientos t\u00e9cnicos. Se colocar\u00e1 sobre una losa horizontal continua, creando una base para colocar la acera en la parte superior.<\/p>\n\n\t\t<\/div>\n\t<\/div>\n<\/div><\/div><\/div><\/div><\/div><div class=\"clearfix\"><\/div><\/section><section class=\"vc_rows wpb_row vc_row-fluid vc_custom_1641938180790 vc_row-has-fill vc_row-o-equal-height vc_row-o-content-middle vc_row-flex\"><div class=\"row\"><div class=\"wpb_column vc_column_container vc_col-sm-12 vc_col-has-fill\"><div class=\"vc_column-inner vc_custom_1642091435762\"><div class=\"wpb_wrapper\">\n\t<div class=\"wpb_text_column wpb_content_element\" >\n\t\t<div class=\"wpb_wrapper\">\n\t\t\t<p class=\"seccion-enlace-principal\" style=\"text-align: center;\"><strong>Contamos con diferentes tipos de trabajos e instalaciones con <a href=\"http:\/\/mataroreformas.com\/ca\/pladur-en-mataro\/\">Pladur en Matar\u00f3<\/a>, descubre mucho m\u00e1s\u2026<\/strong><\/p>\n\n\t\t<\/div>\n\t<\/div>\n<\/div><\/div><\/div><\/div><div class=\"clearfix\"><\/div><\/section>","protected":false},"excerpt":{"rendered":"Ofrecemos servicio de instalaci\u00f3n de Tabiques de Pladur en Matar\u00f3 x Damos garant\u00eda de nuestro trabajo de instalaci\u00f3n de Tabiques de Pladur en Matar\u00f3, contamos con un amplio portafolio de servicios para la reconstrucci\u00f3n de departamentos y casas, reformas de loft o la renovaci\u00f3n de naves comerciales e industriales. Nos encargamos de la instalaci\u00f3n de [...]","protected":false},"author":1,"featured_media":0,"parent":0,"menu_order":0,"comment_status":"closed","ping_status":"closed","template":"page-templates\/template-fullwidth.php","meta":{"_uag_custom_page_level_css":"","footnotes":""},"class_list":["post-1380","page","type-page","status-publish","hentry"],"yoast_head":"<!-- This site is optimized with the Yoast SEO plugin v27.4 - https:\/\/yoast.com\/product\/yoast-seo-wordpress\/ -->\n<title>Tabiques de Pladur en Matar\u00f3 - Instalaciones en Maresme<\/title>\n<meta name=\"description\" content=\"Tabiques de Pladur en Matar\u00f3 y Maresme. Tabiques de Pladur en Viviendas, Instalaciones de Tabique pladur doble c\u00e1mara, libre o arriostiado.\" \/>\n<meta name=\"robots\" content=\"index, follow, max-snippet:-1, max-image-preview:large, max-video-preview:-1\" \/>\n<link rel=\"canonical\" href=\"https:\/\/mataroreformas.com\/ca\/tabiques-de-pladur-en-mataro\/\" \/>\n<meta property=\"og:locale\" content=\"ca_ES\" \/>\n<meta property=\"og:type\" content=\"article\" \/>\n<meta property=\"og:title\" content=\"Tabiques de Pladur en Matar\u00f3 - Instalaciones en Maresme\" \/>\n<meta property=\"og:description\" content=\"Tabiques de Pladur en Matar\u00f3 y Maresme. Tabiques de Pladur en Viviendas, Instalaciones de Tabique pladur doble c\u00e1mara, libre o arriostiado.\" \/>\n<meta property=\"og:url\" content=\"https:\/\/mataroreformas.com\/ca\/tabiques-de-pladur-en-mataro\/\" \/>\n<meta property=\"og:site_name\" content=\"Matar\u00f3 Reformas\" \/>\n<meta property=\"article:modified_time\" content=\"2022-11-23T20:31:03+00:00\" \/>\n<meta name=\"twitter:card\" content=\"summary_large_image\" \/>\n<meta name=\"twitter:label1\" content=\"Temps estimat de lectura\" \/>\n\t<meta name=\"twitter:data1\" content=\"5 minuts\" \/>\n<script type=\"application\/ld+json\" class=\"yoast-schema-graph\">{\"@context\":\"https:\\\/\\\/schema.org\",\"@graph\":[{\"@type\":\"WebPage\",\"@id\":\"https:\\\/\\\/mataroreformas.com\\\/tabiques-de-pladur-en-mataro\",\"url\":\"https:\\\/\\\/mataroreformas.com\\\/tabiques-de-pladur-en-mataro\",\"name\":\"Tabiques de Pladur en Matar\u00f3 - Instalaciones en Maresme\",\"isPartOf\":{\"@id\":\"https:\\\/\\\/mataroreformas.com\\\/#website\"},\"datePublished\":\"2022-01-20T02:41:31+00:00\",\"dateModified\":\"2022-11-23T20:31:03+00:00\",\"description\":\"Tabiques de Pladur en Matar\u00f3 y Maresme. Tabiques de Pladur en Viviendas, Instalaciones de Tabique pladur doble c\u00e1mara, libre o arriostiado.\",\"breadcrumb\":{\"@id\":\"https:\\\/\\\/mataroreformas.com\\\/tabiques-de-pladur-en-mataro#breadcrumb\"},\"inLanguage\":\"ca\",\"potentialAction\":[{\"@type\":\"ReadAction\",\"target\":[\"https:\\\/\\\/mataroreformas.com\\\/tabiques-de-pladur-en-mataro\"]}]},{\"@type\":\"BreadcrumbList\",\"@id\":\"https:\\\/\\\/mataroreformas.com\\\/tabiques-de-pladur-en-mataro#breadcrumb\",\"itemListElement\":[{\"@type\":\"ListItem\",\"position\":1,\"name\":\"Portada\",\"item\":\"https:\\\/\\\/mataroreformas.com\\\/\"},{\"@type\":\"ListItem\",\"position\":2,\"name\":\"Tabiques de Pladur en Matar\u00f3\"}]},{\"@type\":\"WebSite\",\"@id\":\"https:\\\/\\\/mataroreformas.com\\\/#website\",\"url\":\"https:\\\/\\\/mataroreformas.com\\\/\",\"name\":\"Matar\u00f3 Reformas\",\"description\":\"Reformas de todo tipo a su alcance\",\"potentialAction\":[{\"@type\":\"SearchAction\",\"target\":{\"@type\":\"EntryPoint\",\"urlTemplate\":\"https:\\\/\\\/mataroreformas.com\\\/?s={search_term_string}\"},\"query-input\":{\"@type\":\"PropertyValueSpecification\",\"valueRequired\":true,\"valueName\":\"search_term_string\"}}],\"inLanguage\":\"ca\"}]}<\/script>\n<!-- \/ Yoast SEO plugin. -->","yoast_head_json":{"title":"Tabiques de Pladur en Matar\u00f3 - Instalaciones en Maresme","description":"Tabiques de Pladur en Matar\u00f3 y Maresme. Tabiques de Pladur en Viviendas, Instalaciones de Tabique pladur doble c\u00e1mara, libre o arriostiado.","robots":{"index":"index","follow":"follow","max-snippet":"max-snippet:-1","max-image-preview":"max-image-preview:large","max-video-preview":"max-video-preview:-1"},"canonical":"https:\/\/mataroreformas.com\/ca\/tabiques-de-pladur-en-mataro\/","og_locale":"ca_ES","og_type":"article","og_title":"Tabiques de Pladur en Matar\u00f3 - Instalaciones en Maresme","og_description":"Tabiques de Pladur en Matar\u00f3 y Maresme. Tabiques de Pladur en Viviendas, Instalaciones de Tabique pladur doble c\u00e1mara, libre o arriostiado.","og_url":"https:\/\/mataroreformas.com\/ca\/tabiques-de-pladur-en-mataro\/","og_site_name":"Matar\u00f3 Reformas","article_modified_time":"2022-11-23T20:31:03+00:00","twitter_card":"summary_large_image","twitter_misc":{"Temps estimat de lectura":"5 minuts"},"schema":{"@context":"https:\/\/schema.org","@graph":[{"@type":"WebPage","@id":"https:\/\/mataroreformas.com\/tabiques-de-pladur-en-mataro","url":"https:\/\/mataroreformas.com\/tabiques-de-pladur-en-mataro","name":"Tabiques de Pladur en Matar\u00f3 - Instalaciones en Maresme","isPartOf":{"@id":"https:\/\/mataroreformas.com\/#website"},"datePublished":"2022-01-20T02:41:31+00:00","dateModified":"2022-11-23T20:31:03+00:00","description":"Tabiques de Pladur en Matar\u00f3 y Maresme. Tabiques de Pladur en Viviendas, Instalaciones de Tabique pladur doble c\u00e1mara, libre o arriostiado.","breadcrumb":{"@id":"https:\/\/mataroreformas.com\/tabiques-de-pladur-en-mataro#breadcrumb"},"inLanguage":"ca","potentialAction":[{"@type":"ReadAction","target":["https:\/\/mataroreformas.com\/tabiques-de-pladur-en-mataro"]}]},{"@type":"BreadcrumbList","@id":"https:\/\/mataroreformas.com\/tabiques-de-pladur-en-mataro#breadcrumb","itemListElement":[{"@type":"ListItem","position":1,"name":"Portada","item":"https:\/\/mataroreformas.com\/"},{"@type":"ListItem","position":2,"name":"Tabiques de Pladur en Matar\u00f3"}]},{"@type":"WebSite","@id":"https:\/\/mataroreformas.com\/#website","url":"https:\/\/mataroreformas.com\/","name":"Matar\u00f3 Reformas","description":"Reformas de todo tipo a su alcance","potentialAction":[{"@type":"SearchAction","target":{"@type":"EntryPoint","urlTemplate":"https:\/\/mataroreformas.com\/?s={search_term_string}"},"query-input":{"@type":"PropertyValueSpecification","valueRequired":true,"valueName":"search_term_string"}}],"inLanguage":"ca"}]}},"uagb_featured_image_src":{"full":false,"thumbnail":false,"medium":false,"medium_large":false,"large":false,"1536x1536":false,"2048x2048":false,"trp-custom-language-flag":false},"uagb_author_info":{"display_name":"reformamataro","author_link":"https:\/\/mataroreformas.com\/ca\/author\/reformamataro"},"uagb_comment_info":0,"uagb_excerpt":null,"_links":{"self":[{"href":"https:\/\/mataroreformas.com\/ca\/wp-json\/wp\/v2\/pages\/1380","targetHints":{"allow":["GET"]}}],"collection":[{"href":"https:\/\/mataroreformas.com\/ca\/wp-json\/wp\/v2\/pages"}],"about":[{"href":"https:\/\/mataroreformas.com\/ca\/wp-json\/wp\/v2\/types\/page"}],"author":[{"embeddable":true,"href":"https:\/\/mataroreformas.com\/ca\/wp-json\/wp\/v2\/users\/1"}],"replies":[{"embeddable":true,"href":"https:\/\/mataroreformas.com\/ca\/wp-json\/wp\/v2\/comments?post=1380"}],"version-history":[{"count":7,"href":"https:\/\/mataroreformas.com\/ca\/wp-json\/wp\/v2\/pages\/1380\/revisions"}],"predecessor-version":[{"id":1750,"href":"https:\/\/mataroreformas.com\/ca\/wp-json\/wp\/v2\/pages\/1380\/revisions\/1750"}],"wp:attachment":[{"href":"https:\/\/mataroreformas.com\/ca\/wp-json\/wp\/v2\/media?parent=1380"}],"curies":[{"name":"wp","href":"https:\/\/api.w.org\/{rel}","templated":true}]}}