{"id":1371,"date":"2022-01-19T20:45:06","date_gmt":"2022-01-19T20:45:06","guid":{"rendered":"http:\/\/mataroreformas.com\/?page_id=1371"},"modified":"2022-11-23T18:28:33","modified_gmt":"2022-11-23T18:28:33","slug":"pladur-en-mataro","status":"publish","type":"page","link":"https:\/\/mataroreformas.com\/ca\/pladur-en-mataro","title":{"rendered":"Pladur en Matar\u00f3"},"content":{"rendered":"<section class=\"vc_rows wpb_row vc_row-fluid vc_custom_1481614324254 vc_row-o-equal-height vc_row-o-content-middle vc_row-flex\"><div class=\"row\"><div class=\"padd70 wpb_column vc_column_container vc_col-sm-12 vc_col-md-6\"><div class=\"vc_column-inner\"><div class=\"wpb_wrapper\">\n\t<div class=\"wpb_text_column wpb_content_element  vc_custom_1664897732351\" >\n\t\t<div class=\"wpb_wrapper\">\n\t\t\t<h2>Realizamos todo tipo de reformas con pladur en Matar\u00f3 para nuestros clientes <span class=\"tiny-border\">x<\/span><\/h2>\n<p class=\"intro\">En Reformas Matar\u00f3 somos expertos al momento de realizar trabajos de instalaci\u00f3n, mantenimiento y reformas de cualquier tipo con pladur en Matar\u00f3, en cualquier lugar o espacio que lo requiera: viviendas, edificios, centros comerciales, hospitales entre otros; nuestros expertos <a href=\"https:\/\/www.reformasintegralesbcn.com\/pladuristasbarcelona\" target=\"_blank\" rel=\"noopener\">pladuristas<\/a> se encuentran a la espera de su llamada para trabajar en su obra o proyecto. Contamos con <a href=\"https:\/\/mataroreformas.com\/ca\/montadores-de-pladur-en-mataro\/\">montadores de pladur<\/a> capaces de ejecutar instalaci\u00f3n de falsos techos, instalaci\u00f3n de tabiques, elaboraci\u00f3n y reparaci\u00f3n de muebles; cualquier tipo de trabajo donde requiera utilizar pladur somos su mejor aliado, cont\u00e1ctenos.<\/p>\n\n\t\t<\/div>\n\t<\/div>\n<div class=\"vc_btn3-container vc_btn3-inline vc_custom_1669227997078\" ><a class=\"vc_general vc_btn3 vc_btn3-size-md vc_btn3-shape-rounded vc_btn3-style-modern vc_btn3-color-grey\" href=\"https:\/\/mataroreformas.com\/ca\/contacto\/\" title=\"\">Solicita tu Presupuesto<\/a><\/div><\/div><\/div><\/div><div class=\"wpb_column vc_column_container vc_col-sm-12 vc_col-md-6 vc_col-has-fill\"><div class=\"vc_column-inner vc_custom_1642624815454\"><div class=\"wpb_wrapper\">\n\t<div  class=\"wpb_single_image wpb_content_element vc_align_left\">\n\t\t\n\t\t<figure class=\"wpb_wrapper vc_figure\">\n\t\t\t<div class=\"vc_single_image-wrapper   vc_box_border_grey\"><img loading=\"lazy\" decoding=\"async\" width=\"859\" height=\"686\" src=\"https:\/\/mataroreformas.com\/wp-content\/uploads\/2022\/01\/pladur-en-mataro-01.jpg\" class=\"vc_single_image-img attachment-full\" alt=\"\" title=\"pladur-en-mataro-01\" srcset=\"https:\/\/mataroreformas.com\/wp-content\/uploads\/2022\/01\/pladur-en-mataro-01.jpg 859w, https:\/\/mataroreformas.com\/wp-content\/uploads\/2022\/01\/pladur-en-mataro-01-300x240.jpg 300w, https:\/\/mataroreformas.com\/wp-content\/uploads\/2022\/01\/pladur-en-mataro-01-768x613.jpg 768w\" sizes=\"auto, (max-width: 859px) 100vw, 859px\" \/><\/div>\n\t\t<\/figure>\n\t<\/div>\n<\/div><\/div><\/div><\/div><div class=\"clearfix\"><\/div><\/section><section class=\"vc_rows wpb_row vc_row-fluid vc_custom_1669228039406\"><div class=\"row\"><div class=\"wpb_column vc_column_container vc_col-sm-12 vc_col-has-fill\"><div class=\"vc_column-inner vc_custom_1669225797733\"><div class=\"wpb_wrapper\">\n\t<div class=\"row call-to-action\">\n\t\t<div class=\"col-md-8\">\n\t        <h3 class=\"mt10\">Cuenta con los mejores especialistas para sus reformas con Pladur en Matar\u00f3 y Maresme; Solicita tu presupuesto<\/h3>\n\t    <\/div>\n\t    <div class=\"col-md-4 text-right\">\n\t    \t<a class=\"btn btn-line-black btn-fx\" href=\"https:\/\/mataroreformas.com\/ca\/contacto\/\" target=\"_self\">Contacto<\/a>\t    <\/div>\n    <\/div>\n\n<\/div><\/div><\/div><\/div><div class=\"clearfix\"><\/div><\/section><section data-stellar-background-ratio=\".2\" class=\"vc_rows wpb_row vc_row-fluid vc_custom_1642624894568 vc_row-has-fill parallax\"><div class=\"container\"><div class=\"row\"><div class=\"wpb_column vc_column_container vc_col-sm-12\"><div class=\"vc_column-inner\"><div class=\"wpb_wrapper\">\n\t<div class=\"wpb_text_column wpb_content_element  vc_custom_1642623310978\" >\n\t\t<div class=\"wpb_wrapper\">\n\t\t\t<h2><span style=\"color: #ffffff;\">Ventajas de instalar Pladur en Matar\u00f3 para tu vivienda o local comercial <span class=\"tiny-border\">x<\/span><\/span><\/h2>\n\n\t\t<\/div>\n\t<\/div>\n\n\t<div class=\"wpb_text_column wpb_content_element  vc_custom_1642623332059\" >\n\t\t<div class=\"wpb_wrapper\">\n\t\t\t<p><span style=\"color: #ffffff;\">El trabajar con pladur le da a cada trabajo que realizamos para nuestros clientes varios beneficios o ventajas, entre los mas destacados te tenemos:<\/span><\/p>\n\n\t\t<\/div>\n\t<\/div>\n<\/div><\/div><\/div><div class=\"wpb_column vc_column_container vc_col-sm-12 vc_col-md-4\"><div class=\"vc_column-inner\"><div class=\"wpb_wrapper\">\n\t\t<div class=\"feature-box-small-icon text-light\">\n        <span class=\"icon\">\n        \t<i class=\"icon_box-checked id-color\"><\/i>\n        <\/span>\n        <div class=\"text\">\n            <h3>F\u00e1cil Instalaci\u00f3n<\/h3>\n            En Reformas Matar\u00f3 contamos con las herramientas y el equipo de expertos pladuristas para realizar instalaciones y reformas de r\u00e1pida, f\u00e1cil y sencilla instalaci\u00f3n de lo que pueda necesitar.        <\/div>\n    <\/div>\n    \n<div class=\"vc_empty_space\"   style=\"height: 30px\"><span class=\"vc_empty_space_inner\"><\/span><\/div>\n\t\t<div class=\"feature-box-small-icon text-light\">\n        <span class=\"icon\">\n        \t<i class=\"icon_box-checked id-color\"><\/i>\n        <\/span>\n        <div class=\"text\">\n            <h3>Aislamiento<\/h3>\n            Este tipo de material ofrece como gran ventaja en aislamiento tanto t\u00e9rmico, como ac\u00fastico; de esta manera se puede resolver el problema del ruido, tambi\u00e9n se puede conseguir la disipaci\u00f3n del calor.        <\/div>\n    <\/div>\n    \n<\/div><\/div><\/div><div class=\"wpb_column vc_column_container vc_col-sm-12 vc_col-md-4\"><div class=\"vc_column-inner\"><div class=\"wpb_wrapper\">\n\t\t<div class=\"feature-box-small-icon text-light\">\n        <span class=\"icon\">\n        \t<i class=\"icon_box-checked id-color\"><\/i>\n        <\/span>\n        <div class=\"text\">\n            <h3>Excelentes Acabados<\/h3>\n            El pladur es un material perfectamente manipulables el cual nos permite entregar acabados est\u00e9ticos y limpios para cada proyecto, que nos permite satisfacer las necesidades de nuestros clientes.        <\/div>\n    <\/div>\n    \n<div class=\"vc_empty_space\"   style=\"height: 30px\"><span class=\"vc_empty_space_inner\"><\/span><\/div><\/div><\/div><\/div><div class=\"wpb_column vc_column_container vc_col-sm-12 vc_col-md-4\"><div class=\"vc_column-inner\"><div class=\"wpb_wrapper\">\n\t\t<div class=\"feature-box-small-icon text-light\">\n        <span class=\"icon\">\n        \t<i class=\"icon_box-checked id-color\"><\/i>\n        <\/span>\n        <div class=\"text\">\n            <h3>Gran Adaptaci\u00f3n<\/h3>\n            Se adaptan a cualquier superficie y forma por lo que ayuda a optimizar el espacio. Adem\u00e1s, se pueden utilizar para otros trabajos como: trasdosados, revestimientos o estructuras decorativas.        <\/div>\n    <\/div>\n    \n<div class=\"vc_empty_space\"   style=\"height: 30px\"><span class=\"vc_empty_space_inner\"><\/span><\/div><\/div><\/div><\/div><\/div><\/div><div class=\"clearfix\"><\/div><\/section><section class=\"vc_rows wpb_row vc_row-fluid vc_custom_1481614324254 vc_row-o-equal-height vc_row-o-content-middle vc_row-flex\"><div class=\"row\"><div class=\"padd70 wpb_column vc_column_container vc_col-sm-12 vc_col-md-6\"><div class=\"vc_column-inner\"><div class=\"wpb_wrapper\">\n\t<div class=\"wpb_text_column wpb_content_element  vc_custom_1664897842480\" >\n\t\t<div class=\"wpb_wrapper\">\n\t\t\t<h2>Reparaci\u00f3n y mantenimiento de muebles con Pladur en Matar\u00f3 <span class=\"tiny-border\">x<\/span><\/h2>\n<p class=\"intro\">De cualquier tipo y tama\u00f1o de muebles como bibliotecas, cajoneras, cabeceros de camas, mesitas de noche, c\u00f3modas, entre otras; nuestros <a href=\"https:\/\/mataroreformas.com\/ca\/pladuristas-en-mataro\/\">pladuristas en Matar\u00f3<\/a> se encargan de trabajar el pladur en distintos tipos muebles dando como resultado final un mueble resistente y duradero a la vez que est\u00e9tico, con un bajo coste dada su durabilidad. Como si esto fuera poco es, adem\u00e1s, reparable.<\/p>\n\n\t\t<\/div>\n\t<\/div>\n<div class=\"vc_btn3-container vc_btn3-inline vc_custom_1669227997078\" ><a class=\"vc_general vc_btn3 vc_btn3-size-md vc_btn3-shape-rounded vc_btn3-style-modern vc_btn3-color-grey\" href=\"https:\/\/mataroreformas.com\/ca\/contacto\/\" title=\"\">Solicita tu Presupuesto<\/a><\/div><\/div><\/div><\/div><div class=\"wpb_column vc_column_container vc_col-sm-12 vc_col-md-6 vc_col-has-fill\"><div class=\"vc_column-inner vc_custom_1642625068641\"><div class=\"wpb_wrapper\"><\/div><\/div><\/div><div class=\"wpb_column vc_column_container vc_col-sm-12 vc_col-has-fill\"><div class=\"vc_column-inner vc_custom_1642082066065\"><div class=\"wpb_wrapper\">\n\t<div class=\"wpb_text_column wpb_content_element\" >\n\t\t<div class=\"wpb_wrapper\">\n\t\t\t<p class=\"seccion-enlace-principal\" style=\"text-align: center;\"><strong>Consulta todos los servicios que tenemos en <a href=\"http:\/\/mataroreformas.com\/ca\/\">Reformas Matar\u00f3<\/a> para ti<\/strong><\/p>\n\n\t\t<\/div>\n\t<\/div>\n<\/div><\/div><\/div><\/div><div class=\"clearfix\"><\/div><\/section><section class=\"vc_rows wpb_row vc_row-fluid vc_custom_1641937821471\"><div class=\"container\"><div class=\"row\"><div class=\"wpb_column vc_column_container vc_col-sm-2\"><div class=\"vc_column-inner\"><div class=\"wpb_wrapper\"><\/div><\/div><\/div><div class=\"wpb_column vc_column_container vc_col-sm-8\"><div class=\"vc_column-inner\"><div class=\"wpb_wrapper\">\n\t<div class=\"wpb_text_column wpb_content_element  vc_custom_1642623589973\" >\n\t\t<div class=\"wpb_wrapper\">\n\t\t\t<h2>Tipos de Trabajos que realizamos con Pladur en Matar\u00f3 <span class=\"tiny-border\">x<\/span><\/h2>\n<p class=\"intro\">En el equipo de Reformas Matar\u00f3 tenemos a sus \u00f3rdenes pladuristas expertos, con gran sentido de pertenencia y profesionalismo, capaces de realizar los siguientes trabajos:<\/p>\n\n\t\t<\/div>\n\t<\/div>\n<\/div><\/div><\/div><div class=\"wpb_column vc_column_container vc_col-sm-2\"><div class=\"vc_column-inner\"><div class=\"wpb_wrapper\"><\/div><\/div><\/div><\/div><\/div><div class=\"clearfix\"><\/div><\/section><section class=\"vc_rows wpb_row vc_row-fluid vc_custom_1641937856175\"><div class=\"container\"><div class=\"row\"><div class=\"wpb_column vc_column_container vc_col-sm-4\"><div class=\"vc_column-inner\"><div class=\"wpb_wrapper\">\n\t<div class=\"wpb_text_column wpb_content_element  vc_custom_1642625280567\" >\n\t\t<div class=\"wpb_wrapper\">\n\t\t\t<h3 style=\"text-align: center;\"><a href=\"http:\/\/mataroreformas.com\/ca\/falsos-techos-de-pladur-en-mataro\/\">Falsos Techos de Pladur en Matar\u00f3<\/a><\/h3>\n<p class=\"intro\" style=\"text-align: center;\">Nuestro equipo de montadores de pladur realizan la instalaci\u00f3n, reparaci\u00f3n y mantenimiento de cualquier tipo de falsos techos de pladur en Matar\u00f3 para su vivienda, local comercial o cualquier lugar que lo requiera.<\/p>\n\n\t\t<\/div>\n\t<\/div>\n<\/div><\/div><\/div><div class=\"wpb_column vc_column_container vc_col-sm-4\"><div class=\"vc_column-inner\"><div class=\"wpb_wrapper\">\n\t<div class=\"wpb_text_column wpb_content_element  vc_custom_1642646565602\" >\n\t\t<div class=\"wpb_wrapper\">\n\t\t\t<h3 style=\"text-align: center;\"><a href=\"http:\/\/mataroreformas.com\/ca\/tabiques-de-pladur-en-mataro\/\">Tabiques de Pladur en Matar\u00f3<\/a><\/h3>\n<p class=\"intro\" style=\"text-align: center;\">Realizamos diversas reformas e instalaciones, te ofrecemos la posibilidad de contar con los mejores instaladores en diferentes zonas de reforma. Con alto nivel de calidad y precios muy asequibles.<\/p>\n\n\t\t<\/div>\n\t<\/div>\n<\/div><\/div><\/div><div class=\"wpb_column vc_column_container vc_col-sm-4\"><div class=\"vc_column-inner\"><div class=\"wpb_wrapper\">\n\t<div class=\"wpb_text_column wpb_content_element  vc_custom_1642623688412\" >\n\t\t<div class=\"wpb_wrapper\">\n\t\t\t<h3 style=\"text-align: center;\">Sectorizaci\u00f3n de vigas con Pladur en Matar\u00f3<\/h3>\n<p class=\"intro\" style=\"text-align: center;\">En este proceso realizamos un Caj\u00f3n de pladur, esto con el fin de proteger las vigas aprovechando los m\u00faltiples beneficios que tiene el pladur y la versatilidad con la que cuenta dicho material en la mano de expertos.<\/p>\n\n\t\t<\/div>\n\t<\/div>\n<\/div><\/div><\/div><\/div><\/div><div class=\"clearfix\"><\/div><\/section><section class=\"vc_rows wpb_row vc_row-fluid vc_custom_1641937856175\"><div class=\"container\"><div class=\"row\"><div class=\"wpb_column vc_column_container vc_col-sm-4\"><div class=\"vc_column-inner\"><div class=\"wpb_wrapper\">\n\t<div class=\"wpb_text_column wpb_content_element  vc_custom_1642623719545\" >\n\t\t<div class=\"wpb_wrapper\">\n\t\t\t<h3 style=\"text-align: center;\">Cajones de Pladur en Matar\u00f3<\/h3>\n<p class=\"intro\" style=\"text-align: center;\">Ejecutamos un trabajo limpio y r\u00e1pido, gracias a la versatilidad que nos brinda el pladur, con acabados de gran calidad; adem\u00e1s puede contar con una trabajo bien hecho de la mano de verdaderos profesionales.<\/p>\n\n\t\t<\/div>\n\t<\/div>\n<\/div><\/div><\/div><div class=\"wpb_column vc_column_container vc_col-sm-4\"><div class=\"vc_column-inner\"><div class=\"wpb_wrapper\">\n\t<div class=\"wpb_text_column wpb_content_element  vc_custom_1642623754482\" >\n\t\t<div class=\"wpb_wrapper\">\n\t\t\t<h3 style=\"text-align: center;\">Foseados de pladur en Matar\u00f3<\/h3>\n<p class=\"intro\" style=\"text-align: center;\">Utilizados generalmente para esconder el sistema el\u00e9ctrico y darle a nuestros clientes un toque original y muy moderno, esto lo logran nuestros pladuristas expertos creando un falso techo de pladur de dos niveles, cont\u00e1ctenos.<\/p>\n\n\t\t<\/div>\n\t<\/div>\n<\/div><\/div><\/div><div class=\"wpb_column vc_column_container vc_col-sm-4\"><div class=\"vc_column-inner\"><div class=\"wpb_wrapper\">\n\t<div class=\"wpb_text_column wpb_content_element  vc_custom_1642623784828\" >\n\t\t<div class=\"wpb_wrapper\">\n\t\t\t<h3 style=\"text-align: center;\">Cortineros de Pladur en Matar\u00f3<\/h3>\n<p class=\"intro\" style=\"text-align: center;\">Para darle un toque de privacidad ya sea a su oficina o cualquier habitaci\u00f3n que lo desee, los cortineros de pladur son una opci\u00f3n bastante viable y que mantiene los est\u00e1ndares de calidad y estilo que le ofrecemos en cada servicio.<\/p>\n\n\t\t<\/div>\n\t<\/div>\n<\/div><\/div><\/div><\/div><\/div><div class=\"clearfix\"><\/div><\/section><section class=\"vc_rows wpb_row vc_row-fluid vc_custom_1641938180790 vc_row-has-fill vc_row-o-equal-height vc_row-o-content-middle vc_row-flex\"><div class=\"row\"><div class=\"wpb_column vc_column_container vc_col-sm-12 vc_col-md-6 vc_col-has-fill\"><div class=\"vc_column-inner vc_custom_1642625094080\"><div class=\"wpb_wrapper\"><\/div><\/div><\/div><div class=\"padd70 wpb_column vc_column_container vc_col-sm-12 vc_col-md-6\"><div class=\"vc_column-inner\"><div class=\"wpb_wrapper\">\n\t<div class=\"wpb_text_column wpb_content_element  vc_custom_1642623837450\" >\n\t\t<div class=\"wpb_wrapper\">\n\t\t\t<h2><span style=\"color: #ffffff;\">Dise\u00f1amos Chimeneas con Pladur en Matar\u00f3 <span class=\"tiny-border\">x<\/span><\/span><\/h2>\n<p class=\"intro\"><span style=\"color: #ffffff;\">Realizamos la construcci\u00f3n y el mantenimiento de chimeneas, con dise\u00f1os totalmente funcionales, con acabados est\u00e9ticamente atractivos a la vista de los usuarios. Somos expertos y contamos con un amplio portafolio en el que puede observar nuestros trabajos m\u00e1s destacados. No espere m\u00e1s tiempo y comun\u00edquese con nuestro equipo de expertos, somos su perfecto aliado.<\/span><\/p>\n\n\t\t<\/div>\n\t<\/div>\n<div class=\"vc_btn3-container vc_btn3-inline vc_custom_1669227997078\" ><a class=\"vc_general vc_btn3 vc_btn3-size-md vc_btn3-shape-rounded vc_btn3-style-modern vc_btn3-color-grey\" href=\"https:\/\/mataroreformas.com\/ca\/contacto\/\" title=\"\">Solicita tu Presupuesto<\/a><\/div><\/div><\/div><\/div><\/div><div class=\"clearfix\"><\/div><\/section><section class=\"vc_rows wpb_row vc_row-fluid vc_custom_1668118087116 vc_row-o-equal-height vc_row-o-content-middle vc_row-flex\"><div class=\"row\"><div class=\"wpb_column vc_column_container vc_col-sm-12\"><div class=\"vc_column-inner\"><div class=\"wpb_wrapper\">\n\t<div class=\"wpb_text_column wpb_content_element  vc_custom_1668194538403\" >\n\t\t<div class=\"wpb_wrapper\">\n\t\t\t<h2 style=\"text-align: center;\"><span style=\"color: #000000;\">\u00bfD\u00f3nde realizamos los trabajos de Pladur en Matar\u00f3?\u00a0<\/span><\/h2>\n\n\t\t<\/div>\n\t<\/div>\n\n\t<div class=\"wpb_text_column wpb_content_element\" >\n\t\t<div class=\"wpb_wrapper\">\n\t\t\t<p style=\"text-align: center;\">Realizamos todo tipo de trabajos con pladur en cada una de las localidades de Maresme; algunas de las localidades en las que hemos trabajado son:<\/p>\n\n\t\t<\/div>\n\t<\/div>\n<\/div><\/div><\/div><\/div><div class=\"clearfix\"><\/div><\/section><section class=\"vc_rows wpb_row vc_row-fluid vc_custom_1668118122724 vc_row-o-equal-height vc_row-o-content-middle vc_row-flex\"><div class=\"row\"><div class=\"wpb_column vc_column_container vc_col-sm-2\"><div class=\"vc_column-inner\"><div class=\"wpb_wrapper\"><\/div><\/div><\/div><div class=\"wpb_column vc_column_container vc_col-sm-4\"><div class=\"vc_column-inner\"><div class=\"wpb_wrapper\">\n\t<div class=\"wpb_text_column wpb_content_element\" >\n\t\t<div class=\"wpb_wrapper\">\n\t\t\t<ul>\n<li>Pladur en Alella<\/li>\n<li>Pladur en Arenys<\/li>\n<li>Pladur en Argentona<\/li>\n<li>Pladur en Cabrera de Mar<\/li>\n<li>Pladur en Cabrils<\/li>\n<li>Pladur en Caldes d&#8217;Estrac<\/li>\n<li>Pladur en Calella<\/li>\n<li>Pladur en Canet de Mar<\/li>\n<li>Pladur en Dosrius<\/li>\n<li>Pladur en El Masnou<\/li>\n<li>Pladur en Montgat<\/li>\n<li>Pladur en \u00d2rrius<\/li>\n<li>Pladur en Palafolls<\/li>\n<li>Pladur en Pineda de Mar<\/li>\n<\/ul>\n\n\t\t<\/div>\n\t<\/div>\n<\/div><\/div><\/div><div class=\"wpb_column vc_column_container vc_col-sm-4\"><div class=\"vc_column-inner\"><div class=\"wpb_wrapper\">\n\t<div class=\"wpb_text_column wpb_content_element\" >\n\t\t<div class=\"wpb_wrapper\">\n\t\t\t<ul>\n<li>Pladur en Premi\u00e0 de Dalt<\/li>\n<li>Pladur en Sant Andreu de Llavaneres<\/li>\n<li>Pladur en Sant Cebri\u00e0 de Vallalta<\/li>\n<li>Pladur en Sant Pol de Mar<\/li>\n<li>Pladur en Sant Vicen\u00e7 de Montalt<\/li>\n<li>Pladur en Caldes d&#8217;Estrac<\/li>\n<li>Pladur en Santa Susanna<\/li>\n<li>Pladur en Tei\u00e0<\/li>\n<li>Pladur en Malgrat de Mar<\/li>\n<li>Pladur en Tordera<\/li>\n<li>Pladur en Vilassar de Dalt<\/li>\n<li>Pladur en Vilassar de Mar<\/li>\n<\/ul>\n\n\t\t<\/div>\n\t<\/div>\n<\/div><\/div><\/div><div class=\"wpb_column vc_column_container vc_col-sm-2\"><div class=\"vc_column-inner\"><div class=\"wpb_wrapper\"><\/div><\/div><\/div><\/div><div class=\"clearfix\"><\/div><\/section>","protected":false},"excerpt":{"rendered":"Realizamos todo tipo de reformas con pladur en Matar\u00f3 para nuestros clientes x En Reformas Matar\u00f3 somos expertos al momento de realizar trabajos de instalaci\u00f3n, mantenimiento y reformas de cualquier tipo con pladur en Matar\u00f3, en cualquier lugar o espacio que lo requiera: viviendas, edificios, centros comerciales, hospitales entre otros; nuestros expertos pladuristas se encuentran [...]","protected":false},"author":1,"featured_media":0,"parent":0,"menu_order":0,"comment_status":"closed","ping_status":"closed","template":"page-templates\/template-fullwidth.php","meta":{"_uag_custom_page_level_css":"","footnotes":""},"class_list":["post-1371","page","type-page","status-publish","hentry"],"yoast_head":"<!-- This site is optimized with the Yoast SEO plugin v27.4 - https:\/\/yoast.com\/product\/yoast-seo-wordpress\/ -->\n<title>Pladur en Matar\u00f3 y Maresme - Instalaciones y Reparaciones<\/title>\n<meta name=\"description\" content=\"Pladur en Matar\u00f3 y Maresme. Instalaci\u00f3n de Falsos Techos de Pladur, Instalaci\u00f3n de Tabiques de Pladur, Sectorizaci\u00f3n de vigas con Pladur\" \/>\n<meta name=\"robots\" content=\"index, follow, max-snippet:-1, max-image-preview:large, max-video-preview:-1\" \/>\n<link rel=\"canonical\" href=\"https:\/\/mataroreformas.com\/ca\/pladur-en-mataro\/\" \/>\n<meta property=\"og:locale\" content=\"ca_ES\" \/>\n<meta property=\"og:type\" content=\"article\" \/>\n<meta property=\"og:title\" content=\"Pladur en Matar\u00f3 y Maresme - Instalaciones y Reparaciones\" \/>\n<meta property=\"og:description\" content=\"Pladur en Matar\u00f3 y Maresme. Instalaci\u00f3n de Falsos Techos de Pladur, Instalaci\u00f3n de Tabiques de Pladur, Sectorizaci\u00f3n de vigas con Pladur\" \/>\n<meta property=\"og:url\" content=\"https:\/\/mataroreformas.com\/ca\/pladur-en-mataro\/\" \/>\n<meta property=\"og:site_name\" content=\"Matar\u00f3 Reformas\" \/>\n<meta property=\"article:modified_time\" content=\"2022-11-23T18:28:33+00:00\" \/>\n<meta name=\"twitter:card\" content=\"summary_large_image\" \/>\n<meta name=\"twitter:label1\" content=\"Temps estimat de lectura\" \/>\n\t<meta name=\"twitter:data1\" content=\"5 minuts\" \/>\n<script type=\"application\/ld+json\" class=\"yoast-schema-graph\">{\"@context\":\"https:\\\/\\\/schema.org\",\"@graph\":[{\"@type\":\"WebPage\",\"@id\":\"https:\\\/\\\/mataroreformas.com\\\/pladur-en-mataro\",\"url\":\"https:\\\/\\\/mataroreformas.com\\\/pladur-en-mataro\",\"name\":\"Pladur en Matar\u00f3 y Maresme - Instalaciones y Reparaciones\",\"isPartOf\":{\"@id\":\"https:\\\/\\\/mataroreformas.com\\\/#website\"},\"datePublished\":\"2022-01-19T20:45:06+00:00\",\"dateModified\":\"2022-11-23T18:28:33+00:00\",\"description\":\"Pladur en Matar\u00f3 y Maresme. Instalaci\u00f3n de Falsos Techos de Pladur, Instalaci\u00f3n de Tabiques de Pladur, Sectorizaci\u00f3n de vigas con Pladur\",\"breadcrumb\":{\"@id\":\"https:\\\/\\\/mataroreformas.com\\\/pladur-en-mataro#breadcrumb\"},\"inLanguage\":\"ca\",\"potentialAction\":[{\"@type\":\"ReadAction\",\"target\":[\"https:\\\/\\\/mataroreformas.com\\\/pladur-en-mataro\"]}]},{\"@type\":\"BreadcrumbList\",\"@id\":\"https:\\\/\\\/mataroreformas.com\\\/pladur-en-mataro#breadcrumb\",\"itemListElement\":[{\"@type\":\"ListItem\",\"position\":1,\"name\":\"Portada\",\"item\":\"https:\\\/\\\/mataroreformas.com\\\/\"},{\"@type\":\"ListItem\",\"position\":2,\"name\":\"Pladur en Matar\u00f3\"}]},{\"@type\":\"WebSite\",\"@id\":\"https:\\\/\\\/mataroreformas.com\\\/#website\",\"url\":\"https:\\\/\\\/mataroreformas.com\\\/\",\"name\":\"Matar\u00f3 Reformas\",\"description\":\"Reformas de todo tipo a su alcance\",\"potentialAction\":[{\"@type\":\"SearchAction\",\"target\":{\"@type\":\"EntryPoint\",\"urlTemplate\":\"https:\\\/\\\/mataroreformas.com\\\/?s={search_term_string}\"},\"query-input\":{\"@type\":\"PropertyValueSpecification\",\"valueRequired\":true,\"valueName\":\"search_term_string\"}}],\"inLanguage\":\"ca\"}]}<\/script>\n<!-- \/ Yoast SEO plugin. -->","yoast_head_json":{"title":"Pladur en Matar\u00f3 y Maresme - Instalaciones y Reparaciones","description":"Pladur en Matar\u00f3 y Maresme. Instalaci\u00f3n de Falsos Techos de Pladur, Instalaci\u00f3n de Tabiques de Pladur, Sectorizaci\u00f3n de vigas con Pladur","robots":{"index":"index","follow":"follow","max-snippet":"max-snippet:-1","max-image-preview":"max-image-preview:large","max-video-preview":"max-video-preview:-1"},"canonical":"https:\/\/mataroreformas.com\/ca\/pladur-en-mataro\/","og_locale":"ca_ES","og_type":"article","og_title":"Pladur en Matar\u00f3 y Maresme - Instalaciones y Reparaciones","og_description":"Pladur en Matar\u00f3 y Maresme. Instalaci\u00f3n de Falsos Techos de Pladur, Instalaci\u00f3n de Tabiques de Pladur, Sectorizaci\u00f3n de vigas con Pladur","og_url":"https:\/\/mataroreformas.com\/ca\/pladur-en-mataro\/","og_site_name":"Matar\u00f3 Reformas","article_modified_time":"2022-11-23T18:28:33+00:00","twitter_card":"summary_large_image","twitter_misc":{"Temps estimat de lectura":"5 minuts"},"schema":{"@context":"https:\/\/schema.org","@graph":[{"@type":"WebPage","@id":"https:\/\/mataroreformas.com\/pladur-en-mataro","url":"https:\/\/mataroreformas.com\/pladur-en-mataro","name":"Pladur en Matar\u00f3 y Maresme - Instalaciones y Reparaciones","isPartOf":{"@id":"https:\/\/mataroreformas.com\/#website"},"datePublished":"2022-01-19T20:45:06+00:00","dateModified":"2022-11-23T18:28:33+00:00","description":"Pladur en Matar\u00f3 y Maresme. Instalaci\u00f3n de Falsos Techos de Pladur, Instalaci\u00f3n de Tabiques de Pladur, Sectorizaci\u00f3n de vigas con Pladur","breadcrumb":{"@id":"https:\/\/mataroreformas.com\/pladur-en-mataro#breadcrumb"},"inLanguage":"ca","potentialAction":[{"@type":"ReadAction","target":["https:\/\/mataroreformas.com\/pladur-en-mataro"]}]},{"@type":"BreadcrumbList","@id":"https:\/\/mataroreformas.com\/pladur-en-mataro#breadcrumb","itemListElement":[{"@type":"ListItem","position":1,"name":"Portada","item":"https:\/\/mataroreformas.com\/"},{"@type":"ListItem","position":2,"name":"Pladur en Matar\u00f3"}]},{"@type":"WebSite","@id":"https:\/\/mataroreformas.com\/#website","url":"https:\/\/mataroreformas.com\/","name":"Matar\u00f3 Reformas","description":"Reformas de todo tipo a su alcance","potentialAction":[{"@type":"SearchAction","target":{"@type":"EntryPoint","urlTemplate":"https:\/\/mataroreformas.com\/?s={search_term_string}"},"query-input":{"@type":"PropertyValueSpecification","valueRequired":true,"valueName":"search_term_string"}}],"inLanguage":"ca"}]}},"uagb_featured_image_src":{"full":false,"thumbnail":false,"medium":false,"medium_large":false,"large":false,"1536x1536":false,"2048x2048":false,"trp-custom-language-flag":false},"uagb_author_info":{"display_name":"reformamataro","author_link":"https:\/\/mataroreformas.com\/ca\/author\/reformamataro"},"uagb_comment_info":0,"uagb_excerpt":null,"_links":{"self":[{"href":"https:\/\/mataroreformas.com\/ca\/wp-json\/wp\/v2\/pages\/1371","targetHints":{"allow":["GET"]}}],"collection":[{"href":"https:\/\/mataroreformas.com\/ca\/wp-json\/wp\/v2\/pages"}],"about":[{"href":"https:\/\/mataroreformas.com\/ca\/wp-json\/wp\/v2\/types\/page"}],"author":[{"embeddable":true,"href":"https:\/\/mataroreformas.com\/ca\/wp-json\/wp\/v2\/users\/1"}],"replies":[{"embeddable":true,"href":"https:\/\/mataroreformas.com\/ca\/wp-json\/wp\/v2\/comments?post=1371"}],"version-history":[{"count":10,"href":"https:\/\/mataroreformas.com\/ca\/wp-json\/wp\/v2\/pages\/1371\/revisions"}],"predecessor-version":[{"id":1723,"href":"https:\/\/mataroreformas.com\/ca\/wp-json\/wp\/v2\/pages\/1371\/revisions\/1723"}],"wp:attachment":[{"href":"https:\/\/mataroreformas.com\/ca\/wp-json\/wp\/v2\/media?parent=1371"}],"curies":[{"name":"wp","href":"https:\/\/api.w.org\/{rel}","templated":true}]}}