{"id":1363,"date":"2022-01-19T16:48:14","date_gmt":"2022-01-19T16:48:14","guid":{"rendered":"http:\/\/mataroreformas.com\/?page_id=1363"},"modified":"2025-08-14T22:25:50","modified_gmt":"2025-08-14T22:25:50","slug":"falsos-techos-metalicos-en-mataro","status":"publish","type":"page","link":"https:\/\/mataroreformas.com\/ca\/falsos-techos-metalicos-en-mataro","title":{"rendered":"Falsos Techos Met\u00e1licos en Matar\u00f3"},"content":{"rendered":"<section class=\"vc_rows wpb_row vc_row-fluid vc_custom_1481614324254 vc_row-o-equal-height vc_row-o-content-middle vc_row-flex\"><div class=\"row\"><div class=\"padd70 wpb_column vc_column_container vc_col-sm-12 vc_col-md-6\"><div class=\"vc_column-inner\"><div class=\"wpb_wrapper\">\n\t<div class=\"wpb_text_column wpb_content_element  vc_custom_1642609061495\" >\n\t\t<div class=\"wpb_wrapper\">\n\t\t\t<h2>Ofrecemos servicio de instalaci\u00f3n de Falsos Techos Met\u00e1licos en Matar\u00f3 <span class=\"tiny-border\">x<\/span><\/h2>\n<p class=\"intro\">Somos una empresa conformada por profesionales en el \u00e1rea de Reformas en Matar\u00f3, la instalaci\u00f3n de Falsos Techos Met\u00e1licos en Matar\u00f3 es una de nuestras especialidades, trabajamos con los diferentes materiales con los que pueda estar elaborado, de acero o aluminio; contamos con diferentes tipos de dise\u00f1os, modernos y decorativos, en cualquier presentaci\u00f3n: en lamas met\u00e1licas, paneles o bandejas met\u00e1licas entre otros. Haz contacto con nuestros expertos y hagamos de tu proyecto un lugar con estilo profesional y elegante.<\/p>\n\n\t\t<\/div>\n\t<\/div>\n<div class=\"vc_btn3-container vc_btn3-inline vc_custom_1669227743849\" ><a class=\"vc_general vc_btn3 vc_btn3-size-md vc_btn3-shape-rounded vc_btn3-style-modern vc_btn3-color-grey\" href=\"https:\/\/mataroreformas.com\/ca\/contacto\/\" title=\"\">Solicita tu Presupuesto<\/a><\/div><\/div><\/div><\/div><div class=\"wpb_column vc_column_container vc_col-sm-12 vc_col-md-6 vc_col-has-fill\"><div class=\"vc_column-inner vc_custom_1642095081797\"><div class=\"wpb_wrapper\">\n\t<div  class=\"wpb_single_image wpb_content_element vc_align_left\">\n\t\t\n\t\t<figure class=\"wpb_wrapper vc_figure\">\n\t\t\t<div class=\"vc_single_image-wrapper   vc_box_border_grey\"><img loading=\"lazy\" decoding=\"async\" width=\"636\" height=\"461\" src=\"https:\/\/mataroreformas.com\/wp-content\/uploads\/2022\/01\/falsos-techos-metalicos-01.jpg\" class=\"vc_single_image-img attachment-full\" alt=\"\" title=\"falsos-techos-metalicos-01\" srcset=\"https:\/\/mataroreformas.com\/wp-content\/uploads\/2022\/01\/falsos-techos-metalicos-01.jpg 636w, https:\/\/mataroreformas.com\/wp-content\/uploads\/2022\/01\/falsos-techos-metalicos-01-300x217.jpg 300w\" sizes=\"auto, (max-width: 636px) 100vw, 636px\" \/><\/div>\n\t\t<\/figure>\n\t<\/div>\n<\/div><\/div><\/div><\/div><div class=\"clearfix\"><\/div><\/section><section class=\"vc_rows wpb_row vc_row-fluid vc_custom_1669227777238\"><div class=\"row\"><div class=\"wpb_column vc_column_container vc_col-sm-12 vc_col-has-fill\"><div class=\"vc_column-inner vc_custom_1669225797733\"><div class=\"wpb_wrapper\">\n\t<div class=\"row call-to-action\">\n\t\t<div class=\"col-md-8\">\n\t        <h3 class=\"mt10\">Visita nuestra p\u00e1gina de Contacto y solicita tu presupuesto para la instalaci\u00f3n de Falsos Techos met\u00e1licos en Matar\u00f3 y Maresme<\/h3>\n\t    <\/div>\n\t    <div class=\"col-md-4 text-right\">\n\t    \t<a class=\"btn btn-line-black btn-fx\" href=\"https:\/\/mataroreformas.com\/ca\/contacto\/\" target=\"_self\">Contacto<\/a>\t    <\/div>\n    <\/div>\n\n<\/div><\/div><\/div><\/div><div class=\"clearfix\"><\/div><\/section><section data-stellar-background-ratio=\".2\" class=\"vc_rows wpb_row vc_row-fluid vc_custom_1642610821025 vc_row-has-fill parallax\"><div class=\"container\"><div class=\"row\"><div class=\"wpb_column vc_column_container vc_col-sm-12\"><div class=\"vc_column-inner\"><div class=\"wpb_wrapper\">\n\t<div class=\"wpb_text_column wpb_content_element  vc_custom_1642609120733\" >\n\t\t<div class=\"wpb_wrapper\">\n\t\t\t<h2><span style=\"color: #ffffff;\">Beneficios de realizar la instalaci\u00f3n de Falsos Techos Met\u00e1licos en Matar\u00f3 <span class=\"tiny-border\">x<\/span><\/span><\/h2>\n\n\t\t<\/div>\n\t<\/div>\n\n\t<div class=\"wpb_text_column wpb_content_element  vc_custom_1642609138226\" >\n\t\t<div class=\"wpb_wrapper\">\n\t\t\t<p><span style=\"color: #ffffff;\">Un falso techo met\u00e1lico es hoy en d\u00eda una opci\u00f3n muy conocida y utilizada. Te damos a conocer lo que para nuestros expertos instaladores son los principales beneficios o ventajas que ofrece este servicio:<\/span><\/p>\n\n\t\t<\/div>\n\t<\/div>\n<\/div><\/div><\/div><div class=\"wpb_column vc_column_container vc_col-sm-12 vc_col-md-4\"><div class=\"vc_column-inner\"><div class=\"wpb_wrapper\">\n\t\t<div class=\"feature-box-small-icon text-light\">\n        <span class=\"icon\">\n        \t<i class=\"icon_box-checked id-color\"><\/i>\n        <\/span>\n        <div class=\"text\">\n            <h3>Material Ligero<\/h3>\n            En cualquiera de sus presentaciones, tipos o dise\u00f1os; los falsos techos met\u00e1licos son m\u00e1s ligeros que cualquier otro tipo de material como la madera o <a href=\"https:\/\/www.20minutos.es\/noticia\/2220239\/0\/pladur\/reformas\/ventajas-inconvenientes\/\" target=\"_blank\" rel=\"noopener\">pladur<\/a>.        <\/div>\n    <\/div>\n    \n<div class=\"vc_empty_space\"   style=\"height: 30px\"><span class=\"vc_empty_space_inner\"><\/span><\/div><\/div><\/div><\/div><div class=\"wpb_column vc_column_container vc_col-sm-12 vc_col-md-4\"><div class=\"vc_column-inner\"><div class=\"wpb_wrapper\">\n\t\t<div class=\"feature-box-small-icon text-light\">\n        <span class=\"icon\">\n        \t<i class=\"icon_box-checked id-color\"><\/i>\n        <\/span>\n        <div class=\"text\">\n            <h3>F\u00e1cil Mantenimiento<\/h3>\n            Los falsos techos met\u00e1licos no requieren de mucha limpieza y esta es muy sencilla, ya sean de aluminio o acero estos no acumulan suciedad.        <\/div>\n    <\/div>\n    \n<div class=\"vc_empty_space\"   style=\"height: 30px\"><span class=\"vc_empty_space_inner\"><\/span><\/div><\/div><\/div><\/div><div class=\"wpb_column vc_column_container vc_col-sm-12 vc_col-md-4\"><div class=\"vc_column-inner\"><div class=\"wpb_wrapper\">\n\t\t<div class=\"feature-box-small-icon text-light\">\n        <span class=\"icon\">\n        \t<i class=\"icon_box-checked id-color\"><\/i>\n        <\/span>\n        <div class=\"text\">\n            <h3>R\u00e1pida Instalaci\u00f3n<\/h3>\n            Dependiendo del espacio que se requiera cubrir los falsos techos met\u00e1licos solo suelen demorar dos o tres d\u00edas, o incluso antes, de la mano de nuestro equipo.        <\/div>\n    <\/div>\n    \n<div class=\"vc_empty_space\"   style=\"height: 30px\"><span class=\"vc_empty_space_inner\"><\/span><\/div><\/div><\/div><\/div><\/div><\/div><div class=\"clearfix\"><\/div><\/section><section class=\"vc_rows wpb_row vc_row-fluid vc_custom_1481614324254 vc_row-o-equal-height vc_row-o-content-middle vc_row-flex\"><div class=\"row\"><div class=\"padd70 wpb_column vc_column_container vc_col-sm-12 vc_col-md-6\"><div class=\"vc_column-inner\"><div class=\"wpb_wrapper\">\n\t<div class=\"wpb_text_column wpb_content_element  vc_custom_1642609259995\" >\n\t\t<div class=\"wpb_wrapper\">\n\t\t\t<h2>\u00bfD\u00f3nde se puede instalar Falsos Techos Met\u00e1licos en Matar\u00f3? <span class=\"tiny-border\">x<\/span><\/h2>\n<p class=\"intro\">Gracias a su versatilidad los falsos techos met\u00e1licos se pueden instalar en cualquier lugar, ya sea en viviendas, edificios, locales comerciales, espacios abiertos, si lo requiere en lugares donde requiera aislamiento ac\u00fastico como teatros o bibliotecas, los falsos techos met\u00e1licos son ideales para cubrir sus necesidades; y es que estos pueden ser perfectamente utilizados en espacios de mucha humedad, gracias a su tipo de material brindan gran resistencia al la humedad.<\/p>\n\n\t\t<\/div>\n\t<\/div>\n<div class=\"vc_btn3-container vc_btn3-inline vc_custom_1669227743849\" ><a class=\"vc_general vc_btn3 vc_btn3-size-md vc_btn3-shape-rounded vc_btn3-style-modern vc_btn3-color-grey\" href=\"https:\/\/mataroreformas.com\/ca\/contacto\/\" title=\"\">Solicita tu Presupuesto<\/a><\/div><\/div><\/div><\/div><div class=\"wpb_column vc_column_container vc_col-sm-12 vc_col-md-6 vc_col-has-fill\"><div class=\"vc_column-inner vc_custom_1642610848113\"><div class=\"wpb_wrapper\"><\/div><\/div><\/div><div class=\"wpb_column vc_column_container vc_col-sm-12 vc_col-has-fill\"><div class=\"vc_column-inner vc_custom_1642091423026\"><div class=\"wpb_wrapper\">\n\t<div class=\"wpb_text_column wpb_content_element\" >\n\t\t<div class=\"wpb_wrapper\">\n\t\t\t<p class=\"seccion-enlace-principal\" style=\"text-align: center;\"><strong>Consulta todos los servicios que tenemos en <a href=\"http:\/\/mataroreformas.com\/ca\/\">Reformas Matar\u00f3<\/a> para ti<\/strong><\/p>\n\n\t\t<\/div>\n\t<\/div>\n<\/div><\/div><\/div><\/div><div class=\"clearfix\"><\/div><\/section><section class=\"vc_rows wpb_row vc_row-fluid vc_custom_1641937821471\"><div class=\"container\"><div class=\"row\"><div class=\"wpb_column vc_column_container vc_col-sm-2\"><div class=\"vc_column-inner\"><div class=\"wpb_wrapper\"><\/div><\/div><\/div><div class=\"wpb_column vc_column_container vc_col-sm-8\"><div class=\"vc_column-inner\"><div class=\"wpb_wrapper\">\n\t<div class=\"wpb_text_column wpb_content_element  vc_custom_1642609303075\" >\n\t\t<div class=\"wpb_wrapper\">\n\t\t\t<h2>Tipos de Falsos Techos Met\u00e1licos en Matar\u00f3 que instalamos <span class=\"tiny-border\">x<\/span><\/h2>\n<p class=\"intro\">Es importante conocer los tipos de falsos techos met\u00e1licos que existen y con los que puede contar, entre los m\u00e1s solicitados por nuestros clientes tenemos:<\/p>\n\n\t\t<\/div>\n\t<\/div>\n<\/div><\/div><\/div><div class=\"wpb_column vc_column_container vc_col-sm-2\"><div class=\"vc_column-inner\"><div class=\"wpb_wrapper\"><\/div><\/div><\/div><\/div><\/div><div class=\"clearfix\"><\/div><\/section><section class=\"vc_rows wpb_row vc_row-fluid vc_custom_1641937856175\"><div class=\"container\"><div class=\"row\"><div class=\"wpb_column vc_column_container vc_col-sm-4\"><div class=\"vc_column-inner\"><div class=\"wpb_wrapper\">\n\t<div class=\"wpb_text_column wpb_content_element  vc_custom_1642609493492\" >\n\t\t<div class=\"wpb_wrapper\">\n\t\t\t<h3 style=\"text-align: center;\">Lamas Met\u00e1lica<\/h3>\n<p class=\"intro\" style=\"text-align: center;\">Tenemos a su disposici\u00f3n diferentes modelos, este es un tipo de falso techo muy ligero en peso y que permite la libre ventilaci\u00f3n gracias a su dise\u00f1o.<\/p>\n\n\t\t<\/div>\n\t<\/div>\n<\/div><\/div><\/div><div class=\"wpb_column vc_column_container vc_col-sm-4\"><div class=\"vc_column-inner\"><div class=\"wpb_wrapper\">\n\t<div class=\"wpb_text_column wpb_content_element  vc_custom_1642609517547\" >\n\t\t<div class=\"wpb_wrapper\">\n\t\t\t<h3 style=\"text-align: center;\">Bandejas Met\u00e1licas<\/h3>\n<p class=\"intro\" style=\"text-align: center;\">De f\u00e1cil instalaci\u00f3n de desmontaje, es la m\u00e1s com\u00fan debido a que se pueden cubrir grandes espacios y aun as\u00ed es de f\u00e1cil mantenimiento.<\/p>\n\n\t\t<\/div>\n\t<\/div>\n<\/div><\/div><\/div><div class=\"wpb_column vc_column_container vc_col-sm-4\"><div class=\"vc_column-inner\"><div class=\"wpb_wrapper\">\n\t<div class=\"wpb_text_column wpb_content_element  vc_custom_1642609552946\" >\n\t\t<div class=\"wpb_wrapper\">\n\t\t\t<h3 style=\"text-align: center;\">Rejillas Met\u00e1licas<\/h3>\n<p class=\"intro\" style=\"text-align: center;\">Existen de diferentes tama\u00f1os y estilos, lo que permite a nuestros expertos jugar y combinar con diferentes estilos; en \u00e9l circula el aire del entorno libremente.<\/p>\n\n\t\t<\/div>\n\t<\/div>\n<\/div><\/div><\/div><\/div><\/div><div class=\"clearfix\"><\/div><\/section><section class=\"vc_rows wpb_row vc_row-fluid vc_custom_1641938180790 vc_row-has-fill vc_row-o-equal-height vc_row-o-content-middle vc_row-flex\"><div class=\"row\"><div class=\"wpb_column vc_column_container vc_col-sm-12 vc_col-md-6 vc_col-has-fill\"><div class=\"vc_column-inner vc_custom_1642610877306\"><div class=\"wpb_wrapper\"><\/div><\/div><\/div><div class=\"padd70 wpb_column vc_column_container vc_col-sm-12 vc_col-md-6\"><div class=\"vc_column-inner\"><div class=\"wpb_wrapper\">\n\t<div class=\"wpb_text_column wpb_content_element  vc_custom_1642609601613\" >\n\t\t<div class=\"wpb_wrapper\">\n\t\t\t<h2><span style=\"color: #ffffff;\">Decoraci\u00f3n y est\u00e9tica con Falsos Techos Met\u00e1licos en Matar\u00f3 <span class=\"tiny-border\">x<\/span><\/span><\/h2>\n<p class=\"intro\"><span style=\"color: #ffffff;\">En cualquier espacio que se utilice este tipo de falso techo permite realizar decoraciones incre\u00edbles, con acabados de alt\u00edsima calidad y que en combinaci\u00f3n con una iluminaci\u00f3n bien distribuida se logra ofrecer a nuestros clientes trabajas de calidad, tambi\u00e9n existen presentaciones de diferentes colores y acabados. Consulta nuestro portafolio y ent\u00e9rate de todo lo que tenemos en Reformas Matar\u00f3 para tus espacios.<\/span><\/p>\n\n\t\t<\/div>\n\t<\/div>\n<div class=\"vc_btn3-container vc_btn3-inline vc_custom_1669227743849\" ><a class=\"vc_general vc_btn3 vc_btn3-size-md vc_btn3-shape-rounded vc_btn3-style-modern vc_btn3-color-grey\" href=\"https:\/\/mataroreformas.com\/ca\/contacto\/\" title=\"\">Solicita tu Presupuesto<\/a><\/div><\/div><\/div><\/div><div class=\"wpb_column vc_column_container vc_col-sm-12 vc_col-has-fill\"><div class=\"vc_column-inner vc_custom_1642091435762\"><div class=\"wpb_wrapper\">\n\t<div class=\"wpb_text_column wpb_content_element\" >\n\t\t<div class=\"wpb_wrapper\">\n\t\t\t<p class=\"seccion-enlace-principal\" style=\"text-align: center;\"><strong>Contamos con diferentes tipos de Instalaci\u00f3n de\u00a0<a href=\"http:\/\/mataroreformas.com\/ca\/falsos-techos-en-mataro\/\">Falsos Techos en Matar\u00f3<\/a>, descubre mucho m\u00e1s\u2026<\/strong><\/p>\n\n\t\t<\/div>\n\t<\/div>\n<\/div><\/div><\/div><\/div><div class=\"clearfix\"><\/div><\/section><section class=\"vc_rows wpb_row vc_row-fluid vc_custom_1641937856175\"><div class=\"container\"><div class=\"row\"><div class=\"wpb_column vc_column_container vc_col-sm-3\"><div class=\"vc_column-inner\"><div class=\"wpb_wrapper\">\n\t<div class=\"wpb_text_column wpb_content_element  vc_custom_1755210286377\" >\n\t\t<div class=\"wpb_wrapper\">\n\t\t\t<h3 style=\"text-align: center;\"><a href=\"https:\/\/mataroreformas.com\/ca\/falsos-techos-madera-barcelona\/\" target=\"_blank\" rel=\"noopener\"><strong>Falsos Techos Madera<\/strong><\/a><\/h3>\n\n\t\t<\/div>\n\t<\/div>\n<\/div><\/div><\/div><div class=\"wpb_column vc_column_container vc_col-sm-3\"><div class=\"vc_column-inner\"><div class=\"wpb_wrapper\">\n\t<div class=\"wpb_text_column wpb_content_element  vc_custom_1755210305404\" >\n\t\t<div class=\"wpb_wrapper\">\n\t\t\t<h3 style=\"text-align: center;\"><a href=\"https:\/\/mataroreformas.com\/ca\/falsos-techos-metalicos-en-mataro\/\" target=\"_blank\" rel=\"noopener\">Falsos Techos Met\u00e1licos<\/a><\/h3>\n\n\t\t<\/div>\n\t<\/div>\n<\/div><\/div><\/div><div class=\"wpb_column vc_column_container vc_col-sm-3\"><div class=\"vc_column-inner\"><div class=\"wpb_wrapper\">\n\t<div class=\"wpb_text_column wpb_content_element  vc_custom_1755210318138\" >\n\t\t<div class=\"wpb_wrapper\">\n\t\t\t<h3 style=\"text-align: center;\"><a href=\"https:\/\/mataroreformas.com\/ca\/falsos-techos-de-escayola-en-mataro\/\" target=\"_blank\" rel=\"noopener\"><strong>Falsos Techos de Escayola<\/strong><\/a><\/h3>\n\n\t\t<\/div>\n\t<\/div>\n<\/div><\/div><\/div><div class=\"wpb_column vc_column_container vc_col-sm-3\"><div class=\"vc_column-inner\"><div class=\"wpb_wrapper\">\n\t<div class=\"wpb_text_column wpb_content_element  vc_custom_1755210342087\" >\n\t\t<div class=\"wpb_wrapper\">\n\t\t\t<div class=\"vc_icon_element vc_icon_element-outer vc_icon_element-align-center\">\n<h3 class=\"vc_icon_element-inner vc_icon_element-color-black vc_icon_element-size-lg vc_icon_element-style- vc_icon_element-background-color-grey\" style=\"text-align: center;\"><a href=\"https:\/\/mataroreformas.com\/ca\/falsos-techos-de-pladur-en-mataro\/\" target=\"_blank\" rel=\"noopener\"><strong>Falsos Techos de Pladur<\/strong><\/a><\/h3>\n<\/div>\n\n\t\t<\/div>\n\t<\/div>\n<\/div><\/div><\/div><\/div><\/div><div class=\"clearfix\"><\/div><\/section>","protected":false},"excerpt":{"rendered":"Ofrecemos servicio de instalaci\u00f3n de Falsos Techos Met\u00e1licos en Matar\u00f3 x Somos una empresa conformada por profesionales en el \u00e1rea de Reformas en Matar\u00f3, la instalaci\u00f3n de Falsos Techos Met\u00e1licos en Matar\u00f3 es una de nuestras especialidades, trabajamos con los diferentes materiales con los que pueda estar elaborado, de acero o aluminio; contamos con diferentes [...]","protected":false},"author":1,"featured_media":0,"parent":0,"menu_order":0,"comment_status":"closed","ping_status":"closed","template":"page-templates\/template-fullwidth.php","meta":{"_uag_custom_page_level_css":"","footnotes":""},"class_list":["post-1363","page","type-page","status-publish","hentry"],"yoast_head":"<!-- This site is optimized with the Yoast SEO plugin v27.4 - https:\/\/yoast.com\/product\/yoast-seo-wordpress\/ -->\n<title>Falsos Techos Met\u00e1licos en Matar\u00f3 - Instalaciones en Maresme<\/title>\n<meta name=\"description\" content=\"Falsos Techos Met\u00e1licos en Matar\u00f3 y Maresme. Lamas Met\u00e1licas, Bandejas, Rejillas Met\u00e1licas, Instalaciones de falsos techos de metal.\" \/>\n<meta name=\"robots\" content=\"index, follow, max-snippet:-1, max-image-preview:large, max-video-preview:-1\" \/>\n<link rel=\"canonical\" href=\"https:\/\/mataroreformas.com\/ca\/falsos-techos-metalicos-en-mataro\/\" \/>\n<meta property=\"og:locale\" content=\"ca_ES\" \/>\n<meta property=\"og:type\" content=\"article\" \/>\n<meta property=\"og:title\" content=\"Falsos Techos Met\u00e1licos en Matar\u00f3 - Instalaciones en Maresme\" \/>\n<meta property=\"og:description\" content=\"Falsos Techos Met\u00e1licos en Matar\u00f3 y Maresme. Lamas Met\u00e1licas, Bandejas, Rejillas Met\u00e1licas, Instalaciones de falsos techos de metal.\" \/>\n<meta property=\"og:url\" content=\"https:\/\/mataroreformas.com\/ca\/falsos-techos-metalicos-en-mataro\/\" \/>\n<meta property=\"og:site_name\" content=\"Matar\u00f3 Reformas\" \/>\n<meta property=\"article:modified_time\" content=\"2025-08-14T22:25:50+00:00\" \/>\n<meta name=\"twitter:card\" content=\"summary_large_image\" \/>\n<meta name=\"twitter:label1\" content=\"Temps estimat de lectura\" \/>\n\t<meta name=\"twitter:data1\" content=\"4 minuts\" \/>\n<script type=\"application\/ld+json\" class=\"yoast-schema-graph\">{\"@context\":\"https:\\\/\\\/schema.org\",\"@graph\":[{\"@type\":\"WebPage\",\"@id\":\"https:\\\/\\\/mataroreformas.com\\\/falsos-techos-metalicos-en-mataro\",\"url\":\"https:\\\/\\\/mataroreformas.com\\\/falsos-techos-metalicos-en-mataro\",\"name\":\"Falsos Techos Met\u00e1licos en Matar\u00f3 - Instalaciones en Maresme\",\"isPartOf\":{\"@id\":\"https:\\\/\\\/mataroreformas.com\\\/#website\"},\"datePublished\":\"2022-01-19T16:48:14+00:00\",\"dateModified\":\"2025-08-14T22:25:50+00:00\",\"description\":\"Falsos Techos Met\u00e1licos en Matar\u00f3 y Maresme. Lamas Met\u00e1licas, Bandejas, Rejillas Met\u00e1licas, Instalaciones de falsos techos de metal.\",\"breadcrumb\":{\"@id\":\"https:\\\/\\\/mataroreformas.com\\\/falsos-techos-metalicos-en-mataro#breadcrumb\"},\"inLanguage\":\"ca\",\"potentialAction\":[{\"@type\":\"ReadAction\",\"target\":[\"https:\\\/\\\/mataroreformas.com\\\/falsos-techos-metalicos-en-mataro\"]}]},{\"@type\":\"BreadcrumbList\",\"@id\":\"https:\\\/\\\/mataroreformas.com\\\/falsos-techos-metalicos-en-mataro#breadcrumb\",\"itemListElement\":[{\"@type\":\"ListItem\",\"position\":1,\"name\":\"Portada\",\"item\":\"https:\\\/\\\/mataroreformas.com\\\/\"},{\"@type\":\"ListItem\",\"position\":2,\"name\":\"Falsos Techos Met\u00e1licos en Matar\u00f3\"}]},{\"@type\":\"WebSite\",\"@id\":\"https:\\\/\\\/mataroreformas.com\\\/#website\",\"url\":\"https:\\\/\\\/mataroreformas.com\\\/\",\"name\":\"Matar\u00f3 Reformas\",\"description\":\"Reformas de todo tipo a su alcance\",\"potentialAction\":[{\"@type\":\"SearchAction\",\"target\":{\"@type\":\"EntryPoint\",\"urlTemplate\":\"https:\\\/\\\/mataroreformas.com\\\/?s={search_term_string}\"},\"query-input\":{\"@type\":\"PropertyValueSpecification\",\"valueRequired\":true,\"valueName\":\"search_term_string\"}}],\"inLanguage\":\"ca\"}]}<\/script>\n<!-- \/ Yoast SEO plugin. -->","yoast_head_json":{"title":"Falsos Techos Met\u00e1licos en Matar\u00f3 - Instalaciones en Maresme","description":"Falsos Techos Met\u00e1licos en Matar\u00f3 y Maresme. Lamas Met\u00e1licas, Bandejas, Rejillas Met\u00e1licas, Instalaciones de falsos techos de metal.","robots":{"index":"index","follow":"follow","max-snippet":"max-snippet:-1","max-image-preview":"max-image-preview:large","max-video-preview":"max-video-preview:-1"},"canonical":"https:\/\/mataroreformas.com\/ca\/falsos-techos-metalicos-en-mataro\/","og_locale":"ca_ES","og_type":"article","og_title":"Falsos Techos Met\u00e1licos en Matar\u00f3 - Instalaciones en Maresme","og_description":"Falsos Techos Met\u00e1licos en Matar\u00f3 y Maresme. Lamas Met\u00e1licas, Bandejas, Rejillas Met\u00e1licas, Instalaciones de falsos techos de metal.","og_url":"https:\/\/mataroreformas.com\/ca\/falsos-techos-metalicos-en-mataro\/","og_site_name":"Matar\u00f3 Reformas","article_modified_time":"2025-08-14T22:25:50+00:00","twitter_card":"summary_large_image","twitter_misc":{"Temps estimat de lectura":"4 minuts"},"schema":{"@context":"https:\/\/schema.org","@graph":[{"@type":"WebPage","@id":"https:\/\/mataroreformas.com\/falsos-techos-metalicos-en-mataro","url":"https:\/\/mataroreformas.com\/falsos-techos-metalicos-en-mataro","name":"Falsos Techos Met\u00e1licos en Matar\u00f3 - Instalaciones en Maresme","isPartOf":{"@id":"https:\/\/mataroreformas.com\/#website"},"datePublished":"2022-01-19T16:48:14+00:00","dateModified":"2025-08-14T22:25:50+00:00","description":"Falsos Techos Met\u00e1licos en Matar\u00f3 y Maresme. Lamas Met\u00e1licas, Bandejas, Rejillas Met\u00e1licas, Instalaciones de falsos techos de metal.","breadcrumb":{"@id":"https:\/\/mataroreformas.com\/falsos-techos-metalicos-en-mataro#breadcrumb"},"inLanguage":"ca","potentialAction":[{"@type":"ReadAction","target":["https:\/\/mataroreformas.com\/falsos-techos-metalicos-en-mataro"]}]},{"@type":"BreadcrumbList","@id":"https:\/\/mataroreformas.com\/falsos-techos-metalicos-en-mataro#breadcrumb","itemListElement":[{"@type":"ListItem","position":1,"name":"Portada","item":"https:\/\/mataroreformas.com\/"},{"@type":"ListItem","position":2,"name":"Falsos Techos Met\u00e1licos en Matar\u00f3"}]},{"@type":"WebSite","@id":"https:\/\/mataroreformas.com\/#website","url":"https:\/\/mataroreformas.com\/","name":"Matar\u00f3 Reformas","description":"Reformas de todo tipo a su alcance","potentialAction":[{"@type":"SearchAction","target":{"@type":"EntryPoint","urlTemplate":"https:\/\/mataroreformas.com\/?s={search_term_string}"},"query-input":{"@type":"PropertyValueSpecification","valueRequired":true,"valueName":"search_term_string"}}],"inLanguage":"ca"}]}},"uagb_featured_image_src":{"full":false,"thumbnail":false,"medium":false,"medium_large":false,"large":false,"1536x1536":false,"2048x2048":false,"trp-custom-language-flag":false},"uagb_author_info":{"display_name":"reformamataro","author_link":"https:\/\/mataroreformas.com\/ca\/author\/reformamataro"},"uagb_comment_info":0,"uagb_excerpt":null,"_links":{"self":[{"href":"https:\/\/mataroreformas.com\/ca\/wp-json\/wp\/v2\/pages\/1363","targetHints":{"allow":["GET"]}}],"collection":[{"href":"https:\/\/mataroreformas.com\/ca\/wp-json\/wp\/v2\/pages"}],"about":[{"href":"https:\/\/mataroreformas.com\/ca\/wp-json\/wp\/v2\/types\/page"}],"author":[{"embeddable":true,"href":"https:\/\/mataroreformas.com\/ca\/wp-json\/wp\/v2\/users\/1"}],"replies":[{"embeddable":true,"href":"https:\/\/mataroreformas.com\/ca\/wp-json\/wp\/v2\/comments?post=1363"}],"version-history":[{"count":5,"href":"https:\/\/mataroreformas.com\/ca\/wp-json\/wp\/v2\/pages\/1363\/revisions"}],"predecessor-version":[{"id":2161,"href":"https:\/\/mataroreformas.com\/ca\/wp-json\/wp\/v2\/pages\/1363\/revisions\/2161"}],"wp:attachment":[{"href":"https:\/\/mataroreformas.com\/ca\/wp-json\/wp\/v2\/media?parent=1363"}],"curies":[{"name":"wp","href":"https:\/\/api.w.org\/{rel}","templated":true}]}}