{"id":1352,"date":"2022-01-19T01:47:55","date_gmt":"2022-01-19T01:47:55","guid":{"rendered":"http:\/\/mataroreformas.com\/?page_id=1352"},"modified":"2025-08-14T22:40:14","modified_gmt":"2025-08-14T22:40:14","slug":"falsos-techos-de-escayola-en-mataro","status":"publish","type":"page","link":"https:\/\/mataroreformas.com\/ca\/falsos-techos-de-escayola-en-mataro","title":{"rendered":"Falsos Techos de Escayola en Matar\u00f3"},"content":{"rendered":"<section class=\"vc_rows wpb_row vc_row-fluid vc_custom_1481614324254 vc_row-o-equal-height vc_row-o-content-middle vc_row-flex\"><div class=\"row\"><div class=\"padd70 wpb_column vc_column_container vc_col-sm-12 vc_col-md-6\"><div class=\"vc_column-inner\"><div class=\"wpb_wrapper\">\n\t<div class=\"wpb_text_column wpb_content_element  vc_custom_1642556125088\" >\n\t\t<div class=\"wpb_wrapper\">\n\t\t\t<h2>Realizamos instalaci\u00f3n de Falsos Techos de Escayola en Matar\u00f3 <span class=\"tiny-border\">x<\/span><\/h2>\n<p class=\"intro\">Si lo que busca es una opci\u00f3n econ\u00f3mica, funcional y durable en el tiempo, nuestro equipo de expertos recomienda este gran servicio de instalaci\u00f3n de Falsos Techos de Escayola en Matar\u00f3 y <a href=\"https:\/\/www.costadebarcelonamaresme.cat\/es\" target=\"_blank\" rel=\"noopener\">Maresme<\/a>. Una opci\u00f3n bastante viable y muy utilizado. Hemos ejecutado trabajos en viviendas, centro comerciales, hospitales, edificios y mucho m\u00e1s, trabajamos de forma r\u00e1pida y segura con este gran material que te brinda m\u00faltiples beneficios. \u00a1Haz contacto con nuestro equipo!<\/p>\n\n\t\t<\/div>\n\t<\/div>\n<div class=\"vc_btn3-container vc_btn3-inline vc_custom_1669227484754\" ><a class=\"vc_general vc_btn3 vc_btn3-size-md vc_btn3-shape-rounded vc_btn3-style-modern vc_btn3-color-grey\" href=\"https:\/\/mataroreformas.com\/ca\/contacto\/\" title=\"\">Solicita tu Presupuesto<\/a><\/div><\/div><\/div><\/div><div class=\"wpb_column vc_column_container vc_col-sm-12 vc_col-md-6 vc_col-has-fill\"><div class=\"vc_column-inner vc_custom_1642095081797\"><div class=\"wpb_wrapper\">\n\t<div  class=\"wpb_single_image wpb_content_element vc_align_left\">\n\t\t\n\t\t<figure class=\"wpb_wrapper vc_figure\">\n\t\t\t<div class=\"vc_single_image-wrapper   vc_box_border_grey\"><img loading=\"lazy\" decoding=\"async\" width=\"502\" height=\"391\" src=\"https:\/\/mataroreformas.com\/wp-content\/uploads\/2022\/01\/falsos-techo-de-escayola-01.jpg\" class=\"vc_single_image-img attachment-full\" alt=\"\" title=\"falsos-techo-de-escayola-01\" srcset=\"https:\/\/mataroreformas.com\/wp-content\/uploads\/2022\/01\/falsos-techo-de-escayola-01.jpg 502w, https:\/\/mataroreformas.com\/wp-content\/uploads\/2022\/01\/falsos-techo-de-escayola-01-300x234.jpg 300w\" sizes=\"auto, (max-width: 502px) 100vw, 502px\" \/><\/div>\n\t\t<\/figure>\n\t<\/div>\n<\/div><\/div><\/div><\/div><div class=\"clearfix\"><\/div><\/section><section class=\"vc_rows wpb_row vc_row-fluid vc_custom_1669227517727\"><div class=\"row\"><div class=\"wpb_column vc_column_container vc_col-sm-12 vc_col-has-fill\"><div class=\"vc_column-inner vc_custom_1669225797733\"><div class=\"wpb_wrapper\">\n\t<div class=\"row call-to-action\">\n\t\t<div class=\"col-md-8\">\n\t        <h3 class=\"mt10\">Visita nuestra p\u00e1gina de contacto y solicita tu presupuesto para la instalaci\u00f3n de Falsos Techos de Escayola en Matar\u00f3 y Maresme<\/h3>\n\t    <\/div>\n\t    <div class=\"col-md-4 text-right\">\n\t    \t<a class=\"btn btn-line-black btn-fx\" href=\"https:\/\/mataroreformas.com\/ca\/contacto\/\" target=\"_self\">Contacto<\/a>\t    <\/div>\n    <\/div>\n\n<\/div><\/div><\/div><\/div><div class=\"clearfix\"><\/div><\/section><section class=\"vc_rows wpb_row vc_row-fluid vc_custom_1641937821471\"><div class=\"container\"><div class=\"row\"><div class=\"wpb_column vc_column_container vc_col-sm-2\"><div class=\"vc_column-inner\"><div class=\"wpb_wrapper\"><\/div><\/div><\/div><div class=\"wpb_column vc_column_container vc_col-sm-8\"><div class=\"vc_column-inner\"><div class=\"wpb_wrapper\">\n\t<div class=\"wpb_text_column wpb_content_element  vc_custom_1642554601312\" >\n\t\t<div class=\"wpb_wrapper\">\n\t\t\t<h2>Ventajas de instalar es sus espacios Falsos Techos de Escayola en Matar\u00f3 <span class=\"tiny-border\">x<\/span><\/h2>\n<p class=\"intro\">Ya sea en su vivienda, oficina, local comercial o donde quiera que nuestros clientes lo requieran nuestro equipo te comenta cu\u00e1les son las principales ventajas de instalar este tipo de falso techo:<\/p>\n\n\t\t<\/div>\n\t<\/div>\n<\/div><\/div><\/div><div class=\"wpb_column vc_column_container vc_col-sm-2\"><div class=\"vc_column-inner\"><div class=\"wpb_wrapper\"><\/div><\/div><\/div><\/div><\/div><div class=\"clearfix\"><\/div><\/section><section class=\"vc_rows wpb_row vc_row-fluid vc_custom_1641937856175\"><div class=\"container\"><div class=\"row\"><div class=\"wpb_column vc_column_container vc_col-sm-6\"><div class=\"vc_column-inner\"><div class=\"wpb_wrapper\">\n\t<div class=\"wpb_text_column wpb_content_element  vc_custom_1642554691789\" >\n\t\t<div class=\"wpb_wrapper\">\n\t\t\t<h3 style=\"text-align: center;\">Gran Capacidad de Aislamiento<\/h3>\n<p class=\"intro\" style=\"text-align: center;\">Aislamiento T\u00e9rmico o ac\u00fastico, y gracias a los materiales con los que est\u00e1 hecho las placas de escayola, hacen que tengan una excelente resistencia al fuego.<\/p>\n\n\t\t<\/div>\n\t<\/div>\n<\/div><\/div><\/div><div class=\"wpb_column vc_column_container vc_col-sm-6\"><div class=\"vc_column-inner\"><div class=\"wpb_wrapper\">\n\t<div class=\"wpb_text_column wpb_content_element  vc_custom_1642554817950\" >\n\t\t<div class=\"wpb_wrapper\">\n\t\t\t<h3 style=\"text-align: center;\">F\u00e1cil y R\u00e1pida Instalaci\u00f3n<\/h3>\n<p class=\"intro\" style=\"text-align: center;\">En Reformas Matar\u00f3 contamos con manos expertas para realizar la instalaci\u00f3n este tipo de falso techo, lo hacemos sencillo y de manera muy r\u00e1pida para su comodidad.<\/p>\n\n\t\t<\/div>\n\t<\/div>\n<\/div><\/div><\/div><\/div><\/div><div class=\"clearfix\"><\/div><\/section><section class=\"vc_rows wpb_row vc_row-fluid vc_custom_1641937856175\"><div class=\"container\"><div class=\"row\"><div class=\"wpb_column vc_column_container vc_col-sm-6\"><div class=\"vc_column-inner\"><div class=\"wpb_wrapper\">\n\t<div class=\"wpb_text_column wpb_content_element  vc_custom_1642554915165\" >\n\t\t<div class=\"wpb_wrapper\">\n\t\t\t<h3 style=\"text-align: center;\">Una Opci\u00f3n Econ\u00f3mica<\/h3>\n<p class=\"intro\" style=\"text-align: center;\">Gracias a los materiales que componen su elaboraci\u00f3n, lo hace la opci\u00f3n m\u00e1s econ\u00f3mica en el mercado en comparaci\u00f3n a cualquier otro tipo de falso techo.<\/p>\n\n\t\t<\/div>\n\t<\/div>\n<\/div><\/div><\/div><div class=\"wpb_column vc_column_container vc_col-sm-6\"><div class=\"vc_column-inner\"><div class=\"wpb_wrapper\">\n\t<div class=\"wpb_text_column wpb_content_element  vc_custom_1642555008056\" >\n\t\t<div class=\"wpb_wrapper\">\n\t\t\t<h3 style=\"text-align: center;\">Modernos y Decorativos<\/h3>\n<p class=\"intro\" style=\"text-align: center;\">Al igual que la mayor\u00eda de los falsos techos, con este tipo se pueden conseguir acabados incre\u00edbles, acompa\u00f1ados de accesorios del mismo material.<\/p>\n\n\t\t<\/div>\n\t<\/div>\n<\/div><\/div><\/div><\/div><\/div><div class=\"clearfix\"><\/div><\/section><section data-stellar-background-ratio=\".2\" class=\"vc_rows wpb_row vc_row-fluid vc_custom_1642556739105 vc_row-has-fill parallax\"><div class=\"container\"><div class=\"row\"><div class=\"wpb_column vc_column_container vc_col-sm-12\"><div class=\"vc_column-inner\"><div class=\"wpb_wrapper\">\n\t<div class=\"wpb_text_column wpb_content_element  vc_custom_1642555155750\" >\n\t\t<div class=\"wpb_wrapper\">\n\t\t\t<h2><span style=\"color: #ffffff;\">\u00bfPor qu\u00e9 se recomienda instalar Falsos Techos de Escayola en Matar\u00f3? <span class=\"tiny-border\">x<\/span><\/span><\/h2>\n\n\t\t<\/div>\n\t<\/div>\n\n\t<div class=\"wpb_text_column wpb_content_element  vc_custom_1642555241866\" >\n\t\t<div class=\"wpb_wrapper\">\n\t\t\t<p><span style=\"color: #ffffff;\">Son muchas las razones por las cuales recomendamos invertir en este tipo de falso techo, ac\u00e1 te damos lo que para nosotros son las principales recomendaciones:<\/span><\/p>\n\n\t\t<\/div>\n\t<\/div>\n<\/div><\/div><\/div><div class=\"wpb_column vc_column_container vc_col-sm-12 vc_col-md-4\"><div class=\"vc_column-inner\"><div class=\"wpb_wrapper\">\n\t\t<div class=\"feature-box-small-icon text-light\">\n        <span class=\"icon\">\n        \t<i class=\"icon_box-checked id-color\"><\/i>\n        <\/span>\n        <div class=\"text\">\n            <h3>Oculta detalle o errores<\/h3>\n            Ideal para ocultar los defectos que pueda tener el techo original, como grietas u otras imperfecciones.        <\/div>\n    <\/div>\n    \n<div class=\"vc_empty_space\"   style=\"height: 30px\"><span class=\"vc_empty_space_inner\"><\/span><\/div><\/div><\/div><\/div><div class=\"wpb_column vc_column_container vc_col-sm-12 vc_col-md-4\"><div class=\"vc_column-inner\"><div class=\"wpb_wrapper\">\n\t\t<div class=\"feature-box-small-icon text-light\">\n        <span class=\"icon\">\n        \t<i class=\"icon_box-checked id-color\"><\/i>\n        <\/span>\n        <div class=\"text\">\n            <h3>Mantienen la temperatura<\/h3>\n            Es un muy buen aislante t\u00e9rmico, ya que logra preservar la temperatura de la habitaci\u00f3n o en cualquier espacio que se desee.        <\/div>\n    <\/div>\n    \n<div class=\"vc_empty_space\"   style=\"height: 30px\"><span class=\"vc_empty_space_inner\"><\/span><\/div><\/div><\/div><\/div><div class=\"wpb_column vc_column_container vc_col-sm-12 vc_col-md-4\"><div class=\"vc_column-inner\"><div class=\"wpb_wrapper\">\n\t\t<div class=\"feature-box-small-icon text-light\">\n        <span class=\"icon\">\n        \t<i class=\"icon_box-checked id-color\"><\/i>\n        <\/span>\n        <div class=\"text\">\n            <h3>Espacio entre techos<\/h3>\n            El espacio que existe entre el techo original y el falso techo, se puede utilizar para reubicar la iluminaci\u00f3n o simplemente ocultar las tuber\u00edas de refrigeraci\u00f3n.        <\/div>\n    <\/div>\n    \n<div class=\"vc_empty_space\"   style=\"height: 30px\"><span class=\"vc_empty_space_inner\"><\/span><\/div><\/div><\/div><\/div><\/div><\/div><div class=\"clearfix\"><\/div><\/section><section class=\"vc_rows wpb_row vc_row-fluid vc_custom_1481614324254 vc_row-o-equal-height vc_row-o-content-middle vc_row-flex\"><div class=\"row\"><div class=\"padd70 wpb_column vc_column_container vc_col-sm-12 vc_col-md-6\"><div class=\"vc_column-inner\"><div class=\"wpb_wrapper\">\n\t<div class=\"wpb_text_column wpb_content_element  vc_custom_1642556285652\" >\n\t\t<div class=\"wpb_wrapper\">\n\t\t\t<h2>Falsos Techos de Escayola en Matar\u00f3: Molduras de Escayola <span class=\"tiny-border\">x<\/span><\/h2>\n<p class=\"intro\">Ideales para embellecer y decorar, ya sea su techo, pisos, puertas y\/o ventanas. Una perfecta opci\u00f3n para dar un estilo de elegancia en cualquier \u00e1rea que as\u00ed lo desees, en la oficina, local comercial o el hogar. Las Molduras de Escayola en combinaci\u00f3n con la iluminaci\u00f3n, puedan un gran estilo decorativo y a su vez muy cl\u00e1sico o moderno.<\/p>\n\n\t\t<\/div>\n\t<\/div>\n<div class=\"vc_btn3-container vc_btn3-inline vc_custom_1669227484754\" ><a class=\"vc_general vc_btn3 vc_btn3-size-md vc_btn3-shape-rounded vc_btn3-style-modern vc_btn3-color-grey\" href=\"https:\/\/mataroreformas.com\/ca\/contacto\/\" title=\"\">Solicita tu Presupuesto<\/a><\/div><\/div><\/div><\/div><div class=\"wpb_column vc_column_container vc_col-sm-12 vc_col-md-6 vc_col-has-fill\"><div class=\"vc_column-inner vc_custom_1642556777385\"><div class=\"wpb_wrapper\"><\/div><\/div><\/div><div class=\"wpb_column vc_column_container vc_col-sm-12 vc_col-has-fill\"><div class=\"vc_column-inner vc_custom_1642471586928\"><div class=\"wpb_wrapper\">\n\t<div class=\"wpb_text_column wpb_content_element\" >\n\t\t<div class=\"wpb_wrapper\">\n\t\t\t<p class=\"seccion-enlace-principal\" style=\"text-align: center;\"><strong>Consulta todos los servicios que tenemos en <a href=\"http:\/\/mataroreformas.com\/ca\/\">Reformas Matar\u00f3<\/a> para ti<\/strong><\/p>\n\n\t\t<\/div>\n\t<\/div>\n<\/div><\/div><\/div><\/div><div class=\"clearfix\"><\/div><\/section><section class=\"vc_rows wpb_row vc_row-fluid vc_custom_1641938180790 vc_row-has-fill vc_row-o-equal-height vc_row-o-content-middle vc_row-flex\"><div class=\"row\"><div class=\"wpb_column vc_column_container vc_col-sm-12 vc_col-md-6 vc_col-has-fill\"><div class=\"vc_column-inner vc_custom_1642556802492\"><div class=\"wpb_wrapper\"><\/div><\/div><\/div><div class=\"padd70 wpb_column vc_column_container vc_col-sm-12 vc_col-md-6\"><div class=\"vc_column-inner\"><div class=\"wpb_wrapper\">\n\t<div class=\"wpb_text_column wpb_content_element  vc_custom_1642555829774\" >\n\t\t<div class=\"wpb_wrapper\">\n\t\t\t<h2><span style=\"color: #ffffff;\">Placas de Escayola <span class=\"tiny-border\">x<\/span><\/span><\/h2>\n<p class=\"intro\"><span style=\"color: #ffffff;\">contamos con una gran variedad de diferentes dise\u00f1os, que le dar\u00e1n a su falso techo un acabado decorativo. Aprovechando la versatilidad de este material podemos ofrecerle a nuestros clientes acabados lisos, con diferente formas o corrugadas.<\/span><\/p>\n\n\t\t<\/div>\n\t<\/div>\n<div class=\"vc_btn3-container vc_btn3-inline vc_custom_1669227484754\" ><a class=\"vc_general vc_btn3 vc_btn3-size-md vc_btn3-shape-rounded vc_btn3-style-modern vc_btn3-color-grey\" href=\"https:\/\/mataroreformas.com\/ca\/contacto\/\" title=\"\">Solicita tu Presupuesto<\/a><\/div><\/div><\/div><\/div><div class=\"wpb_column vc_column_container vc_col-sm-12 vc_col-has-fill\"><div class=\"vc_column-inner vc_custom_1642471660264\"><div class=\"wpb_wrapper\">\n\t<div class=\"wpb_text_column wpb_content_element\" >\n\t\t<div class=\"wpb_wrapper\">\n\t\t\t<p class=\"seccion-enlace-principal\" style=\"text-align: center;\"><strong>Contamos con diferentes tipos de Instalaci\u00f3n de <a href=\"http:\/\/mataroreformas.com\/ca\/falsos-techos-en-mataro\/\">Falsos Techos en Matar\u00f3<\/a>, descubre mucho m\u00e1s\u2026<\/strong><\/p>\n\n\t\t<\/div>\n\t<\/div>\n<\/div><\/div><\/div><\/div><div class=\"clearfix\"><\/div><\/section><section class=\"vc_rows wpb_row vc_row-fluid\"><div class=\"container\"><div class=\"row\"><div class=\"wpb_column vc_column_container vc_col-sm-3\"><div class=\"vc_column-inner\"><div class=\"wpb_wrapper\">\n\t<div class=\"wpb_text_column wpb_content_element\" >\n\t\t<div class=\"wpb_wrapper\">\n\t\t\t<h3 style=\"text-align: center;\"><strong><a href=\"https:\/\/mataroreformas.com\/ca\/falsos-techos-madera-barcelona\/\" target=\"_blank\" rel=\"noopener\">Falsos Techos Madera<\/a><\/strong><\/h3>\n\n\t\t<\/div>\n\t<\/div>\n<\/div><\/div><\/div><div class=\"wpb_column vc_column_container vc_col-sm-3\"><div class=\"vc_column-inner\"><div class=\"wpb_wrapper\">\n\t<div class=\"wpb_text_column wpb_content_element\" >\n\t\t<div class=\"wpb_wrapper\">\n\t\t\t<h3 style=\"text-align: center;\"><strong><a href=\"https:\/\/mataroreformas.com\/ca\/falsos-techos-metalicos-en-mataro\/\" target=\"_blank\" rel=\"noopener\">Falsos Techos Met\u00e1licos<\/a><\/strong><\/h3>\n\n\t\t<\/div>\n\t<\/div>\n<\/div><\/div><\/div><div class=\"wpb_column vc_column_container vc_col-sm-3\"><div class=\"vc_column-inner\"><div class=\"wpb_wrapper\">\n\t<div class=\"wpb_text_column wpb_content_element\" >\n\t\t<div class=\"wpb_wrapper\">\n\t\t\t<h3 style=\"text-align: center;\"><a href=\"https:\/\/mataroreformas.com\/ca\/falsos-techos-de-escayola-en-mataro\/\" target=\"_blank\" rel=\"noopener\"><strong>Falsos Techos de Escayola<\/strong><\/a><\/h3>\n\n\t\t<\/div>\n\t<\/div>\n<\/div><\/div><\/div><div class=\"wpb_column vc_column_container vc_col-sm-3\"><div class=\"vc_column-inner\"><div class=\"wpb_wrapper\">\n\t<div class=\"wpb_text_column wpb_content_element\" >\n\t\t<div class=\"wpb_wrapper\">\n\t\t\t<h3 style=\"text-align: center;\"><a href=\"https:\/\/mataroreformas.com\/ca\/falsos-techos-de-pladur-en-mataro\/\" target=\"_blank\" rel=\"noopener\"><strong>Falsos Techos de Pladur<\/strong><\/a><\/h3>\n\n\t\t<\/div>\n\t<\/div>\n<\/div><\/div><\/div><\/div><\/div><div class=\"clearfix\"><\/div><\/section>","protected":false},"excerpt":{"rendered":"Realizamos instalaci\u00f3n de Falsos Techos de Escayola en Matar\u00f3 x Si lo que busca es una opci\u00f3n econ\u00f3mica, funcional y durable en el tiempo, nuestro equipo de expertos recomienda este gran servicio de instalaci\u00f3n de Falsos Techos de Escayola en Matar\u00f3 y Maresme. Una opci\u00f3n bastante viable y muy utilizado. Hemos ejecutado trabajos en viviendas, [...]","protected":false},"author":1,"featured_media":0,"parent":0,"menu_order":0,"comment_status":"closed","ping_status":"closed","template":"page-templates\/template-fullwidth.php","meta":{"_uag_custom_page_level_css":"","footnotes":""},"class_list":["post-1352","page","type-page","status-publish","hentry"],"yoast_head":"<!-- This site is optimized with the Yoast SEO plugin v27.4 - https:\/\/yoast.com\/product\/yoast-seo-wordpress\/ -->\n<title>Falsos Techos de Escayola en Matar\u00f3 - Instalaciones en Maresme<\/title>\n<meta name=\"description\" content=\"Falsos Techos de Escayola en Matar\u00f3 y Maresme. Molduras de Escayola, Placas de Escayola. Techos Modernos y Decorativos en Arenys.\" \/>\n<meta name=\"robots\" content=\"index, follow, max-snippet:-1, max-image-preview:large, max-video-preview:-1\" \/>\n<link rel=\"canonical\" href=\"https:\/\/mataroreformas.com\/ca\/falsos-techos-de-escayola-en-mataro\/\" \/>\n<meta property=\"og:locale\" content=\"ca_ES\" \/>\n<meta property=\"og:type\" content=\"article\" \/>\n<meta property=\"og:title\" content=\"Falsos Techos de Escayola en Matar\u00f3 - Instalaciones en Maresme\" \/>\n<meta property=\"og:description\" content=\"Falsos Techos de Escayola en Matar\u00f3 y Maresme. Molduras de Escayola, Placas de Escayola. Techos Modernos y Decorativos en Arenys.\" \/>\n<meta property=\"og:url\" content=\"https:\/\/mataroreformas.com\/ca\/falsos-techos-de-escayola-en-mataro\/\" \/>\n<meta property=\"og:site_name\" content=\"Matar\u00f3 Reformas\" \/>\n<meta property=\"article:modified_time\" content=\"2025-08-14T22:40:14+00:00\" \/>\n<meta name=\"twitter:card\" content=\"summary_large_image\" \/>\n<meta name=\"twitter:label1\" content=\"Temps estimat de lectura\" \/>\n\t<meta name=\"twitter:data1\" content=\"4 minuts\" \/>\n<script type=\"application\/ld+json\" class=\"yoast-schema-graph\">{\"@context\":\"https:\\\/\\\/schema.org\",\"@graph\":[{\"@type\":\"WebPage\",\"@id\":\"https:\\\/\\\/mataroreformas.com\\\/falsos-techos-de-escayola-en-mataro\",\"url\":\"https:\\\/\\\/mataroreformas.com\\\/falsos-techos-de-escayola-en-mataro\",\"name\":\"Falsos Techos de Escayola en Matar\u00f3 - Instalaciones en Maresme\",\"isPartOf\":{\"@id\":\"https:\\\/\\\/mataroreformas.com\\\/#website\"},\"datePublished\":\"2022-01-19T01:47:55+00:00\",\"dateModified\":\"2025-08-14T22:40:14+00:00\",\"description\":\"Falsos Techos de Escayola en Matar\u00f3 y Maresme. Molduras de Escayola, Placas de Escayola. Techos Modernos y Decorativos en Arenys.\",\"breadcrumb\":{\"@id\":\"https:\\\/\\\/mataroreformas.com\\\/falsos-techos-de-escayola-en-mataro#breadcrumb\"},\"inLanguage\":\"ca\",\"potentialAction\":[{\"@type\":\"ReadAction\",\"target\":[\"https:\\\/\\\/mataroreformas.com\\\/falsos-techos-de-escayola-en-mataro\"]}]},{\"@type\":\"BreadcrumbList\",\"@id\":\"https:\\\/\\\/mataroreformas.com\\\/falsos-techos-de-escayola-en-mataro#breadcrumb\",\"itemListElement\":[{\"@type\":\"ListItem\",\"position\":1,\"name\":\"Portada\",\"item\":\"https:\\\/\\\/mataroreformas.com\\\/\"},{\"@type\":\"ListItem\",\"position\":2,\"name\":\"Falsos Techos de Escayola en Matar\u00f3\"}]},{\"@type\":\"WebSite\",\"@id\":\"https:\\\/\\\/mataroreformas.com\\\/#website\",\"url\":\"https:\\\/\\\/mataroreformas.com\\\/\",\"name\":\"Matar\u00f3 Reformas\",\"description\":\"Reformas de todo tipo a su alcance\",\"potentialAction\":[{\"@type\":\"SearchAction\",\"target\":{\"@type\":\"EntryPoint\",\"urlTemplate\":\"https:\\\/\\\/mataroreformas.com\\\/?s={search_term_string}\"},\"query-input\":{\"@type\":\"PropertyValueSpecification\",\"valueRequired\":true,\"valueName\":\"search_term_string\"}}],\"inLanguage\":\"ca\"}]}<\/script>\n<!-- \/ Yoast SEO plugin. -->","yoast_head_json":{"title":"Falsos Techos de Escayola en Matar\u00f3 - Instalaciones en Maresme","description":"Falsos Techos de Escayola en Matar\u00f3 y Maresme. Molduras de Escayola, Placas de Escayola. Techos Modernos y Decorativos en Arenys.","robots":{"index":"index","follow":"follow","max-snippet":"max-snippet:-1","max-image-preview":"max-image-preview:large","max-video-preview":"max-video-preview:-1"},"canonical":"https:\/\/mataroreformas.com\/ca\/falsos-techos-de-escayola-en-mataro\/","og_locale":"ca_ES","og_type":"article","og_title":"Falsos Techos de Escayola en Matar\u00f3 - Instalaciones en Maresme","og_description":"Falsos Techos de Escayola en Matar\u00f3 y Maresme. Molduras de Escayola, Placas de Escayola. Techos Modernos y Decorativos en Arenys.","og_url":"https:\/\/mataroreformas.com\/ca\/falsos-techos-de-escayola-en-mataro\/","og_site_name":"Matar\u00f3 Reformas","article_modified_time":"2025-08-14T22:40:14+00:00","twitter_card":"summary_large_image","twitter_misc":{"Temps estimat de lectura":"4 minuts"},"schema":{"@context":"https:\/\/schema.org","@graph":[{"@type":"WebPage","@id":"https:\/\/mataroreformas.com\/falsos-techos-de-escayola-en-mataro","url":"https:\/\/mataroreformas.com\/falsos-techos-de-escayola-en-mataro","name":"Falsos Techos de Escayola en Matar\u00f3 - Instalaciones en Maresme","isPartOf":{"@id":"https:\/\/mataroreformas.com\/#website"},"datePublished":"2022-01-19T01:47:55+00:00","dateModified":"2025-08-14T22:40:14+00:00","description":"Falsos Techos de Escayola en Matar\u00f3 y Maresme. Molduras de Escayola, Placas de Escayola. Techos Modernos y Decorativos en Arenys.","breadcrumb":{"@id":"https:\/\/mataroreformas.com\/falsos-techos-de-escayola-en-mataro#breadcrumb"},"inLanguage":"ca","potentialAction":[{"@type":"ReadAction","target":["https:\/\/mataroreformas.com\/falsos-techos-de-escayola-en-mataro"]}]},{"@type":"BreadcrumbList","@id":"https:\/\/mataroreformas.com\/falsos-techos-de-escayola-en-mataro#breadcrumb","itemListElement":[{"@type":"ListItem","position":1,"name":"Portada","item":"https:\/\/mataroreformas.com\/"},{"@type":"ListItem","position":2,"name":"Falsos Techos de Escayola en Matar\u00f3"}]},{"@type":"WebSite","@id":"https:\/\/mataroreformas.com\/#website","url":"https:\/\/mataroreformas.com\/","name":"Matar\u00f3 Reformas","description":"Reformas de todo tipo a su alcance","potentialAction":[{"@type":"SearchAction","target":{"@type":"EntryPoint","urlTemplate":"https:\/\/mataroreformas.com\/?s={search_term_string}"},"query-input":{"@type":"PropertyValueSpecification","valueRequired":true,"valueName":"search_term_string"}}],"inLanguage":"ca"}]}},"uagb_featured_image_src":{"full":false,"thumbnail":false,"medium":false,"medium_large":false,"large":false,"1536x1536":false,"2048x2048":false,"trp-custom-language-flag":false},"uagb_author_info":{"display_name":"reformamataro","author_link":"https:\/\/mataroreformas.com\/ca\/author\/reformamataro"},"uagb_comment_info":0,"uagb_excerpt":null,"_links":{"self":[{"href":"https:\/\/mataroreformas.com\/ca\/wp-json\/wp\/v2\/pages\/1352","targetHints":{"allow":["GET"]}}],"collection":[{"href":"https:\/\/mataroreformas.com\/ca\/wp-json\/wp\/v2\/pages"}],"about":[{"href":"https:\/\/mataroreformas.com\/ca\/wp-json\/wp\/v2\/types\/page"}],"author":[{"embeddable":true,"href":"https:\/\/mataroreformas.com\/ca\/wp-json\/wp\/v2\/users\/1"}],"replies":[{"embeddable":true,"href":"https:\/\/mataroreformas.com\/ca\/wp-json\/wp\/v2\/comments?post=1352"}],"version-history":[{"count":8,"href":"https:\/\/mataroreformas.com\/ca\/wp-json\/wp\/v2\/pages\/1352\/revisions"}],"predecessor-version":[{"id":2163,"href":"https:\/\/mataroreformas.com\/ca\/wp-json\/wp\/v2\/pages\/1352\/revisions\/2163"}],"wp:attachment":[{"href":"https:\/\/mataroreformas.com\/ca\/wp-json\/wp\/v2\/media?parent=1352"}],"curies":[{"name":"wp","href":"https:\/\/api.w.org\/{rel}","templated":true}]}}