{"id":1337,"date":"2022-01-18T02:16:51","date_gmt":"2022-01-18T02:16:51","guid":{"rendered":"http:\/\/mataroreformas.com\/?page_id=1337"},"modified":"2022-11-23T18:16:13","modified_gmt":"2022-11-23T18:16:13","slug":"falsos-techos-de-madera-en-mataro","status":"publish","type":"page","link":"https:\/\/mataroreformas.com\/ca\/falsos-techos-de-madera-en-mataro","title":{"rendered":"Falsos Techos de Madera en Matar\u00f3"},"content":{"rendered":"<section class=\"vc_rows wpb_row vc_row-fluid vc_custom_1481614324254 vc_row-o-equal-height vc_row-o-content-middle vc_row-flex\"><div class=\"row\"><div class=\"padd70 wpb_column vc_column_container vc_col-sm-12 vc_col-md-6\"><div class=\"vc_column-inner\"><div class=\"wpb_wrapper\">\n\t<div class=\"wpb_text_column wpb_content_element  vc_custom_1642471249220\" >\n\t\t<div class=\"wpb_wrapper\">\n\t\t\t<h2>Servicio de Instalaci\u00f3n de Falsos Techos de Madera en Matar\u00f3 <span class=\"tiny-border\">x<\/span><\/h2>\n<p class=\"intro\">En Reformas Matar\u00f3 realizamos la instalaci\u00f3n y mantenimiento de Falsos Techos de Madera en Matar\u00f3 y <a href=\"https:\/\/www.costadebarcelonamaresme.cat\/es\" target=\"_blank\" rel=\"noopener\">Maresme<\/a>. La madera es un de los materiales m\u00e1s recomendados por nuestro equipo de instaladores de falsos techos, garantizamos que la est\u00e9tica y el acondicionamiento ac\u00fastico ser\u00e1n sus mejores atributos. Ideal para espacios grandes, del tipo que nuestros clientes lo deseen, ya sea de lamas de maderas (Tambi\u00e9n conocidos como listones) o paneles de madera. Haz <a href=\"http:\/\/mataroreformas.com\/ca\/contacto\/\">contacto<\/a> con nuestro equipo y trabajemos en tu proyecto.<\/p>\n\n\t\t<\/div>\n\t<\/div>\n<div class=\"vc_btn3-container vc_btn3-inline vc_custom_1669227253958\" ><a class=\"vc_general vc_btn3 vc_btn3-size-md vc_btn3-shape-rounded vc_btn3-style-modern vc_btn3-color-grey\" href=\"https:\/\/mataroreformas.com\/ca\/contacto\/\" title=\"\">Solicita tu Presupuesto<\/a><\/div><\/div><\/div><\/div><div class=\"wpb_column vc_column_container vc_col-sm-12 vc_col-md-6 vc_col-has-fill\"><div class=\"vc_column-inner vc_custom_1642095081797\"><div class=\"wpb_wrapper\">\n\t<div  class=\"wpb_single_image wpb_content_element vc_align_left\">\n\t\t\n\t\t<figure class=\"wpb_wrapper vc_figure\">\n\t\t\t<div class=\"vc_single_image-wrapper   vc_box_border_grey\"><img loading=\"lazy\" decoding=\"async\" width=\"495\" height=\"350\" src=\"https:\/\/mataroreformas.com\/wp-content\/uploads\/2022\/01\/falsos-techos-de-madera-01.jpg\" class=\"vc_single_image-img attachment-full\" alt=\"\" title=\"falsos-techos-de-madera-01\" srcset=\"https:\/\/mataroreformas.com\/wp-content\/uploads\/2022\/01\/falsos-techos-de-madera-01.jpg 495w, https:\/\/mataroreformas.com\/wp-content\/uploads\/2022\/01\/falsos-techos-de-madera-01-300x212.jpg 300w\" sizes=\"auto, (max-width: 495px) 100vw, 495px\" \/><\/div>\n\t\t<\/figure>\n\t<\/div>\n<\/div><\/div><\/div><\/div><div class=\"clearfix\"><\/div><\/section><section class=\"vc_rows wpb_row vc_row-fluid vc_custom_1669227290822\"><div class=\"row\"><div class=\"wpb_column vc_column_container vc_col-sm-12 vc_col-has-fill\"><div class=\"vc_column-inner vc_custom_1669225797733\"><div class=\"wpb_wrapper\">\n\t<div class=\"row call-to-action\">\n\t\t<div class=\"col-md-8\">\n\t        <h3 class=\"mt10\">Visita nuestra p\u00e1gina de contacto y solicita tu presupuesta para la instalaci\u00f3n de Falsos Techos de madera en Matar\u00f3 y Maresme<\/h3>\n\t    <\/div>\n\t    <div class=\"col-md-4 text-right\">\n\t    \t<a class=\"btn btn-line-black btn-fx\" href=\"https:\/\/mataroreformas.com\/ca\/contacto\/\" target=\"_self\">Contacto<\/a>\t    <\/div>\n    <\/div>\n\n<\/div><\/div><\/div><\/div><div class=\"clearfix\"><\/div><\/section><section class=\"vc_rows wpb_row vc_row-fluid vc_custom_1641937821471\"><div class=\"container\"><div class=\"row\"><div class=\"wpb_column vc_column_container vc_col-sm-2\"><div class=\"vc_column-inner\"><div class=\"wpb_wrapper\"><\/div><\/div><\/div><div class=\"wpb_column vc_column_container vc_col-sm-8\"><div class=\"vc_column-inner\"><div class=\"wpb_wrapper\">\n\t<div class=\"wpb_text_column wpb_content_element  vc_custom_1642468260220\" >\n\t\t<div class=\"wpb_wrapper\">\n\t\t\t<h2>Tipos de Falsos Techos de Madera en Matar\u00f3 que realizamos <span class=\"tiny-border\">x<\/span><\/h2>\n<p class=\"intro\">Tenemos a su disposici\u00f3n los mejores materiales y el personal capacitado para ofrecerle los que para nuestro equipo de expertos son las dos mejores opciones para instalar su falso techo, estas son:<\/p>\n\n\t\t<\/div>\n\t<\/div>\n<\/div><\/div><\/div><div class=\"wpb_column vc_column_container vc_col-sm-2\"><div class=\"vc_column-inner\"><div class=\"wpb_wrapper\"><\/div><\/div><\/div><\/div><\/div><div class=\"clearfix\"><\/div><\/section><section class=\"vc_rows wpb_row vc_row-fluid vc_custom_1641937856175\"><div class=\"container\"><div class=\"row\"><div class=\"wpb_column vc_column_container vc_col-sm-6\"><div class=\"vc_column-inner\"><div class=\"wpb_wrapper\">\n\t<div class=\"wpb_text_column wpb_content_element  vc_custom_1642468587532\" >\n\t\t<div class=\"wpb_wrapper\">\n\t\t\t<h3 style=\"text-align: center;\">Falsos Techos Lamas de Maderas<\/h3>\n<p class=\"intro\" style=\"text-align: center;\">Contamos con diferentes tipos de materiales y medidas. Con este tipo de falso techo se pueden conseguir estilos de excelente calidad y prestigio, con acabados incre\u00edbles y de gran variedad. A la hora de trabajar con lamas de maderas somos los mejores en todo Matar\u00f3, no esperes m\u00e1s y descubre todo lo que tenemos para ti.<\/p>\n\n\t\t<\/div>\n\t<\/div>\n<\/div><\/div><\/div><div class=\"wpb_column vc_column_container vc_col-sm-6\"><div class=\"vc_column-inner\"><div class=\"wpb_wrapper\">\n\t<div class=\"wpb_text_column wpb_content_element  vc_custom_1642469009810\" >\n\t\t<div class=\"wpb_wrapper\">\n\t\t\t<h3 style=\"text-align: center;\">Falsos Techos Paneles de Madera<\/h3>\n<p class=\"intro\" style=\"text-align: center;\">Este tipo de falso techo de madera permite darle a nuestros clientes estilos m\u00e1s personalizados, en Reformas Matar\u00f3 tenemos para nuestros clientes variedad en tama\u00f1os, colores y variedad en el tipo de madera. Los paneles de madera son ideales para estilos naturales y decorativos, cont\u00e1ctenos para empezar a trabajar en tu proyecto.<\/p>\n\n\t\t<\/div>\n\t<\/div>\n<\/div><\/div><\/div><\/div><\/div><div class=\"clearfix\"><\/div><\/section><section data-stellar-background-ratio=\".2\" class=\"vc_rows wpb_row vc_row-fluid vc_custom_1642472132024 vc_row-has-fill parallax\"><div class=\"container\"><div class=\"row\"><div class=\"wpb_column vc_column_container vc_col-sm-12\"><div class=\"vc_column-inner\"><div class=\"wpb_wrapper\">\n\t<div class=\"wpb_text_column wpb_content_element  vc_custom_1642469333133\" >\n\t\t<div class=\"wpb_wrapper\">\n\t\t\t<h2><span style=\"color: #ffffff;\">\u00bfQu\u00e9 estilos se pueden conseguir instalando Falsos Techos de Madera en Matar\u00f3? <span class=\"tiny-border\">x<\/span><\/span><\/h2>\n\n\t\t<\/div>\n\t<\/div>\n\n\t<div class=\"wpb_text_column wpb_content_element  vc_custom_1642469433508\" >\n\t\t<div class=\"wpb_wrapper\">\n\t\t\t<p><span style=\"color: #ffffff;\">Aprovechando la versatilidad de la madera, le comentamos a nuestros clientes los diferentes estilos que le ofrecemos y pueden tener en cuenta para su falso techo:<\/span><\/p>\n\n\t\t<\/div>\n\t<\/div>\n<\/div><\/div><\/div><div class=\"wpb_column vc_column_container vc_col-sm-12 vc_col-md-4\"><div class=\"vc_column-inner\"><div class=\"wpb_wrapper\">\n\t\t<div class=\"feature-box-small-icon text-light\">\n        <span class=\"icon\">\n        \t<i class=\"icon_box-checked id-color\"><\/i>\n        <\/span>\n        <div class=\"text\">\n            <h3>Estilo Al Natural<\/h3>\n            El estilo natural para su falso techo es de los m\u00e1s utilizados y atractivo a la vista, permite crear espacios totalmente c\u00e1lidos y acogedores. Se puede realizar con lamas de madera o paneles de madera.        <\/div>\n    <\/div>\n    \n<div class=\"vc_empty_space\"   style=\"height: 30px\"><span class=\"vc_empty_space_inner\"><\/span><\/div>\n\t\t<div class=\"feature-box-small-icon text-light\">\n        <span class=\"icon\">\n        \t<i class=\"icon_box-checked id-color\"><\/i>\n        <\/span>\n        <div class=\"text\">\n            <h3>Estilos Modernos y Decorativos<\/h3>\n            Nuestro equipo se encuentra en constante capacitaci\u00f3n y actualizaci\u00f3n de nuevos estilos, nuevos materiales y combinaciones para usar y ofrecer a nuestros clientes, estamos para asesorarte durante todo el proyecto, cont\u00e1ctenos.        <\/div>\n    <\/div>\n    \n<\/div><\/div><\/div><div class=\"wpb_column vc_column_container vc_col-sm-12 vc_col-md-4\"><div class=\"vc_column-inner\"><div class=\"wpb_wrapper\">\n\t\t<div class=\"feature-box-small-icon text-light\">\n        <span class=\"icon\">\n        \t<i class=\"icon_box-checked id-color\"><\/i>\n        <\/span>\n        <div class=\"text\">\n            <h3>Estilos R\u00fasticos<\/h3>\n            Estilo ideal para \u00e1reas campestres, elecci\u00f3n interesante y original, totalmente personalizable de su parte. Tenemos un portafolio lleno de opciones para nuestros clientes.        <\/div>\n    <\/div>\n    \n<div class=\"vc_empty_space\"   style=\"height: 30px\"><span class=\"vc_empty_space_inner\"><\/span><\/div><\/div><\/div><\/div><div class=\"wpb_column vc_column_container vc_col-sm-12 vc_col-md-4\"><div class=\"vc_column-inner\"><div class=\"wpb_wrapper\">\n\t\t<div class=\"feature-box-small-icon text-light\">\n        <span class=\"icon\">\n        \t<i class=\"icon_box-checked id-color\"><\/i>\n        <\/span>\n        <div class=\"text\">\n            <h3>Estilo Rural<\/h3>\n            Este es uno de los estilos m\u00e1s accesibles y de m\u00e1s f\u00e1cil mantenimiento. En Reformas Matar\u00f3 tenemos para nuestros clientes materiales de excelente calidad y gran variedad de dise\u00f1os para escoger. cont\u00e1ctenos.        <\/div>\n    <\/div>\n    \n<div class=\"vc_empty_space\"   style=\"height: 30px\"><span class=\"vc_empty_space_inner\"><\/span><\/div><\/div><\/div><\/div><\/div><\/div><div class=\"clearfix\"><\/div><\/section><section class=\"vc_rows wpb_row vc_row-fluid vc_custom_1481614324254 vc_row-o-equal-height vc_row-o-content-middle vc_row-flex\"><div class=\"row\"><div class=\"padd70 wpb_column vc_column_container vc_col-sm-12 vc_col-md-6\"><div class=\"vc_column-inner\"><div class=\"wpb_wrapper\">\n\t<div class=\"wpb_text_column wpb_content_element  vc_custom_1642470583536\" >\n\t\t<div class=\"wpb_wrapper\">\n\t\t\t<h2>Falsos Techos de Madera: Una opci\u00f3n econ\u00f3mica y rentable <span class=\"tiny-border\">x<\/span><\/h2>\n<p class=\"intro\">En Reformas Matar\u00f3 ofrecemos este tipo de servicio, ya que es una de las opciones m\u00e1s rentables econ\u00f3micamente hablando y que permite adaptarse a los diferentes presupuestos con los que pueda contar nuestros clientes. Contamos con un amplio portafolio para ofrecerle y ya sea que dese\u00e9 para sus proyectos usar lamas o paneles, nuestros expertos tendr\u00e1 la soluci\u00f3n, no esperes m\u00e1s y comun\u00edcate con nosotros.<\/p>\n\n\t\t<\/div>\n\t<\/div>\n<div class=\"vc_btn3-container vc_btn3-inline vc_custom_1669227253958\" ><a class=\"vc_general vc_btn3 vc_btn3-size-md vc_btn3-shape-rounded vc_btn3-style-modern vc_btn3-color-grey\" href=\"https:\/\/mataroreformas.com\/ca\/contacto\/\" title=\"\">Solicita tu Presupuesto<\/a><\/div><\/div><\/div><\/div><div class=\"wpb_column vc_column_container vc_col-sm-12 vc_col-md-6 vc_col-has-fill\"><div class=\"vc_column-inner vc_custom_1642471473048\"><div class=\"wpb_wrapper\"><\/div><\/div><\/div><div class=\"wpb_column vc_column_container vc_col-sm-12 vc_col-has-fill\"><div class=\"vc_column-inner vc_custom_1642471586928\"><div class=\"wpb_wrapper\">\n\t<div class=\"wpb_text_column wpb_content_element\" >\n\t\t<div class=\"wpb_wrapper\">\n\t\t\t<p class=\"seccion-enlace-principal\" style=\"text-align: center;\"><strong>Consulta todos los servicios que tenemos en <a href=\"http:\/\/mataroreformas.com\/ca\/\">Reformas Matar\u00f3<\/a> para ti<\/strong><\/p>\n\n\t\t<\/div>\n\t<\/div>\n<\/div><\/div><\/div><\/div><div class=\"clearfix\"><\/div><\/section><section class=\"vc_rows wpb_row vc_row-fluid vc_custom_1641938180790 vc_row-has-fill vc_row-o-equal-height vc_row-o-content-middle vc_row-flex\"><div class=\"row\"><div class=\"wpb_column vc_column_container vc_col-sm-12 vc_col-md-6 vc_col-has-fill\"><div class=\"vc_column-inner vc_custom_1642472160192\"><div class=\"wpb_wrapper\"><\/div><\/div><\/div><div class=\"padd70 wpb_column vc_column_container vc_col-sm-12 vc_col-md-6\"><div class=\"vc_column-inner\"><div class=\"wpb_wrapper\">\n\t<div class=\"wpb_text_column wpb_content_element  vc_custom_1642470906936\" >\n\t\t<div class=\"wpb_wrapper\">\n\t\t\t<h2><span style=\"color: #ffffff;\">Caracter\u00edsticas principales de los falsos techos de madera en Matar\u00f3 <span class=\"tiny-border\">x<\/span><\/span><\/h2>\n<p class=\"intro\"><span style=\"color: #ffffff;\">En uno de los materiales m\u00e1s utilizados, es gracias a su versatilidad y variedad de opciones que existe, entre sus principales caracter\u00edsticas est\u00e1n:<\/span><\/p>\n<p class=\"intro\"><span style=\"color: #ffffff;\">&#8211; Cuenta con resistencia al fuego.<br \/>\n&#8211; Resistencia al impacto<br \/>\n&#8211; De f\u00e1cil limpieza y variedad est\u00e9tica<br \/>\n&#8211; Resistencia a la Humedad<br \/>\n&#8211; Posee absorci\u00f3n ac\u00fastica<br \/>\n&#8211; F\u00e1cilmente desmontable<\/span><\/p>\n\n\t\t<\/div>\n\t<\/div>\n<div class=\"vc_btn3-container vc_btn3-inline vc_custom_1669227253958\" ><a class=\"vc_general vc_btn3 vc_btn3-size-md vc_btn3-shape-rounded vc_btn3-style-modern vc_btn3-color-grey\" href=\"https:\/\/mataroreformas.com\/ca\/contacto\/\" title=\"\">Solicita tu Presupuesto<\/a><\/div><\/div><\/div><\/div><div class=\"wpb_column vc_column_container vc_col-sm-12 vc_col-has-fill\"><div class=\"vc_column-inner vc_custom_1642471660264\"><div class=\"wpb_wrapper\">\n\t<div class=\"wpb_text_column wpb_content_element\" >\n\t\t<div class=\"wpb_wrapper\">\n\t\t\t<p class=\"seccion-enlace-principal\" style=\"text-align: center;\"><strong>Contamos con diferentes tipos de Instalaci\u00f3n de <a href=\"http:\/\/mataroreformas.com\/ca\/falsos-techos-en-mataro\/\">Falsos Techos en Matar\u00f3<\/a>, descubre mucho m\u00e1s\u2026<\/strong><\/p>\n\n\t\t<\/div>\n\t<\/div>\n<\/div><\/div><\/div><\/div><div class=\"clearfix\"><\/div><\/section>","protected":false},"excerpt":{"rendered":"Servicio de Instalaci\u00f3n de Falsos Techos de Madera en Matar\u00f3 x En Reformas Matar\u00f3 realizamos la instalaci\u00f3n y mantenimiento de Falsos Techos de Madera en Matar\u00f3 y Maresme. La madera es un de los materiales m\u00e1s recomendados por nuestro equipo de instaladores de falsos techos, garantizamos que la est\u00e9tica y el acondicionamiento ac\u00fastico ser\u00e1n sus [...]","protected":false},"author":1,"featured_media":0,"parent":0,"menu_order":0,"comment_status":"closed","ping_status":"closed","template":"page-templates\/template-fullwidth.php","meta":{"_uag_custom_page_level_css":"","footnotes":""},"class_list":["post-1337","page","type-page","status-publish","hentry"],"yoast_head":"<!-- This site is optimized with the Yoast SEO plugin v27.4 - https:\/\/yoast.com\/product\/yoast-seo-wordpress\/ -->\n<title>Falsos Techos de Madera en Matar\u00f3 y Maresme<\/title>\n<meta name=\"description\" content=\"Falsos Techos de Madera en Matar\u00f3 y Maresme. Instalaci\u00f3n de Lamas de Maderas, Falsos Techos Paneles de Madera en Argentona.\" \/>\n<meta name=\"robots\" content=\"index, follow, max-snippet:-1, max-image-preview:large, max-video-preview:-1\" \/>\n<link rel=\"canonical\" href=\"https:\/\/mataroreformas.com\/ca\/falsos-techos-de-madera-en-mataro\/\" \/>\n<meta property=\"og:locale\" content=\"ca_ES\" \/>\n<meta property=\"og:type\" content=\"article\" \/>\n<meta property=\"og:title\" content=\"Falsos Techos de Madera en Matar\u00f3 y Maresme\" \/>\n<meta property=\"og:description\" content=\"Falsos Techos de Madera en Matar\u00f3 y Maresme. Instalaci\u00f3n de Lamas de Maderas, Falsos Techos Paneles de Madera en Argentona.\" \/>\n<meta property=\"og:url\" content=\"https:\/\/mataroreformas.com\/ca\/falsos-techos-de-madera-en-mataro\/\" \/>\n<meta property=\"og:site_name\" content=\"Matar\u00f3 Reformas\" \/>\n<meta property=\"article:modified_time\" content=\"2022-11-23T18:16:13+00:00\" \/>\n<meta name=\"twitter:card\" content=\"summary_large_image\" \/>\n<meta name=\"twitter:label1\" content=\"Temps estimat de lectura\" \/>\n\t<meta name=\"twitter:data1\" content=\"4 minuts\" \/>\n<script type=\"application\/ld+json\" class=\"yoast-schema-graph\">{\"@context\":\"https:\\\/\\\/schema.org\",\"@graph\":[{\"@type\":\"WebPage\",\"@id\":\"https:\\\/\\\/mataroreformas.com\\\/falsos-techos-de-madera-en-mataro\",\"url\":\"https:\\\/\\\/mataroreformas.com\\\/falsos-techos-de-madera-en-mataro\",\"name\":\"Falsos Techos de Madera en Matar\u00f3 y Maresme\",\"isPartOf\":{\"@id\":\"https:\\\/\\\/mataroreformas.com\\\/#website\"},\"datePublished\":\"2022-01-18T02:16:51+00:00\",\"dateModified\":\"2022-11-23T18:16:13+00:00\",\"description\":\"Falsos Techos de Madera en Matar\u00f3 y Maresme. Instalaci\u00f3n de Lamas de Maderas, Falsos Techos Paneles de Madera en Argentona.\",\"breadcrumb\":{\"@id\":\"https:\\\/\\\/mataroreformas.com\\\/falsos-techos-de-madera-en-mataro#breadcrumb\"},\"inLanguage\":\"ca\",\"potentialAction\":[{\"@type\":\"ReadAction\",\"target\":[\"https:\\\/\\\/mataroreformas.com\\\/falsos-techos-de-madera-en-mataro\"]}]},{\"@type\":\"BreadcrumbList\",\"@id\":\"https:\\\/\\\/mataroreformas.com\\\/falsos-techos-de-madera-en-mataro#breadcrumb\",\"itemListElement\":[{\"@type\":\"ListItem\",\"position\":1,\"name\":\"Portada\",\"item\":\"https:\\\/\\\/mataroreformas.com\\\/\"},{\"@type\":\"ListItem\",\"position\":2,\"name\":\"Falsos Techos de Madera en Matar\u00f3\"}]},{\"@type\":\"WebSite\",\"@id\":\"https:\\\/\\\/mataroreformas.com\\\/#website\",\"url\":\"https:\\\/\\\/mataroreformas.com\\\/\",\"name\":\"Matar\u00f3 Reformas\",\"description\":\"Reformas de todo tipo a su alcance\",\"potentialAction\":[{\"@type\":\"SearchAction\",\"target\":{\"@type\":\"EntryPoint\",\"urlTemplate\":\"https:\\\/\\\/mataroreformas.com\\\/?s={search_term_string}\"},\"query-input\":{\"@type\":\"PropertyValueSpecification\",\"valueRequired\":true,\"valueName\":\"search_term_string\"}}],\"inLanguage\":\"ca\"}]}<\/script>\n<!-- \/ Yoast SEO plugin. -->","yoast_head_json":{"title":"Falsos Techos de Madera en Matar\u00f3 y Maresme","description":"Falsos Techos de Madera en Matar\u00f3 y Maresme. Instalaci\u00f3n de Lamas de Maderas, Falsos Techos Paneles de Madera en Argentona.","robots":{"index":"index","follow":"follow","max-snippet":"max-snippet:-1","max-image-preview":"max-image-preview:large","max-video-preview":"max-video-preview:-1"},"canonical":"https:\/\/mataroreformas.com\/ca\/falsos-techos-de-madera-en-mataro\/","og_locale":"ca_ES","og_type":"article","og_title":"Falsos Techos de Madera en Matar\u00f3 y Maresme","og_description":"Falsos Techos de Madera en Matar\u00f3 y Maresme. Instalaci\u00f3n de Lamas de Maderas, Falsos Techos Paneles de Madera en Argentona.","og_url":"https:\/\/mataroreformas.com\/ca\/falsos-techos-de-madera-en-mataro\/","og_site_name":"Matar\u00f3 Reformas","article_modified_time":"2022-11-23T18:16:13+00:00","twitter_card":"summary_large_image","twitter_misc":{"Temps estimat de lectura":"4 minuts"},"schema":{"@context":"https:\/\/schema.org","@graph":[{"@type":"WebPage","@id":"https:\/\/mataroreformas.com\/falsos-techos-de-madera-en-mataro","url":"https:\/\/mataroreformas.com\/falsos-techos-de-madera-en-mataro","name":"Falsos Techos de Madera en Matar\u00f3 y Maresme","isPartOf":{"@id":"https:\/\/mataroreformas.com\/#website"},"datePublished":"2022-01-18T02:16:51+00:00","dateModified":"2022-11-23T18:16:13+00:00","description":"Falsos Techos de Madera en Matar\u00f3 y Maresme. Instalaci\u00f3n de Lamas de Maderas, Falsos Techos Paneles de Madera en Argentona.","breadcrumb":{"@id":"https:\/\/mataroreformas.com\/falsos-techos-de-madera-en-mataro#breadcrumb"},"inLanguage":"ca","potentialAction":[{"@type":"ReadAction","target":["https:\/\/mataroreformas.com\/falsos-techos-de-madera-en-mataro"]}]},{"@type":"BreadcrumbList","@id":"https:\/\/mataroreformas.com\/falsos-techos-de-madera-en-mataro#breadcrumb","itemListElement":[{"@type":"ListItem","position":1,"name":"Portada","item":"https:\/\/mataroreformas.com\/"},{"@type":"ListItem","position":2,"name":"Falsos Techos de Madera en Matar\u00f3"}]},{"@type":"WebSite","@id":"https:\/\/mataroreformas.com\/#website","url":"https:\/\/mataroreformas.com\/","name":"Matar\u00f3 Reformas","description":"Reformas de todo tipo a su alcance","potentialAction":[{"@type":"SearchAction","target":{"@type":"EntryPoint","urlTemplate":"https:\/\/mataroreformas.com\/?s={search_term_string}"},"query-input":{"@type":"PropertyValueSpecification","valueRequired":true,"valueName":"search_term_string"}}],"inLanguage":"ca"}]}},"uagb_featured_image_src":{"full":false,"thumbnail":false,"medium":false,"medium_large":false,"large":false,"1536x1536":false,"2048x2048":false,"trp-custom-language-flag":false},"uagb_author_info":{"display_name":"reformamataro","author_link":"https:\/\/mataroreformas.com\/ca\/author\/reformamataro"},"uagb_comment_info":0,"uagb_excerpt":null,"_links":{"self":[{"href":"https:\/\/mataroreformas.com\/ca\/wp-json\/wp\/v2\/pages\/1337","targetHints":{"allow":["GET"]}}],"collection":[{"href":"https:\/\/mataroreformas.com\/ca\/wp-json\/wp\/v2\/pages"}],"about":[{"href":"https:\/\/mataroreformas.com\/ca\/wp-json\/wp\/v2\/types\/page"}],"author":[{"embeddable":true,"href":"https:\/\/mataroreformas.com\/ca\/wp-json\/wp\/v2\/users\/1"}],"replies":[{"embeddable":true,"href":"https:\/\/mataroreformas.com\/ca\/wp-json\/wp\/v2\/comments?post=1337"}],"version-history":[{"count":7,"href":"https:\/\/mataroreformas.com\/ca\/wp-json\/wp\/v2\/pages\/1337\/revisions"}],"predecessor-version":[{"id":1718,"href":"https:\/\/mataroreformas.com\/ca\/wp-json\/wp\/v2\/pages\/1337\/revisions\/1718"}],"wp:attachment":[{"href":"https:\/\/mataroreformas.com\/ca\/wp-json\/wp\/v2\/media?parent=1337"}],"curies":[{"name":"wp","href":"https:\/\/api.w.org\/{rel}","templated":true}]}}