{"id":1327,"date":"2022-01-17T22:18:08","date_gmt":"2022-01-17T22:18:08","guid":{"rendered":"http:\/\/mataroreformas.com\/?page_id=1327"},"modified":"2025-08-14T22:46:42","modified_gmt":"2025-08-14T22:46:42","slug":"falsos-techos-de-pladur-en-mataro","status":"publish","type":"page","link":"https:\/\/mataroreformas.com\/ca\/falsos-techos-de-pladur-en-mataro","title":{"rendered":"Falsos Techos de Pladur en Matar\u00f3"},"content":{"rendered":"<section class=\"vc_rows wpb_row vc_row-fluid vc_custom_1481614324254 vc_row-o-equal-height vc_row-o-content-middle vc_row-flex\"><div class=\"row\"><div class=\"padd70 wpb_column vc_column_container vc_col-sm-12 vc_col-md-6\"><div class=\"vc_column-inner\"><div class=\"wpb_wrapper\">\n\t<div class=\"wpb_text_column wpb_content_element  vc_custom_1642454753367\" >\n\t\t<div class=\"wpb_wrapper\">\n\t\t\t<h2>Ofrecemos servicio de instalaci\u00f3n de Falsos Techos de pladur en Matar\u00f3 <span class=\"tiny-border\">x<\/span><\/h2>\n<p class=\"intro\">De f\u00e1cil instalaci\u00f3n para nuestros expertos, adem\u00e1s de ser uno de los tipos de falsos techos m\u00e1s utilizados hoy en d\u00eda en toda Barcelona; es tambi\u00e9n conocido como falso techo de cart\u00f3n yeso. Los Falsos Techos de Pladur en Matar\u00f3 son est\u00e9ticamente muy atractivos a la vista, con acabados incre\u00edbles y que gracias a su material permite a nuestros expertos realizar dise\u00f1os de excelente calidad, este tipo de falso techo es de f\u00e1cil mantenimiento y muy recomendado por nuestro equipo de montadores de pladur. \u00bfDeseas Instalar uno en tu vivienda? Cont\u00e1ctanos.<\/p>\n\n\t\t<\/div>\n\t<\/div>\n<div class=\"vc_btn3-container vc_btn3-inline vc_custom_1669226766484\" ><a class=\"vc_general vc_btn3 vc_btn3-size-md vc_btn3-shape-rounded vc_btn3-style-modern vc_btn3-color-grey\" href=\"https:\/\/mataroreformas.com\/ca\/contacto\/\" title=\"\">Solicita tu Presupuesto<\/a><\/div><\/div><\/div><\/div><div class=\"wpb_column vc_column_container vc_col-sm-12 vc_col-md-6 vc_col-has-fill\"><div class=\"vc_column-inner vc_custom_1642095081797\"><div class=\"wpb_wrapper\">\n\t<div  class=\"wpb_single_image wpb_content_element vc_align_left\">\n\t\t\n\t\t<figure class=\"wpb_wrapper vc_figure\">\n\t\t\t<div class=\"vc_single_image-wrapper   vc_box_border_grey\"><img loading=\"lazy\" decoding=\"async\" width=\"661\" height=\"500\" src=\"https:\/\/mataroreformas.com\/wp-content\/uploads\/2022\/01\/falso-techo-de-pladur-en-mataro-01.jpg\" class=\"vc_single_image-img attachment-full\" alt=\"\" title=\"CREATOR: gd-jpeg v1.0 (using IJG JPEG v62), quality = 82\" srcset=\"https:\/\/mataroreformas.com\/wp-content\/uploads\/2022\/01\/falso-techo-de-pladur-en-mataro-01.jpg 661w, https:\/\/mataroreformas.com\/wp-content\/uploads\/2022\/01\/falso-techo-de-pladur-en-mataro-01-300x227.jpg 300w\" sizes=\"auto, (max-width: 661px) 100vw, 661px\" \/><\/div>\n\t\t<\/figure>\n\t<\/div>\n<\/div><\/div><\/div><div class=\"wpb_column vc_column_container vc_col-sm-12 vc_col-has-fill\"><div class=\"vc_column-inner vc_custom_1642471575154\"><div class=\"wpb_wrapper\">\n\t<div class=\"wpb_text_column wpb_content_element\" >\n\t\t<div class=\"wpb_wrapper\">\n\t\t\t<p class=\"seccion-enlace-principal\" style=\"text-align: center;\"><strong>Consulta todos los servicios que tenemos en <a href=\"http:\/\/mataroreformas.com\/ca\/\">Reformas Matar\u00f3<\/a> para ti<\/strong><\/p>\n\n\t\t<\/div>\n\t<\/div>\n<\/div><\/div><\/div><\/div><div class=\"clearfix\"><\/div><\/section><section class=\"vc_rows wpb_row vc_row-fluid vc_custom_1669227117024\"><div class=\"row\"><div class=\"wpb_column vc_column_container vc_col-sm-12 vc_col-has-fill\"><div class=\"vc_column-inner vc_custom_1669227131192\"><div class=\"wpb_wrapper\">\n\t<div class=\"row call-to-action\">\n\t\t<div class=\"col-md-8\">\n\t        <h3 class=\"mt10\">Cuenta con los mejores profesionales para la instalaci\u00f3n de falsos techos de pladur en Matar\u00f3 y Maresme, solicita tu presupuesto en nuestra p\u00e1gina de contacto<\/h3>\n\t    <\/div>\n\t    <div class=\"col-md-4 text-right\">\n\t    \t<a class=\"btn btn-line-black btn-fx\" href=\"https:\/\/mataroreformas.com\/ca\/contacto\/\" target=\"_self\">Contacto<\/a>\t    <\/div>\n    <\/div>\n\n<\/div><\/div><\/div><\/div><div class=\"clearfix\"><\/div><\/section><section data-stellar-background-ratio=\".2\" class=\"vc_rows wpb_row vc_row-fluid vc_custom_1642457589502 vc_row-has-fill parallax\"><div class=\"container\"><div class=\"row\"><div class=\"wpb_column vc_column_container vc_col-sm-12\"><div class=\"vc_column-inner\"><div class=\"wpb_wrapper\">\n\t<div class=\"wpb_text_column wpb_content_element  vc_custom_1642454997466\" >\n\t\t<div class=\"wpb_wrapper\">\n\t\t\t<h2><span style=\"color: #ffffff;\">Falsos Techos de Pladur en Matar\u00f3: Ventajas de su instalaci\u00f3n <span class=\"tiny-border\">x<\/span><\/span><\/h2>\n\n\t\t<\/div>\n\t<\/div>\n\n\t<div class=\"wpb_text_column wpb_content_element  vc_custom_1642455227964\" >\n\t\t<div class=\"wpb_wrapper\">\n\t\t\t<p><span style=\"color: #ffffff;\">Los falsos techos de pladur ofrecen beneficios que los hacen especiales y destacar entre otro de su tipo, entre los m\u00e1s conocidos tenemos: <\/span><\/p>\n\n\t\t<\/div>\n\t<\/div>\n<\/div><\/div><\/div><div class=\"wpb_column vc_column_container vc_col-sm-12 vc_col-md-4\"><div class=\"vc_column-inner\"><div class=\"wpb_wrapper\">\n\t\t<div class=\"feature-box-small-icon text-light\">\n        <span class=\"icon\">\n        \t<i class=\"icon_box-checked id-color\"><\/i>\n        <\/span>\n        <div class=\"text\">\n            <h3>Espacio para otras instalaciones<\/h3>\n            El espacio que existe entre el falso techo y el techo original se puede utilizar\u00a0 y aprovechar para realizar instalaciones el\u00e9ctricas,\u00a0 ocultar las tuber\u00edas de agua o de refrigeraci\u00f3n. Distribuir de gran manera la iluminaci\u00f3n.        <\/div>\n    <\/div>\n    \n<div class=\"vc_empty_space\"   style=\"height: 30px\"><span class=\"vc_empty_space_inner\"><\/span><\/div>\n\t\t<div class=\"feature-box-small-icon text-light\">\n        <span class=\"icon\">\n        \t<i class=\"icon_box-checked id-color\"><\/i>\n        <\/span>\n        <div class=\"text\">\n            <h3>Elemento decorativo<\/h3>\n            Gracias a la versatilidad de su material, es posible realizar dise\u00f1os de excelente calidad, en reformas Matar\u00f3 contamos con un portafolio lleno de dise\u00f1os incre\u00edbles para darle as\u00ed a nuestros clientes una mayor variedad de opciones.        <\/div>\n    <\/div>\n    \n<\/div><\/div><\/div><div class=\"wpb_column vc_column_container vc_col-sm-12 vc_col-md-4\"><div class=\"vc_column-inner\"><div class=\"wpb_wrapper\">\n\t\t<div class=\"feature-box-small-icon text-light\">\n        <span class=\"icon\">\n        \t<i class=\"icon_box-checked id-color\"><\/i>\n        <\/span>\n        <div class=\"text\">\n            <h3>Gran Aislante<\/h3>\n            Los falsos techos de pladur cuenta con unas grandes caracter\u00edsticas y es que son aislantes tanto t\u00e9rmicos, como ac\u00fasticos. Adem\u00e1s, se le puede a\u00f1adir cualquier tipo de aislamiento, por ejemplo: celulosa, <a href=\"https:\/\/ecogreenhome.es\/que-es-la-lana-de-roca\/\" target=\"_blank\" rel=\"noopener\">lana de roca<\/a>, fibra de vidrio, entre otras.        <\/div>\n    <\/div>\n    \n<div class=\"vc_empty_space\"   style=\"height: 30px\"><span class=\"vc_empty_space_inner\"><\/span><\/div><\/div><\/div><\/div><div class=\"wpb_column vc_column_container vc_col-sm-12 vc_col-md-4\"><div class=\"vc_column-inner\"><div class=\"wpb_wrapper\">\n\t\t<div class=\"feature-box-small-icon text-light\">\n        <span class=\"icon\">\n        \t<i class=\"icon_box-checked id-color\"><\/i>\n        <\/span>\n        <div class=\"text\">\n            <h3>Posee Resistencia a la Humedad y el fuego<\/h3>\n            Esta caracter\u00edstica lo hace perfecto para trabajos de sectorizaci\u00f3n de incendios, el pladur es un tipo de material durable con el paso del tiempo, tambi\u00e9n es muy recomendable y utilizado en espacios h\u00famedos como ba\u00f1os.        <\/div>\n    <\/div>\n    \n<div class=\"vc_empty_space\"   style=\"height: 30px\"><span class=\"vc_empty_space_inner\"><\/span><\/div><\/div><\/div><\/div><\/div><\/div><div class=\"clearfix\"><\/div><\/section><section class=\"vc_rows wpb_row vc_row-fluid vc_custom_1642457066192 vc_row-o-equal-height vc_row-o-content-middle vc_row-flex\"><div class=\"row\"><div class=\"wpb_column vc_column_container vc_col-sm-12 vc_col-md-6 vc_col-has-fill\"><div class=\"vc_column-inner vc_custom_1642457611943\"><div class=\"wpb_wrapper\"><\/div><\/div><\/div><div class=\"padd70 wpb_column vc_column_container vc_col-sm-12 vc_col-md-6\"><div class=\"vc_column-inner\"><div class=\"wpb_wrapper\">\n\t<div class=\"wpb_text_column wpb_content_element  vc_custom_1642457778041\" >\n\t\t<div class=\"wpb_wrapper\">\n\t\t\t<h2>Verdaderos Profesionales en la instalaci\u00f3n de Falsos Techos de Pladur en Matar\u00f3 <span class=\"tiny-border\">x<\/span><\/h2>\n<p class=\"intro\">Contamos con a\u00f1os de experiencia en el \u00e1rea, tenemos a disposici\u00f3n las herramientas y el personal, solicita presupuestos, nuestros expertos se encargar\u00e1n de atenderte con gusto, darte la asesor\u00eda adecuada para as\u00ed tomar la mejor decisi\u00f3n, cumplir todos tus requerimientos es nuestra mayor prioridad. <a href=\"http:\/\/mataroreformas.com\/ca\/contacto\/\">Contacto<\/a>.<\/p>\n\n\t\t<\/div>\n\t<\/div>\n<div class=\"vc_btn3-container vc_btn3-inline vc_custom_1669226766484\" ><a class=\"vc_general vc_btn3 vc_btn3-size-md vc_btn3-shape-rounded vc_btn3-style-modern vc_btn3-color-grey\" href=\"https:\/\/mataroreformas.com\/ca\/contacto\/\" title=\"\">Solicita tu Presupuesto<\/a><\/div><\/div><\/div><\/div><div class=\"wpb_column vc_column_container vc_col-sm-12 vc_col-has-fill\"><div class=\"vc_column-inner vc_custom_1642471651951\"><div class=\"wpb_wrapper\">\n\t<div class=\"wpb_text_column wpb_content_element\" >\n\t\t<div class=\"wpb_wrapper\">\n\t\t\t<p class=\"seccion-enlace-principal\" style=\"text-align: center;\"><strong>Contamos con diferentes tipos de Instalaci\u00f3n de <a href=\"http:\/\/mataroreformas.com\/ca\/falsos-techos-en-mataro\/\">Falsos Techos en Matar\u00f3<\/a>, descubre mucho m\u00e1s\u2026<\/strong><\/p>\n\n\t\t<\/div>\n\t<\/div>\n<\/div><\/div><\/div><\/div><div class=\"clearfix\"><\/div><\/section><section class=\"vc_rows wpb_row vc_row-fluid\"><div class=\"container\"><div class=\"row\"><div class=\"wpb_column vc_column_container vc_col-sm-3\"><div class=\"vc_column-inner\"><div class=\"wpb_wrapper\">\n\t<div class=\"wpb_text_column wpb_content_element\" >\n\t\t<div class=\"wpb_wrapper\">\n\t\t\t<h3 style=\"text-align: center;\"><strong><a href=\"https:\/\/mataroreformas.com\/ca\/falsos-techos-madera-barcelona\/\" target=\"_blank\" rel=\"noopener\">Falsos Techos Madera<\/a><\/strong><\/h3>\n\n\t\t<\/div>\n\t<\/div>\n<\/div><\/div><\/div><div class=\"wpb_column vc_column_container vc_col-sm-3\"><div class=\"vc_column-inner\"><div class=\"wpb_wrapper\">\n\t<div class=\"wpb_text_column wpb_content_element\" >\n\t\t<div class=\"wpb_wrapper\">\n\t\t\t<h3 style=\"text-align: center;\"><strong><a href=\"https:\/\/mataroreformas.com\/ca\/falsos-techos-metalicos-en-mataro\/\" target=\"_blank\" rel=\"noopener\">Falsos Techos Met\u00e1licos<\/a><\/strong><\/h3>\n\n\t\t<\/div>\n\t<\/div>\n<\/div><\/div><\/div><div class=\"wpb_column vc_column_container vc_col-sm-3\"><div class=\"vc_column-inner\"><div class=\"wpb_wrapper\">\n\t<div class=\"wpb_text_column wpb_content_element\" >\n\t\t<div class=\"wpb_wrapper\">\n\t\t\t<h3 style=\"text-align: center;\"><a href=\"https:\/\/mataroreformas.com\/ca\/falsos-techos-de-escayola-en-mataro\/\" target=\"_blank\" rel=\"noopener\"><strong>Falsos Techos de Escayola<\/strong><\/a><\/h3>\n\n\t\t<\/div>\n\t<\/div>\n<\/div><\/div><\/div><div class=\"wpb_column vc_column_container vc_col-sm-3\"><div class=\"vc_column-inner\"><div class=\"wpb_wrapper\">\n\t<div class=\"wpb_text_column wpb_content_element\" >\n\t\t<div class=\"wpb_wrapper\">\n\t\t\t<h3 style=\"text-align: center;\"><strong><a href=\"https:\/\/mataroreformas.com\/ca\/falsos-techos-de-pladur-en-mataro\/\" target=\"_blank\" rel=\"noopener\">Falsos Techos de Pladur<\/a><\/strong><\/h3>\n\n\t\t<\/div>\n\t<\/div>\n<\/div><\/div><\/div><\/div><\/div><div class=\"clearfix\"><\/div><\/section>","protected":false},"excerpt":{"rendered":"Ofrecemos servicio de instalaci\u00f3n de Falsos Techos de pladur en Matar\u00f3 x De f\u00e1cil instalaci\u00f3n para nuestros expertos, adem\u00e1s de ser uno de los tipos de falsos techos m\u00e1s utilizados hoy en d\u00eda en toda Barcelona; es tambi\u00e9n conocido como falso techo de cart\u00f3n yeso. Los Falsos Techos de Pladur en Matar\u00f3 son est\u00e9ticamente muy [...]","protected":false},"author":1,"featured_media":0,"parent":0,"menu_order":0,"comment_status":"closed","ping_status":"closed","template":"page-templates\/template-fullwidth.php","meta":{"_uag_custom_page_level_css":"","footnotes":""},"class_list":["post-1327","page","type-page","status-publish","hentry"],"yoast_head":"<!-- This site is optimized with the Yoast SEO plugin v27.4 - https:\/\/yoast.com\/product\/yoast-seo-wordpress\/ -->\n<title>Falsos Techos de Pladur en Matar\u00f3 y Maresme - Expertos<\/title>\n<meta name=\"description\" content=\"Falsos techos de pladur en Matar\u00f3 y Maresme. Sustituci\u00f3n de mamparas de todo tipo: Panel fijo, corredizas, plegables y abatibles\" \/>\n<meta name=\"robots\" content=\"index, follow, max-snippet:-1, max-image-preview:large, max-video-preview:-1\" \/>\n<link rel=\"canonical\" href=\"https:\/\/mataroreformas.com\/ca\/falsos-techos-de-pladur-en-mataro\/\" \/>\n<meta property=\"og:locale\" content=\"ca_ES\" \/>\n<meta property=\"og:type\" content=\"article\" \/>\n<meta property=\"og:title\" content=\"Falsos Techos de Pladur en Matar\u00f3 y Maresme - Expertos\" \/>\n<meta property=\"og:description\" content=\"Falsos techos de pladur en Matar\u00f3 y Maresme. Sustituci\u00f3n de mamparas de todo tipo: Panel fijo, corredizas, plegables y abatibles\" \/>\n<meta property=\"og:url\" content=\"https:\/\/mataroreformas.com\/ca\/falsos-techos-de-pladur-en-mataro\/\" \/>\n<meta property=\"og:site_name\" content=\"Matar\u00f3 Reformas\" \/>\n<meta property=\"article:modified_time\" content=\"2025-08-14T22:46:42+00:00\" \/>\n<meta name=\"twitter:card\" content=\"summary_large_image\" \/>\n<meta name=\"twitter:label1\" content=\"Temps estimat de lectura\" \/>\n\t<meta name=\"twitter:data1\" content=\"3 minuts\" \/>\n<script type=\"application\/ld+json\" class=\"yoast-schema-graph\">{\"@context\":\"https:\\\/\\\/schema.org\",\"@graph\":[{\"@type\":\"WebPage\",\"@id\":\"https:\\\/\\\/mataroreformas.com\\\/falsos-techos-de-pladur-en-mataro\",\"url\":\"https:\\\/\\\/mataroreformas.com\\\/falsos-techos-de-pladur-en-mataro\",\"name\":\"Falsos Techos de Pladur en Matar\u00f3 y Maresme - Expertos\",\"isPartOf\":{\"@id\":\"https:\\\/\\\/mataroreformas.com\\\/#website\"},\"datePublished\":\"2022-01-17T22:18:08+00:00\",\"dateModified\":\"2025-08-14T22:46:42+00:00\",\"description\":\"Falsos techos de pladur en Matar\u00f3 y Maresme. Sustituci\u00f3n de mamparas de todo tipo: Panel fijo, corredizas, plegables y abatibles\",\"breadcrumb\":{\"@id\":\"https:\\\/\\\/mataroreformas.com\\\/falsos-techos-de-pladur-en-mataro#breadcrumb\"},\"inLanguage\":\"ca\",\"potentialAction\":[{\"@type\":\"ReadAction\",\"target\":[\"https:\\\/\\\/mataroreformas.com\\\/falsos-techos-de-pladur-en-mataro\"]}]},{\"@type\":\"BreadcrumbList\",\"@id\":\"https:\\\/\\\/mataroreformas.com\\\/falsos-techos-de-pladur-en-mataro#breadcrumb\",\"itemListElement\":[{\"@type\":\"ListItem\",\"position\":1,\"name\":\"Portada\",\"item\":\"https:\\\/\\\/mataroreformas.com\\\/\"},{\"@type\":\"ListItem\",\"position\":2,\"name\":\"Falsos Techos de Pladur en Matar\u00f3\"}]},{\"@type\":\"WebSite\",\"@id\":\"https:\\\/\\\/mataroreformas.com\\\/#website\",\"url\":\"https:\\\/\\\/mataroreformas.com\\\/\",\"name\":\"Matar\u00f3 Reformas\",\"description\":\"Reformas de todo tipo a su alcance\",\"potentialAction\":[{\"@type\":\"SearchAction\",\"target\":{\"@type\":\"EntryPoint\",\"urlTemplate\":\"https:\\\/\\\/mataroreformas.com\\\/?s={search_term_string}\"},\"query-input\":{\"@type\":\"PropertyValueSpecification\",\"valueRequired\":true,\"valueName\":\"search_term_string\"}}],\"inLanguage\":\"ca\"}]}<\/script>\n<!-- \/ Yoast SEO plugin. -->","yoast_head_json":{"title":"Falsos Techos de Pladur en Matar\u00f3 y Maresme - Expertos","description":"Falsos techos de pladur en Matar\u00f3 y Maresme. Sustituci\u00f3n de mamparas de todo tipo: Panel fijo, corredizas, plegables y abatibles","robots":{"index":"index","follow":"follow","max-snippet":"max-snippet:-1","max-image-preview":"max-image-preview:large","max-video-preview":"max-video-preview:-1"},"canonical":"https:\/\/mataroreformas.com\/ca\/falsos-techos-de-pladur-en-mataro\/","og_locale":"ca_ES","og_type":"article","og_title":"Falsos Techos de Pladur en Matar\u00f3 y Maresme - Expertos","og_description":"Falsos techos de pladur en Matar\u00f3 y Maresme. Sustituci\u00f3n de mamparas de todo tipo: Panel fijo, corredizas, plegables y abatibles","og_url":"https:\/\/mataroreformas.com\/ca\/falsos-techos-de-pladur-en-mataro\/","og_site_name":"Matar\u00f3 Reformas","article_modified_time":"2025-08-14T22:46:42+00:00","twitter_card":"summary_large_image","twitter_misc":{"Temps estimat de lectura":"3 minuts"},"schema":{"@context":"https:\/\/schema.org","@graph":[{"@type":"WebPage","@id":"https:\/\/mataroreformas.com\/falsos-techos-de-pladur-en-mataro","url":"https:\/\/mataroreformas.com\/falsos-techos-de-pladur-en-mataro","name":"Falsos Techos de Pladur en Matar\u00f3 y Maresme - Expertos","isPartOf":{"@id":"https:\/\/mataroreformas.com\/#website"},"datePublished":"2022-01-17T22:18:08+00:00","dateModified":"2025-08-14T22:46:42+00:00","description":"Falsos techos de pladur en Matar\u00f3 y Maresme. Sustituci\u00f3n de mamparas de todo tipo: Panel fijo, corredizas, plegables y abatibles","breadcrumb":{"@id":"https:\/\/mataroreformas.com\/falsos-techos-de-pladur-en-mataro#breadcrumb"},"inLanguage":"ca","potentialAction":[{"@type":"ReadAction","target":["https:\/\/mataroreformas.com\/falsos-techos-de-pladur-en-mataro"]}]},{"@type":"BreadcrumbList","@id":"https:\/\/mataroreformas.com\/falsos-techos-de-pladur-en-mataro#breadcrumb","itemListElement":[{"@type":"ListItem","position":1,"name":"Portada","item":"https:\/\/mataroreformas.com\/"},{"@type":"ListItem","position":2,"name":"Falsos Techos de Pladur en Matar\u00f3"}]},{"@type":"WebSite","@id":"https:\/\/mataroreformas.com\/#website","url":"https:\/\/mataroreformas.com\/","name":"Matar\u00f3 Reformas","description":"Reformas de todo tipo a su alcance","potentialAction":[{"@type":"SearchAction","target":{"@type":"EntryPoint","urlTemplate":"https:\/\/mataroreformas.com\/?s={search_term_string}"},"query-input":{"@type":"PropertyValueSpecification","valueRequired":true,"valueName":"search_term_string"}}],"inLanguage":"ca"}]}},"uagb_featured_image_src":{"full":false,"thumbnail":false,"medium":false,"medium_large":false,"large":false,"1536x1536":false,"2048x2048":false,"trp-custom-language-flag":false},"uagb_author_info":{"display_name":"reformamataro","author_link":"https:\/\/mataroreformas.com\/ca\/author\/reformamataro"},"uagb_comment_info":0,"uagb_excerpt":null,"_links":{"self":[{"href":"https:\/\/mataroreformas.com\/ca\/wp-json\/wp\/v2\/pages\/1327","targetHints":{"allow":["GET"]}}],"collection":[{"href":"https:\/\/mataroreformas.com\/ca\/wp-json\/wp\/v2\/pages"}],"about":[{"href":"https:\/\/mataroreformas.com\/ca\/wp-json\/wp\/v2\/types\/page"}],"author":[{"embeddable":true,"href":"https:\/\/mataroreformas.com\/ca\/wp-json\/wp\/v2\/users\/1"}],"replies":[{"embeddable":true,"href":"https:\/\/mataroreformas.com\/ca\/wp-json\/wp\/v2\/comments?post=1327"}],"version-history":[{"count":10,"href":"https:\/\/mataroreformas.com\/ca\/wp-json\/wp\/v2\/pages\/1327\/revisions"}],"predecessor-version":[{"id":2164,"href":"https:\/\/mataroreformas.com\/ca\/wp-json\/wp\/v2\/pages\/1327\/revisions\/2164"}],"wp:attachment":[{"href":"https:\/\/mataroreformas.com\/ca\/wp-json\/wp\/v2\/media?parent=1327"}],"curies":[{"name":"wp","href":"https:\/\/api.w.org\/{rel}","templated":true}]}}