{"id":1302,"date":"2022-01-15T01:33:42","date_gmt":"2022-01-15T01:33:42","guid":{"rendered":"http:\/\/mataroreformas.com\/?page_id=1302"},"modified":"2022-11-23T17:59:48","modified_gmt":"2022-11-23T17:59:48","slug":"banos-de-microcemento-en-mataro","status":"publish","type":"page","link":"https:\/\/mataroreformas.com\/ca\/banos-de-microcemento-en-mataro","title":{"rendered":"Ba\u00f1os de Microcemento en Matar\u00f3"},"content":{"rendered":"<section class=\"vc_rows wpb_row vc_row-fluid vc_custom_1481614324254 vc_row-o-equal-height vc_row-o-content-middle vc_row-flex\"><div class=\"row\"><div class=\"padd70 wpb_column vc_column_container vc_col-sm-12 vc_col-md-6\"><div class=\"vc_column-inner\"><div class=\"wpb_wrapper\">\n\t<div class=\"wpb_text_column wpb_content_element  vc_custom_1642209373598\" >\n\t\t<div class=\"wpb_wrapper\">\n\t\t\t<h2>Ba\u00f1os de Microcemento en Matar\u00f3: Servicio de Instalaci\u00f3n <span class=\"tiny-border\">x<\/span><\/h2>\n<p class=\"intro\">Hoy en d\u00eda el microcemento es un material que se est\u00e1 utilizando mucho para los espacios del ba\u00f1o, tanto para el suelo, paredes, e incluso los techos, y es que el microcemento es un material m\u00e1s que vers\u00e1til, duradero y resistente a la humedad. Nuestros expertos lo recomiendan a cada uno de nuestros clientes que buscan realizar una reforma a su ba\u00f1o, es cierto que el costo de su instalaci\u00f3n es elevado, pero los beneficios que aportan este gran material lo compensa. Estamos a la espera de tu llamada para realizar el servicio de \u00abBa\u00f1os de Microcemento en Matar\u00f3\u00bb, cont\u00e1ctenos.<\/p>\n\n\t\t<\/div>\n\t<\/div>\n<div class=\"vc_btn3-container vc_btn3-inline vc_custom_1669226366122\" ><a class=\"vc_general vc_btn3 vc_btn3-size-md vc_btn3-shape-rounded vc_btn3-style-modern vc_btn3-color-grey\" href=\"https:\/\/mataroreformas.com\/ca\/contacto\/\" title=\"\">Solicita tu Presupuesto<\/a><\/div><\/div><\/div><\/div><div class=\"wpb_column vc_column_container vc_col-sm-12 vc_col-md-6 vc_col-has-fill\"><div class=\"vc_column-inner vc_custom_1642210281656\"><div class=\"wpb_wrapper\"><\/div><\/div><\/div><\/div><div class=\"clearfix\"><\/div><\/section><section class=\"vc_rows wpb_row vc_row-fluid vc_custom_1669225767599\"><div class=\"row\"><div class=\"wpb_column vc_column_container vc_col-sm-12 vc_col-has-fill\"><div class=\"vc_column-inner vc_custom_1669225797733\"><div class=\"wpb_wrapper\">\n\t<div class=\"row call-to-action\">\n\t\t<div class=\"col-md-8\">\n\t        <h3 class=\"mt10\">Solicita tu presupuesto en nuestra p\u00e1gina de contacto para tu pr\u00f3ximo Ba\u00f1o de Microcemento en Matar\u00f3 y Maresme<\/h3>\n\t    <\/div>\n\t    <div class=\"col-md-4 text-right\">\n\t    \t<a class=\"btn btn-line-black btn-fx\" href=\"https:\/\/mataroreformas.com\/ca\/contacto\/\" target=\"_self\">Contacto<\/a>\t    <\/div>\n    <\/div>\n\n<\/div><\/div><\/div><\/div><div class=\"clearfix\"><\/div><\/section><section class=\"vc_rows wpb_row vc_row-fluid vc_custom_1481614324254 vc_row-o-equal-height vc_row-o-content-middle vc_row-flex\"><div class=\"row\"><div class=\"wpb_column vc_column_container vc_col-sm-12 vc_col-md-6 vc_col-has-fill\"><div class=\"vc_column-inner vc_custom_1642087991210\"><div class=\"wpb_wrapper\">\n\t<div  class=\"wpb_single_image wpb_content_element vc_align_left  vc_custom_1642210296920\">\n\t\t\n\t\t<figure class=\"wpb_wrapper vc_figure\">\n\t\t\t<div class=\"vc_single_image-wrapper   vc_box_border_grey\"><img loading=\"lazy\" decoding=\"async\" width=\"600\" height=\"400\" src=\"https:\/\/mataroreformas.com\/wp-content\/uploads\/2022\/01\/banos-de-microcemento-02.jpg\" class=\"vc_single_image-img attachment-full\" alt=\"\" title=\"ba\u00f1os-de-microcemento-02\" srcset=\"https:\/\/mataroreformas.com\/wp-content\/uploads\/2022\/01\/banos-de-microcemento-02.jpg 600w, https:\/\/mataroreformas.com\/wp-content\/uploads\/2022\/01\/banos-de-microcemento-02-300x200.jpg 300w\" sizes=\"auto, (max-width: 600px) 100vw, 600px\" \/><\/div>\n\t\t<\/figure>\n\t<\/div>\n<\/div><\/div><\/div><div class=\"padd70 wpb_column vc_column_container vc_col-sm-12 vc_col-md-6\"><div class=\"vc_column-inner\"><div class=\"wpb_wrapper\">\n\t<div class=\"wpb_text_column wpb_content_element  vc_custom_1642209423277\" >\n\t\t<div class=\"wpb_wrapper\">\n\t\t\t<h2>Ba\u00f1os de Microcemento en Matar\u00f3: \u00bfQu\u00e9 es el microcemento?, Ventajas de usar Microcemento. <span class=\"tiny-border\">x<\/span><\/h2>\n<p class=\"intro\">El microcemento es un material de extraordinaria adherencia, con \u00e9l se consiguen superficies sin juntas, este material cuenta con acabado, textura y versatilidad en todos los trabajos aplicados por nuestro equipo de instaladores. Es una mezcla de cementos de altas prestaciones, pol\u00edmeros, fibras y \u00e1ridos seleccionados. En cada trabajo es aplicado en capas de 2 y 3 mm de espesor dando as\u00ed estabilidad y durabilidad. Es perfecto para realizar reformas, ya que se puede utilizar sobre el revestimiento ya existente, lo que representa un ahorro significativo en costos y trabajos de desescombrado.<\/p>\n\n\t\t<\/div>\n\t<\/div>\n<div class=\"vc_btn3-container vc_btn3-inline vc_custom_1669226366122\" ><a class=\"vc_general vc_btn3 vc_btn3-size-md vc_btn3-shape-rounded vc_btn3-style-modern vc_btn3-color-grey\" href=\"https:\/\/mataroreformas.com\/ca\/contacto\/\" title=\"\">Solicita tu Presupuesto<\/a><\/div><\/div><\/div><\/div><div class=\"wpb_column vc_column_container vc_col-sm-12 vc_col-has-fill\"><div class=\"vc_column-inner vc_custom_1642083518791\"><div class=\"wpb_wrapper\">\n\t<div class=\"wpb_text_column wpb_content_element\" >\n\t\t<div class=\"wpb_wrapper\">\n\t\t\t<p class=\"seccion-enlace-principal\" style=\"text-align: center;\"><strong>Contamos con diferentes tipos de <a href=\"http:\/\/mataroreformas.com\/ca\/reforma-banos-mataro\/\">Reforma Ba\u00f1os Matar\u00f3<\/a>, descubre mucho m\u00e1s&#8230;<\/strong><\/p>\n\n\t\t<\/div>\n\t<\/div>\n<\/div><\/div><\/div><\/div><div class=\"clearfix\"><\/div><\/section><section data-stellar-background-ratio=\".2\" class=\"vc_rows wpb_row vc_row-fluid vc_custom_1642210356787 vc_row-has-fill parallax\"><div class=\"container\"><div class=\"row\"><div class=\"wpb_column vc_column_container vc_col-sm-12\"><div class=\"vc_column-inner\"><div class=\"wpb_wrapper\">\n\t<div class=\"wpb_text_column wpb_content_element  vc_custom_1642209459107\" >\n\t\t<div class=\"wpb_wrapper\">\n\t\t\t<h2><span style=\"color: #ffffff;\">Uso del Microcemento en su ba\u00f1o <span class=\"tiny-border\">x<\/span><\/span><\/h2>\n\n\t\t<\/div>\n\t<\/div>\n<div class=\"vc_empty_space\"   style=\"height: 30px\"><span class=\"vc_empty_space_inner\"><\/span><\/div>\n\t<div class=\"wpb_text_column wpb_content_element  vc_custom_1642209476990\" >\n\t\t<div class=\"wpb_wrapper\">\n\t\t\t<p><span style=\"color: #ffffff;\">Este tipo de material es utilizado en suelos y paredes del ba\u00f1o, gracias a la versatilidad del mismo y a su calidad es posible utilizarlo en otros elementos o accesorios del cuarto de ba\u00f1o como lo son: El lavabo y las encimeras; tambi\u00e9n es com\u00fan verlo en la ba\u00f1era o ducha. Otra forma de usarlo es en estanter\u00edas, ya que el microcemento existe en diferente colores es posible realizar combinaciones.<\/span><\/p>\n\n\t\t<\/div>\n\t<\/div>\n<div class=\"vc_empty_space\"   style=\"height: 30px\"><span class=\"vc_empty_space_inner\"><\/span><\/div><\/div><\/div><\/div><\/div><\/div><div class=\"clearfix\"><\/div><\/section><section class=\"vc_rows wpb_row vc_row-fluid vc_custom_1481614324254 vc_row-o-equal-height vc_row-o-content-middle vc_row-flex\"><div class=\"row\"><div class=\"padd70 wpb_column vc_column_container vc_col-sm-12 vc_col-md-6\"><div class=\"vc_column-inner\"><div class=\"wpb_wrapper\">\n\t<div class=\"wpb_text_column wpb_content_element  vc_custom_1642209557412\" >\n\t\t<div class=\"wpb_wrapper\">\n\t\t\t<h2>Precio del Microcemento en su ba\u00f1o <span class=\"tiny-border\">x<\/span><\/h2>\n<p class=\"intro\">Esto var\u00eda o depende mucho de la cantidad de material que se usara en la obra, cada reforma de ba\u00f1o es diferente y cada cliente solicita distintos requerimientos; generalmente el precio se calcula por metro cuadrado (m2), los precios pueden variar entre 50\u202f\u20ac y hasta 120\u202f\u20ac. Este tipo de trabajos no necesita de maquinarias, pero contamos con el personal apropiado para realizar el trabajo.<\/p>\n\n\t\t<\/div>\n\t<\/div>\n<div class=\"vc_btn3-container vc_btn3-inline vc_custom_1669226366122\" ><a class=\"vc_general vc_btn3 vc_btn3-size-md vc_btn3-shape-rounded vc_btn3-style-modern vc_btn3-color-grey\" href=\"https:\/\/mataroreformas.com\/ca\/contacto\/\" title=\"\">Solicita tu Presupuesto<\/a><\/div><\/div><\/div><\/div><div class=\"wpb_column vc_column_container vc_col-sm-12 vc_col-md-6 vc_col-has-fill\"><div class=\"vc_column-inner vc_custom_1642210373369\"><div class=\"wpb_wrapper\"><\/div><\/div><\/div><div class=\"wpb_column vc_column_container vc_col-sm-12 vc_col-has-fill\"><div class=\"vc_column-inner vc_custom_1642083495696\"><div class=\"wpb_wrapper\">\n\t<div class=\"wpb_text_column wpb_content_element\" >\n\t\t<div class=\"wpb_wrapper\">\n\t\t\t<p class=\"seccion-enlace-principal\" style=\"text-align: center;\"><strong>Consulta todos los servicios que tenemos en <a href=\"http:\/\/mataroreformas.com\/ca\/\">Reformas Matar\u00f3<\/a> para ti<\/strong><\/p>\n\n\t\t<\/div>\n\t<\/div>\n<\/div><\/div><\/div><\/div><div class=\"clearfix\"><\/div><\/section><section class=\"vc_rows wpb_row vc_row-fluid vc_custom_1641938180790 vc_row-has-fill vc_row-o-equal-height vc_row-o-content-middle vc_row-flex\"><div class=\"row\"><div class=\"wpb_column vc_column_container vc_col-sm-12 vc_col-md-6 vc_col-has-fill\"><div class=\"vc_column-inner vc_custom_1642210394530\"><div class=\"wpb_wrapper\"><\/div><\/div><\/div><div class=\"padd70 wpb_column vc_column_container vc_col-sm-12 vc_col-md-6\"><div class=\"vc_column-inner\"><div class=\"wpb_wrapper\">\n\t<div class=\"wpb_text_column wpb_content_element  vc_custom_1642209597605\" >\n\t\t<div class=\"wpb_wrapper\">\n\t\t\t<h2><span style=\"color: #ffffff;\">Ba\u00f1os de Microcemento en Matar\u00f3: Mantenimiento <span class=\"tiny-border\">x<\/span><\/span><\/h2>\n<p class=\"intro\"><span style=\"color: #ffffff;\">Muchos de nuestros clientes nos preguntan: \u00bfNecesita de mucho mantenimiento o limpieza? \u00bfC\u00f3mo es el mantenimiento del microcemento en el ba\u00f1o? A esto siempre le tenemos respuesta y es que no requiere de gran mantenimiento, basta con mantener limpia el \u00e1rea y realizar limpieza habitual, esto gracias a que se puede tener acabados perfectos. La limpieza se puede ejecutar con cualquier detergente diluido en agua. Tambi\u00e9n se puede aplicar cera una vez por semana.<\/span><\/p>\n\n\t\t<\/div>\n\t<\/div>\n<div class=\"vc_btn3-container vc_btn3-inline vc_custom_1669226366122\" ><a class=\"vc_general vc_btn3 vc_btn3-size-md vc_btn3-shape-rounded vc_btn3-style-modern vc_btn3-color-grey\" href=\"https:\/\/mataroreformas.com\/ca\/contacto\/\" title=\"\">Solicita tu Presupuesto<\/a><\/div><\/div><\/div><\/div><\/div><div class=\"clearfix\"><\/div><\/section>","protected":false},"excerpt":{"rendered":"Ba\u00f1os de Microcemento en Matar\u00f3: Servicio de Instalaci\u00f3n x Hoy en d\u00eda el microcemento es un material que se est\u00e1 utilizando mucho para los espacios del ba\u00f1o, tanto para el suelo, paredes, e incluso los techos, y es que el microcemento es un material m\u00e1s que vers\u00e1til, duradero y resistente a la humedad. Nuestros expertos [...]","protected":false},"author":1,"featured_media":0,"parent":0,"menu_order":0,"comment_status":"closed","ping_status":"closed","template":"page-templates\/template-fullwidth.php","meta":{"_uag_custom_page_level_css":"","footnotes":""},"class_list":["post-1302","page","type-page","status-publish","hentry"],"yoast_head":"<!-- This site is optimized with the Yoast SEO plugin v27.4 - https:\/\/yoast.com\/product\/yoast-seo-wordpress\/ -->\n<title>Ba\u00f1os de Microcemento en Matar\u00f3 - Instalaci\u00f3n en Maresme<\/title>\n<meta name=\"description\" content=\"Ba\u00f1os de microcemento en Matar\u00f3 y Maresme. Instalaci\u00f3n de Microcemento, R\u00e1pido y f\u00e1cil mantenimiento, limpio y seguro.\" \/>\n<meta name=\"robots\" content=\"index, follow, max-snippet:-1, max-image-preview:large, max-video-preview:-1\" \/>\n<link rel=\"canonical\" href=\"https:\/\/mataroreformas.com\/ca\/banos-de-microcemento-en-mataro\/\" \/>\n<meta property=\"og:locale\" content=\"ca_ES\" \/>\n<meta property=\"og:type\" content=\"article\" \/>\n<meta property=\"og:title\" content=\"Ba\u00f1os de Microcemento en Matar\u00f3 - Instalaci\u00f3n en Maresme\" \/>\n<meta property=\"og:description\" content=\"Ba\u00f1os de microcemento en Matar\u00f3 y Maresme. Instalaci\u00f3n de Microcemento, R\u00e1pido y f\u00e1cil mantenimiento, limpio y seguro.\" \/>\n<meta property=\"og:url\" content=\"https:\/\/mataroreformas.com\/ca\/banos-de-microcemento-en-mataro\/\" \/>\n<meta property=\"og:site_name\" content=\"Matar\u00f3 Reformas\" \/>\n<meta property=\"article:modified_time\" content=\"2022-11-23T17:59:48+00:00\" \/>\n<meta name=\"twitter:card\" content=\"summary_large_image\" \/>\n<meta name=\"twitter:label1\" content=\"Temps estimat de lectura\" \/>\n\t<meta name=\"twitter:data1\" content=\"3 minuts\" \/>\n<script type=\"application\/ld+json\" class=\"yoast-schema-graph\">{\"@context\":\"https:\\\/\\\/schema.org\",\"@graph\":[{\"@type\":\"WebPage\",\"@id\":\"https:\\\/\\\/mataroreformas.com\\\/banos-de-microcemento-en-mataro\",\"url\":\"https:\\\/\\\/mataroreformas.com\\\/banos-de-microcemento-en-mataro\",\"name\":\"Ba\u00f1os de Microcemento en Matar\u00f3 - Instalaci\u00f3n en Maresme\",\"isPartOf\":{\"@id\":\"https:\\\/\\\/mataroreformas.com\\\/#website\"},\"datePublished\":\"2022-01-15T01:33:42+00:00\",\"dateModified\":\"2022-11-23T17:59:48+00:00\",\"description\":\"Ba\u00f1os de microcemento en Matar\u00f3 y Maresme. Instalaci\u00f3n de Microcemento, R\u00e1pido y f\u00e1cil mantenimiento, limpio y seguro.\",\"breadcrumb\":{\"@id\":\"https:\\\/\\\/mataroreformas.com\\\/banos-de-microcemento-en-mataro#breadcrumb\"},\"inLanguage\":\"ca\",\"potentialAction\":[{\"@type\":\"ReadAction\",\"target\":[\"https:\\\/\\\/mataroreformas.com\\\/banos-de-microcemento-en-mataro\"]}]},{\"@type\":\"BreadcrumbList\",\"@id\":\"https:\\\/\\\/mataroreformas.com\\\/banos-de-microcemento-en-mataro#breadcrumb\",\"itemListElement\":[{\"@type\":\"ListItem\",\"position\":1,\"name\":\"Portada\",\"item\":\"https:\\\/\\\/mataroreformas.com\\\/\"},{\"@type\":\"ListItem\",\"position\":2,\"name\":\"Ba\u00f1os de Microcemento en Matar\u00f3\"}]},{\"@type\":\"WebSite\",\"@id\":\"https:\\\/\\\/mataroreformas.com\\\/#website\",\"url\":\"https:\\\/\\\/mataroreformas.com\\\/\",\"name\":\"Matar\u00f3 Reformas\",\"description\":\"Reformas de todo tipo a su alcance\",\"potentialAction\":[{\"@type\":\"SearchAction\",\"target\":{\"@type\":\"EntryPoint\",\"urlTemplate\":\"https:\\\/\\\/mataroreformas.com\\\/?s={search_term_string}\"},\"query-input\":{\"@type\":\"PropertyValueSpecification\",\"valueRequired\":true,\"valueName\":\"search_term_string\"}}],\"inLanguage\":\"ca\"}]}<\/script>\n<!-- \/ Yoast SEO plugin. -->","yoast_head_json":{"title":"Ba\u00f1os de Microcemento en Matar\u00f3 - Instalaci\u00f3n en Maresme","description":"Ba\u00f1os de microcemento en Matar\u00f3 y Maresme. Instalaci\u00f3n de Microcemento, R\u00e1pido y f\u00e1cil mantenimiento, limpio y seguro.","robots":{"index":"index","follow":"follow","max-snippet":"max-snippet:-1","max-image-preview":"max-image-preview:large","max-video-preview":"max-video-preview:-1"},"canonical":"https:\/\/mataroreformas.com\/ca\/banos-de-microcemento-en-mataro\/","og_locale":"ca_ES","og_type":"article","og_title":"Ba\u00f1os de Microcemento en Matar\u00f3 - Instalaci\u00f3n en Maresme","og_description":"Ba\u00f1os de microcemento en Matar\u00f3 y Maresme. Instalaci\u00f3n de Microcemento, R\u00e1pido y f\u00e1cil mantenimiento, limpio y seguro.","og_url":"https:\/\/mataroreformas.com\/ca\/banos-de-microcemento-en-mataro\/","og_site_name":"Matar\u00f3 Reformas","article_modified_time":"2022-11-23T17:59:48+00:00","twitter_card":"summary_large_image","twitter_misc":{"Temps estimat de lectura":"3 minuts"},"schema":{"@context":"https:\/\/schema.org","@graph":[{"@type":"WebPage","@id":"https:\/\/mataroreformas.com\/banos-de-microcemento-en-mataro","url":"https:\/\/mataroreformas.com\/banos-de-microcemento-en-mataro","name":"Ba\u00f1os de Microcemento en Matar\u00f3 - Instalaci\u00f3n en Maresme","isPartOf":{"@id":"https:\/\/mataroreformas.com\/#website"},"datePublished":"2022-01-15T01:33:42+00:00","dateModified":"2022-11-23T17:59:48+00:00","description":"Ba\u00f1os de microcemento en Matar\u00f3 y Maresme. Instalaci\u00f3n de Microcemento, R\u00e1pido y f\u00e1cil mantenimiento, limpio y seguro.","breadcrumb":{"@id":"https:\/\/mataroreformas.com\/banos-de-microcemento-en-mataro#breadcrumb"},"inLanguage":"ca","potentialAction":[{"@type":"ReadAction","target":["https:\/\/mataroreformas.com\/banos-de-microcemento-en-mataro"]}]},{"@type":"BreadcrumbList","@id":"https:\/\/mataroreformas.com\/banos-de-microcemento-en-mataro#breadcrumb","itemListElement":[{"@type":"ListItem","position":1,"name":"Portada","item":"https:\/\/mataroreformas.com\/"},{"@type":"ListItem","position":2,"name":"Ba\u00f1os de Microcemento en Matar\u00f3"}]},{"@type":"WebSite","@id":"https:\/\/mataroreformas.com\/#website","url":"https:\/\/mataroreformas.com\/","name":"Matar\u00f3 Reformas","description":"Reformas de todo tipo a su alcance","potentialAction":[{"@type":"SearchAction","target":{"@type":"EntryPoint","urlTemplate":"https:\/\/mataroreformas.com\/?s={search_term_string}"},"query-input":{"@type":"PropertyValueSpecification","valueRequired":true,"valueName":"search_term_string"}}],"inLanguage":"ca"}]}},"uagb_featured_image_src":{"full":false,"thumbnail":false,"medium":false,"medium_large":false,"large":false,"1536x1536":false,"2048x2048":false,"trp-custom-language-flag":false},"uagb_author_info":{"display_name":"reformamataro","author_link":"https:\/\/mataroreformas.com\/ca\/author\/reformamataro"},"uagb_comment_info":0,"uagb_excerpt":null,"_links":{"self":[{"href":"https:\/\/mataroreformas.com\/ca\/wp-json\/wp\/v2\/pages\/1302","targetHints":{"allow":["GET"]}}],"collection":[{"href":"https:\/\/mataroreformas.com\/ca\/wp-json\/wp\/v2\/pages"}],"about":[{"href":"https:\/\/mataroreformas.com\/ca\/wp-json\/wp\/v2\/types\/page"}],"author":[{"embeddable":true,"href":"https:\/\/mataroreformas.com\/ca\/wp-json\/wp\/v2\/users\/1"}],"replies":[{"embeddable":true,"href":"https:\/\/mataroreformas.com\/ca\/wp-json\/wp\/v2\/comments?post=1302"}],"version-history":[{"count":4,"href":"https:\/\/mataroreformas.com\/ca\/wp-json\/wp\/v2\/pages\/1302\/revisions"}],"predecessor-version":[{"id":1713,"href":"https:\/\/mataroreformas.com\/ca\/wp-json\/wp\/v2\/pages\/1302\/revisions\/1713"}],"wp:attachment":[{"href":"https:\/\/mataroreformas.com\/ca\/wp-json\/wp\/v2\/media?parent=1302"}],"curies":[{"name":"wp","href":"https:\/\/api.w.org\/{rel}","templated":true}]}}