{"id":1294,"date":"2022-01-15T01:10:31","date_gmt":"2022-01-15T01:10:31","guid":{"rendered":"http:\/\/mataroreformas.com\/?page_id=1294"},"modified":"2022-11-23T17:54:28","modified_gmt":"2022-11-23T17:54:28","slug":"pavimentos-de-banos-en-mataro","status":"publish","type":"page","link":"https:\/\/mataroreformas.com\/ca\/pavimentos-de-banos-en-mataro","title":{"rendered":"Pavimentos de Ba\u00f1os en Matar\u00f3"},"content":{"rendered":"<section class=\"vc_rows wpb_row vc_row-fluid vc_custom_1481614324254 vc_row-o-equal-height vc_row-o-content-middle vc_row-flex\"><div class=\"row\"><div class=\"padd70 wpb_column vc_column_container vc_col-sm-12 vc_col-md-6\"><div class=\"vc_column-inner\"><div class=\"wpb_wrapper\">\n\t<div class=\"wpb_text_column wpb_content_element  vc_custom_1642208292296\" >\n\t\t<div class=\"wpb_wrapper\">\n\t\t\t<h2>Servicio de instalaci\u00f3n de Pavimentos de Ba\u00f1os en Matar\u00f3, de todo tipo y colores <span class=\"tiny-border\">x<\/span><\/h2>\n<p class=\"intro\">En Reformas Matar\u00f3 somos pioneros en el servicio de instalaci\u00f3n de Pavimentos de Ba\u00f1os en Matar\u00f3 y <a href=\"https:\/\/www.costadebarcelonamaresme.cat\/es\" target=\"_blank\" rel=\"noopener\">Maresme<\/a>, ofrecemos a nuestros clientes una gran variedad de opciones y de diferentes colores, trabajamos con cualquier tipo de marcas que se encuentren disponibles en el mercado. Existes una gran variedad de materiales con los cuales podemos trabajar en su obra, ya sea de tipo Antideslizante, Gres Porcel\u00e1nico, o cer\u00e1mico, nosotros contamos con el conocimiento y las herramientas para entregarte un trabajo de excelente calidad, de gran estilo y acabados incre\u00edbles, no esperes m\u00e1s y cont\u00e1ctanos.<\/p>\n\n\t\t<\/div>\n\t<\/div>\n<div class=\"vc_btn3-container vc_btn3-inline\" ><a class=\"vc_general vc_btn3 vc_btn3-size-md vc_btn3-shape-rounded vc_btn3-style-modern vc_btn3-color-grey\" href=\"https:\/\/mataroreformas.com\/ca\/contacto\/\" title=\"\">Solicita tu Presupuesto<\/a><\/div><\/div><\/div><\/div><div class=\"wpb_column vc_column_container vc_col-sm-12 vc_col-md-6 vc_col-has-fill\"><div class=\"vc_column-inner vc_custom_1642095081797\"><div class=\"wpb_wrapper\">\n\t<div  class=\"wpb_single_image wpb_content_element vc_align_left\">\n\t\t\n\t\t<figure class=\"wpb_wrapper vc_figure\">\n\t\t\t<div class=\"vc_single_image-wrapper   vc_box_border_grey\"><img loading=\"lazy\" decoding=\"async\" width=\"900\" height=\"630\" src=\"https:\/\/mataroreformas.com\/wp-content\/uploads\/2022\/01\/pavimentos-para-banos-01.jpg\" class=\"vc_single_image-img attachment-full\" alt=\"\" title=\"pavimentos-para-ba\u00f1os-01\" srcset=\"https:\/\/mataroreformas.com\/wp-content\/uploads\/2022\/01\/pavimentos-para-banos-01.jpg 900w, https:\/\/mataroreformas.com\/wp-content\/uploads\/2022\/01\/pavimentos-para-banos-01-300x210.jpg 300w, https:\/\/mataroreformas.com\/wp-content\/uploads\/2022\/01\/pavimentos-para-banos-01-768x538.jpg 768w\" sizes=\"auto, (max-width: 900px) 100vw, 900px\" \/><\/div>\n\t\t<\/figure>\n\t<\/div>\n<\/div><\/div><\/div><\/div><div class=\"clearfix\"><\/div><\/section><section class=\"vc_rows wpb_row vc_row-fluid vc_custom_1669225964153\"><div class=\"row\"><div class=\"wpb_column vc_column_container vc_col-sm-12 vc_col-has-fill\"><div class=\"vc_column-inner vc_custom_1669225797733\"><div class=\"wpb_wrapper\">\n\t<div class=\"row call-to-action\">\n\t\t<div class=\"col-md-8\">\n\t        <h3 class=\"mt10\">Ponemos a su disposici\u00f3n a los mejores especialistas en colocaci\u00f3n de Pavimentos de Ba\u00f1os en Matar\u00f3 y Maresme; visita nuestra p\u00e1gina de contacto y solicita tu presupuesto<\/h3>\n\t    <\/div>\n\t    <div class=\"col-md-4 text-right\">\n\t    \t<a class=\"btn btn-line-black btn-fx\" href=\"https:\/\/mataroreformas.com\/ca\/contacto\/\" target=\"_self\">Contacto<\/a>\t    <\/div>\n    <\/div>\n\n<\/div><\/div><\/div><\/div><div class=\"clearfix\"><\/div><\/section><section data-stellar-background-ratio=\".2\" class=\"vc_rows wpb_row vc_row-fluid vc_custom_1642208951403 vc_row-has-fill parallax\"><div class=\"container\"><div class=\"row\"><div class=\"wpb_column vc_column_container vc_col-sm-12\"><div class=\"vc_column-inner\"><div class=\"wpb_wrapper\">\n\t<div class=\"wpb_text_column wpb_content_element  vc_custom_1642207786774\" >\n\t\t<div class=\"wpb_wrapper\">\n\t\t\t<h2><span style=\"color: #ffffff;\">Tipos de Pavimentos de Ba\u00f1os en Matar\u00f3 <span class=\"tiny-border\">x<\/span><\/span><\/h2>\n\n\t\t<\/div>\n\t<\/div>\n\n\t<div class=\"wpb_text_column wpb_content_element  vc_custom_1642207803308\" >\n\t\t<div class=\"wpb_wrapper\">\n\t\t\t<p><span style=\"color: #ffffff;\">En la actualidad existen diferentes tipos de pavimentos y es que son muchas las opciones, todas con caracter\u00edsticas \u00fanicas que le dan a su ba\u00f1o un estilo personalizado; entre las opciones que recomiendan nuestros expertos est\u00e1n:<\/span><\/p>\n\n\t\t<\/div>\n\t<\/div>\n<\/div><\/div><\/div><div class=\"wpb_column vc_column_container vc_col-sm-12 vc_col-md-4\"><div class=\"vc_column-inner\"><div class=\"wpb_wrapper\">\n\t\t<div class=\"feature-box-small-icon text-light\">\n        <span class=\"icon\">\n        \t<i class=\"icon_box-checked id-color\"><\/i>\n        <\/span>\n        <div class=\"text\">\n            <h3>Pavimento Baldosa Cer\u00e1mica<\/h3>\n            Una opci\u00f3n m\u00e1s que viable para usar en su ba\u00f1o, estas son resistentes a la humedad y muy duradera; adem\u00e1s de su f\u00e1cil mantenimiento. De f\u00e1cil instalaci\u00f3n y econ\u00f3micas, con gran variedad de dise\u00f1os y color para escoger.        <\/div>\n    <\/div>\n    \n<div class=\"vc_empty_space\"   style=\"height: 30px\"><span class=\"vc_empty_space_inner\"><\/span><\/div>\n\t\t<div class=\"feature-box-small-icon text-light\">\n        <span class=\"icon\">\n        \t<i class=\"icon_box-checked id-color\"><\/i>\n        <\/span>\n        <div class=\"text\">\n            <h3>Pavimento Madera\/Laminado<\/h3>\n            En la actualidad existen l\u00e1minas de madera impermeables que pueden resistir el da\u00f1o que el agua pudiera ocasionar, ofrecen un estilo campestre, de muy buen gusto, este tipo de pavimento es de r\u00e1pida instalaci\u00f3n.        <\/div>\n    <\/div>\n    \n<\/div><\/div><\/div><div class=\"wpb_column vc_column_container vc_col-sm-12 vc_col-md-4\"><div class=\"vc_column-inner\"><div class=\"wpb_wrapper\">\n\t\t<div class=\"feature-box-small-icon text-light\">\n        <span class=\"icon\">\n        \t<i class=\"icon_box-checked id-color\"><\/i>\n        <\/span>\n        <div class=\"text\">\n            <h3>Pavimento Vinilo de dise\u00f1o<\/h3>\n            Existen en distintas presentaciones l\u00e1minas, lamas o losetas de vinilo. Es una opci\u00f3n igual de rentable que las baldosas cer\u00e1micas econ\u00f3micamente hablando, de f\u00e1cil instalaci\u00f3n para nuestros expertos.        <\/div>\n    <\/div>\n    \n<div class=\"vc_empty_space\"   style=\"height: 30px\"><span class=\"vc_empty_space_inner\"><\/span><\/div><\/div><\/div><\/div><div class=\"wpb_column vc_column_container vc_col-sm-12 vc_col-md-4\"><div class=\"vc_column-inner\"><div class=\"wpb_wrapper\">\n\t\t<div class=\"feature-box-small-icon text-light\">\n        <span class=\"icon\">\n        \t<i class=\"icon_box-checked id-color\"><\/i>\n        <\/span>\n        <div class=\"text\">\n            <h3>Pavimento Piedra Natural<\/h3>\n            Con este tipo de pavimento se pueden conseguir estilos y acabados incre\u00edbles. Son extraordinariamente duraderos y resistentes al agua. Existes de diferentes tipos y tambi\u00e9n de diferentes tipos de texturas para su ba\u00f1o.        <\/div>\n    <\/div>\n    \n<div class=\"vc_empty_space\"   style=\"height: 30px\"><span class=\"vc_empty_space_inner\"><\/span><\/div><\/div><\/div><\/div><\/div><\/div><div class=\"clearfix\"><\/div><\/section><section class=\"vc_rows wpb_row vc_row-fluid vc_custom_1481614324254 vc_row-o-equal-height vc_row-o-content-middle vc_row-flex\"><div class=\"row\"><div class=\"padd70 wpb_column vc_column_container vc_col-sm-12 vc_col-md-6\"><div class=\"vc_column-inner\"><div class=\"wpb_wrapper\">\n\t<div class=\"wpb_text_column wpb_content_element  vc_custom_1642207950708\" >\n\t\t<div class=\"wpb_wrapper\">\n\t\t\t<h2>Pavimentos de Ba\u00f1os en Matar\u00f3: R\u00e1pida y f\u00e1cil Instalaci\u00f3n <span class=\"tiny-border\">x<\/span><\/h2>\n<p class=\"intro\">En Reformas Matar\u00f3 tenemos a tu disposici\u00f3n a los mejores instaladores de pavimentos, somos verdaderos expertos con a\u00f1os de experiencia en la materia. Sea cual sea el tipo de material que nuestros clientes decidan instalar en su piso o paredes de ba\u00f1o nuestros expertos realizan el trabajo de manera r\u00e1pida y f\u00e1cil; as\u00ed podr\u00e1 cambiar la apariencia de su ba\u00f1o de una forma sencilla y econ\u00f3mica con resultados sorprendentes.<\/p>\n\n\t\t<\/div>\n\t<\/div>\n<div class=\"vc_btn3-container vc_btn3-inline\" ><a class=\"vc_general vc_btn3 vc_btn3-size-md vc_btn3-shape-rounded vc_btn3-style-modern vc_btn3-color-grey\" href=\"https:\/\/mataroreformas.com\/ca\/contacto\/\" title=\"\">Solicita tu Presupuesto<\/a><\/div><\/div><\/div><\/div><div class=\"wpb_column vc_column_container vc_col-sm-12 vc_col-md-6 vc_col-has-fill\"><div class=\"vc_column-inner vc_custom_1642208979124\"><div class=\"wpb_wrapper\"><\/div><\/div><\/div><div class=\"wpb_column vc_column_container vc_col-sm-12 vc_col-has-fill\"><div class=\"vc_column-inner vc_custom_1642091423026\"><div class=\"wpb_wrapper\">\n\t<div class=\"wpb_text_column wpb_content_element\" >\n\t\t<div class=\"wpb_wrapper\">\n\t\t\t<p class=\"seccion-enlace-principal\" style=\"text-align: center;\"><strong>Consulta todos los servicios que tenemos en <a href=\"http:\/\/mataroreformas.com\/ca\/\">Reformas Matar\u00f3<\/a> para ti<\/strong><\/p>\n\n\t\t<\/div>\n\t<\/div>\n<\/div><\/div><\/div><\/div><div class=\"clearfix\"><\/div><\/section><section class=\"vc_rows wpb_row vc_row-fluid vc_custom_1641937821471\"><div class=\"container\"><div class=\"row\"><div class=\"wpb_column vc_column_container vc_col-sm-2\"><div class=\"vc_column-inner\"><div class=\"wpb_wrapper\"><\/div><\/div><\/div><div class=\"wpb_column vc_column_container vc_col-sm-8\"><div class=\"vc_column-inner\"><div class=\"wpb_wrapper\">\n\t<div class=\"wpb_text_column wpb_content_element  vc_custom_1642207996180\" >\n\t\t<div class=\"wpb_wrapper\">\n\t\t\t<h2>Pavimentos de Ba\u00f1os en Matar\u00f3: \u00bfQu\u00e9 tener en cuenta al momento de elegir?<br \/>\n<span class=\"tiny-border\">x<\/span><\/h2>\n<p class=\"intro\">Al momento de elegir en tipo de pavimento se usar\u00e1 para tu ba\u00f1o, nuestros expertos instalados recomiendan tener presente los siguientes aspectos:<\/p>\n\n\t\t<\/div>\n\t<\/div>\n<\/div><\/div><\/div><div class=\"wpb_column vc_column_container vc_col-sm-2\"><div class=\"vc_column-inner\"><div class=\"wpb_wrapper\"><\/div><\/div><\/div><\/div><\/div><div class=\"clearfix\"><\/div><\/section><section class=\"vc_rows wpb_row vc_row-fluid vc_custom_1641937856175\"><div class=\"container\"><div class=\"row\"><div class=\"wpb_column vc_column_container vc_col-sm-4\"><div class=\"vc_column-inner\"><div class=\"wpb_wrapper\">\n\t<div class=\"wpb_text_column wpb_content_element  vc_custom_1642208041384\" >\n\t\t<div class=\"wpb_wrapper\">\n\t\t\t<h3 style=\"text-align: center;\">Los Colores<\/h3>\n<p class=\"intro\" style=\"text-align: center;\">Es importante que a la hora de elegir el pavimento para su ba\u00f1o tenga claro el color apropiado que pueda combinar con los accesorios de su ba\u00f1o o se puede declinar por elegir colores neutrales como: Blanco, gris, crema y otros tonos.<\/p>\n\n\t\t<\/div>\n\t<\/div>\n<\/div><\/div><\/div><div class=\"wpb_column vc_column_container vc_col-sm-4\"><div class=\"vc_column-inner\"><div class=\"wpb_wrapper\">\n\t<div class=\"wpb_text_column wpb_content_element  vc_custom_1642208064702\" >\n\t\t<div class=\"wpb_wrapper\">\n\t\t\t<h3 style=\"text-align: center;\">Las Formas<\/h3>\n<p class=\"intro\" style=\"text-align: center;\">Cuando se escogen las baldosas para el pavimento nuestros expertos recomiendan verificar las distintas formas que puedan hacer juego en su ba\u00f1o; distintos anchos, longitudes o formas, mezclar gr\u00e1ficos y mosaicos.<\/p>\n\n\t\t<\/div>\n\t<\/div>\n<\/div><\/div><\/div><div class=\"wpb_column vc_column_container vc_col-sm-4\"><div class=\"vc_column-inner\"><div class=\"wpb_wrapper\">\n\t<div class=\"wpb_text_column wpb_content_element  vc_custom_1642208089940\" >\n\t\t<div class=\"wpb_wrapper\">\n\t\t\t<h3 style=\"text-align: center;\">Acabados<\/h3>\n<p class=\"intro\" style=\"text-align: center;\">Un aspecto muy importante son los acabados, recomendamos firmemente los acabados mates, hoy en d\u00eda muy utilizados, el motivo es que logran ocultar un poco el sucio o algunas manchas en su ba\u00f1o.<\/p>\n\n\t\t<\/div>\n\t<\/div>\n<\/div><\/div><\/div><\/div><\/div><div class=\"clearfix\"><\/div><\/section><section class=\"vc_rows wpb_row vc_row-fluid vc_custom_1641938180790 vc_row-has-fill vc_row-o-equal-height vc_row-o-content-middle vc_row-flex\"><div class=\"row\"><div class=\"wpb_column vc_column_container vc_col-sm-12 vc_col-md-6 vc_col-has-fill\"><div class=\"vc_column-inner vc_custom_1642209003229\"><div class=\"wpb_wrapper\"><\/div><\/div><\/div><div class=\"padd70 wpb_column vc_column_container vc_col-sm-12 vc_col-md-6\"><div class=\"vc_column-inner\"><div class=\"wpb_wrapper\">\n\t<div class=\"wpb_text_column wpb_content_element  vc_custom_1642208139551\" >\n\t\t<div class=\"wpb_wrapper\">\n\t\t\t<h2><span style=\"color: #ffffff;\">\u00bfCu\u00e1nto cuesta realizar la instalaci\u00f3n de Pavimentos de Ba\u00f1os en Matar\u00f3? <span class=\"tiny-border\">x<\/span><\/span><\/h2>\n<p class=\"intro\"><span style=\"color: #ffffff;\">En este sentido depender\u00e1 mucho del material seleccionado y tambi\u00e9n de las medidas del ba\u00f1o, sin embargo, nuestros expertos asesoran de la mejor manera a cada uno de nuestros clientes durante todo el proceso, para as\u00ed orientarlo a la mejor elecci\u00f3n y siempre ajustando al presupuesto inicial con el que se piensa trabajar. Somos los su mejor opci\u00f3n, no espere m\u00e1s y comun\u00edcate con nuestro equipo de expertos.<\/span><\/p>\n\n\t\t<\/div>\n\t<\/div>\n<div class=\"vc_btn3-container vc_btn3-inline\" ><a class=\"vc_general vc_btn3 vc_btn3-size-md vc_btn3-shape-rounded vc_btn3-style-modern vc_btn3-color-grey\" href=\"https:\/\/mataroreformas.com\/ca\/contacto\/\" title=\"\">Solicita tu Presupuesto<\/a><\/div><\/div><\/div><\/div><div class=\"wpb_column vc_column_container vc_col-sm-12 vc_col-has-fill\"><div class=\"vc_column-inner vc_custom_1642091435762\"><div class=\"wpb_wrapper\">\n\t<div class=\"wpb_text_column wpb_content_element\" >\n\t\t<div class=\"wpb_wrapper\">\n\t\t\t<p class=\"seccion-enlace-principal\" style=\"text-align: center;\"><strong>Contamos con diferentes tipos de <a href=\"http:\/\/mataroreformas.com\/ca\/reforma-banos-mataro\/\" target=\"_blank\" rel=\"noopener\">Reforma Ba\u00f1os Matar\u00f3<\/a>, descubre mucho m\u00e1s\u2026<\/strong><\/p>\n\n\t\t<\/div>\n\t<\/div>\n<\/div><\/div><\/div><\/div><div class=\"clearfix\"><\/div><\/section>","protected":false},"excerpt":{"rendered":"Servicio de instalaci\u00f3n de Pavimentos de Ba\u00f1os en Matar\u00f3, de todo tipo y colores x En Reformas Matar\u00f3 somos pioneros en el servicio de instalaci\u00f3n de Pavimentos de Ba\u00f1os en Matar\u00f3 y Maresme, ofrecemos a nuestros clientes una gran variedad de opciones y de diferentes colores, trabajamos con cualquier tipo de marcas que se encuentren [...]","protected":false},"author":1,"featured_media":0,"parent":0,"menu_order":0,"comment_status":"closed","ping_status":"closed","template":"page-templates\/template-fullwidth.php","meta":{"_uag_custom_page_level_css":"","footnotes":""},"class_list":["post-1294","page","type-page","status-publish","hentry"],"yoast_head":"<!-- This site is optimized with the Yoast SEO plugin v27.4 - https:\/\/yoast.com\/product\/yoast-seo-wordpress\/ -->\n<title>Pavimentos de Ba\u00f1os en Matar\u00f3 - Instalaciones en Matar\u00f3 y Maresme<\/title>\n<meta name=\"description\" content=\"Pavimentos de ba\u00f1os en Matar\u00f3 y Maresme. Pavimento Baldosa Cer\u00e1mica, Vinilo de dise\u00f1o, Pavimento Piedra Natural en Arenys, Argentona.\" \/>\n<meta name=\"robots\" content=\"index, follow, max-snippet:-1, max-image-preview:large, max-video-preview:-1\" \/>\n<link rel=\"canonical\" href=\"https:\/\/mataroreformas.com\/ca\/pavimentos-de-banos-en-mataro\/\" \/>\n<meta property=\"og:locale\" content=\"ca_ES\" \/>\n<meta property=\"og:type\" content=\"article\" \/>\n<meta property=\"og:title\" content=\"Pavimentos de Ba\u00f1os en Matar\u00f3 - Instalaciones en Matar\u00f3 y Maresme\" \/>\n<meta property=\"og:description\" content=\"Pavimentos de ba\u00f1os en Matar\u00f3 y Maresme. Pavimento Baldosa Cer\u00e1mica, Vinilo de dise\u00f1o, Pavimento Piedra Natural en Arenys, Argentona.\" \/>\n<meta property=\"og:url\" content=\"https:\/\/mataroreformas.com\/ca\/pavimentos-de-banos-en-mataro\/\" \/>\n<meta property=\"og:site_name\" content=\"Matar\u00f3 Reformas\" \/>\n<meta property=\"article:modified_time\" content=\"2022-11-23T17:54:28+00:00\" \/>\n<meta name=\"twitter:card\" content=\"summary_large_image\" \/>\n<meta name=\"twitter:label1\" content=\"Temps estimat de lectura\" \/>\n\t<meta name=\"twitter:data1\" content=\"4 minuts\" \/>\n<script type=\"application\/ld+json\" class=\"yoast-schema-graph\">{\"@context\":\"https:\\\/\\\/schema.org\",\"@graph\":[{\"@type\":\"WebPage\",\"@id\":\"https:\\\/\\\/mataroreformas.com\\\/pavimentos-de-banos-en-mataro\",\"url\":\"https:\\\/\\\/mataroreformas.com\\\/pavimentos-de-banos-en-mataro\",\"name\":\"Pavimentos de Ba\u00f1os en Matar\u00f3 - Instalaciones en Matar\u00f3 y Maresme\",\"isPartOf\":{\"@id\":\"https:\\\/\\\/mataroreformas.com\\\/#website\"},\"datePublished\":\"2022-01-15T01:10:31+00:00\",\"dateModified\":\"2022-11-23T17:54:28+00:00\",\"description\":\"Pavimentos de ba\u00f1os en Matar\u00f3 y Maresme. Pavimento Baldosa Cer\u00e1mica, Vinilo de dise\u00f1o, Pavimento Piedra Natural en Arenys, Argentona.\",\"breadcrumb\":{\"@id\":\"https:\\\/\\\/mataroreformas.com\\\/pavimentos-de-banos-en-mataro#breadcrumb\"},\"inLanguage\":\"ca\",\"potentialAction\":[{\"@type\":\"ReadAction\",\"target\":[\"https:\\\/\\\/mataroreformas.com\\\/pavimentos-de-banos-en-mataro\"]}]},{\"@type\":\"BreadcrumbList\",\"@id\":\"https:\\\/\\\/mataroreformas.com\\\/pavimentos-de-banos-en-mataro#breadcrumb\",\"itemListElement\":[{\"@type\":\"ListItem\",\"position\":1,\"name\":\"Portada\",\"item\":\"https:\\\/\\\/mataroreformas.com\\\/\"},{\"@type\":\"ListItem\",\"position\":2,\"name\":\"Pavimentos de Ba\u00f1os en Matar\u00f3\"}]},{\"@type\":\"WebSite\",\"@id\":\"https:\\\/\\\/mataroreformas.com\\\/#website\",\"url\":\"https:\\\/\\\/mataroreformas.com\\\/\",\"name\":\"Matar\u00f3 Reformas\",\"description\":\"Reformas de todo tipo a su alcance\",\"potentialAction\":[{\"@type\":\"SearchAction\",\"target\":{\"@type\":\"EntryPoint\",\"urlTemplate\":\"https:\\\/\\\/mataroreformas.com\\\/?s={search_term_string}\"},\"query-input\":{\"@type\":\"PropertyValueSpecification\",\"valueRequired\":true,\"valueName\":\"search_term_string\"}}],\"inLanguage\":\"ca\"}]}<\/script>\n<!-- \/ Yoast SEO plugin. -->","yoast_head_json":{"title":"Pavimentos de Ba\u00f1os en Matar\u00f3 - Instalaciones en Matar\u00f3 y Maresme","description":"Pavimentos de ba\u00f1os en Matar\u00f3 y Maresme. Pavimento Baldosa Cer\u00e1mica, Vinilo de dise\u00f1o, Pavimento Piedra Natural en Arenys, Argentona.","robots":{"index":"index","follow":"follow","max-snippet":"max-snippet:-1","max-image-preview":"max-image-preview:large","max-video-preview":"max-video-preview:-1"},"canonical":"https:\/\/mataroreformas.com\/ca\/pavimentos-de-banos-en-mataro\/","og_locale":"ca_ES","og_type":"article","og_title":"Pavimentos de Ba\u00f1os en Matar\u00f3 - Instalaciones en Matar\u00f3 y Maresme","og_description":"Pavimentos de ba\u00f1os en Matar\u00f3 y Maresme. Pavimento Baldosa Cer\u00e1mica, Vinilo de dise\u00f1o, Pavimento Piedra Natural en Arenys, Argentona.","og_url":"https:\/\/mataroreformas.com\/ca\/pavimentos-de-banos-en-mataro\/","og_site_name":"Matar\u00f3 Reformas","article_modified_time":"2022-11-23T17:54:28+00:00","twitter_card":"summary_large_image","twitter_misc":{"Temps estimat de lectura":"4 minuts"},"schema":{"@context":"https:\/\/schema.org","@graph":[{"@type":"WebPage","@id":"https:\/\/mataroreformas.com\/pavimentos-de-banos-en-mataro","url":"https:\/\/mataroreformas.com\/pavimentos-de-banos-en-mataro","name":"Pavimentos de Ba\u00f1os en Matar\u00f3 - Instalaciones en Matar\u00f3 y Maresme","isPartOf":{"@id":"https:\/\/mataroreformas.com\/#website"},"datePublished":"2022-01-15T01:10:31+00:00","dateModified":"2022-11-23T17:54:28+00:00","description":"Pavimentos de ba\u00f1os en Matar\u00f3 y Maresme. Pavimento Baldosa Cer\u00e1mica, Vinilo de dise\u00f1o, Pavimento Piedra Natural en Arenys, Argentona.","breadcrumb":{"@id":"https:\/\/mataroreformas.com\/pavimentos-de-banos-en-mataro#breadcrumb"},"inLanguage":"ca","potentialAction":[{"@type":"ReadAction","target":["https:\/\/mataroreformas.com\/pavimentos-de-banos-en-mataro"]}]},{"@type":"BreadcrumbList","@id":"https:\/\/mataroreformas.com\/pavimentos-de-banos-en-mataro#breadcrumb","itemListElement":[{"@type":"ListItem","position":1,"name":"Portada","item":"https:\/\/mataroreformas.com\/"},{"@type":"ListItem","position":2,"name":"Pavimentos de Ba\u00f1os en Matar\u00f3"}]},{"@type":"WebSite","@id":"https:\/\/mataroreformas.com\/#website","url":"https:\/\/mataroreformas.com\/","name":"Matar\u00f3 Reformas","description":"Reformas de todo tipo a su alcance","potentialAction":[{"@type":"SearchAction","target":{"@type":"EntryPoint","urlTemplate":"https:\/\/mataroreformas.com\/?s={search_term_string}"},"query-input":{"@type":"PropertyValueSpecification","valueRequired":true,"valueName":"search_term_string"}}],"inLanguage":"ca"}]}},"uagb_featured_image_src":{"full":false,"thumbnail":false,"medium":false,"medium_large":false,"large":false,"1536x1536":false,"2048x2048":false,"trp-custom-language-flag":false},"uagb_author_info":{"display_name":"reformamataro","author_link":"https:\/\/mataroreformas.com\/ca\/author\/reformamataro"},"uagb_comment_info":0,"uagb_excerpt":null,"_links":{"self":[{"href":"https:\/\/mataroreformas.com\/ca\/wp-json\/wp\/v2\/pages\/1294","targetHints":{"allow":["GET"]}}],"collection":[{"href":"https:\/\/mataroreformas.com\/ca\/wp-json\/wp\/v2\/pages"}],"about":[{"href":"https:\/\/mataroreformas.com\/ca\/wp-json\/wp\/v2\/types\/page"}],"author":[{"embeddable":true,"href":"https:\/\/mataroreformas.com\/ca\/wp-json\/wp\/v2\/users\/1"}],"replies":[{"embeddable":true,"href":"https:\/\/mataroreformas.com\/ca\/wp-json\/wp\/v2\/comments?post=1294"}],"version-history":[{"count":7,"href":"https:\/\/mataroreformas.com\/ca\/wp-json\/wp\/v2\/pages\/1294\/revisions"}],"predecessor-version":[{"id":1712,"href":"https:\/\/mataroreformas.com\/ca\/wp-json\/wp\/v2\/pages\/1294\/revisions\/1712"}],"wp:attachment":[{"href":"https:\/\/mataroreformas.com\/ca\/wp-json\/wp\/v2\/media?parent=1294"}],"curies":[{"name":"wp","href":"https:\/\/api.w.org\/{rel}","templated":true}]}}