{"id":1279,"date":"2022-01-14T01:03:27","date_gmt":"2022-01-14T01:03:27","guid":{"rendered":"http:\/\/mataroreformas.com\/?page_id=1279"},"modified":"2022-11-23T18:58:23","modified_gmt":"2022-11-23T18:58:23","slug":"alicatado-de-cocinas-en-mataro","status":"publish","type":"page","link":"https:\/\/mataroreformas.com\/ca\/alicatado-de-cocinas-en-mataro","title":{"rendered":"Alicatado de Cocinas en Matar\u00f3"},"content":{"rendered":"<section class=\"vc_rows wpb_row vc_row-fluid vc_custom_1481614324254 vc_row-o-equal-height vc_row-o-content-middle vc_row-flex\"><div class=\"row\"><div class=\"padd70 wpb_column vc_column_container vc_col-sm-12 vc_col-md-6\"><div class=\"vc_column-inner\"><div class=\"wpb_wrapper\">\n\t<div class=\"wpb_text_column wpb_content_element  vc_custom_1642121637128\" >\n\t\t<div class=\"wpb_wrapper\">\n\t\t\t<h2>Servicio de Alicatado de cocinas en Matar\u00f3, cuente con verdaderos expertos <span class=\"tiny-border\">x<\/span><\/h2>\n<p class=\"intro\">En Reformas <a href=\"https:\/\/www.mataro.cat\/\" target=\"_blank\" rel=\"noopener\">Matar\u00f3<\/a> ofrecemos nuestros servicios de Alicatado de cocinas en Matar\u00f3 y Maresme. Contamos con la experiencia y los materiales para complacer todos sus requerimientos; hoy en d\u00eda es muy necesario alicatar su cocina, esto se realiza con el fin de proteger de la humedad o cualquier otra sustancia sus equipos adem\u00e1s que al escoger unos buenos azulejos le puede dar un excelente estilo a su cocina. Si deseas saber mucho m\u00e1s, comun\u00edcate con nuestros expertos, estaremos encantados de trabajar en tu obra.<\/p>\n\n\t\t<\/div>\n\t<\/div>\n<div class=\"vc_btn3-container vc_btn3-inline vc_custom_1669229796491\" ><a class=\"vc_general vc_btn3 vc_btn3-size-md vc_btn3-shape-rounded vc_btn3-style-modern vc_btn3-color-grey\" href=\"https:\/\/mataroreformas.com\/ca\/contacto\/\" title=\"\">Solicita tu Presupuesto<\/a><\/div><\/div><\/div><\/div><div class=\"wpb_column vc_column_container vc_col-sm-12 vc_col-md-6 vc_col-has-fill\"><div class=\"vc_column-inner vc_custom_1642122060764\"><div class=\"wpb_wrapper\"><\/div><\/div><\/div><\/div><div class=\"clearfix\"><\/div><\/section><section class=\"vc_rows wpb_row vc_row-fluid vc_custom_1669229832917\"><div class=\"row\"><div class=\"wpb_column vc_column_container vc_col-sm-12 vc_col-has-fill\"><div class=\"vc_column-inner vc_custom_1669225797733\"><div class=\"wpb_wrapper\">\n\t<div class=\"row call-to-action\">\n\t\t<div class=\"col-md-8\">\n\t        <h3 class=\"mt10\">Visita nuestra p\u00e1gina de Contacto y solicita tu presupuesto en Alicatado de Cocinas en Matar\u00f3 y Maresme<\/h3>\n\t    <\/div>\n\t    <div class=\"col-md-4 text-right\">\n\t    \t<a class=\"btn btn-line-black btn-fx\" href=\"https:\/\/mataroreformas.com\/ca\/contacto\/\" target=\"_self\">Contacto<\/a>\t    <\/div>\n    <\/div>\n\n<\/div><\/div><\/div><\/div><div class=\"clearfix\"><\/div><\/section><section class=\"vc_rows wpb_row vc_row-fluid vc_custom_1481614324254 vc_row-o-equal-height vc_row-o-content-middle vc_row-flex\"><div class=\"row\"><div class=\"wpb_column vc_column_container vc_col-sm-12 vc_col-md-6 vc_col-has-fill\"><div class=\"vc_column-inner vc_custom_1642087991210\"><div class=\"wpb_wrapper\">\n\t<div  class=\"wpb_single_image wpb_content_element vc_align_left  vc_custom_1642122079475\">\n\t\t\n\t\t<figure class=\"wpb_wrapper vc_figure\">\n\t\t\t<div class=\"vc_single_image-wrapper   vc_box_border_grey\"><img loading=\"lazy\" decoding=\"async\" width=\"900\" height=\"600\" src=\"https:\/\/mataroreformas.com\/wp-content\/uploads\/2022\/01\/alicatado-de-cocinas-02.jpg\" class=\"vc_single_image-img attachment-full\" alt=\"\" title=\"alicatado-de-cocinas-02\" srcset=\"https:\/\/mataroreformas.com\/wp-content\/uploads\/2022\/01\/alicatado-de-cocinas-02.jpg 900w, https:\/\/mataroreformas.com\/wp-content\/uploads\/2022\/01\/alicatado-de-cocinas-02-300x200.jpg 300w, https:\/\/mataroreformas.com\/wp-content\/uploads\/2022\/01\/alicatado-de-cocinas-02-768x512.jpg 768w\" sizes=\"auto, (max-width: 900px) 100vw, 900px\" \/><\/div>\n\t\t<\/figure>\n\t<\/div>\n<\/div><\/div><\/div><div class=\"padd70 wpb_column vc_column_container vc_col-sm-12 vc_col-md-6\"><div class=\"vc_column-inner\"><div class=\"wpb_wrapper\">\n\t<div class=\"wpb_text_column wpb_content_element  vc_custom_1642121193759\" >\n\t\t<div class=\"wpb_wrapper\">\n\t\t\t<h2>\u00bfQu\u00e9 es el Alicatado de cocinas en Matar\u00f3 y para qu\u00e9 se utiliza hoy en d\u00eda? <span class=\"tiny-border\">x<\/span><\/h2>\n<p class=\"intro\">B\u00e1sicamente, el trabajo de alicatado de cocina, consiste en cubrir o revestir pisos y\/o paredes de la cocina, hoy en d\u00eda es muy com\u00fan y recomendado el utilizar azulejos o baldosas que permitan a los usuarios proteger y disfrutar de un trabajo de alicatado bien hecho. Para realizar dicho trabajo es necesario poder contar con uno de nuestros expertos, que se encargara de asesorarlo y guiarlo en todo momento, para qu\u00e9 pueda hacer la mejor elecci\u00f3n a la hora de escoger sus azulejos o baldosas.<\/p>\n\n\t\t<\/div>\n\t<\/div>\n<div class=\"vc_btn3-container vc_btn3-inline vc_custom_1669229796491\" ><a class=\"vc_general vc_btn3 vc_btn3-size-md vc_btn3-shape-rounded vc_btn3-style-modern vc_btn3-color-grey\" href=\"https:\/\/mataroreformas.com\/ca\/contacto\/\" title=\"\">Solicita tu Presupuesto<\/a><\/div><\/div><\/div><\/div><div class=\"wpb_column vc_column_container vc_col-sm-12 vc_col-has-fill\"><div class=\"vc_column-inner vc_custom_1642083518791\"><div class=\"wpb_wrapper\">\n\t<div class=\"wpb_text_column wpb_content_element\" >\n\t\t<div class=\"wpb_wrapper\">\n\t\t\t<p class=\"seccion-enlace-principal\" style=\"text-align: center;\"><strong>Contamos con diferentes tipos de <a href=\"http:\/\/mataroreformas.com\/ca\/reforma-banos-mataro\/\">Reforma Ba\u00f1os Matar\u00f3<\/a>, descubre mucho m\u00e1s&#8230;<\/strong><\/p>\n\n\t\t<\/div>\n\t<\/div>\n<\/div><\/div><\/div><\/div><div class=\"clearfix\"><\/div><\/section><section data-stellar-background-ratio=\".2\" class=\"vc_rows wpb_row vc_row-fluid vc_custom_1642086217002 vc_row-has-fill parallax\"><div class=\"container\"><div class=\"row\"><div class=\"wpb_column vc_column_container vc_col-sm-12\"><div class=\"vc_column-inner\"><div class=\"wpb_wrapper\">\n\t<div class=\"wpb_text_column wpb_content_element  vc_custom_1642121230573\" >\n\t\t<div class=\"wpb_wrapper\">\n\t\t\t<h2><span style=\"color: #ffffff;\">\u00bfQu\u00e9 tipo de azulejos se pueden utilizar para el Alicatado de cocinas en Matar\u00f3? <span class=\"tiny-border\">x<\/span><\/span><\/h2>\n\n\t\t<\/div>\n\t<\/div>\n\n\t<div class=\"wpb_text_column wpb_content_element  vc_custom_1642121244614\" >\n\t\t<div class=\"wpb_wrapper\">\n\t\t\t<p><span style=\"color: #ffffff;\">En Reformas Matar\u00f3 te damos a conocer las diferentes opciones de azulejos con las cuales puedes contar y elegir dependiendo de tu gusto y presupuesto, entre los m\u00e1s conocidos tenemos:<\/span><\/p>\n\n\t\t<\/div>\n\t<\/div>\n<\/div><\/div><\/div><div class=\"wpb_column vc_column_container vc_col-sm-12 vc_col-md-4\"><div class=\"vc_column-inner\"><div class=\"wpb_wrapper\">\n\t\t<div class=\"feature-box-small-icon text-light\">\n        <span class=\"icon\">\n        \t<i class=\"icon_box-checked id-color\"><\/i>\n        <\/span>\n        <div class=\"text\">\n            <h3>Azulejos de cer\u00e1mica<\/h3>\n            Este tipo de azulejo es uno de los m\u00e1s utilizados para el alicatado de cocinas en Matar\u00f3, este tipo de azulejo es m\u00e1s econ\u00f3mico y no requieren de demasiado mantenimiento.        <\/div>\n    <\/div>\n    \n<div class=\"vc_empty_space\"   style=\"height: 30px\"><span class=\"vc_empty_space_inner\"><\/span><\/div>\n\t\t<div class=\"feature-box-small-icon text-light\">\n        <span class=\"icon\">\n        \t<i class=\"icon_box-checked id-color\"><\/i>\n        <\/span>\n        <div class=\"text\">\n            <h3>Azulejos de Piedra<\/h3>\n            Perfectas para dar un estilo campestre, son de muy buena calidad, elevado costo, este tipo de azulejo tiene poca vida \u00fatil esto debido a que conservan humedad.        <\/div>\n    <\/div>\n    \n<\/div><\/div><\/div><div class=\"wpb_column vc_column_container vc_col-sm-12 vc_col-md-4\"><div class=\"vc_column-inner\"><div class=\"wpb_wrapper\">\n\t\t<div class=\"feature-box-small-icon text-light\">\n        <span class=\"icon\">\n        \t<i class=\"icon_box-checked id-color\"><\/i>\n        <\/span>\n        <div class=\"text\">\n            <h3>Azulejos de Porcelana<\/h3>\n            Azulejos de gran calidad, muy parecidos a los azulejos de cer\u00e1mica, ya que ambos son f\u00e1cil limpieza, la diferencia es el elevado costo, pero de excelente calidad.        <\/div>\n    <\/div>\n    \n<div class=\"vc_empty_space\"   style=\"height: 30px\"><span class=\"vc_empty_space_inner\"><\/span><\/div><\/div><\/div><\/div><div class=\"wpb_column vc_column_container vc_col-sm-12 vc_col-md-4\"><div class=\"vc_column-inner\"><div class=\"wpb_wrapper\">\n\t\t<div class=\"feature-box-small-icon text-light\">\n        <span class=\"icon\">\n        \t<i class=\"icon_box-checked id-color\"><\/i>\n        <\/span>\n        <div class=\"text\">\n            <h3>Azulejos de Vidrio<\/h3>\n            Mayormente utilizados para dar un toque \u00fanico y de gran estilo, son de gran calidad, son muy f\u00e1ciles de mantener, limpieza muy sencilla, elevado precio y excelente calidad.        <\/div>\n    <\/div>\n    \n<div class=\"vc_empty_space\"   style=\"height: 30px\"><span class=\"vc_empty_space_inner\"><\/span><\/div><\/div><\/div><\/div><\/div><\/div><div class=\"clearfix\"><\/div><\/section><section class=\"vc_rows wpb_row vc_row-fluid vc_custom_1481614324254 vc_row-o-equal-height vc_row-o-content-middle vc_row-flex\"><div class=\"row\"><div class=\"padd70 wpb_column vc_column_container vc_col-sm-12 vc_col-md-6\"><div class=\"vc_column-inner\"><div class=\"wpb_wrapper\">\n\t<div class=\"wpb_text_column wpb_content_element  vc_custom_1642121393333\" >\n\t\t<div class=\"wpb_wrapper\">\n\t\t\t<h2>Alicatado de cocinas en Matar\u00f3: estilo a media altura <span class=\"tiny-border\">x<\/span><\/h2>\n<p class=\"intro\">Este es uno de los estilos que est\u00e1 tomando mayor fuerza los \u00faltimos a\u00f1os, ante la vista es de muy buen gusto y funcionalmente hablando este revestimiento puede cubrir zonas m\u00e1s espec\u00edficas o puntuales como lo son el \u00e1rea de lava platos, el horno o estufas. Los colores de los azulejos se pueden combinar perfectamente con el color de la pintura que se piensa utilizar y as\u00ed logran estilos mucho m\u00e1s llamativos.<\/p>\n\n\t\t<\/div>\n\t<\/div>\n<div class=\"vc_btn3-container vc_btn3-inline vc_custom_1669229796491\" ><a class=\"vc_general vc_btn3 vc_btn3-size-md vc_btn3-shape-rounded vc_btn3-style-modern vc_btn3-color-grey\" href=\"https:\/\/mataroreformas.com\/ca\/contacto\/\" title=\"\">Solicita tu Presupuesto<\/a><\/div><\/div><\/div><\/div><div class=\"wpb_column vc_column_container vc_col-sm-12 vc_col-md-6 vc_col-has-fill\"><div class=\"vc_column-inner vc_custom_1642122159114\"><div class=\"wpb_wrapper\"><\/div><\/div><\/div><div class=\"wpb_column vc_column_container vc_col-sm-12 vc_col-has-fill\"><div class=\"vc_column-inner vc_custom_1642083495696\"><div class=\"wpb_wrapper\">\n\t<div class=\"wpb_text_column wpb_content_element\" >\n\t\t<div class=\"wpb_wrapper\">\n\t\t\t<p class=\"seccion-enlace-principal\" style=\"text-align: center;\"><strong>Consulta todos los servicios que tenemos en <a href=\"http:\/\/mataroreformas.com\/ca\/\">Reformas Matar\u00f3<\/a> para ti<\/strong><\/p>\n\n\t\t<\/div>\n\t<\/div>\n<\/div><\/div><\/div><\/div><div class=\"clearfix\"><\/div><\/section><section class=\"vc_rows wpb_row vc_row-fluid vc_custom_1641938180790 vc_row-has-fill vc_row-o-equal-height vc_row-o-content-middle vc_row-flex\"><div class=\"row\"><div class=\"wpb_column vc_column_container vc_col-sm-12 vc_col-md-6 vc_col-has-fill\"><div class=\"vc_column-inner vc_custom_1642122183966\"><div class=\"wpb_wrapper\"><\/div><\/div><\/div><div class=\"padd70 wpb_column vc_column_container vc_col-sm-12 vc_col-md-6\"><div class=\"vc_column-inner\"><div class=\"wpb_wrapper\">\n\t<div class=\"wpb_text_column wpb_content_element  vc_custom_1642121458525\" >\n\t\t<div class=\"wpb_wrapper\">\n\t\t\t<h2><span style=\"color: #ffffff;\">\u00bfEs m\u00e1s recomendable:? \u00bfEl Alicatado de Cocinas o Pintar la cocina? <span class=\"tiny-border\">x<\/span><\/span><\/h2>\n<p class=\"intro\"><span style=\"color: #ffffff;\">Si lo que se piensa es realizar una inversi\u00f3n duradera y m\u00e1s funcional, nuestros expertos profesionales recomiendan realizar el alicatado a su cocina, ya sea completa o media altura, esto ayudar a preservar mucho mejor los elementos o accesorios que componen la misma. El pintar su cocina requerir\u00e1 eventualmente retoques o cambios de la misma, los azulejos en su lugar no requieren de mayor mantenimiento y su limpieza es sencilla.<\/span><\/p>\n\n\t\t<\/div>\n\t<\/div>\n<div class=\"vc_btn3-container vc_btn3-inline vc_custom_1669229796491\" ><a class=\"vc_general vc_btn3 vc_btn3-size-md vc_btn3-shape-rounded vc_btn3-style-modern vc_btn3-color-grey\" href=\"https:\/\/mataroreformas.com\/ca\/contacto\/\" title=\"\">Solicita tu Presupuesto<\/a><\/div><\/div><\/div><\/div><\/div><div class=\"clearfix\"><\/div><\/section>","protected":false},"excerpt":{"rendered":"Servicio de Alicatado de cocinas en Matar\u00f3, cuente con verdaderos expertos x En Reformas Matar\u00f3 ofrecemos nuestros servicios de Alicatado de cocinas en Matar\u00f3 y Maresme. Contamos con la experiencia y los materiales para complacer todos sus requerimientos; hoy en d\u00eda es muy necesario alicatar su cocina, esto se realiza con el fin de proteger [...]","protected":false},"author":1,"featured_media":0,"parent":0,"menu_order":0,"comment_status":"closed","ping_status":"open","template":"page-templates\/template-fullwidth.php","meta":{"_uag_custom_page_level_css":"","footnotes":""},"class_list":["post-1279","page","type-page","status-publish","hentry"],"yoast_head":"<!-- This site is optimized with the Yoast SEO plugin v27.4 - https:\/\/yoast.com\/product\/yoast-seo-wordpress\/ -->\n<title>Alicatado de Cocinas en Matar\u00f3 - Instalaciones en Matar\u00f3 y Maresme<\/title>\n<meta name=\"description\" content=\"Alicatado de Cocinas Matar\u00f3 y Maresme. Instalaci\u00f3n de Azulejos de Cer\u00e1mica, Porcelana, Vidrio, Piedra. Mantenimiento y recubrimiento.\" \/>\n<meta name=\"robots\" content=\"index, follow, max-snippet:-1, max-image-preview:large, max-video-preview:-1\" \/>\n<link rel=\"canonical\" href=\"https:\/\/mataroreformas.com\/ca\/alicatado-de-cocinas-en-mataro\/\" \/>\n<meta property=\"og:locale\" content=\"ca_ES\" \/>\n<meta property=\"og:type\" content=\"article\" \/>\n<meta property=\"og:title\" content=\"Alicatado de Cocinas en Matar\u00f3 - Instalaciones en Matar\u00f3 y Maresme\" \/>\n<meta property=\"og:description\" content=\"Alicatado de Cocinas Matar\u00f3 y Maresme. Instalaci\u00f3n de Azulejos de Cer\u00e1mica, Porcelana, Vidrio, Piedra. Mantenimiento y recubrimiento.\" \/>\n<meta property=\"og:url\" content=\"https:\/\/mataroreformas.com\/ca\/alicatado-de-cocinas-en-mataro\/\" \/>\n<meta property=\"og:site_name\" content=\"Matar\u00f3 Reformas\" \/>\n<meta property=\"article:modified_time\" content=\"2022-11-23T18:58:23+00:00\" \/>\n<meta name=\"twitter:card\" content=\"summary_large_image\" \/>\n<meta name=\"twitter:label1\" content=\"Temps estimat de lectura\" \/>\n\t<meta name=\"twitter:data1\" content=\"4 minuts\" \/>\n<script type=\"application\/ld+json\" class=\"yoast-schema-graph\">{\"@context\":\"https:\\\/\\\/schema.org\",\"@graph\":[{\"@type\":\"WebPage\",\"@id\":\"https:\\\/\\\/mataroreformas.com\\\/alicatado-de-cocinas-en-mataro\",\"url\":\"https:\\\/\\\/mataroreformas.com\\\/alicatado-de-cocinas-en-mataro\",\"name\":\"Alicatado de Cocinas en Matar\u00f3 - Instalaciones en Matar\u00f3 y Maresme\",\"isPartOf\":{\"@id\":\"https:\\\/\\\/mataroreformas.com\\\/#website\"},\"datePublished\":\"2022-01-14T01:03:27+00:00\",\"dateModified\":\"2022-11-23T18:58:23+00:00\",\"description\":\"Alicatado de Cocinas Matar\u00f3 y Maresme. Instalaci\u00f3n de Azulejos de Cer\u00e1mica, Porcelana, Vidrio, Piedra. Mantenimiento y recubrimiento.\",\"breadcrumb\":{\"@id\":\"https:\\\/\\\/mataroreformas.com\\\/alicatado-de-cocinas-en-mataro#breadcrumb\"},\"inLanguage\":\"ca\",\"potentialAction\":[{\"@type\":\"ReadAction\",\"target\":[\"https:\\\/\\\/mataroreformas.com\\\/alicatado-de-cocinas-en-mataro\"]}]},{\"@type\":\"BreadcrumbList\",\"@id\":\"https:\\\/\\\/mataroreformas.com\\\/alicatado-de-cocinas-en-mataro#breadcrumb\",\"itemListElement\":[{\"@type\":\"ListItem\",\"position\":1,\"name\":\"Portada\",\"item\":\"https:\\\/\\\/mataroreformas.com\\\/\"},{\"@type\":\"ListItem\",\"position\":2,\"name\":\"Alicatado de Cocinas en Matar\u00f3\"}]},{\"@type\":\"WebSite\",\"@id\":\"https:\\\/\\\/mataroreformas.com\\\/#website\",\"url\":\"https:\\\/\\\/mataroreformas.com\\\/\",\"name\":\"Matar\u00f3 Reformas\",\"description\":\"Reformas de todo tipo a su alcance\",\"potentialAction\":[{\"@type\":\"SearchAction\",\"target\":{\"@type\":\"EntryPoint\",\"urlTemplate\":\"https:\\\/\\\/mataroreformas.com\\\/?s={search_term_string}\"},\"query-input\":{\"@type\":\"PropertyValueSpecification\",\"valueRequired\":true,\"valueName\":\"search_term_string\"}}],\"inLanguage\":\"ca\"}]}<\/script>\n<!-- \/ Yoast SEO plugin. -->","yoast_head_json":{"title":"Alicatado de Cocinas en Matar\u00f3 - Instalaciones en Matar\u00f3 y Maresme","description":"Alicatado de Cocinas Matar\u00f3 y Maresme. Instalaci\u00f3n de Azulejos de Cer\u00e1mica, Porcelana, Vidrio, Piedra. Mantenimiento y recubrimiento.","robots":{"index":"index","follow":"follow","max-snippet":"max-snippet:-1","max-image-preview":"max-image-preview:large","max-video-preview":"max-video-preview:-1"},"canonical":"https:\/\/mataroreformas.com\/ca\/alicatado-de-cocinas-en-mataro\/","og_locale":"ca_ES","og_type":"article","og_title":"Alicatado de Cocinas en Matar\u00f3 - Instalaciones en Matar\u00f3 y Maresme","og_description":"Alicatado de Cocinas Matar\u00f3 y Maresme. Instalaci\u00f3n de Azulejos de Cer\u00e1mica, Porcelana, Vidrio, Piedra. Mantenimiento y recubrimiento.","og_url":"https:\/\/mataroreformas.com\/ca\/alicatado-de-cocinas-en-mataro\/","og_site_name":"Matar\u00f3 Reformas","article_modified_time":"2022-11-23T18:58:23+00:00","twitter_card":"summary_large_image","twitter_misc":{"Temps estimat de lectura":"4 minuts"},"schema":{"@context":"https:\/\/schema.org","@graph":[{"@type":"WebPage","@id":"https:\/\/mataroreformas.com\/alicatado-de-cocinas-en-mataro","url":"https:\/\/mataroreformas.com\/alicatado-de-cocinas-en-mataro","name":"Alicatado de Cocinas en Matar\u00f3 - Instalaciones en Matar\u00f3 y Maresme","isPartOf":{"@id":"https:\/\/mataroreformas.com\/#website"},"datePublished":"2022-01-14T01:03:27+00:00","dateModified":"2022-11-23T18:58:23+00:00","description":"Alicatado de Cocinas Matar\u00f3 y Maresme. Instalaci\u00f3n de Azulejos de Cer\u00e1mica, Porcelana, Vidrio, Piedra. Mantenimiento y recubrimiento.","breadcrumb":{"@id":"https:\/\/mataroreformas.com\/alicatado-de-cocinas-en-mataro#breadcrumb"},"inLanguage":"ca","potentialAction":[{"@type":"ReadAction","target":["https:\/\/mataroreformas.com\/alicatado-de-cocinas-en-mataro"]}]},{"@type":"BreadcrumbList","@id":"https:\/\/mataroreformas.com\/alicatado-de-cocinas-en-mataro#breadcrumb","itemListElement":[{"@type":"ListItem","position":1,"name":"Portada","item":"https:\/\/mataroreformas.com\/"},{"@type":"ListItem","position":2,"name":"Alicatado de Cocinas en Matar\u00f3"}]},{"@type":"WebSite","@id":"https:\/\/mataroreformas.com\/#website","url":"https:\/\/mataroreformas.com\/","name":"Matar\u00f3 Reformas","description":"Reformas de todo tipo a su alcance","potentialAction":[{"@type":"SearchAction","target":{"@type":"EntryPoint","urlTemplate":"https:\/\/mataroreformas.com\/?s={search_term_string}"},"query-input":{"@type":"PropertyValueSpecification","valueRequired":true,"valueName":"search_term_string"}}],"inLanguage":"ca"}]}},"uagb_featured_image_src":{"full":false,"thumbnail":false,"medium":false,"medium_large":false,"large":false,"1536x1536":false,"2048x2048":false,"trp-custom-language-flag":false},"uagb_author_info":{"display_name":"reformamataro","author_link":"https:\/\/mataroreformas.com\/ca\/author\/reformamataro"},"uagb_comment_info":0,"uagb_excerpt":null,"_links":{"self":[{"href":"https:\/\/mataroreformas.com\/ca\/wp-json\/wp\/v2\/pages\/1279","targetHints":{"allow":["GET"]}}],"collection":[{"href":"https:\/\/mataroreformas.com\/ca\/wp-json\/wp\/v2\/pages"}],"about":[{"href":"https:\/\/mataroreformas.com\/ca\/wp-json\/wp\/v2\/types\/page"}],"author":[{"embeddable":true,"href":"https:\/\/mataroreformas.com\/ca\/wp-json\/wp\/v2\/users\/1"}],"replies":[{"embeddable":true,"href":"https:\/\/mataroreformas.com\/ca\/wp-json\/wp\/v2\/comments?post=1279"}],"version-history":[{"count":4,"href":"https:\/\/mataroreformas.com\/ca\/wp-json\/wp\/v2\/pages\/1279\/revisions"}],"predecessor-version":[{"id":1730,"href":"https:\/\/mataroreformas.com\/ca\/wp-json\/wp\/v2\/pages\/1279\/revisions\/1730"}],"wp:attachment":[{"href":"https:\/\/mataroreformas.com\/ca\/wp-json\/wp\/v2\/media?parent=1279"}],"curies":[{"name":"wp","href":"https:\/\/api.w.org\/{rel}","templated":true}]}}