{"id":1251,"date":"2022-01-13T17:36:05","date_gmt":"2022-01-13T17:36:05","guid":{"rendered":"http:\/\/mataroreformas.com\/?page_id=1251"},"modified":"2022-11-23T16:50:41","modified_gmt":"2022-11-23T16:50:41","slug":"mamparas-de-bano-en-mataro","status":"publish","type":"page","link":"https:\/\/mataroreformas.com\/ca\/mamparas-de-bano-en-mataro","title":{"rendered":"Mamparas de Ba\u00f1o en Matar\u00f3"},"content":{"rendered":"<section class=\"vc_rows wpb_row vc_row-fluid vc_custom_1481614324254 vc_row-o-equal-height vc_row-o-content-middle vc_row-flex\"><div class=\"row\"><div class=\"padd70 wpb_column vc_column_container vc_col-sm-12 vc_col-md-6\"><div class=\"vc_column-inner\"><div class=\"wpb_wrapper\">\n\t<div class=\"wpb_text_column wpb_content_element  vc_custom_1642091149232\" >\n\t\t<div class=\"wpb_wrapper\">\n\t\t\t<h2>Realizamos instalaci\u00f3n de Mamparas de ba\u00f1o en Matar\u00f3 para cualquier tipo de ba\u00f1o <span class=\"tiny-border\">x<\/span><\/h2>\n<p class=\"intro\">Somos expertos a la hora de realizar la instalaci\u00f3n de Mamparas de ba\u00f1o en Matar\u00f3, contamos con la experiencia necesaria para instalar mamparas de cualquier tipo, ya sea para <a href=\"https:\/\/www.lo-mejor.com\/hogar\/comparativo-plato-de-ducha-precio-opinion\/\" target=\"_blank\" rel=\"noopener\">ducha<\/a> o ba\u00f1eras, del material que usted escoja de pl\u00e1stico o las m\u00e1s conocidas de vidrio, con el uso de las mamparas podr\u00e1 mantener seco su ba\u00f1o al momento de usar la ducha o la ba\u00f1era, las mamparas dan un estilo est\u00e9tico y elegante a su ba\u00f1o en general y dependiendo del dise\u00f1o de la misma resultan ser un elemento decorativo y muy funcional para su ba\u00f1o, cont\u00e1ctenos y cuente con verdaderos expertos en la materia.<\/p>\n\n\t\t<\/div>\n\t<\/div>\n<div class=\"vc_btn3-container vc_btn3-inline vc_custom_1669222018446\" ><a class=\"vc_general vc_btn3 vc_btn3-size-md vc_btn3-shape-rounded vc_btn3-style-modern vc_btn3-color-grey\" href=\"https:\/\/mataroreformas.com\/ca\/contacto\/\" title=\"\">Solicita tu Presupuesto<\/a><\/div><\/div><\/div><\/div><div class=\"wpb_column vc_column_container vc_col-sm-12 vc_col-md-6 vc_col-has-fill\"><div class=\"vc_column-inner vc_custom_1642095081797\"><div class=\"wpb_wrapper\">\n\t<div  class=\"wpb_single_image wpb_content_element vc_align_left\">\n\t\t\n\t\t<figure class=\"wpb_wrapper vc_figure\">\n\t\t\t<div class=\"vc_single_image-wrapper   vc_box_border_grey\"><img loading=\"lazy\" decoding=\"async\" width=\"998\" height=\"720\" src=\"https:\/\/mataroreformas.com\/wp-content\/uploads\/2022\/01\/mamparas-de-bano-01.jpg\" class=\"vc_single_image-img attachment-full\" alt=\"\" title=\"mamparas-de-ba\u00f1o-01\" srcset=\"https:\/\/mataroreformas.com\/wp-content\/uploads\/2022\/01\/mamparas-de-bano-01.jpg 998w, https:\/\/mataroreformas.com\/wp-content\/uploads\/2022\/01\/mamparas-de-bano-01-300x216.jpg 300w, https:\/\/mataroreformas.com\/wp-content\/uploads\/2022\/01\/mamparas-de-bano-01-768x554.jpg 768w\" sizes=\"auto, (max-width: 998px) 100vw, 998px\" \/><\/div>\n\t\t<\/figure>\n\t<\/div>\n<\/div><\/div><\/div><\/div><div class=\"clearfix\"><\/div><\/section><section class=\"vc_rows wpb_row vc_row-fluid vc_custom_1669222135441\"><div class=\"row\"><div class=\"wpb_column vc_column_container vc_col-sm-12 vc_col-has-fill\"><div class=\"vc_column-inner vc_custom_1669222125387\"><div class=\"wpb_wrapper\">\n\t<div class=\"row call-to-action\">\n\t\t<div class=\"col-md-8\">\n\t        <h3 class=\"mt10\">Somos especialistas en la instalaci\u00f3n de Mamparas de ba\u00f1os en Matar\u00f3 y Maresme, Visita nuestra p\u00e1gina de Contacto y solicita tu presupuesto<\/h3>\n\t    <\/div>\n\t    <div class=\"col-md-4 text-right\">\n\t    \t<a class=\"btn btn-line-black btn-fx\" href=\"https:\/\/mataroreformas.com\/ca\/contacto\/\" target=\"_self\">Contacto<\/a>\t    <\/div>\n    <\/div>\n\n<\/div><\/div><\/div><\/div><div class=\"clearfix\"><\/div><\/section><section data-stellar-background-ratio=\".2\" class=\"vc_rows wpb_row vc_row-fluid vc_custom_1641951443993 vc_row-has-fill parallax\"><div class=\"container\"><div class=\"row\"><div class=\"wpb_column vc_column_container vc_col-sm-12\"><div class=\"vc_column-inner\"><div class=\"wpb_wrapper\">\n\t<div class=\"wpb_text_column wpb_content_element  vc_custom_1642090176580\" >\n\t\t<div class=\"wpb_wrapper\">\n\t\t\t<h2><span style=\"color: #ffffff;\">Mamparas de ba\u00f1o en Matar\u00f3: Ventajas y Beneficios de su instalaci\u00f3n <span class=\"tiny-border\">x<\/span><\/span><\/h2>\n\n\t\t<\/div>\n\t<\/div>\n\n\t<div class=\"wpb_text_column wpb_content_element  vc_custom_1642090193588\" >\n\t\t<div class=\"wpb_wrapper\">\n\t\t\t<p><span style=\"color: #ffffff;\">Las mamparas de ba\u00f1o no solo son un elemento decorativo, las mamparas ofrecen m\u00faltiples beneficios, los cuales te comentamos ac\u00e1:<\/span><\/p>\n\n\t\t<\/div>\n\t<\/div>\n<\/div><\/div><\/div><div class=\"wpb_column vc_column_container vc_col-sm-12 vc_col-md-4\"><div class=\"vc_column-inner\"><div class=\"wpb_wrapper\">\n\t\t<div class=\"feature-box-small-icon text-light\">\n        <span class=\"icon\">\n        \t<i class=\"icon_box-checked id-color\"><\/i>\n        <\/span>\n        <div class=\"text\">\n            <h3>Utilitario y c\u00f3modo<\/h3>\n            De diferentes tipos de sistemas de apertura abatible o plegable, se puede seleccionar el m\u00e1s viable para el dise\u00f1o del cuarto de ba\u00f1o, su dise\u00f1o permite realizar excelentes decoraciones.        <\/div>\n    <\/div>\n    \n<div class=\"vc_empty_space\"   style=\"height: 30px\"><span class=\"vc_empty_space_inner\"><\/span><\/div>\n\t\t<div class=\"feature-box-small-icon text-light\">\n        <span class=\"icon\">\n        \t<i class=\"icon_box-checked id-color\"><\/i>\n        <\/span>\n        <div class=\"text\">\n            <h3>Temperatura ideal<\/h3>\n            Las mamparas conservan mucho mejor la temperatura en su interior, esto hace del ba\u00f1o un ambiente agradable.        <\/div>\n    <\/div>\n    \n<\/div><\/div><\/div><div class=\"wpb_column vc_column_container vc_col-sm-12 vc_col-md-4\"><div class=\"vc_column-inner\"><div class=\"wpb_wrapper\">\n\t\t<div class=\"feature-box-small-icon text-light\">\n        <span class=\"icon\">\n        \t<i class=\"icon_box-checked id-color\"><\/i>\n        <\/span>\n        <div class=\"text\">\n            <h3>Muy Seguras<\/h3>\n            En comparaci\u00f3n con las cortinas, las mamparas gracias a su capacidad de absorci\u00f3n de impactos y apoyos otorgan seguridad gracias a los vidrios y al soporte de la perfilar\u00eda.        <\/div>\n    <\/div>\n    \n<div class=\"vc_empty_space\"   style=\"height: 30px\"><span class=\"vc_empty_space_inner\"><\/span><\/div><\/div><\/div><\/div><div class=\"wpb_column vc_column_container vc_col-sm-12 vc_col-md-4\"><div class=\"vc_column-inner\"><div class=\"wpb_wrapper\">\n\t\t<div class=\"feature-box-small-icon text-light\">\n        <span class=\"icon\">\n        \t<i class=\"icon_box-checked id-color\"><\/i>\n        <\/span>\n        <div class=\"text\">\n            <h3>Mayor durabilidad<\/h3>\n            Definitivamente, una opci\u00f3n mucha m\u00e1s duradera si se le compara una vez m\u00e1s con las cortinas, las mamparas son un poco m\u00e1s costosas, pero su funcionalidad lo compensa.        <\/div>\n    <\/div>\n    \n<div class=\"vc_empty_space\"   style=\"height: 30px\"><span class=\"vc_empty_space_inner\"><\/span><\/div><\/div><\/div><\/div><\/div><\/div><div class=\"clearfix\"><\/div><\/section><section class=\"vc_rows wpb_row vc_row-fluid vc_custom_1481614324254 vc_row-o-equal-height vc_row-o-content-middle vc_row-flex\"><div class=\"row\"><div class=\"padd70 wpb_column vc_column_container vc_col-sm-12 vc_col-md-6\"><div class=\"vc_column-inner\"><div class=\"wpb_wrapper\">\n\t<div class=\"wpb_text_column wpb_content_element  vc_custom_1642090361779\" >\n\t\t<div class=\"wpb_wrapper\">\n\t\t\t<h2>Mamparas de ba\u00f1o en Matar\u00f3: Resistencia y Limpieza <span class=\"tiny-border\">x<\/span><\/h2>\n<p class=\"intro\">Las mamparas de ba\u00f1o cuentan con una gran resistencia a los golpes o ara\u00f1azos. Otro aspecto determinante en los distintos modelos de mamparas de ba\u00f1o es la facilidad de mantenimiento. Las mamparas al contar con una superficie no porosa no acumula en s\u00ed ning\u00fan tipo de agentes. Esto permite disfrutar de una excelente presentaci\u00f3n por extensos periodos de tiempo. En general a las mamparas se les realiza un f\u00e1cil mantenimiento basta con mantener el \u00e1rea limpia y permitirle secar despu\u00e9s de su uso.<\/p>\n\n\t\t<\/div>\n\t<\/div>\n<div class=\"vc_btn3-container vc_btn3-inline vc_custom_1669222018446\" ><a class=\"vc_general vc_btn3 vc_btn3-size-md vc_btn3-shape-rounded vc_btn3-style-modern vc_btn3-color-grey\" href=\"https:\/\/mataroreformas.com\/ca\/contacto\/\" title=\"\">Solicita tu Presupuesto<\/a><\/div><\/div><\/div><\/div><div class=\"wpb_column vc_column_container vc_col-sm-12 vc_col-md-6 vc_col-has-fill\"><div class=\"vc_column-inner vc_custom_1642095230184\"><div class=\"wpb_wrapper\"><\/div><\/div><\/div><div class=\"wpb_column vc_column_container vc_col-sm-12 vc_col-has-fill\"><div class=\"vc_column-inner vc_custom_1642091423026\"><div class=\"wpb_wrapper\">\n\t<div class=\"wpb_text_column wpb_content_element\" >\n\t\t<div class=\"wpb_wrapper\">\n\t\t\t<p class=\"seccion-enlace-principal\" style=\"text-align: center;\"><strong>Consulta todos los servicios que tenemos en <a href=\"http:\/\/mataroreformas.com\/ca\/\">Reformas Matar\u00f3<\/a> para ti<\/strong><\/p>\n\n\t\t<\/div>\n\t<\/div>\n<\/div><\/div><\/div><\/div><div class=\"clearfix\"><\/div><\/section><section class=\"vc_rows wpb_row vc_row-fluid vc_custom_1641937821471\"><div class=\"container\"><div class=\"row\"><div class=\"wpb_column vc_column_container vc_col-sm-2\"><div class=\"vc_column-inner\"><div class=\"wpb_wrapper\"><\/div><\/div><\/div><div class=\"wpb_column vc_column_container vc_col-sm-8\"><div class=\"vc_column-inner\"><div class=\"wpb_wrapper\">\n\t<div class=\"wpb_text_column wpb_content_element  vc_custom_1642090443007\" >\n\t\t<div class=\"wpb_wrapper\">\n\t\t\t<h2>Tipos de Mamparas de ba\u00f1o en Matar\u00f3 <span class=\"tiny-border\">x<\/span><\/h2>\n<p class=\"intro\">Nuestro servicio es el m\u00e1s completo del mercado, ofrecemos la instalaci\u00f3n de todos los tipos de mamparas, desde las m\u00e1s usadas y funcionales hasta las menos usadas, pero de gran calidad y estilo para su ba\u00f1o, nuestros expertos te comenta cu\u00e1les son las m\u00e1s utilizadas:<\/p>\n\n\t\t<\/div>\n\t<\/div>\n<\/div><\/div><\/div><div class=\"wpb_column vc_column_container vc_col-sm-2\"><div class=\"vc_column-inner\"><div class=\"wpb_wrapper\"><\/div><\/div><\/div><\/div><\/div><div class=\"clearfix\"><\/div><\/section><section class=\"vc_rows wpb_row vc_row-fluid vc_custom_1641937856175\"><div class=\"container\"><div class=\"row\"><div class=\"wpb_column vc_column_container vc_col-sm-6\"><div class=\"vc_column-inner\"><div class=\"wpb_wrapper\">\n\t<div class=\"wpb_text_column wpb_content_element  vc_custom_1642090485548\" >\n\t\t<div class=\"wpb_wrapper\">\n\t\t\t<h3 style=\"text-align: center;\">Mamparas Correderas<\/h3>\n<p class=\"intro\" style=\"text-align: center;\">Es muy utilizada en la actualidad y esto se debe a que su dise\u00f1o le permite adaptarse a cualquier tipo de plato de ducha. En este tipo de mamparas las puertas se deslizan sobre una gu\u00eda mediante rodamientos.<\/p>\n\n\t\t<\/div>\n\t<\/div>\n<\/div><\/div><\/div><div class=\"wpb_column vc_column_container vc_col-sm-6\"><div class=\"vc_column-inner\"><div class=\"wpb_wrapper\">\n\t<div class=\"wpb_text_column wpb_content_element  vc_custom_1642090516667\" >\n\t\t<div class=\"wpb_wrapper\">\n\t\t\t<h3 style=\"text-align: center;\">Mamparas Plegables<\/h3>\n<p class=\"intro\" style=\"text-align: center;\">Ideal para espacios peque\u00f1os, su funcionamiento es muy simple, la puerta se pliega dejando as\u00ed espacio para entrar. La puerta se despliegan hacia adentro, existes diferentes modelos que ofrecen comodidad.<\/p>\n\n\t\t<\/div>\n\t<\/div>\n<\/div><\/div><\/div><\/div><\/div><div class=\"clearfix\"><\/div><\/section><section class=\"vc_rows wpb_row vc_row-fluid vc_custom_1641937856175\"><div class=\"container\"><div class=\"row\"><div class=\"wpb_column vc_column_container vc_col-sm-6\"><div class=\"vc_column-inner\"><div class=\"wpb_wrapper\">\n\t<div class=\"wpb_text_column wpb_content_element  vc_custom_1642090558236\" >\n\t\t<div class=\"wpb_wrapper\">\n\t\t\t<h3 style=\"text-align: center;\">Mamparas Abatibles<\/h3>\n<p class=\"intro\" style=\"text-align: center;\">Utilizada en ba\u00f1os donde se cuenta con mayor espacio libre y esto se debe a que dejan un espacio de entrada total. Generalmente empleadas por personas con alg\u00fan tipo de discapacidad, su funcionalidad les beneficia en algunos casos.<\/p>\n\n\t\t<\/div>\n\t<\/div>\n<\/div><\/div><\/div><div class=\"wpb_column vc_column_container vc_col-sm-6\"><div class=\"vc_column-inner\"><div class=\"wpb_wrapper\">\n\t<div class=\"wpb_text_column wpb_content_element  vc_custom_1642090586473\" >\n\t\t<div class=\"wpb_wrapper\">\n\t\t\t<h3 style=\"text-align: center;\">Mamparas de Panel Fijo<\/h3>\n<p class=\"intro\" style=\"text-align: center;\">Como su nombre lo indica su entrada a la ducha es fija, nunca llega a hacer un cierre total de la misma. Utilizadas dependiendo del dise\u00f1o y la distribuci\u00f3n de los elementos del cuarto de ba\u00f1o.<\/p>\n\n\t\t<\/div>\n\t<\/div>\n<\/div><\/div><\/div><\/div><\/div><div class=\"clearfix\"><\/div><\/section><section class=\"vc_rows wpb_row vc_row-fluid vc_custom_1641938180790 vc_row-has-fill vc_row-o-equal-height vc_row-o-content-middle vc_row-flex\"><div class=\"row\"><div class=\"wpb_column vc_column_container vc_col-sm-12 vc_col-md-6 vc_col-has-fill\"><div class=\"vc_column-inner vc_custom_1642095313992\"><div class=\"wpb_wrapper\"><\/div><\/div><\/div><div class=\"padd70 wpb_column vc_column_container vc_col-sm-12 vc_col-md-6\"><div class=\"vc_column-inner\"><div class=\"wpb_wrapper\">\n\t<div class=\"wpb_text_column wpb_content_element  vc_custom_1642090997772\" >\n\t\t<div class=\"wpb_wrapper\">\n\t\t\t<h2><span style=\"color: #ffffff;\">\u00bfComo elegir la mampara de ba\u00f1o correcta para mi ba\u00f1o? <span class=\"tiny-border\">x<\/span><\/span><\/h2>\n<p class=\"intro\"><span style=\"color: #ffffff;\">Nuestros expertos recomiendan tener dos aspectos importantes para poder elegir la mampara correcta para tu ba\u00f1o y son: el tama\u00f1o y forma de tu plato de ducha. Ya sea que su ba\u00f1o cuente con dos o tres paredes puede utilizar o disponer de un tipo mamparas; los platos cuadrados y los rectangulares se suelen situar entre tres o dos paredes. Si el plato de ducha es redondeado los paneles fijos o con las dos hojas m\u00f3viles son una buena alternativa.\/span&gt;<\/span><\/p>\n\n\t\t<\/div>\n\t<\/div>\n<div class=\"vc_btn3-container vc_btn3-inline vc_custom_1669222018446\" ><a class=\"vc_general vc_btn3 vc_btn3-size-md vc_btn3-shape-rounded vc_btn3-style-modern vc_btn3-color-grey\" href=\"https:\/\/mataroreformas.com\/ca\/contacto\/\" title=\"\">Solicita tu Presupuesto<\/a><\/div><\/div><\/div><\/div><div class=\"wpb_column vc_column_container vc_col-sm-12 vc_col-has-fill\"><div class=\"vc_column-inner vc_custom_1642091435762\"><div class=\"wpb_wrapper\">\n\t<div class=\"wpb_text_column wpb_content_element\" >\n\t\t<div class=\"wpb_wrapper\">\n\t\t\t<p class=\"seccion-enlace-principal\" style=\"text-align: center;\"><strong>Contamos con diferentes tipos de <a href=\"http:\/\/mataroreformas.com\/ca\/reforma-banos-mataro\/\" target=\"_blank\" rel=\"noopener\">Reforma Ba\u00f1os Matar\u00f3<\/a>, descubre mucho m\u00e1s\u2026<\/strong><\/p>\n\n\t\t<\/div>\n\t<\/div>\n<\/div><\/div><\/div><\/div><div class=\"clearfix\"><\/div><\/section>","protected":false},"excerpt":{"rendered":"Realizamos instalaci\u00f3n de Mamparas de ba\u00f1o en Matar\u00f3 para cualquier tipo de ba\u00f1o x Somos expertos a la hora de realizar la instalaci\u00f3n de Mamparas de ba\u00f1o en Matar\u00f3, contamos con la experiencia necesaria para instalar mamparas de cualquier tipo, ya sea para ducha o ba\u00f1eras, del material que usted escoja de pl\u00e1stico o las [...]","protected":false},"author":1,"featured_media":0,"parent":0,"menu_order":0,"comment_status":"closed","ping_status":"open","template":"page-templates\/template-fullwidth.php","meta":{"_uag_custom_page_level_css":"","footnotes":""},"class_list":["post-1251","page","type-page","status-publish","hentry"],"yoast_head":"<!-- This site is optimized with the Yoast SEO plugin v27.4 - https:\/\/yoast.com\/product\/yoast-seo-wordpress\/ -->\n<title>Mamparas de Ba\u00f1o en Matar\u00f3 - Instalaciones en Maresme<\/title>\n<meta name=\"description\" content=\"Mamparas de ba\u00f1o en Matar\u00f3 y Maresme. Sustituci\u00f3n de mamparas de todo tipo: Panel fijo, corredizas, plegables y abatibles en Argentona.\" \/>\n<meta name=\"robots\" content=\"index, follow, max-snippet:-1, max-image-preview:large, max-video-preview:-1\" \/>\n<link rel=\"canonical\" href=\"https:\/\/mataroreformas.com\/ca\/mamparas-de-bano-en-mataro\/\" \/>\n<meta property=\"og:locale\" content=\"ca_ES\" \/>\n<meta property=\"og:type\" content=\"article\" \/>\n<meta property=\"og:title\" content=\"Mamparas de Ba\u00f1o en Matar\u00f3 - Instalaciones en Maresme\" \/>\n<meta property=\"og:description\" content=\"Mamparas de ba\u00f1o en Matar\u00f3 y Maresme. Sustituci\u00f3n de mamparas de todo tipo: Panel fijo, corredizas, plegables y abatibles en Argentona.\" \/>\n<meta property=\"og:url\" content=\"https:\/\/mataroreformas.com\/ca\/mamparas-de-bano-en-mataro\/\" \/>\n<meta property=\"og:site_name\" content=\"Matar\u00f3 Reformas\" \/>\n<meta property=\"article:modified_time\" content=\"2022-11-23T16:50:41+00:00\" \/>\n<meta name=\"twitter:card\" content=\"summary_large_image\" \/>\n<meta name=\"twitter:label1\" content=\"Temps estimat de lectura\" \/>\n\t<meta name=\"twitter:data1\" content=\"5 minuts\" \/>\n<script type=\"application\/ld+json\" class=\"yoast-schema-graph\">{\"@context\":\"https:\\\/\\\/schema.org\",\"@graph\":[{\"@type\":\"WebPage\",\"@id\":\"https:\\\/\\\/mataroreformas.com\\\/mamparas-de-bano-en-mataro\",\"url\":\"https:\\\/\\\/mataroreformas.com\\\/mamparas-de-bano-en-mataro\",\"name\":\"Mamparas de Ba\u00f1o en Matar\u00f3 - Instalaciones en Maresme\",\"isPartOf\":{\"@id\":\"https:\\\/\\\/mataroreformas.com\\\/#website\"},\"datePublished\":\"2022-01-13T17:36:05+00:00\",\"dateModified\":\"2022-11-23T16:50:41+00:00\",\"description\":\"Mamparas de ba\u00f1o en Matar\u00f3 y Maresme. Sustituci\u00f3n de mamparas de todo tipo: Panel fijo, corredizas, plegables y abatibles en Argentona.\",\"breadcrumb\":{\"@id\":\"https:\\\/\\\/mataroreformas.com\\\/mamparas-de-bano-en-mataro#breadcrumb\"},\"inLanguage\":\"ca\",\"potentialAction\":[{\"@type\":\"ReadAction\",\"target\":[\"https:\\\/\\\/mataroreformas.com\\\/mamparas-de-bano-en-mataro\"]}]},{\"@type\":\"BreadcrumbList\",\"@id\":\"https:\\\/\\\/mataroreformas.com\\\/mamparas-de-bano-en-mataro#breadcrumb\",\"itemListElement\":[{\"@type\":\"ListItem\",\"position\":1,\"name\":\"Portada\",\"item\":\"https:\\\/\\\/mataroreformas.com\\\/\"},{\"@type\":\"ListItem\",\"position\":2,\"name\":\"Mamparas de Ba\u00f1o en Matar\u00f3\"}]},{\"@type\":\"WebSite\",\"@id\":\"https:\\\/\\\/mataroreformas.com\\\/#website\",\"url\":\"https:\\\/\\\/mataroreformas.com\\\/\",\"name\":\"Matar\u00f3 Reformas\",\"description\":\"Reformas de todo tipo a su alcance\",\"potentialAction\":[{\"@type\":\"SearchAction\",\"target\":{\"@type\":\"EntryPoint\",\"urlTemplate\":\"https:\\\/\\\/mataroreformas.com\\\/?s={search_term_string}\"},\"query-input\":{\"@type\":\"PropertyValueSpecification\",\"valueRequired\":true,\"valueName\":\"search_term_string\"}}],\"inLanguage\":\"ca\"}]}<\/script>\n<!-- \/ Yoast SEO plugin. -->","yoast_head_json":{"title":"Mamparas de Ba\u00f1o en Matar\u00f3 - Instalaciones en Maresme","description":"Mamparas de ba\u00f1o en Matar\u00f3 y Maresme. Sustituci\u00f3n de mamparas de todo tipo: Panel fijo, corredizas, plegables y abatibles en Argentona.","robots":{"index":"index","follow":"follow","max-snippet":"max-snippet:-1","max-image-preview":"max-image-preview:large","max-video-preview":"max-video-preview:-1"},"canonical":"https:\/\/mataroreformas.com\/ca\/mamparas-de-bano-en-mataro\/","og_locale":"ca_ES","og_type":"article","og_title":"Mamparas de Ba\u00f1o en Matar\u00f3 - Instalaciones en Maresme","og_description":"Mamparas de ba\u00f1o en Matar\u00f3 y Maresme. Sustituci\u00f3n de mamparas de todo tipo: Panel fijo, corredizas, plegables y abatibles en Argentona.","og_url":"https:\/\/mataroreformas.com\/ca\/mamparas-de-bano-en-mataro\/","og_site_name":"Matar\u00f3 Reformas","article_modified_time":"2022-11-23T16:50:41+00:00","twitter_card":"summary_large_image","twitter_misc":{"Temps estimat de lectura":"5 minuts"},"schema":{"@context":"https:\/\/schema.org","@graph":[{"@type":"WebPage","@id":"https:\/\/mataroreformas.com\/mamparas-de-bano-en-mataro","url":"https:\/\/mataroreformas.com\/mamparas-de-bano-en-mataro","name":"Mamparas de Ba\u00f1o en Matar\u00f3 - Instalaciones en Maresme","isPartOf":{"@id":"https:\/\/mataroreformas.com\/#website"},"datePublished":"2022-01-13T17:36:05+00:00","dateModified":"2022-11-23T16:50:41+00:00","description":"Mamparas de ba\u00f1o en Matar\u00f3 y Maresme. Sustituci\u00f3n de mamparas de todo tipo: Panel fijo, corredizas, plegables y abatibles en Argentona.","breadcrumb":{"@id":"https:\/\/mataroreformas.com\/mamparas-de-bano-en-mataro#breadcrumb"},"inLanguage":"ca","potentialAction":[{"@type":"ReadAction","target":["https:\/\/mataroreformas.com\/mamparas-de-bano-en-mataro"]}]},{"@type":"BreadcrumbList","@id":"https:\/\/mataroreformas.com\/mamparas-de-bano-en-mataro#breadcrumb","itemListElement":[{"@type":"ListItem","position":1,"name":"Portada","item":"https:\/\/mataroreformas.com\/"},{"@type":"ListItem","position":2,"name":"Mamparas de Ba\u00f1o en Matar\u00f3"}]},{"@type":"WebSite","@id":"https:\/\/mataroreformas.com\/#website","url":"https:\/\/mataroreformas.com\/","name":"Matar\u00f3 Reformas","description":"Reformas de todo tipo a su alcance","potentialAction":[{"@type":"SearchAction","target":{"@type":"EntryPoint","urlTemplate":"https:\/\/mataroreformas.com\/?s={search_term_string}"},"query-input":{"@type":"PropertyValueSpecification","valueRequired":true,"valueName":"search_term_string"}}],"inLanguage":"ca"}]}},"uagb_featured_image_src":{"full":false,"thumbnail":false,"medium":false,"medium_large":false,"large":false,"1536x1536":false,"2048x2048":false,"trp-custom-language-flag":false},"uagb_author_info":{"display_name":"reformamataro","author_link":"https:\/\/mataroreformas.com\/ca\/author\/reformamataro"},"uagb_comment_info":0,"uagb_excerpt":null,"_links":{"self":[{"href":"https:\/\/mataroreformas.com\/ca\/wp-json\/wp\/v2\/pages\/1251","targetHints":{"allow":["GET"]}}],"collection":[{"href":"https:\/\/mataroreformas.com\/ca\/wp-json\/wp\/v2\/pages"}],"about":[{"href":"https:\/\/mataroreformas.com\/ca\/wp-json\/wp\/v2\/types\/page"}],"author":[{"embeddable":true,"href":"https:\/\/mataroreformas.com\/ca\/wp-json\/wp\/v2\/users\/1"}],"replies":[{"embeddable":true,"href":"https:\/\/mataroreformas.com\/ca\/wp-json\/wp\/v2\/comments?post=1251"}],"version-history":[{"count":9,"href":"https:\/\/mataroreformas.com\/ca\/wp-json\/wp\/v2\/pages\/1251\/revisions"}],"predecessor-version":[{"id":1706,"href":"https:\/\/mataroreformas.com\/ca\/wp-json\/wp\/v2\/pages\/1251\/revisions\/1706"}],"wp:attachment":[{"href":"https:\/\/mataroreformas.com\/ca\/wp-json\/wp\/v2\/media?parent=1251"}],"curies":[{"name":"wp","href":"https:\/\/api.w.org\/{rel}","templated":true}]}}