{"id":1234,"date":"2022-01-13T15:44:23","date_gmt":"2022-01-13T15:44:23","guid":{"rendered":"http:\/\/mataroreformas.com\/?page_id=1234"},"modified":"2022-11-23T16:44:23","modified_gmt":"2022-11-23T16:44:23","slug":"alicatado-de-banos-en-mataro","status":"publish","type":"page","link":"https:\/\/mataroreformas.com\/ca\/alicatado-de-banos-en-mataro","title":{"rendered":"Alicatado de Ba\u00f1os en Matar\u00f3"},"content":{"rendered":"<section class=\"vc_rows wpb_row vc_row-fluid vc_custom_1481614324254 vc_row-o-equal-height vc_row-o-content-middle vc_row-flex\"><div class=\"row\"><div class=\"padd70 wpb_column vc_column_container vc_col-sm-12 vc_col-md-6\"><div class=\"vc_column-inner\"><div class=\"wpb_wrapper\">\n\t<div class=\"wpb_text_column wpb_content_element  vc_custom_1642088156403\" >\n\t\t<div class=\"wpb_wrapper\">\n\t\t\t<h2>Ofrecemos nuestro servicio de Alicatado de Ba\u00f1os en Matar\u00f3 de la mano de profesionales <span class=\"tiny-border\">x<\/span><\/h2>\n<p class=\"intro\">\u00bfLo que desea es darle a su ba\u00f1o un estilo divertido, elegante, de gran estilo, relajante y c\u00f3modo? En Reformas Matar\u00f3 contamos con verdaderos expertos en la materia, con una gran experiencia a la hora de realizar el Alicatado de ba\u00f1os en Matar\u00f3. Al momento de ejecutar dicho servicio podr\u00e1 conseguir esa sensaci\u00f3n de amplitud, comodidad y estilo en su ba\u00f1o, este tipo de servicio es de los m\u00e1s solicitados por parte de nuestros clientes, ya que ofrece m\u00faltiples beneficios, sin mencionar que el ba\u00f1o en el espacio en el hogar que requiere mayor higiene. Existen diferentes tipos de azulejos o baldosas las cuales les podemos recomendar. Nuestros expertos se encuentran a la orden y disponibles para empezar su reforma, cont\u00e1ctenos.<\/p>\n\n\t\t<\/div>\n\t<\/div>\n<div class=\"vc_btn3-container vc_btn3-inline vc_custom_1669221510407\" ><a class=\"vc_general vc_btn3 vc_btn3-size-md vc_btn3-shape-rounded vc_btn3-style-modern vc_btn3-color-grey\" href=\"https:\/\/mataroreformas.com\/ca\/contacto\/\" title=\"Contacto\">Solicita tu Presupuesto<\/a><\/div><\/div><\/div><\/div><div class=\"wpb_column vc_column_container vc_col-sm-12 vc_col-md-6 vc_col-has-fill\"><div class=\"vc_column-inner vc_custom_1642085986503\"><div class=\"wpb_wrapper\"><\/div><\/div><\/div><\/div><div class=\"clearfix\"><\/div><\/section><section class=\"vc_rows wpb_row vc_row-fluid vc_custom_1669221869090\"><div class=\"row\"><div class=\"wpb_column vc_column_container vc_col-sm-12 vc_col-has-fill\"><div class=\"vc_column-inner vc_custom_1669221731327\"><div class=\"wpb_wrapper\">\n\t<div class=\"row call-to-action\">\n\t\t<div class=\"col-md-8\">\n\t        <h3 class=\"mt10\">Contamos con los mejores expertos en Alicatado de Ba\u00f1os en Matar\u00f3, visita nuestra pagina de Contacto y solicita tu presupuesto<\/h3>\n\t    <\/div>\n\t    <div class=\"col-md-4 text-right\">\n\t    \t<a class=\"btn btn-line-black btn-fx\" href=\"https:\/\/mataroreformas.com\/ca\/contacto\/\" target=\"_self\">Contacto<\/a>\t    <\/div>\n    <\/div>\n\n<\/div><\/div><\/div><\/div><div class=\"clearfix\"><\/div><\/section><section class=\"vc_rows wpb_row vc_row-fluid vc_custom_1481614324254 vc_row-o-equal-height vc_row-o-content-middle vc_row-flex\"><div class=\"row\"><div class=\"wpb_column vc_column_container vc_col-sm-12 vc_col-md-6 vc_col-has-fill\"><div class=\"vc_column-inner vc_custom_1642087991210\"><div class=\"wpb_wrapper\">\n\t<div  class=\"wpb_single_image wpb_content_element vc_align_left  vc_custom_1642087831069\">\n\t\t\n\t\t<figure class=\"wpb_wrapper vc_figure\">\n\t\t\t<div class=\"vc_single_image-wrapper   vc_box_border_grey\"><img loading=\"lazy\" decoding=\"async\" width=\"900\" height=\"600\" src=\"https:\/\/mataroreformas.com\/wp-content\/uploads\/2022\/01\/alicatado-de-banos-mataro-02.jpg\" class=\"vc_single_image-img attachment-full\" alt=\"\" title=\"alicatado-de-banos-mataro-02\" srcset=\"https:\/\/mataroreformas.com\/wp-content\/uploads\/2022\/01\/alicatado-de-banos-mataro-02.jpg 900w, https:\/\/mataroreformas.com\/wp-content\/uploads\/2022\/01\/alicatado-de-banos-mataro-02-300x200.jpg 300w, https:\/\/mataroreformas.com\/wp-content\/uploads\/2022\/01\/alicatado-de-banos-mataro-02-768x512.jpg 768w\" sizes=\"auto, (max-width: 900px) 100vw, 900px\" \/><\/div>\n\t\t<\/figure>\n\t<\/div>\n<\/div><\/div><\/div><div class=\"padd70 wpb_column vc_column_container vc_col-sm-12 vc_col-md-6\"><div class=\"vc_column-inner\"><div class=\"wpb_wrapper\">\n\t<div class=\"wpb_text_column wpb_content_element  vc_custom_1642085160259\" >\n\t\t<div class=\"wpb_wrapper\">\n\t\t\t<h2>Alicatado de Ba\u00f1os en Matar\u00f3: \u00bfQu\u00e9 es?, y \u00bfPara qu\u00e9 se utiliza? <span class=\"tiny-border\">x<\/span><\/h2>\n<p class=\"intro\">El alicatado de ba\u00f1os no es m\u00e1s que el recubrimiento que se realiza a las paredes y\/o pisos del ba\u00f1o, este cubrimiento puede ser con azulejos de cualquier tipo o baldosas, el alicatado es utilizado de igual manera en cocinas o habitaciones. Para ejecutar dicho trabajo y antes de hacer la b\u00fasqueda de las <a href=\"https:\/\/geologiaweb.com\/materiales\/baldosas\/\" target=\"_blank\" rel=\"noopener\">baldosas<\/a> o azulejos, nuestros expertos calculan las medidas exactas del \u00e1rea donde se planea proceder el alicatado. En Reformas Matar\u00f3 tenemos a sus disposiciones las mejores herramientas y el personal calificado para cualquier tipo de trabajo de alicatado para su ba\u00f1o.<\/p>\n\n\t\t<\/div>\n\t<\/div>\n<div class=\"vc_btn3-container vc_btn3-inline vc_custom_1669221510407\" ><a class=\"vc_general vc_btn3 vc_btn3-size-md vc_btn3-shape-rounded vc_btn3-style-modern vc_btn3-color-grey\" href=\"https:\/\/mataroreformas.com\/ca\/contacto\/\" title=\"Contacto\">Solicita tu Presupuesto<\/a><\/div><\/div><\/div><\/div><div class=\"wpb_column vc_column_container vc_col-sm-12 vc_col-has-fill\"><div class=\"vc_column-inner vc_custom_1642083518791\"><div class=\"wpb_wrapper\">\n\t<div class=\"wpb_text_column wpb_content_element\" >\n\t\t<div class=\"wpb_wrapper\">\n\t\t\t<p class=\"seccion-enlace-principal\" style=\"text-align: center;\"><strong>Contamos con diferentes tipos de <a href=\"http:\/\/mataroreformas.com\/ca\/reforma-banos-mataro\/\">Reforma Ba\u00f1os Matar\u00f3<\/a>, descubre mucho m\u00e1s&#8230;<\/strong><\/p>\n\n\t\t<\/div>\n\t<\/div>\n<\/div><\/div><\/div><\/div><div class=\"clearfix\"><\/div><\/section><section data-stellar-background-ratio=\".2\" class=\"vc_rows wpb_row vc_row-fluid vc_custom_1642086217002 vc_row-has-fill parallax\"><div class=\"container\"><div class=\"row\"><div class=\"wpb_column vc_column_container vc_col-sm-12\"><div class=\"vc_column-inner\"><div class=\"wpb_wrapper\">\n\t<div class=\"wpb_text_column wpb_content_element  vc_custom_1642083083059\" >\n\t\t<div class=\"wpb_wrapper\">\n\t\t\t<h2><span style=\"color: #ffffff;\">Para el Alicatado de Ba\u00f1os en Matar\u00f3: \u00bfComo elegir los azulejos correctos? <span class=\"tiny-border\">x<\/span><\/span><\/h2>\n\n\t\t<\/div>\n\t<\/div>\n\n\t<div class=\"wpb_text_column wpb_content_element  vc_custom_1642083100962\" >\n\t\t<div class=\"wpb_wrapper\">\n\t\t\t<p><span style=\"color: #ffffff;\">En Reformas Matar\u00f3 contamos con la experiencia necesaria para darte asesor\u00eda de como elegir de forma correcta los mejores azulejos para su ba\u00f1o, ya sea para piso, paredes y todo el cuarto de ba\u00f1o en general, ac\u00e1 te comentamos como:<\/span><\/p>\n\n\t\t<\/div>\n\t<\/div>\n<\/div><\/div><\/div><div class=\"wpb_column vc_column_container vc_col-sm-12 vc_col-md-4\"><div class=\"vc_column-inner\"><div class=\"wpb_wrapper\">\n\t\t<div class=\"feature-box-small-icon text-light\">\n        <span class=\"icon\">\n        \t<i class=\"icon_box-checked id-color\"><\/i>\n        <\/span>\n        <div class=\"text\">\n            <h3>Si se busca un estilo moderno y decorativo<\/h3>\n            Al momento de buscar los azulejos apropiados para el alicatado de su ba\u00f1o, es importante buscar o tener claro el estilo que se busca tener, en Reformas Matar\u00f3 nuestros expertos pueden darle recomendaciones, asesorarlo o mostrarle trabajos realizados por nosotros anteriormente.        <\/div>\n    <\/div>\n    \n<div class=\"vc_empty_space\"   style=\"height: 30px\"><span class=\"vc_empty_space_inner\"><\/span><\/div>\n\t\t<div class=\"feature-box-small-icon text-light\">\n        <span class=\"icon\">\n        \t<i class=\"icon_box-checked id-color\"><\/i>\n        <\/span>\n        <div class=\"text\">\n            <h3>Luz natural en el cuarto de ba\u00f1o<\/h3>\n            Si en su cuarto de ba\u00f1o cuenta con mucha luz natural esto representara una ventaja mayor, ya que las opciones de estilos o colores ser\u00e1 mayor, en especial cuando lo que se busca es estilos m\u00e1s oscuros o si lo desea los colores claros dan la sensaci\u00f3n de iluminaci\u00f3n o azulejos de tipo brillo.        <\/div>\n    <\/div>\n    \n<\/div><\/div><\/div><div class=\"wpb_column vc_column_container vc_col-sm-12 vc_col-md-4\"><div class=\"vc_column-inner\"><div class=\"wpb_wrapper\">\n\t\t<div class=\"feature-box-small-icon text-light\">\n        <span class=\"icon\">\n        \t<i class=\"icon_box-checked id-color\"><\/i>\n        <\/span>\n        <div class=\"text\">\n            <h3>Tener presente la organizaci\u00f3n final de los Utensilios<\/h3>\n            Saber la forma correcta en la que ir\u00e1n distribuidos los elementos del ba\u00f1o ayudara mucho a tener una idea del estilo y colores de los azulejos que se podr\u00e1n usar, esto se puede saber en el momento que se est\u00e9 realizando el dise\u00f1o de la reforma o construcci\u00f3n del ba\u00f1o, as\u00ed se podr\u00e1n evitar errores.        <\/div>\n    <\/div>\n    \n<div class=\"vc_empty_space\"   style=\"height: 30px\"><span class=\"vc_empty_space_inner\"><\/span><\/div><\/div><\/div><\/div><div class=\"wpb_column vc_column_container vc_col-sm-12 vc_col-md-4\"><div class=\"vc_column-inner\"><div class=\"wpb_wrapper\">\n\t\t<div class=\"feature-box-small-icon text-light\">\n        <span class=\"icon\">\n        \t<i class=\"icon_box-checked id-color\"><\/i>\n        <\/span>\n        <div class=\"text\">\n            <h3>La estructura o tama\u00f1o del ba\u00f1o<\/h3>\n            Al momento de realizar la elecci\u00f3n de los azulejos del ba\u00f1o saber si el ba\u00f1o ser\u00e1 grande, peque\u00f1o o si los techos ser\u00e1n muy altos ayudara mucho, ya que tendremos una idea de los estilos que se puede utilizar a la hora de trabajar en su ba\u00f1o, en Reformas Matar\u00f3 podr\u00e1 contar con nuestros expertos.        <\/div>\n    <\/div>\n    \n<div class=\"vc_empty_space\"   style=\"height: 30px\"><span class=\"vc_empty_space_inner\"><\/span><\/div><\/div><\/div><\/div><\/div><\/div><div class=\"clearfix\"><\/div><\/section><section class=\"vc_rows wpb_row vc_row-fluid vc_custom_1481614324254 vc_row-o-equal-height vc_row-o-content-middle vc_row-flex\"><div class=\"row\"><div class=\"padd70 wpb_column vc_column_container vc_col-sm-12 vc_col-md-6\"><div class=\"vc_column-inner\"><div class=\"wpb_wrapper\">\n\t<div class=\"wpb_text_column wpb_content_element  vc_custom_1642083734784\" >\n\t\t<div class=\"wpb_wrapper\">\n\t\t\t<h2>\u00bfQu\u00e9 es m\u00e1s recomendable:? \u00bfEl Alicatado de Ba\u00f1o o Pintar el ba\u00f1o? <span class=\"tiny-border\">x<\/span><\/h2>\n<p class=\"intro\">M\u00e1s all\u00e1 del presupuesto con el que se pueda contar de inicio, nuestro experto recomienda firmemente el alicatado de su cuarto de ba\u00f1o antes que pintar, esto debido a que: al momento de realizar el alicatado del ba\u00f1o se puede contar con distintas opciones, las cuales resultaran ser m\u00e1s duradera, de mayor estilo y calidad que pintar el cuarto de ba\u00f1o. El pintar su ba\u00f1o requerir\u00e1 eventualmente retoques o cambios de la misma, los azulejos en su lugar no requieren de mayor mantenimiento y su limpieza es sencilla.<\/p>\n\n\t\t<\/div>\n\t<\/div>\n<\/div><\/div><\/div><div class=\"wpb_column vc_column_container vc_col-sm-12 vc_col-md-6 vc_col-has-fill\"><div class=\"vc_column-inner vc_custom_1642088558386\"><div class=\"wpb_wrapper\"><\/div><\/div><\/div><div class=\"wpb_column vc_column_container vc_col-sm-12 vc_col-has-fill\"><div class=\"vc_column-inner vc_custom_1642083495696\"><div class=\"wpb_wrapper\">\n\t<div class=\"wpb_text_column wpb_content_element\" >\n\t\t<div class=\"wpb_wrapper\">\n\t\t\t<p class=\"seccion-enlace-principal\" style=\"text-align: center;\"><strong>Consulta todos los servicios que tenemos en <a href=\"http:\/\/mataroreformas.com\/ca\/\">Reformas Matar\u00f3<\/a> para ti<\/strong><\/p>\n\n\t\t<\/div>\n\t<\/div>\n<\/div><\/div><\/div><\/div><div class=\"clearfix\"><\/div><\/section><section class=\"vc_rows wpb_row vc_row-fluid vc_custom_1641937821471\"><div class=\"container\"><div class=\"row\"><div class=\"wpb_column vc_column_container vc_col-sm-2\"><div class=\"vc_column-inner\"><div class=\"wpb_wrapper\"><\/div><\/div><\/div><div class=\"wpb_column vc_column_container vc_col-sm-8\"><div class=\"vc_column-inner\"><div class=\"wpb_wrapper\">\n\t<div class=\"wpb_text_column wpb_content_element  vc_custom_1642083791231\" >\n\t\t<div class=\"wpb_wrapper\">\n\t\t\t<h2>Tipos de azulejos que puede utilizar para el Alicatado de Ba\u00f1os en Matar\u00f3 <span class=\"tiny-border\">x<\/span><\/h2>\n<p class=\"intro\">Hoy en d\u00eda existe una gran variedad colores y estilos que nuestros expertos pueden adaptar a tu ba\u00f1o para realizar el alicatado del mismo, entre los m\u00e1s utilizados tenemos:<\/p>\n\n\t\t<\/div>\n\t<\/div>\n<\/div><\/div><\/div><div class=\"wpb_column vc_column_container vc_col-sm-2\"><div class=\"vc_column-inner\"><div class=\"wpb_wrapper\"><\/div><\/div><\/div><\/div><\/div><div class=\"clearfix\"><\/div><\/section><section class=\"vc_rows wpb_row vc_row-fluid vc_custom_1641937856175\"><div class=\"container\"><div class=\"row\"><div class=\"wpb_column vc_column_container vc_col-sm-6\"><div class=\"vc_column-inner\"><div class=\"wpb_wrapper\">\n\t<div class=\"wpb_text_column wpb_content_element  vc_custom_1642083857887\" >\n\t\t<div class=\"wpb_wrapper\">\n\t\t\t<h3 style=\"text-align: center;\">Azulejos de cer\u00e1mica<\/h3>\n<p class=\"intro\" style=\"text-align: center;\">Este tipo de azulejo es el m\u00e1s utilizado para el alicatado de ba\u00f1os en Barcelona, ya que a diferencia de muchos otros es m\u00e1s econ\u00f3mico y no requieren de demasiado mantenimiento.<\/p>\n\n\t\t<\/div>\n\t<\/div>\n<\/div><\/div><\/div><div class=\"wpb_column vc_column_container vc_col-sm-6\"><div class=\"vc_column-inner\"><div class=\"wpb_wrapper\">\n\t<div class=\"wpb_text_column wpb_content_element  vc_custom_1642083882288\" >\n\t\t<div class=\"wpb_wrapper\">\n\t\t\t<h3 style=\"text-align: center;\">Azulejos de Porcelana<\/h3>\n<p class=\"intro\" style=\"text-align: center;\">Azulejos de mayor calidad, muy parecidos a los azulejos de cer\u00e1mica, ya que ambos son f\u00e1ciles de mantener, la diferencia es el elevado costo, pero de gran calidad.<\/p>\n\n\t\t<\/div>\n\t<\/div>\n<\/div><\/div><\/div><\/div><\/div><div class=\"clearfix\"><\/div><\/section><section class=\"vc_rows wpb_row vc_row-fluid vc_custom_1641937856175\"><div class=\"container\"><div class=\"row\"><div class=\"wpb_column vc_column_container vc_col-sm-6\"><div class=\"vc_column-inner\"><div class=\"wpb_wrapper\">\n\t<div class=\"wpb_text_column wpb_content_element  vc_custom_1642083915248\" >\n\t\t<div class=\"wpb_wrapper\">\n\t\t\t<h3 style=\"text-align: center;\">Azulejos de Vidrio<\/h3>\n<p class=\"intro\" style=\"text-align: center;\">Muy utilizados para dar un toque \u00fanico y de gran estilo, son de excelente calidad, son muy f\u00e1ciles de mantener, limpieza muy sencilla, elevado precio y excelente calidad.<\/p>\n\n\t\t<\/div>\n\t<\/div>\n<\/div><\/div><\/div><div class=\"wpb_column vc_column_container vc_col-sm-6\"><div class=\"vc_column-inner\"><div class=\"wpb_wrapper\">\n\t<div class=\"wpb_text_column wpb_content_element  vc_custom_1642083964351\" >\n\t\t<div class=\"wpb_wrapper\">\n\t\t\t<h3 style=\"text-align: center;\">Azulejos de Piedra<\/h3>\n<p class=\"intro\" style=\"text-align: center;\">Ideales para dar un estilo campestre, son de alt\u00edsima calidad, pero de elevado costo, este tipo de azulejo tiene poca vida \u00fatil esto debido a que conservan humedad.<\/p>\n\n\t\t<\/div>\n\t<\/div>\n<\/div><\/div><\/div><\/div><\/div><div class=\"clearfix\"><\/div><\/section><section class=\"vc_rows wpb_row vc_row-fluid vc_custom_1641938180790 vc_row-has-fill vc_row-o-equal-height vc_row-o-content-middle vc_row-flex\"><div class=\"row\"><div class=\"wpb_column vc_column_container vc_col-sm-12 vc_col-md-6 vc_col-has-fill\"><div class=\"vc_column-inner vc_custom_1642088585746\"><div class=\"wpb_wrapper\"><\/div><\/div><\/div><div class=\"padd70 wpb_column vc_column_container vc_col-sm-12 vc_col-md-6\"><div class=\"vc_column-inner\"><div class=\"wpb_wrapper\">\n\t<div class=\"wpb_text_column wpb_content_element  vc_custom_1642084020958\" >\n\t\t<div class=\"wpb_wrapper\">\n\t\t\t<h2><span style=\"color: #ffffff;\">\u00bfQu\u00e9 beneficios se obtienen a la hora de realizar el Alicatado de Ba\u00f1os en Matar\u00f3? <span class=\"tiny-border\">x<\/span><\/span><\/h2>\n<p class=\"intro\"><span style=\"color: #ffffff;\">Nuestro equipo de instaladores comentan a nuestros clientes todos los beneficios que este tipo de trabajo trae a su ba\u00f1o y es que la principal ventaja o beneficio es que evita la humedad en una zona tan h\u00fameda como lo es el ba\u00f1o, con el alicatado evitamos posibles manchas que esta pueda ocasionar. El alicatado de ba\u00f1o es un trabajo rentable, ya que en algunos caso resulta ser econ\u00f3mico, dependiendo de la calidad de los azulejos se puede utilizar unos econ\u00f3micos, son de larga durabilidad y de sencillo mantenimiento.<\/span><\/p>\n\n\t\t<\/div>\n\t<\/div>\n<div class=\"vc_btn3-container vc_btn3-inline vc_custom_1669221510407\" ><a class=\"vc_general vc_btn3 vc_btn3-size-md vc_btn3-shape-rounded vc_btn3-style-modern vc_btn3-color-grey\" href=\"https:\/\/mataroreformas.com\/ca\/contacto\/\" title=\"Contacto\">Solicita tu Presupuesto<\/a><\/div><\/div><\/div><\/div><\/div><div class=\"clearfix\"><\/div><\/section>","protected":false},"excerpt":{"rendered":"Ofrecemos nuestro servicio de Alicatado de Ba\u00f1os en Matar\u00f3 de la mano de profesionales x \u00bfLo que desea es darle a su ba\u00f1o un estilo divertido, elegante, de gran estilo, relajante y c\u00f3modo? En Reformas Matar\u00f3 contamos con verdaderos expertos en la materia, con una gran experiencia a la hora de realizar el Alicatado de [...]","protected":false},"author":1,"featured_media":0,"parent":0,"menu_order":0,"comment_status":"closed","ping_status":"open","template":"page-templates\/template-fullwidth.php","meta":{"_uag_custom_page_level_css":"","footnotes":""},"class_list":["post-1234","page","type-page","status-publish","hentry"],"yoast_head":"<!-- This site is optimized with the Yoast SEO plugin v27.4 - https:\/\/yoast.com\/product\/yoast-seo-wordpress\/ -->\n<title>Alicatado de Ba\u00f1os en Matar\u00f3 y Maresme - Expertos en revestimiento<\/title>\n<meta name=\"description\" content=\"Alicatado de ba\u00f1os Matar\u00f3 y Maresme. Instalaci\u00f3n de Azulejos de Cer\u00e1mica, Porcelana, Vidrio, Piedra. Mantenimiento y recubrimiento.\" \/>\n<meta name=\"robots\" content=\"index, follow, max-snippet:-1, max-image-preview:large, max-video-preview:-1\" \/>\n<link rel=\"canonical\" href=\"https:\/\/mataroreformas.com\/ca\/alicatado-de-banos-en-mataro\/\" \/>\n<meta property=\"og:locale\" content=\"ca_ES\" \/>\n<meta property=\"og:type\" content=\"article\" \/>\n<meta property=\"og:title\" content=\"Alicatado de Ba\u00f1os en Matar\u00f3 y Maresme - Expertos en revestimiento\" \/>\n<meta property=\"og:description\" content=\"Alicatado de ba\u00f1os Matar\u00f3 y Maresme. Instalaci\u00f3n de Azulejos de Cer\u00e1mica, Porcelana, Vidrio, Piedra. Mantenimiento y recubrimiento.\" \/>\n<meta property=\"og:url\" content=\"https:\/\/mataroreformas.com\/ca\/alicatado-de-banos-en-mataro\/\" \/>\n<meta property=\"og:site_name\" content=\"Matar\u00f3 Reformas\" \/>\n<meta property=\"article:modified_time\" content=\"2022-11-23T16:44:23+00:00\" \/>\n<meta name=\"twitter:card\" content=\"summary_large_image\" \/>\n<meta name=\"twitter:label1\" content=\"Temps estimat de lectura\" \/>\n\t<meta name=\"twitter:data1\" content=\"6 minuts\" \/>\n<script type=\"application\/ld+json\" class=\"yoast-schema-graph\">{\"@context\":\"https:\\\/\\\/schema.org\",\"@graph\":[{\"@type\":\"WebPage\",\"@id\":\"https:\\\/\\\/mataroreformas.com\\\/alicatado-de-banos-en-mataro\",\"url\":\"https:\\\/\\\/mataroreformas.com\\\/alicatado-de-banos-en-mataro\",\"name\":\"Alicatado de Ba\u00f1os en Matar\u00f3 y Maresme - Expertos en revestimiento\",\"isPartOf\":{\"@id\":\"https:\\\/\\\/mataroreformas.com\\\/#website\"},\"datePublished\":\"2022-01-13T15:44:23+00:00\",\"dateModified\":\"2022-11-23T16:44:23+00:00\",\"description\":\"Alicatado de ba\u00f1os Matar\u00f3 y Maresme. Instalaci\u00f3n de Azulejos de Cer\u00e1mica, Porcelana, Vidrio, Piedra. Mantenimiento y recubrimiento.\",\"breadcrumb\":{\"@id\":\"https:\\\/\\\/mataroreformas.com\\\/alicatado-de-banos-en-mataro#breadcrumb\"},\"inLanguage\":\"ca\",\"potentialAction\":[{\"@type\":\"ReadAction\",\"target\":[\"https:\\\/\\\/mataroreformas.com\\\/alicatado-de-banos-en-mataro\"]}]},{\"@type\":\"BreadcrumbList\",\"@id\":\"https:\\\/\\\/mataroreformas.com\\\/alicatado-de-banos-en-mataro#breadcrumb\",\"itemListElement\":[{\"@type\":\"ListItem\",\"position\":1,\"name\":\"Portada\",\"item\":\"https:\\\/\\\/mataroreformas.com\\\/\"},{\"@type\":\"ListItem\",\"position\":2,\"name\":\"Alicatado de Ba\u00f1os en Matar\u00f3\"}]},{\"@type\":\"WebSite\",\"@id\":\"https:\\\/\\\/mataroreformas.com\\\/#website\",\"url\":\"https:\\\/\\\/mataroreformas.com\\\/\",\"name\":\"Matar\u00f3 Reformas\",\"description\":\"Reformas de todo tipo a su alcance\",\"potentialAction\":[{\"@type\":\"SearchAction\",\"target\":{\"@type\":\"EntryPoint\",\"urlTemplate\":\"https:\\\/\\\/mataroreformas.com\\\/?s={search_term_string}\"},\"query-input\":{\"@type\":\"PropertyValueSpecification\",\"valueRequired\":true,\"valueName\":\"search_term_string\"}}],\"inLanguage\":\"ca\"}]}<\/script>\n<!-- \/ Yoast SEO plugin. -->","yoast_head_json":{"title":"Alicatado de Ba\u00f1os en Matar\u00f3 y Maresme - Expertos en revestimiento","description":"Alicatado de ba\u00f1os Matar\u00f3 y Maresme. Instalaci\u00f3n de Azulejos de Cer\u00e1mica, Porcelana, Vidrio, Piedra. Mantenimiento y recubrimiento.","robots":{"index":"index","follow":"follow","max-snippet":"max-snippet:-1","max-image-preview":"max-image-preview:large","max-video-preview":"max-video-preview:-1"},"canonical":"https:\/\/mataroreformas.com\/ca\/alicatado-de-banos-en-mataro\/","og_locale":"ca_ES","og_type":"article","og_title":"Alicatado de Ba\u00f1os en Matar\u00f3 y Maresme - Expertos en revestimiento","og_description":"Alicatado de ba\u00f1os Matar\u00f3 y Maresme. Instalaci\u00f3n de Azulejos de Cer\u00e1mica, Porcelana, Vidrio, Piedra. Mantenimiento y recubrimiento.","og_url":"https:\/\/mataroreformas.com\/ca\/alicatado-de-banos-en-mataro\/","og_site_name":"Matar\u00f3 Reformas","article_modified_time":"2022-11-23T16:44:23+00:00","twitter_card":"summary_large_image","twitter_misc":{"Temps estimat de lectura":"6 minuts"},"schema":{"@context":"https:\/\/schema.org","@graph":[{"@type":"WebPage","@id":"https:\/\/mataroreformas.com\/alicatado-de-banos-en-mataro","url":"https:\/\/mataroreformas.com\/alicatado-de-banos-en-mataro","name":"Alicatado de Ba\u00f1os en Matar\u00f3 y Maresme - Expertos en revestimiento","isPartOf":{"@id":"https:\/\/mataroreformas.com\/#website"},"datePublished":"2022-01-13T15:44:23+00:00","dateModified":"2022-11-23T16:44:23+00:00","description":"Alicatado de ba\u00f1os Matar\u00f3 y Maresme. Instalaci\u00f3n de Azulejos de Cer\u00e1mica, Porcelana, Vidrio, Piedra. Mantenimiento y recubrimiento.","breadcrumb":{"@id":"https:\/\/mataroreformas.com\/alicatado-de-banos-en-mataro#breadcrumb"},"inLanguage":"ca","potentialAction":[{"@type":"ReadAction","target":["https:\/\/mataroreformas.com\/alicatado-de-banos-en-mataro"]}]},{"@type":"BreadcrumbList","@id":"https:\/\/mataroreformas.com\/alicatado-de-banos-en-mataro#breadcrumb","itemListElement":[{"@type":"ListItem","position":1,"name":"Portada","item":"https:\/\/mataroreformas.com\/"},{"@type":"ListItem","position":2,"name":"Alicatado de Ba\u00f1os en Matar\u00f3"}]},{"@type":"WebSite","@id":"https:\/\/mataroreformas.com\/#website","url":"https:\/\/mataroreformas.com\/","name":"Matar\u00f3 Reformas","description":"Reformas de todo tipo a su alcance","potentialAction":[{"@type":"SearchAction","target":{"@type":"EntryPoint","urlTemplate":"https:\/\/mataroreformas.com\/?s={search_term_string}"},"query-input":{"@type":"PropertyValueSpecification","valueRequired":true,"valueName":"search_term_string"}}],"inLanguage":"ca"}]}},"uagb_featured_image_src":{"full":false,"thumbnail":false,"medium":false,"medium_large":false,"large":false,"1536x1536":false,"2048x2048":false,"trp-custom-language-flag":false},"uagb_author_info":{"display_name":"reformamataro","author_link":"https:\/\/mataroreformas.com\/ca\/author\/reformamataro"},"uagb_comment_info":0,"uagb_excerpt":null,"_links":{"self":[{"href":"https:\/\/mataroreformas.com\/ca\/wp-json\/wp\/v2\/pages\/1234","targetHints":{"allow":["GET"]}}],"collection":[{"href":"https:\/\/mataroreformas.com\/ca\/wp-json\/wp\/v2\/pages"}],"about":[{"href":"https:\/\/mataroreformas.com\/ca\/wp-json\/wp\/v2\/types\/page"}],"author":[{"embeddable":true,"href":"https:\/\/mataroreformas.com\/ca\/wp-json\/wp\/v2\/users\/1"}],"replies":[{"embeddable":true,"href":"https:\/\/mataroreformas.com\/ca\/wp-json\/wp\/v2\/comments?post=1234"}],"version-history":[{"count":14,"href":"https:\/\/mataroreformas.com\/ca\/wp-json\/wp\/v2\/pages\/1234\/revisions"}],"predecessor-version":[{"id":1704,"href":"https:\/\/mataroreformas.com\/ca\/wp-json\/wp\/v2\/pages\/1234\/revisions\/1704"}],"wp:attachment":[{"href":"https:\/\/mataroreformas.com\/ca\/wp-json\/wp\/v2\/media?parent=1234"}],"curies":[{"name":"wp","href":"https:\/\/api.w.org\/{rel}","templated":true}]}}